{"id":4178,"date":"2022-03-04T16:32:34","date_gmt":"2022-03-04T15:32:34","guid":{"rendered":"https:\/\/www.aerometrik.com\/produit\/iaq-calc-tsi-luchtkwaliteit-analyser-model-7545\/"},"modified":"2022-03-04T16:32:34","modified_gmt":"2022-03-04T15:32:34","slug":"iaq-calc-tsi-luchtkwaliteit-analyser-model-7545","status":"publish","type":"product","link":"https:\/\/www.aerometrik.com\/nl\/produit\/iaq-calc-tsi-luchtkwaliteit-analyser-model-7545\/","title":{"rendered":"IAQ-CALC TSI luchtkwaliteit analyser model 7545"},"content":{"rendered":"","protected":false},"excerpt":{"rendered":"<p>. Meting van CO2- en CO-gehalte.<br \/>\n. Meting van temperatuur, relatieve vochtigheid.<br \/>\n. Dauwpunt, % buitenlucht, natteboltemperatuur.<br \/>\n. Statistieken.<br \/>\n. Gegevens loggen \/ downloaden.<br \/>\n. Geleverd met kalibratiecertificaat.     <\/p>\n<a class=\"button  button_size_2 button_none\" href=\"http:\/\/btn-dl-produit\"     style=\"color:#2294D1;\" target=\"_blank\"  download=\"\/wp-content\/uploads\/2022\/01\/Fiche-Technique-IAQcalc-7545.pdf\"  title=\"\"><span class=\"button_label\">Download het productblad<\/span><\/a>\n\n","protected":false},"featured_media":2473,"template":"","meta":{"inline_featured_image":false},"product_brand":[],"product_cat":[287,288,180],"product_tag":[],"class_list":{"0":"post-4178","1":"product","2":"type-product","3":"status-publish","4":"has-post-thumbnail","6":"product_cat-luchtkwaliteit-en-vervuiling-binnenshuis-beheersen","7":"product_cat-luchtkwaliteitsanalysers","8":"product_cat-tsi-nl","10":"first","11":"instock","12":"product-type-simple"},"gallery_images":[],"yoast_head":"<!-- This site is optimized with the Yoast SEO plugin v27.3 - https:\/\/yoast.com\/product\/yoast-seo-wordpress\/ -->\n<title>IAQ-CALC TSI luchtkwaliteit analyser model 7545 - Aerometrik<\/title>\n<meta name=\"description\" content=\"Binnenluchtkwaliteitsanalyser voor het controleren en bewaken van de binnenluchtkwaliteit met software voor het downloaden van gegevens.\" \/>\n<meta name=\"robots\" content=\"index, follow, max-snippet:-1, max-image-preview:large, max-video-preview:-1\" \/>\n<link rel=\"canonical\" href=\"https:\/\/www.aerometrik.com\/nl\/produit\/iaq-calc-tsi-luchtkwaliteit-analyser-model-7545\/\" \/>\n<meta property=\"og:locale\" content=\"nl_NL\" \/>\n<meta property=\"og:type\" content=\"article\" \/>\n<meta property=\"og:title\" content=\"IAQ-CALC TSI luchtkwaliteit analyser model 7545 - Aerometrik\" \/>\n<meta property=\"og:description\" content=\"Binnenluchtkwaliteitsanalyser voor het controleren en bewaken van de binnenluchtkwaliteit met software voor het downloaden van gegevens.\" \/>\n<meta property=\"og:url\" content=\"https:\/\/www.aerometrik.com\/nl\/produit\/iaq-calc-tsi-luchtkwaliteit-analyser-model-7545\/\" \/>\n<meta property=\"og:site_name\" content=\"Aerometrik\" \/>\n<meta property=\"og:image\" content=\"https:\/\/www.aerometrik.com\/wp-content\/uploads\/2022\/03\/7545.png\" \/>\n\t<meta property=\"og:image:width\" content=\"572\" \/>\n\t<meta property=\"og:image:height\" content=\"812\" \/>\n\t<meta property=\"og:image:type\" content=\"image\/png\" \/>\n<meta name=\"twitter:card\" content=\"summary_large_image\" \/>\n<script type=\"application\/ld+json\" class=\"yoast-schema-graph\">{\"@context\":\"https:\\\/\\\/schema.org\",\"@graph\":[{\"@type\":\"WebPage\",\"@id\":\"https:\\\/\\\/www.aerometrik.com\\\/nl\\\/produit\\\/iaq-calc-tsi-luchtkwaliteit-analyser-model-7545\\\/\",\"url\":\"https:\\\/\\\/www.aerometrik.com\\\/nl\\\/produit\\\/iaq-calc-tsi-luchtkwaliteit-analyser-model-7545\\\/\",\"name\":\"IAQ-CALC TSI luchtkwaliteit analyser model 7545 - Aerometrik\",\"isPartOf\":{\"@id\":\"https:\\\/\\\/www.aerometrik.com\\\/#website\"},\"primaryImageOfPage\":{\"@id\":\"https:\\\/\\\/www.aerometrik.com\\\/nl\\\/produit\\\/iaq-calc-tsi-luchtkwaliteit-analyser-model-7545\\\/#primaryimage\"},\"image\":{\"@id\":\"https:\\\/\\\/www.aerometrik.com\\\/nl\\\/produit\\\/iaq-calc-tsi-luchtkwaliteit-analyser-model-7545\\\/#primaryimage\"},\"thumbnailUrl\":\"https:\\\/\\\/www.aerometrik.com\\\/wp-content\\\/uploads\\\/2022\\\/03\\\/7545.png\",\"datePublished\":\"2022-03-04T15:32:34+00:00\",\"description\":\"Binnenluchtkwaliteitsanalyser voor het controleren en bewaken van de binnenluchtkwaliteit met software voor het downloaden van gegevens.\",\"breadcrumb\":{\"@id\":\"https:\\\/\\\/www.aerometrik.com\\\/nl\\\/produit\\\/iaq-calc-tsi-luchtkwaliteit-analyser-model-7545\\\/#breadcrumb\"},\"inLanguage\":\"nl-NL\",\"potentialAction\":[{\"@type\":\"ReadAction\",\"target\":[\"https:\\\/\\\/www.aerometrik.com\\\/nl\\\/produit\\\/iaq-calc-tsi-luchtkwaliteit-analyser-model-7545\\\/\"]}]},{\"@type\":\"ImageObject\",\"inLanguage\":\"nl-NL\",\"@id\":\"https:\\\/\\\/www.aerometrik.com\\\/nl\\\/produit\\\/iaq-calc-tsi-luchtkwaliteit-analyser-model-7545\\\/#primaryimage\",\"url\":\"https:\\\/\\\/www.aerometrik.com\\\/wp-content\\\/uploads\\\/2022\\\/03\\\/7545.png\",\"contentUrl\":\"https:\\\/\\\/www.aerometrik.com\\\/wp-content\\\/uploads\\\/2022\\\/03\\\/7545.png\",\"width\":572,\"height\":812},{\"@type\":\"BreadcrumbList\",\"@id\":\"https:\\\/\\\/www.aerometrik.com\\\/nl\\\/produit\\\/iaq-calc-tsi-luchtkwaliteit-analyser-model-7545\\\/#breadcrumb\",\"itemListElement\":[{\"@type\":\"ListItem\",\"position\":1,\"name\":\"Accueil\",\"item\":\"https:\\\/\\\/www.aerometrik.com\\\/\"},{\"@type\":\"ListItem\",\"position\":2,\"name\":\"Producten\",\"item\":\"https:\\\/\\\/www.aerometrik.com\\\/nl\\\/producten\\\/\"},{\"@type\":\"ListItem\",\"position\":3,\"name\":\"IAQ-CALC TSI luchtkwaliteit analyser model 7545\"}]},{\"@type\":\"WebSite\",\"@id\":\"https:\\\/\\\/www.aerometrik.com\\\/#website\",\"url\":\"https:\\\/\\\/www.aerometrik.com\\\/\",\"name\":\"Aerometrik\",\"description\":\"Solutions de ma\u00eetrise de la qualit\u00e9 de l&#039;air pour le secteur m\u00e9dical, et l&#039;industrie alimentaire et pharmaceutique\",\"publisher\":{\"@id\":\"https:\\\/\\\/www.aerometrik.com\\\/#organization\"},\"potentialAction\":[{\"@type\":\"SearchAction\",\"target\":{\"@type\":\"EntryPoint\",\"urlTemplate\":\"https:\\\/\\\/www.aerometrik.com\\\/?s={search_term_string}\"},\"query-input\":{\"@type\":\"PropertyValueSpecification\",\"valueRequired\":true,\"valueName\":\"search_term_string\"}}],\"inLanguage\":\"nl-NL\"},{\"@type\":\"Organization\",\"@id\":\"https:\\\/\\\/www.aerometrik.com\\\/#organization\",\"name\":\"Aerometrik\",\"url\":\"https:\\\/\\\/www.aerometrik.com\\\/\",\"logo\":{\"@type\":\"ImageObject\",\"inLanguage\":\"nl-NL\",\"@id\":\"https:\\\/\\\/www.aerometrik.com\\\/#\\\/schema\\\/logo\\\/image\\\/\",\"url\":\"https:\\\/\\\/www.aerometrik.com\\\/wp-content\\\/uploads\\\/2021\\\/08\\\/logo-aerometrik.svg\",\"contentUrl\":\"https:\\\/\\\/www.aerometrik.com\\\/wp-content\\\/uploads\\\/2021\\\/08\\\/logo-aerometrik.svg\",\"width\":212,\"height\":90,\"caption\":\"Aerometrik\"},\"image\":{\"@id\":\"https:\\\/\\\/www.aerometrik.com\\\/#\\\/schema\\\/logo\\\/image\\\/\"}}]}<\/script>\n<!-- \/ Yoast SEO plugin. -->","yoast_head_json":{"title":"IAQ-CALC TSI luchtkwaliteit analyser model 7545 - Aerometrik","description":"Binnenluchtkwaliteitsanalyser voor het controleren en bewaken van de binnenluchtkwaliteit met software voor het downloaden van gegevens.","robots":{"index":"index","follow":"follow","max-snippet":"max-snippet:-1","max-image-preview":"max-image-preview:large","max-video-preview":"max-video-preview:-1"},"canonical":"https:\/\/www.aerometrik.com\/nl\/produit\/iaq-calc-tsi-luchtkwaliteit-analyser-model-7545\/","og_locale":"nl_NL","og_type":"article","og_title":"IAQ-CALC TSI luchtkwaliteit analyser model 7545 - Aerometrik","og_description":"Binnenluchtkwaliteitsanalyser voor het controleren en bewaken van de binnenluchtkwaliteit met software voor het downloaden van gegevens.","og_url":"https:\/\/www.aerometrik.com\/nl\/produit\/iaq-calc-tsi-luchtkwaliteit-analyser-model-7545\/","og_site_name":"Aerometrik","og_image":[{"width":572,"height":812,"url":"https:\/\/www.aerometrik.com\/wp-content\/uploads\/2022\/03\/7545.png","type":"image\/png"}],"twitter_card":"summary_large_image","schema":{"@context":"https:\/\/schema.org","@graph":[{"@type":"WebPage","@id":"https:\/\/www.aerometrik.com\/nl\/produit\/iaq-calc-tsi-luchtkwaliteit-analyser-model-7545\/","url":"https:\/\/www.aerometrik.com\/nl\/produit\/iaq-calc-tsi-luchtkwaliteit-analyser-model-7545\/","name":"IAQ-CALC TSI luchtkwaliteit analyser model 7545 - Aerometrik","isPartOf":{"@id":"https:\/\/www.aerometrik.com\/#website"},"primaryImageOfPage":{"@id":"https:\/\/www.aerometrik.com\/nl\/produit\/iaq-calc-tsi-luchtkwaliteit-analyser-model-7545\/#primaryimage"},"image":{"@id":"https:\/\/www.aerometrik.com\/nl\/produit\/iaq-calc-tsi-luchtkwaliteit-analyser-model-7545\/#primaryimage"},"thumbnailUrl":"https:\/\/www.aerometrik.com\/wp-content\/uploads\/2022\/03\/7545.png","datePublished":"2022-03-04T15:32:34+00:00","description":"Binnenluchtkwaliteitsanalyser voor het controleren en bewaken van de binnenluchtkwaliteit met software voor het downloaden van gegevens.","breadcrumb":{"@id":"https:\/\/www.aerometrik.com\/nl\/produit\/iaq-calc-tsi-luchtkwaliteit-analyser-model-7545\/#breadcrumb"},"inLanguage":"nl-NL","potentialAction":[{"@type":"ReadAction","target":["https:\/\/www.aerometrik.com\/nl\/produit\/iaq-calc-tsi-luchtkwaliteit-analyser-model-7545\/"]}]},{"@type":"ImageObject","inLanguage":"nl-NL","@id":"https:\/\/www.aerometrik.com\/nl\/produit\/iaq-calc-tsi-luchtkwaliteit-analyser-model-7545\/#primaryimage","url":"https:\/\/www.aerometrik.com\/wp-content\/uploads\/2022\/03\/7545.png","contentUrl":"https:\/\/www.aerometrik.com\/wp-content\/uploads\/2022\/03\/7545.png","width":572,"height":812},{"@type":"BreadcrumbList","@id":"https:\/\/www.aerometrik.com\/nl\/produit\/iaq-calc-tsi-luchtkwaliteit-analyser-model-7545\/#breadcrumb","itemListElement":[{"@type":"ListItem","position":1,"name":"Accueil","item":"https:\/\/www.aerometrik.com\/"},{"@type":"ListItem","position":2,"name":"Producten","item":"https:\/\/www.aerometrik.com\/nl\/producten\/"},{"@type":"ListItem","position":3,"name":"IAQ-CALC TSI luchtkwaliteit analyser model 7545"}]},{"@type":"WebSite","@id":"https:\/\/www.aerometrik.com\/#website","url":"https:\/\/www.aerometrik.com\/","name":"Aerometrik","description":"Solutions de ma\u00eetrise de la qualit\u00e9 de l&#039;air pour le secteur m\u00e9dical, et l&#039;industrie alimentaire et pharmaceutique","publisher":{"@id":"https:\/\/www.aerometrik.com\/#organization"},"potentialAction":[{"@type":"SearchAction","target":{"@type":"EntryPoint","urlTemplate":"https:\/\/www.aerometrik.com\/?s={search_term_string}"},"query-input":{"@type":"PropertyValueSpecification","valueRequired":true,"valueName":"search_term_string"}}],"inLanguage":"nl-NL"},{"@type":"Organization","@id":"https:\/\/www.aerometrik.com\/#organization","name":"Aerometrik","url":"https:\/\/www.aerometrik.com\/","logo":{"@type":"ImageObject","inLanguage":"nl-NL","@id":"https:\/\/www.aerometrik.com\/#\/schema\/logo\/image\/","url":"https:\/\/www.aerometrik.com\/wp-content\/uploads\/2021\/08\/logo-aerometrik.svg","contentUrl":"https:\/\/www.aerometrik.com\/wp-content\/uploads\/2021\/08\/logo-aerometrik.svg","width":212,"height":90,"caption":"Aerometrik"},"image":{"@id":"https:\/\/www.aerometrik.com\/#\/schema\/logo\/image\/"}}]}},"_links":{"self":[{"href":"https:\/\/www.aerometrik.com\/nl\/wp-json\/wp\/v2\/product\/4178","targetHints":{"allow":["GET"]}}],"collection":[{"href":"https:\/\/www.aerometrik.com\/nl\/wp-json\/wp\/v2\/product"}],"about":[{"href":"https:\/\/www.aerometrik.com\/nl\/wp-json\/wp\/v2\/types\/product"}],"wp:featuredmedia":[{"embeddable":true,"href":"https:\/\/www.aerometrik.com\/nl\/wp-json\/wp\/v2\/media\/2473"}],"wp:attachment":[{"href":"https:\/\/www.aerometrik.com\/nl\/wp-json\/wp\/v2\/media?parent=4178"}],"wp:term":[{"taxonomy":"product_brand","embeddable":true,"href":"https:\/\/www.aerometrik.com\/nl\/wp-json\/wp\/v2\/product_brand?post=4178"},{"taxonomy":"product_cat","embeddable":true,"href":"https:\/\/www.aerometrik.com\/nl\/wp-json\/wp\/v2\/product_cat?post=4178"},{"taxonomy":"product_tag","embeddable":true,"href":"https:\/\/www.aerometrik.com\/nl\/wp-json\/wp\/v2\/product_tag?post=4178"}],"curies":[{"name":"wp","href":"https:\/\/api.w.org\/{rel}","templated":true}]}}