{"id":4124,"date":"2022-03-04T16:32:34","date_gmt":"2022-03-04T15:32:34","guid":{"rendered":"https:\/\/www.aerometrik.com\/produit\/iaq-calc-tsi-luchtkwaliteit-analyser-model-7515\/"},"modified":"2022-03-04T16:32:34","modified_gmt":"2022-03-04T15:32:34","slug":"iaq-calc-tsi-luchtkwaliteit-analyser-model-7515","status":"publish","type":"product","link":"https:\/\/www.aerometrik.com\/nl\/produit\/iaq-calc-tsi-luchtkwaliteit-analyser-model-7515\/","title":{"rendered":"IAQ-CALC TSI luchtkwaliteit analyser model 7515"},"content":{"rendered":"","protected":false},"excerpt":{"rendered":"<p>. Meet het CO2-gehalte.<br \/>\n. Meetbereik van 0 tot 5000 ppm.<br \/>\n. Statistieken.<br \/>\n. Geleverd met kalibratiecertificaat.   <\/p>\n<a class=\"button btn-dl-produit button_size_2 button_none\" href=\"\/wp-content\/uploads\/2022\/01\/Fiche-Technique-IAQcalc-7515.pdf\"     style=\"color:#2294D1;\" target=\"_blank\"    title=\"\"><span class=\"button_label\">Download het productblad<\/span><\/a>\n\n","protected":false},"featured_media":2321,"template":"","meta":{"inline_featured_image":false},"product_brand":[],"product_cat":[287,288,180],"product_tag":[],"class_list":{"0":"post-4124","1":"product","2":"type-product","3":"status-publish","4":"has-post-thumbnail","6":"product_cat-luchtkwaliteit-en-vervuiling-binnenshuis-beheersen","7":"product_cat-luchtkwaliteitsanalysers","8":"product_cat-tsi-nl","10":"first","11":"instock","12":"product-type-simple"},"gallery_images":[],"yoast_head":"<!-- This site is optimized with the Yoast SEO plugin v27.3 - https:\/\/yoast.com\/product\/yoast-seo-wordpress\/ -->\n<title>IAQ-CALC TSI luchtkwaliteit analyser model 7515 - Aerometrik<\/title>\n<meta name=\"description\" content=\"Analyzer voor het regelen en bewaken van de luchtkwaliteit binnenshuis. Low-drift NDIR CO2-sensor voor stabiele, nauwkeurige metingen\" \/>\n<meta name=\"robots\" content=\"index, follow, max-snippet:-1, max-image-preview:large, max-video-preview:-1\" \/>\n<link rel=\"canonical\" href=\"https:\/\/www.aerometrik.com\/nl\/produit\/iaq-calc-tsi-luchtkwaliteit-analyser-model-7515\/\" \/>\n<meta property=\"og:locale\" content=\"nl_NL\" \/>\n<meta property=\"og:type\" content=\"article\" \/>\n<meta property=\"og:title\" content=\"IAQ-CALC TSI luchtkwaliteit analyser model 7515 - Aerometrik\" \/>\n<meta property=\"og:description\" content=\"Analyzer voor het regelen en bewaken van de luchtkwaliteit binnenshuis. Low-drift NDIR CO2-sensor voor stabiele, nauwkeurige metingen\" \/>\n<meta property=\"og:url\" content=\"https:\/\/www.aerometrik.com\/nl\/produit\/iaq-calc-tsi-luchtkwaliteit-analyser-model-7515\/\" \/>\n<meta property=\"og:site_name\" content=\"Aerometrik\" \/>\n<meta property=\"og:image\" content=\"https:\/\/www.aerometrik.com\/wp-content\/uploads\/2021\/12\/7515.png\" \/>\n\t<meta property=\"og:image:width\" content=\"1748\" \/>\n\t<meta property=\"og:image:height\" content=\"2480\" \/>\n\t<meta property=\"og:image:type\" content=\"image\/png\" \/>\n<meta name=\"twitter:card\" content=\"summary_large_image\" \/>\n<script type=\"application\/ld+json\" class=\"yoast-schema-graph\">{\"@context\":\"https:\\\/\\\/schema.org\",\"@graph\":[{\"@type\":\"WebPage\",\"@id\":\"https:\\\/\\\/www.aerometrik.com\\\/nl\\\/produit\\\/iaq-calc-tsi-luchtkwaliteit-analyser-model-7515\\\/\",\"url\":\"https:\\\/\\\/www.aerometrik.com\\\/nl\\\/produit\\\/iaq-calc-tsi-luchtkwaliteit-analyser-model-7515\\\/\",\"name\":\"IAQ-CALC TSI luchtkwaliteit analyser model 7515 - Aerometrik\",\"isPartOf\":{\"@id\":\"https:\\\/\\\/www.aerometrik.com\\\/#website\"},\"primaryImageOfPage\":{\"@id\":\"https:\\\/\\\/www.aerometrik.com\\\/nl\\\/produit\\\/iaq-calc-tsi-luchtkwaliteit-analyser-model-7515\\\/#primaryimage\"},\"image\":{\"@id\":\"https:\\\/\\\/www.aerometrik.com\\\/nl\\\/produit\\\/iaq-calc-tsi-luchtkwaliteit-analyser-model-7515\\\/#primaryimage\"},\"thumbnailUrl\":\"https:\\\/\\\/www.aerometrik.com\\\/wp-content\\\/uploads\\\/2021\\\/12\\\/7515.png\",\"datePublished\":\"2022-03-04T15:32:34+00:00\",\"description\":\"Analyzer voor het regelen en bewaken van de luchtkwaliteit binnenshuis. Low-drift NDIR CO2-sensor voor stabiele, nauwkeurige metingen\",\"breadcrumb\":{\"@id\":\"https:\\\/\\\/www.aerometrik.com\\\/nl\\\/produit\\\/iaq-calc-tsi-luchtkwaliteit-analyser-model-7515\\\/#breadcrumb\"},\"inLanguage\":\"nl-NL\",\"potentialAction\":[{\"@type\":\"ReadAction\",\"target\":[\"https:\\\/\\\/www.aerometrik.com\\\/nl\\\/produit\\\/iaq-calc-tsi-luchtkwaliteit-analyser-model-7515\\\/\"]}]},{\"@type\":\"ImageObject\",\"inLanguage\":\"nl-NL\",\"@id\":\"https:\\\/\\\/www.aerometrik.com\\\/nl\\\/produit\\\/iaq-calc-tsi-luchtkwaliteit-analyser-model-7515\\\/#primaryimage\",\"url\":\"https:\\\/\\\/www.aerometrik.com\\\/wp-content\\\/uploads\\\/2021\\\/12\\\/7515.png\",\"contentUrl\":\"https:\\\/\\\/www.aerometrik.com\\\/wp-content\\\/uploads\\\/2021\\\/12\\\/7515.png\",\"width\":1748,\"height\":2480},{\"@type\":\"BreadcrumbList\",\"@id\":\"https:\\\/\\\/www.aerometrik.com\\\/nl\\\/produit\\\/iaq-calc-tsi-luchtkwaliteit-analyser-model-7515\\\/#breadcrumb\",\"itemListElement\":[{\"@type\":\"ListItem\",\"position\":1,\"name\":\"Accueil\",\"item\":\"https:\\\/\\\/www.aerometrik.com\\\/\"},{\"@type\":\"ListItem\",\"position\":2,\"name\":\"Producten\",\"item\":\"https:\\\/\\\/www.aerometrik.com\\\/nl\\\/producten\\\/\"},{\"@type\":\"ListItem\",\"position\":3,\"name\":\"IAQ-CALC TSI luchtkwaliteit analyser model 7515\"}]},{\"@type\":\"WebSite\",\"@id\":\"https:\\\/\\\/www.aerometrik.com\\\/#website\",\"url\":\"https:\\\/\\\/www.aerometrik.com\\\/\",\"name\":\"Aerometrik\",\"description\":\"Solutions de ma\u00eetrise de la qualit\u00e9 de l&#039;air pour le secteur m\u00e9dical, et l&#039;industrie alimentaire et pharmaceutique\",\"publisher\":{\"@id\":\"https:\\\/\\\/www.aerometrik.com\\\/#organization\"},\"potentialAction\":[{\"@type\":\"SearchAction\",\"target\":{\"@type\":\"EntryPoint\",\"urlTemplate\":\"https:\\\/\\\/www.aerometrik.com\\\/?s={search_term_string}\"},\"query-input\":{\"@type\":\"PropertyValueSpecification\",\"valueRequired\":true,\"valueName\":\"search_term_string\"}}],\"inLanguage\":\"nl-NL\"},{\"@type\":\"Organization\",\"@id\":\"https:\\\/\\\/www.aerometrik.com\\\/#organization\",\"name\":\"Aerometrik\",\"url\":\"https:\\\/\\\/www.aerometrik.com\\\/\",\"logo\":{\"@type\":\"ImageObject\",\"inLanguage\":\"nl-NL\",\"@id\":\"https:\\\/\\\/www.aerometrik.com\\\/#\\\/schema\\\/logo\\\/image\\\/\",\"url\":\"https:\\\/\\\/www.aerometrik.com\\\/wp-content\\\/uploads\\\/2021\\\/08\\\/logo-aerometrik.svg\",\"contentUrl\":\"https:\\\/\\\/www.aerometrik.com\\\/wp-content\\\/uploads\\\/2021\\\/08\\\/logo-aerometrik.svg\",\"width\":212,\"height\":90,\"caption\":\"Aerometrik\"},\"image\":{\"@id\":\"https:\\\/\\\/www.aerometrik.com\\\/#\\\/schema\\\/logo\\\/image\\\/\"}}]}<\/script>\n<!-- \/ Yoast SEO plugin. -->","yoast_head_json":{"title":"IAQ-CALC TSI luchtkwaliteit analyser model 7515 - Aerometrik","description":"Analyzer voor het regelen en bewaken van de luchtkwaliteit binnenshuis. Low-drift NDIR CO2-sensor voor stabiele, nauwkeurige metingen","robots":{"index":"index","follow":"follow","max-snippet":"max-snippet:-1","max-image-preview":"max-image-preview:large","max-video-preview":"max-video-preview:-1"},"canonical":"https:\/\/www.aerometrik.com\/nl\/produit\/iaq-calc-tsi-luchtkwaliteit-analyser-model-7515\/","og_locale":"nl_NL","og_type":"article","og_title":"IAQ-CALC TSI luchtkwaliteit analyser model 7515 - Aerometrik","og_description":"Analyzer voor het regelen en bewaken van de luchtkwaliteit binnenshuis. Low-drift NDIR CO2-sensor voor stabiele, nauwkeurige metingen","og_url":"https:\/\/www.aerometrik.com\/nl\/produit\/iaq-calc-tsi-luchtkwaliteit-analyser-model-7515\/","og_site_name":"Aerometrik","og_image":[{"width":1748,"height":2480,"url":"https:\/\/www.aerometrik.com\/wp-content\/uploads\/2021\/12\/7515.png","type":"image\/png"}],"twitter_card":"summary_large_image","schema":{"@context":"https:\/\/schema.org","@graph":[{"@type":"WebPage","@id":"https:\/\/www.aerometrik.com\/nl\/produit\/iaq-calc-tsi-luchtkwaliteit-analyser-model-7515\/","url":"https:\/\/www.aerometrik.com\/nl\/produit\/iaq-calc-tsi-luchtkwaliteit-analyser-model-7515\/","name":"IAQ-CALC TSI luchtkwaliteit analyser model 7515 - Aerometrik","isPartOf":{"@id":"https:\/\/www.aerometrik.com\/#website"},"primaryImageOfPage":{"@id":"https:\/\/www.aerometrik.com\/nl\/produit\/iaq-calc-tsi-luchtkwaliteit-analyser-model-7515\/#primaryimage"},"image":{"@id":"https:\/\/www.aerometrik.com\/nl\/produit\/iaq-calc-tsi-luchtkwaliteit-analyser-model-7515\/#primaryimage"},"thumbnailUrl":"https:\/\/www.aerometrik.com\/wp-content\/uploads\/2021\/12\/7515.png","datePublished":"2022-03-04T15:32:34+00:00","description":"Analyzer voor het regelen en bewaken van de luchtkwaliteit binnenshuis. Low-drift NDIR CO2-sensor voor stabiele, nauwkeurige metingen","breadcrumb":{"@id":"https:\/\/www.aerometrik.com\/nl\/produit\/iaq-calc-tsi-luchtkwaliteit-analyser-model-7515\/#breadcrumb"},"inLanguage":"nl-NL","potentialAction":[{"@type":"ReadAction","target":["https:\/\/www.aerometrik.com\/nl\/produit\/iaq-calc-tsi-luchtkwaliteit-analyser-model-7515\/"]}]},{"@type":"ImageObject","inLanguage":"nl-NL","@id":"https:\/\/www.aerometrik.com\/nl\/produit\/iaq-calc-tsi-luchtkwaliteit-analyser-model-7515\/#primaryimage","url":"https:\/\/www.aerometrik.com\/wp-content\/uploads\/2021\/12\/7515.png","contentUrl":"https:\/\/www.aerometrik.com\/wp-content\/uploads\/2021\/12\/7515.png","width":1748,"height":2480},{"@type":"BreadcrumbList","@id":"https:\/\/www.aerometrik.com\/nl\/produit\/iaq-calc-tsi-luchtkwaliteit-analyser-model-7515\/#breadcrumb","itemListElement":[{"@type":"ListItem","position":1,"name":"Accueil","item":"https:\/\/www.aerometrik.com\/"},{"@type":"ListItem","position":2,"name":"Producten","item":"https:\/\/www.aerometrik.com\/nl\/producten\/"},{"@type":"ListItem","position":3,"name":"IAQ-CALC TSI luchtkwaliteit analyser model 7515"}]},{"@type":"WebSite","@id":"https:\/\/www.aerometrik.com\/#website","url":"https:\/\/www.aerometrik.com\/","name":"Aerometrik","description":"Solutions de ma\u00eetrise de la qualit\u00e9 de l&#039;air pour le secteur m\u00e9dical, et l&#039;industrie alimentaire et pharmaceutique","publisher":{"@id":"https:\/\/www.aerometrik.com\/#organization"},"potentialAction":[{"@type":"SearchAction","target":{"@type":"EntryPoint","urlTemplate":"https:\/\/www.aerometrik.com\/?s={search_term_string}"},"query-input":{"@type":"PropertyValueSpecification","valueRequired":true,"valueName":"search_term_string"}}],"inLanguage":"nl-NL"},{"@type":"Organization","@id":"https:\/\/www.aerometrik.com\/#organization","name":"Aerometrik","url":"https:\/\/www.aerometrik.com\/","logo":{"@type":"ImageObject","inLanguage":"nl-NL","@id":"https:\/\/www.aerometrik.com\/#\/schema\/logo\/image\/","url":"https:\/\/www.aerometrik.com\/wp-content\/uploads\/2021\/08\/logo-aerometrik.svg","contentUrl":"https:\/\/www.aerometrik.com\/wp-content\/uploads\/2021\/08\/logo-aerometrik.svg","width":212,"height":90,"caption":"Aerometrik"},"image":{"@id":"https:\/\/www.aerometrik.com\/#\/schema\/logo\/image\/"}}]}},"_links":{"self":[{"href":"https:\/\/www.aerometrik.com\/nl\/wp-json\/wp\/v2\/product\/4124","targetHints":{"allow":["GET"]}}],"collection":[{"href":"https:\/\/www.aerometrik.com\/nl\/wp-json\/wp\/v2\/product"}],"about":[{"href":"https:\/\/www.aerometrik.com\/nl\/wp-json\/wp\/v2\/types\/product"}],"wp:featuredmedia":[{"embeddable":true,"href":"https:\/\/www.aerometrik.com\/nl\/wp-json\/wp\/v2\/media\/2321"}],"wp:attachment":[{"href":"https:\/\/www.aerometrik.com\/nl\/wp-json\/wp\/v2\/media?parent=4124"}],"wp:term":[{"taxonomy":"product_brand","embeddable":true,"href":"https:\/\/www.aerometrik.com\/nl\/wp-json\/wp\/v2\/product_brand?post=4124"},{"taxonomy":"product_cat","embeddable":true,"href":"https:\/\/www.aerometrik.com\/nl\/wp-json\/wp\/v2\/product_cat?post=4124"},{"taxonomy":"product_tag","embeddable":true,"href":"https:\/\/www.aerometrik.com\/nl\/wp-json\/wp\/v2\/product_tag?post=4124"}],"curies":[{"name":"wp","href":"https:\/\/api.w.org\/{rel}","templated":true}]}}