{"id":4047,"date":"2022-03-04T17:00:57","date_gmt":"2022-03-04T16:00:57","guid":{"rendered":"https:\/\/www.aerometrik.com\/produit\/climet-vaste-deeltjesteller-model-ci-3100-srs\/"},"modified":"2022-03-04T17:00:57","modified_gmt":"2022-03-04T16:00:57","slug":"climet-vaste-deeltjesteller-model-ci-3100-srs","status":"publish","type":"product","link":"https:\/\/www.aerometrik.com\/nl\/produit\/climet-vaste-deeltjesteller-model-ci-3100-srs\/","title":{"rendered":"CLIMET vaste deeltjesteller Model CI-3100 SRS"},"content":{"rendered":"","protected":false},"excerpt":{"rendered":"<p>. Continue bewaking !<br \/>\n. Externe pomp.<br \/>\n. 0,5 &#8211; 5 \u00b5m of 0,3 &#8211; 0,5 \u00b5m<br \/>\n. Bemonsteringsfrequentie: 1 CFM (28,3 LPM) of 0,1 CFM (2,83 LPM).   <\/p>\n<a class=\"button btn-dl-produit button_size_2 button_none\" href=\"\/wp-content\/uploads\/2022\/01\/Fiche-Technique-CI-3100-SRS.pdf\"     style=\"color:#2294D1;\" target=\"_blank\"    title=\"\"><span class=\"button_label\">Download het productblad<\/span><\/a>\n\n","protected":false},"featured_media":2508,"template":"","meta":{"inline_featured_image":false},"product_brand":[],"product_cat":[230,276,277],"product_tag":[],"class_list":{"0":"post-4047","1":"product","2":"type-product","3":"status-publish","4":"has-post-thumbnail","6":"product_cat-deeltjestellers","7":"product_cat-milieubewaking","8":"product_cat-vaste-deeltjestellers-bewaking","10":"first","11":"instock","12":"product-type-simple"},"gallery_images":[779,780],"yoast_head":"<!-- This site is optimized with the Yoast SEO plugin v27.3 - https:\/\/yoast.com\/product\/yoast-seo-wordpress\/ -->\n<title>CLIMET vaste deeltjesteller Model CI-3100 SRS - Aerometrik<\/title>\n<meta name=\"description\" content=\"Deeltjesteller met externe pomp, 0,5 - 5 \u00b5m of 0,3 - 0,5 \u00b5m. Bemonsteringssnelheid: 1 CFM of 0,1 CFM.\" \/>\n<meta name=\"robots\" content=\"index, follow, max-snippet:-1, max-image-preview:large, max-video-preview:-1\" \/>\n<link rel=\"canonical\" href=\"https:\/\/www.aerometrik.com\/nl\/produit\/climet-vaste-deeltjesteller-model-ci-3100-srs\/\" \/>\n<meta property=\"og:locale\" content=\"nl_NL\" \/>\n<meta property=\"og:type\" content=\"article\" \/>\n<meta property=\"og:title\" content=\"CLIMET vaste deeltjesteller Model CI-3100 SRS - Aerometrik\" \/>\n<meta property=\"og:description\" content=\"Deeltjesteller met externe pomp, 0,5 - 5 \u00b5m of 0,3 - 0,5 \u00b5m. Bemonsteringssnelheid: 1 CFM of 0,1 CFM.\" \/>\n<meta property=\"og:url\" content=\"https:\/\/www.aerometrik.com\/nl\/produit\/climet-vaste-deeltjesteller-model-ci-3100-srs\/\" \/>\n<meta property=\"og:site_name\" content=\"Aerometrik\" \/>\n<meta property=\"og:image\" content=\"https:\/\/www.aerometrik.com\/wp-content\/uploads\/2022\/03\/3100_SRS_1.png\" \/>\n\t<meta property=\"og:image:width\" content=\"572\" \/>\n\t<meta property=\"og:image:height\" content=\"812\" \/>\n\t<meta property=\"og:image:type\" content=\"image\/png\" \/>\n<meta name=\"twitter:card\" content=\"summary_large_image\" \/>\n<script type=\"application\/ld+json\" class=\"yoast-schema-graph\">{\"@context\":\"https:\\\/\\\/schema.org\",\"@graph\":[{\"@type\":\"WebPage\",\"@id\":\"https:\\\/\\\/www.aerometrik.com\\\/nl\\\/produit\\\/climet-vaste-deeltjesteller-model-ci-3100-srs\\\/\",\"url\":\"https:\\\/\\\/www.aerometrik.com\\\/nl\\\/produit\\\/climet-vaste-deeltjesteller-model-ci-3100-srs\\\/\",\"name\":\"CLIMET vaste deeltjesteller Model CI-3100 SRS - Aerometrik\",\"isPartOf\":{\"@id\":\"https:\\\/\\\/www.aerometrik.com\\\/#website\"},\"primaryImageOfPage\":{\"@id\":\"https:\\\/\\\/www.aerometrik.com\\\/nl\\\/produit\\\/climet-vaste-deeltjesteller-model-ci-3100-srs\\\/#primaryimage\"},\"image\":{\"@id\":\"https:\\\/\\\/www.aerometrik.com\\\/nl\\\/produit\\\/climet-vaste-deeltjesteller-model-ci-3100-srs\\\/#primaryimage\"},\"thumbnailUrl\":\"https:\\\/\\\/www.aerometrik.com\\\/wp-content\\\/uploads\\\/2022\\\/03\\\/3100_SRS_1.png\",\"datePublished\":\"2022-03-04T16:00:57+00:00\",\"description\":\"Deeltjesteller met externe pomp, 0,5 - 5 \u00b5m of 0,3 - 0,5 \u00b5m. Bemonsteringssnelheid: 1 CFM of 0,1 CFM.\",\"breadcrumb\":{\"@id\":\"https:\\\/\\\/www.aerometrik.com\\\/nl\\\/produit\\\/climet-vaste-deeltjesteller-model-ci-3100-srs\\\/#breadcrumb\"},\"inLanguage\":\"nl-NL\",\"potentialAction\":[{\"@type\":\"ReadAction\",\"target\":[\"https:\\\/\\\/www.aerometrik.com\\\/nl\\\/produit\\\/climet-vaste-deeltjesteller-model-ci-3100-srs\\\/\"]}]},{\"@type\":\"ImageObject\",\"inLanguage\":\"nl-NL\",\"@id\":\"https:\\\/\\\/www.aerometrik.com\\\/nl\\\/produit\\\/climet-vaste-deeltjesteller-model-ci-3100-srs\\\/#primaryimage\",\"url\":\"https:\\\/\\\/www.aerometrik.com\\\/wp-content\\\/uploads\\\/2022\\\/03\\\/3100_SRS_1.png\",\"contentUrl\":\"https:\\\/\\\/www.aerometrik.com\\\/wp-content\\\/uploads\\\/2022\\\/03\\\/3100_SRS_1.png\",\"width\":572,\"height\":812},{\"@type\":\"BreadcrumbList\",\"@id\":\"https:\\\/\\\/www.aerometrik.com\\\/nl\\\/produit\\\/climet-vaste-deeltjesteller-model-ci-3100-srs\\\/#breadcrumb\",\"itemListElement\":[{\"@type\":\"ListItem\",\"position\":1,\"name\":\"Accueil\",\"item\":\"https:\\\/\\\/www.aerometrik.com\\\/\"},{\"@type\":\"ListItem\",\"position\":2,\"name\":\"Producten\",\"item\":\"https:\\\/\\\/www.aerometrik.com\\\/nl\\\/producten\\\/\"},{\"@type\":\"ListItem\",\"position\":3,\"name\":\"CLIMET vaste deeltjesteller Model CI-3100 SRS\"}]},{\"@type\":\"WebSite\",\"@id\":\"https:\\\/\\\/www.aerometrik.com\\\/#website\",\"url\":\"https:\\\/\\\/www.aerometrik.com\\\/\",\"name\":\"Aerometrik\",\"description\":\"Solutions de ma\u00eetrise de la qualit\u00e9 de l&#039;air pour le secteur m\u00e9dical, et l&#039;industrie alimentaire et pharmaceutique\",\"publisher\":{\"@id\":\"https:\\\/\\\/www.aerometrik.com\\\/#organization\"},\"potentialAction\":[{\"@type\":\"SearchAction\",\"target\":{\"@type\":\"EntryPoint\",\"urlTemplate\":\"https:\\\/\\\/www.aerometrik.com\\\/?s={search_term_string}\"},\"query-input\":{\"@type\":\"PropertyValueSpecification\",\"valueRequired\":true,\"valueName\":\"search_term_string\"}}],\"inLanguage\":\"nl-NL\"},{\"@type\":\"Organization\",\"@id\":\"https:\\\/\\\/www.aerometrik.com\\\/#organization\",\"name\":\"Aerometrik\",\"url\":\"https:\\\/\\\/www.aerometrik.com\\\/\",\"logo\":{\"@type\":\"ImageObject\",\"inLanguage\":\"nl-NL\",\"@id\":\"https:\\\/\\\/www.aerometrik.com\\\/#\\\/schema\\\/logo\\\/image\\\/\",\"url\":\"https:\\\/\\\/www.aerometrik.com\\\/wp-content\\\/uploads\\\/2021\\\/08\\\/logo-aerometrik.svg\",\"contentUrl\":\"https:\\\/\\\/www.aerometrik.com\\\/wp-content\\\/uploads\\\/2021\\\/08\\\/logo-aerometrik.svg\",\"width\":212,\"height\":90,\"caption\":\"Aerometrik\"},\"image\":{\"@id\":\"https:\\\/\\\/www.aerometrik.com\\\/#\\\/schema\\\/logo\\\/image\\\/\"}}]}<\/script>\n<!-- \/ Yoast SEO plugin. -->","yoast_head_json":{"title":"CLIMET vaste deeltjesteller Model CI-3100 SRS - Aerometrik","description":"Deeltjesteller met externe pomp, 0,5 - 5 \u00b5m of 0,3 - 0,5 \u00b5m. Bemonsteringssnelheid: 1 CFM of 0,1 CFM.","robots":{"index":"index","follow":"follow","max-snippet":"max-snippet:-1","max-image-preview":"max-image-preview:large","max-video-preview":"max-video-preview:-1"},"canonical":"https:\/\/www.aerometrik.com\/nl\/produit\/climet-vaste-deeltjesteller-model-ci-3100-srs\/","og_locale":"nl_NL","og_type":"article","og_title":"CLIMET vaste deeltjesteller Model CI-3100 SRS - Aerometrik","og_description":"Deeltjesteller met externe pomp, 0,5 - 5 \u00b5m of 0,3 - 0,5 \u00b5m. Bemonsteringssnelheid: 1 CFM of 0,1 CFM.","og_url":"https:\/\/www.aerometrik.com\/nl\/produit\/climet-vaste-deeltjesteller-model-ci-3100-srs\/","og_site_name":"Aerometrik","og_image":[{"width":572,"height":812,"url":"https:\/\/www.aerometrik.com\/wp-content\/uploads\/2022\/03\/3100_SRS_1.png","type":"image\/png"}],"twitter_card":"summary_large_image","schema":{"@context":"https:\/\/schema.org","@graph":[{"@type":"WebPage","@id":"https:\/\/www.aerometrik.com\/nl\/produit\/climet-vaste-deeltjesteller-model-ci-3100-srs\/","url":"https:\/\/www.aerometrik.com\/nl\/produit\/climet-vaste-deeltjesteller-model-ci-3100-srs\/","name":"CLIMET vaste deeltjesteller Model CI-3100 SRS - Aerometrik","isPartOf":{"@id":"https:\/\/www.aerometrik.com\/#website"},"primaryImageOfPage":{"@id":"https:\/\/www.aerometrik.com\/nl\/produit\/climet-vaste-deeltjesteller-model-ci-3100-srs\/#primaryimage"},"image":{"@id":"https:\/\/www.aerometrik.com\/nl\/produit\/climet-vaste-deeltjesteller-model-ci-3100-srs\/#primaryimage"},"thumbnailUrl":"https:\/\/www.aerometrik.com\/wp-content\/uploads\/2022\/03\/3100_SRS_1.png","datePublished":"2022-03-04T16:00:57+00:00","description":"Deeltjesteller met externe pomp, 0,5 - 5 \u00b5m of 0,3 - 0,5 \u00b5m. Bemonsteringssnelheid: 1 CFM of 0,1 CFM.","breadcrumb":{"@id":"https:\/\/www.aerometrik.com\/nl\/produit\/climet-vaste-deeltjesteller-model-ci-3100-srs\/#breadcrumb"},"inLanguage":"nl-NL","potentialAction":[{"@type":"ReadAction","target":["https:\/\/www.aerometrik.com\/nl\/produit\/climet-vaste-deeltjesteller-model-ci-3100-srs\/"]}]},{"@type":"ImageObject","inLanguage":"nl-NL","@id":"https:\/\/www.aerometrik.com\/nl\/produit\/climet-vaste-deeltjesteller-model-ci-3100-srs\/#primaryimage","url":"https:\/\/www.aerometrik.com\/wp-content\/uploads\/2022\/03\/3100_SRS_1.png","contentUrl":"https:\/\/www.aerometrik.com\/wp-content\/uploads\/2022\/03\/3100_SRS_1.png","width":572,"height":812},{"@type":"BreadcrumbList","@id":"https:\/\/www.aerometrik.com\/nl\/produit\/climet-vaste-deeltjesteller-model-ci-3100-srs\/#breadcrumb","itemListElement":[{"@type":"ListItem","position":1,"name":"Accueil","item":"https:\/\/www.aerometrik.com\/"},{"@type":"ListItem","position":2,"name":"Producten","item":"https:\/\/www.aerometrik.com\/nl\/producten\/"},{"@type":"ListItem","position":3,"name":"CLIMET vaste deeltjesteller Model CI-3100 SRS"}]},{"@type":"WebSite","@id":"https:\/\/www.aerometrik.com\/#website","url":"https:\/\/www.aerometrik.com\/","name":"Aerometrik","description":"Solutions de ma\u00eetrise de la qualit\u00e9 de l&#039;air pour le secteur m\u00e9dical, et l&#039;industrie alimentaire et pharmaceutique","publisher":{"@id":"https:\/\/www.aerometrik.com\/#organization"},"potentialAction":[{"@type":"SearchAction","target":{"@type":"EntryPoint","urlTemplate":"https:\/\/www.aerometrik.com\/?s={search_term_string}"},"query-input":{"@type":"PropertyValueSpecification","valueRequired":true,"valueName":"search_term_string"}}],"inLanguage":"nl-NL"},{"@type":"Organization","@id":"https:\/\/www.aerometrik.com\/#organization","name":"Aerometrik","url":"https:\/\/www.aerometrik.com\/","logo":{"@type":"ImageObject","inLanguage":"nl-NL","@id":"https:\/\/www.aerometrik.com\/#\/schema\/logo\/image\/","url":"https:\/\/www.aerometrik.com\/wp-content\/uploads\/2021\/08\/logo-aerometrik.svg","contentUrl":"https:\/\/www.aerometrik.com\/wp-content\/uploads\/2021\/08\/logo-aerometrik.svg","width":212,"height":90,"caption":"Aerometrik"},"image":{"@id":"https:\/\/www.aerometrik.com\/#\/schema\/logo\/image\/"}}]}},"_links":{"self":[{"href":"https:\/\/www.aerometrik.com\/nl\/wp-json\/wp\/v2\/product\/4047","targetHints":{"allow":["GET"]}}],"collection":[{"href":"https:\/\/www.aerometrik.com\/nl\/wp-json\/wp\/v2\/product"}],"about":[{"href":"https:\/\/www.aerometrik.com\/nl\/wp-json\/wp\/v2\/types\/product"}],"wp:featuredmedia":[{"embeddable":true,"href":"https:\/\/www.aerometrik.com\/nl\/wp-json\/wp\/v2\/media\/2508"}],"wp:attachment":[{"href":"https:\/\/www.aerometrik.com\/nl\/wp-json\/wp\/v2\/media?parent=4047"}],"wp:term":[{"taxonomy":"product_brand","embeddable":true,"href":"https:\/\/www.aerometrik.com\/nl\/wp-json\/wp\/v2\/product_brand?post=4047"},{"taxonomy":"product_cat","embeddable":true,"href":"https:\/\/www.aerometrik.com\/nl\/wp-json\/wp\/v2\/product_cat?post=4047"},{"taxonomy":"product_tag","embeddable":true,"href":"https:\/\/www.aerometrik.com\/nl\/wp-json\/wp\/v2\/product_tag?post=4047"}],"curies":[{"name":"wp","href":"https:\/\/api.w.org\/{rel}","templated":true}]}}