{"id":3969,"date":"2022-03-04T17:06:00","date_gmt":"2022-03-04T16:06:00","guid":{"rendered":"https:\/\/www.aerometrik.com\/produit\/climet-deeltjesteller-ci-45xt-serie\/"},"modified":"2022-03-04T17:06:00","modified_gmt":"2022-03-04T16:06:00","slug":"climet-deeltjesteller-ci-45xt-serie","status":"publish","type":"product","link":"https:\/\/www.aerometrik.com\/nl\/produit\/climet-deeltjesteller-ci-45xt-serie\/","title":{"rendered":"CLIMET deeltjesteller CI-45xT serie"},"content":{"rendered":"","protected":false},"excerpt":{"rendered":"<p>. Bewezen, robuuste technologie.<br \/>\n. Neem 1 m3 op in 20 minuten!<br \/>\n. Debiet: 50 LPM.<br \/>\n. 4 kanalen: van 0,3 tot 10 \u03bcm.<br \/>\n. Voldoet aan ISO 21501-4.    <\/p>\n<a class=\"button btn-dl-produit button_size_2 button_none\" href=\"\/wp-content\/uploads\/2022\/01\/Fiche-Technique-CI-45x.pdf\"     style=\"color:#2294D1;\" target=\"_blank\"    title=\"\"><span class=\"button_label\">Download het productblad<\/span><\/a>\n\n","protected":false},"featured_media":2531,"template":"","meta":{"inline_featured_image":false},"product_brand":[],"product_cat":[212,231,232,230,178,211],"product_tag":[],"class_list":{"0":"post-3969","1":"product","2":"type-product","3":"status-publish","4":"has-post-thumbnail","6":"product_cat-aantal-deeltjes","7":"product_cat-bemonstering-van-gas","8":"product_cat-climet-nl","9":"product_cat-deeltjestellers","10":"product_cat-kwalificatie-van-cleanrooms","11":"product_cat-mobiele-deeltjestellers","13":"first","14":"instock","15":"product-type-simple"},"gallery_images":[812,1097],"yoast_head":"<!-- This site is optimized with the Yoast SEO plugin v27.4 - https:\/\/yoast.com\/product\/yoast-seo-wordpress\/ -->\n<title>CLIMET deeltjesteller CI-45xT serie - Aerometrik<\/title>\n<meta name=\"description\" content=\"Volledig roestvrijstalen deeltjesteller, bewezen technologie, doorstroomsnelheid van 50 l\/min, voldoet aan de huidige normen.\" \/>\n<meta name=\"robots\" content=\"index, follow, max-snippet:-1, max-image-preview:large, max-video-preview:-1\" \/>\n<link rel=\"canonical\" href=\"https:\/\/www.aerometrik.com\/nl\/produit\/climet-deeltjesteller-ci-45xt-serie\/\" \/>\n<meta property=\"og:locale\" content=\"nl_NL\" \/>\n<meta property=\"og:type\" content=\"article\" \/>\n<meta property=\"og:title\" content=\"CLIMET deeltjesteller CI-45xT serie - Aerometrik\" \/>\n<meta property=\"og:description\" content=\"Volledig roestvrijstalen deeltjesteller, bewezen technologie, doorstroomsnelheid van 50 l\/min, voldoet aan de huidige normen.\" \/>\n<meta property=\"og:url\" content=\"https:\/\/www.aerometrik.com\/nl\/produit\/climet-deeltjesteller-ci-45xt-serie\/\" \/>\n<meta property=\"og:site_name\" content=\"Aerometrik\" \/>\n<meta property=\"og:image\" content=\"https:\/\/www.aerometrik.com\/wp-content\/uploads\/2022\/03\/454_1.png\" \/>\n\t<meta property=\"og:image:width\" content=\"572\" \/>\n\t<meta property=\"og:image:height\" content=\"812\" \/>\n\t<meta property=\"og:image:type\" content=\"image\/png\" \/>\n<meta name=\"twitter:card\" content=\"summary_large_image\" \/>\n<script type=\"application\/ld+json\" class=\"yoast-schema-graph\">{\"@context\":\"https:\\\/\\\/schema.org\",\"@graph\":[{\"@type\":\"WebPage\",\"@id\":\"https:\\\/\\\/www.aerometrik.com\\\/nl\\\/produit\\\/climet-deeltjesteller-ci-45xt-serie\\\/\",\"url\":\"https:\\\/\\\/www.aerometrik.com\\\/nl\\\/produit\\\/climet-deeltjesteller-ci-45xt-serie\\\/\",\"name\":\"CLIMET deeltjesteller CI-45xT serie - Aerometrik\",\"isPartOf\":{\"@id\":\"https:\\\/\\\/www.aerometrik.com\\\/#website\"},\"primaryImageOfPage\":{\"@id\":\"https:\\\/\\\/www.aerometrik.com\\\/nl\\\/produit\\\/climet-deeltjesteller-ci-45xt-serie\\\/#primaryimage\"},\"image\":{\"@id\":\"https:\\\/\\\/www.aerometrik.com\\\/nl\\\/produit\\\/climet-deeltjesteller-ci-45xt-serie\\\/#primaryimage\"},\"thumbnailUrl\":\"https:\\\/\\\/www.aerometrik.com\\\/wp-content\\\/uploads\\\/2022\\\/03\\\/454_1.png\",\"datePublished\":\"2022-03-04T16:06:00+00:00\",\"description\":\"Volledig roestvrijstalen deeltjesteller, bewezen technologie, doorstroomsnelheid van 50 l\\\/min, voldoet aan de huidige normen.\",\"breadcrumb\":{\"@id\":\"https:\\\/\\\/www.aerometrik.com\\\/nl\\\/produit\\\/climet-deeltjesteller-ci-45xt-serie\\\/#breadcrumb\"},\"inLanguage\":\"nl-NL\",\"potentialAction\":[{\"@type\":\"ReadAction\",\"target\":[\"https:\\\/\\\/www.aerometrik.com\\\/nl\\\/produit\\\/climet-deeltjesteller-ci-45xt-serie\\\/\"]}]},{\"@type\":\"ImageObject\",\"inLanguage\":\"nl-NL\",\"@id\":\"https:\\\/\\\/www.aerometrik.com\\\/nl\\\/produit\\\/climet-deeltjesteller-ci-45xt-serie\\\/#primaryimage\",\"url\":\"https:\\\/\\\/www.aerometrik.com\\\/wp-content\\\/uploads\\\/2022\\\/03\\\/454_1.png\",\"contentUrl\":\"https:\\\/\\\/www.aerometrik.com\\\/wp-content\\\/uploads\\\/2022\\\/03\\\/454_1.png\",\"width\":572,\"height\":812},{\"@type\":\"BreadcrumbList\",\"@id\":\"https:\\\/\\\/www.aerometrik.com\\\/nl\\\/produit\\\/climet-deeltjesteller-ci-45xt-serie\\\/#breadcrumb\",\"itemListElement\":[{\"@type\":\"ListItem\",\"position\":1,\"name\":\"Accueil\",\"item\":\"https:\\\/\\\/www.aerometrik.com\\\/\"},{\"@type\":\"ListItem\",\"position\":2,\"name\":\"Producten\",\"item\":\"https:\\\/\\\/www.aerometrik.com\\\/nl\\\/producten\\\/\"},{\"@type\":\"ListItem\",\"position\":3,\"name\":\"CLIMET deeltjesteller CI-45xT serie\"}]},{\"@type\":\"WebSite\",\"@id\":\"https:\\\/\\\/www.aerometrik.com\\\/#website\",\"url\":\"https:\\\/\\\/www.aerometrik.com\\\/\",\"name\":\"Aerometrik\",\"description\":\"Solutions de ma\u00eetrise de la qualit\u00e9 de l&#039;air pour le secteur m\u00e9dical, et l&#039;industrie alimentaire et pharmaceutique\",\"publisher\":{\"@id\":\"https:\\\/\\\/www.aerometrik.com\\\/#organization\"},\"potentialAction\":[{\"@type\":\"SearchAction\",\"target\":{\"@type\":\"EntryPoint\",\"urlTemplate\":\"https:\\\/\\\/www.aerometrik.com\\\/?s={search_term_string}\"},\"query-input\":{\"@type\":\"PropertyValueSpecification\",\"valueRequired\":true,\"valueName\":\"search_term_string\"}}],\"inLanguage\":\"nl-NL\"},{\"@type\":\"Organization\",\"@id\":\"https:\\\/\\\/www.aerometrik.com\\\/#organization\",\"name\":\"Aerometrik\",\"url\":\"https:\\\/\\\/www.aerometrik.com\\\/\",\"logo\":{\"@type\":\"ImageObject\",\"inLanguage\":\"nl-NL\",\"@id\":\"https:\\\/\\\/www.aerometrik.com\\\/#\\\/schema\\\/logo\\\/image\\\/\",\"url\":\"https:\\\/\\\/www.aerometrik.com\\\/wp-content\\\/uploads\\\/2021\\\/08\\\/logo-aerometrik.svg\",\"contentUrl\":\"https:\\\/\\\/www.aerometrik.com\\\/wp-content\\\/uploads\\\/2021\\\/08\\\/logo-aerometrik.svg\",\"width\":212,\"height\":90,\"caption\":\"Aerometrik\"},\"image\":{\"@id\":\"https:\\\/\\\/www.aerometrik.com\\\/#\\\/schema\\\/logo\\\/image\\\/\"}}]}<\/script>\n<!-- \/ Yoast SEO plugin. -->","yoast_head_json":{"title":"CLIMET deeltjesteller CI-45xT serie - Aerometrik","description":"Volledig roestvrijstalen deeltjesteller, bewezen technologie, doorstroomsnelheid van 50 l\/min, voldoet aan de huidige normen.","robots":{"index":"index","follow":"follow","max-snippet":"max-snippet:-1","max-image-preview":"max-image-preview:large","max-video-preview":"max-video-preview:-1"},"canonical":"https:\/\/www.aerometrik.com\/nl\/produit\/climet-deeltjesteller-ci-45xt-serie\/","og_locale":"nl_NL","og_type":"article","og_title":"CLIMET deeltjesteller CI-45xT serie - Aerometrik","og_description":"Volledig roestvrijstalen deeltjesteller, bewezen technologie, doorstroomsnelheid van 50 l\/min, voldoet aan de huidige normen.","og_url":"https:\/\/www.aerometrik.com\/nl\/produit\/climet-deeltjesteller-ci-45xt-serie\/","og_site_name":"Aerometrik","og_image":[{"width":572,"height":812,"url":"https:\/\/www.aerometrik.com\/wp-content\/uploads\/2022\/03\/454_1.png","type":"image\/png"}],"twitter_card":"summary_large_image","schema":{"@context":"https:\/\/schema.org","@graph":[{"@type":"WebPage","@id":"https:\/\/www.aerometrik.com\/nl\/produit\/climet-deeltjesteller-ci-45xt-serie\/","url":"https:\/\/www.aerometrik.com\/nl\/produit\/climet-deeltjesteller-ci-45xt-serie\/","name":"CLIMET deeltjesteller CI-45xT serie - Aerometrik","isPartOf":{"@id":"https:\/\/www.aerometrik.com\/#website"},"primaryImageOfPage":{"@id":"https:\/\/www.aerometrik.com\/nl\/produit\/climet-deeltjesteller-ci-45xt-serie\/#primaryimage"},"image":{"@id":"https:\/\/www.aerometrik.com\/nl\/produit\/climet-deeltjesteller-ci-45xt-serie\/#primaryimage"},"thumbnailUrl":"https:\/\/www.aerometrik.com\/wp-content\/uploads\/2022\/03\/454_1.png","datePublished":"2022-03-04T16:06:00+00:00","description":"Volledig roestvrijstalen deeltjesteller, bewezen technologie, doorstroomsnelheid van 50 l\/min, voldoet aan de huidige normen.","breadcrumb":{"@id":"https:\/\/www.aerometrik.com\/nl\/produit\/climet-deeltjesteller-ci-45xt-serie\/#breadcrumb"},"inLanguage":"nl-NL","potentialAction":[{"@type":"ReadAction","target":["https:\/\/www.aerometrik.com\/nl\/produit\/climet-deeltjesteller-ci-45xt-serie\/"]}]},{"@type":"ImageObject","inLanguage":"nl-NL","@id":"https:\/\/www.aerometrik.com\/nl\/produit\/climet-deeltjesteller-ci-45xt-serie\/#primaryimage","url":"https:\/\/www.aerometrik.com\/wp-content\/uploads\/2022\/03\/454_1.png","contentUrl":"https:\/\/www.aerometrik.com\/wp-content\/uploads\/2022\/03\/454_1.png","width":572,"height":812},{"@type":"BreadcrumbList","@id":"https:\/\/www.aerometrik.com\/nl\/produit\/climet-deeltjesteller-ci-45xt-serie\/#breadcrumb","itemListElement":[{"@type":"ListItem","position":1,"name":"Accueil","item":"https:\/\/www.aerometrik.com\/"},{"@type":"ListItem","position":2,"name":"Producten","item":"https:\/\/www.aerometrik.com\/nl\/producten\/"},{"@type":"ListItem","position":3,"name":"CLIMET deeltjesteller CI-45xT serie"}]},{"@type":"WebSite","@id":"https:\/\/www.aerometrik.com\/#website","url":"https:\/\/www.aerometrik.com\/","name":"Aerometrik","description":"Solutions de ma\u00eetrise de la qualit\u00e9 de l&#039;air pour le secteur m\u00e9dical, et l&#039;industrie alimentaire et pharmaceutique","publisher":{"@id":"https:\/\/www.aerometrik.com\/#organization"},"potentialAction":[{"@type":"SearchAction","target":{"@type":"EntryPoint","urlTemplate":"https:\/\/www.aerometrik.com\/?s={search_term_string}"},"query-input":{"@type":"PropertyValueSpecification","valueRequired":true,"valueName":"search_term_string"}}],"inLanguage":"nl-NL"},{"@type":"Organization","@id":"https:\/\/www.aerometrik.com\/#organization","name":"Aerometrik","url":"https:\/\/www.aerometrik.com\/","logo":{"@type":"ImageObject","inLanguage":"nl-NL","@id":"https:\/\/www.aerometrik.com\/#\/schema\/logo\/image\/","url":"https:\/\/www.aerometrik.com\/wp-content\/uploads\/2021\/08\/logo-aerometrik.svg","contentUrl":"https:\/\/www.aerometrik.com\/wp-content\/uploads\/2021\/08\/logo-aerometrik.svg","width":212,"height":90,"caption":"Aerometrik"},"image":{"@id":"https:\/\/www.aerometrik.com\/#\/schema\/logo\/image\/"}}]}},"_links":{"self":[{"href":"https:\/\/www.aerometrik.com\/nl\/wp-json\/wp\/v2\/product\/3969","targetHints":{"allow":["GET"]}}],"collection":[{"href":"https:\/\/www.aerometrik.com\/nl\/wp-json\/wp\/v2\/product"}],"about":[{"href":"https:\/\/www.aerometrik.com\/nl\/wp-json\/wp\/v2\/types\/product"}],"wp:featuredmedia":[{"embeddable":true,"href":"https:\/\/www.aerometrik.com\/nl\/wp-json\/wp\/v2\/media\/2531"}],"wp:attachment":[{"href":"https:\/\/www.aerometrik.com\/nl\/wp-json\/wp\/v2\/media?parent=3969"}],"wp:term":[{"taxonomy":"product_brand","embeddable":true,"href":"https:\/\/www.aerometrik.com\/nl\/wp-json\/wp\/v2\/product_brand?post=3969"},{"taxonomy":"product_cat","embeddable":true,"href":"https:\/\/www.aerometrik.com\/nl\/wp-json\/wp\/v2\/product_cat?post=3969"},{"taxonomy":"product_tag","embeddable":true,"href":"https:\/\/www.aerometrik.com\/nl\/wp-json\/wp\/v2\/product_tag?post=3969"}],"curies":[{"name":"wp","href":"https:\/\/api.w.org\/{rel}","templated":true}]}}