{"id":3950,"date":"2022-03-04T17:26:40","date_gmt":"2022-03-04T16:26:40","guid":{"rendered":"https:\/\/www.aerometrik.com\/produit\/tsi-5000-serie-digitale-debietmeters\/"},"modified":"2022-03-04T17:26:40","modified_gmt":"2022-03-04T16:26:40","slug":"tsi-5000-serie-digitale-debietmeters","status":"publish","type":"product","link":"https:\/\/www.aerometrik.com\/nl\/produit\/tsi-5000-serie-digitale-debietmeters\/","title":{"rendered":"TSI 5000 Serie digitale debietmeters"},"content":{"rendered":"","protected":false},"excerpt":{"rendered":"<p>. Meet debiet, temperatuur en absolute druk.<br \/>\n. 5300 Serie voor hoge debieten: tot 300 l\/min met lage drukval.<br \/>\n. 5200-serie voor lage stroomsnelheden: tot 30 l\/min met hogere resolutie bij stroomsnelheden onder 1 l\/min.<br \/>\n. Gegevensregistratie.   <\/p>\n<p>. Nieuw! ISO 17025 kalibratie op aanvraag. <\/p>\n<a class=\"button btn-dl-produit button_size_2 button_none\" href=\"\/wp-content\/uploads\/2022\/01\/Fiche-Technique-de\u0301bitme\u0300tres-se\u0301rie-5000.pdf\"     style=\"color:#2294D1;\" target=\"_blank\"    title=\"\"><span class=\"button_label\">Download het productblad<\/span><\/a>\n\n","protected":false},"featured_media":2554,"template":"","meta":{"inline_featured_image":false},"product_brand":[],"product_cat":[259,260,180],"product_tag":[],"class_list":{"0":"post-3950","1":"product","2":"type-product","3":"status-publish","4":"has-post-thumbnail","6":"product_cat-gasstroommeting","7":"product_cat-massa-en-digitale-debietmeters","8":"product_cat-tsi-nl","10":"first","11":"instock","12":"product-type-simple"},"gallery_images":[849,850,851,1105],"yoast_head":"<!-- This site is optimized with the Yoast SEO plugin v27.3 - https:\/\/yoast.com\/product\/yoast-seo-wordpress\/ -->\n<title>TSI 5000 Serie digitale debietmeters - Aerometrik<\/title>\n<meta name=\"description\" content=\"De debietmeter kan tegelijkertijd debiet, druk en temperatuur meten, maar ook volume, drukverschil en vochtigheid.\" \/>\n<meta name=\"robots\" content=\"index, follow, max-snippet:-1, max-image-preview:large, max-video-preview:-1\" \/>\n<link rel=\"canonical\" href=\"https:\/\/www.aerometrik.com\/nl\/produit\/tsi-5000-serie-digitale-debietmeters\/\" \/>\n<meta property=\"og:locale\" content=\"nl_NL\" \/>\n<meta property=\"og:type\" content=\"article\" \/>\n<meta property=\"og:title\" content=\"TSI 5000 Serie digitale debietmeters - Aerometrik\" \/>\n<meta property=\"og:description\" content=\"De debietmeter kan tegelijkertijd debiet, druk en temperatuur meten, maar ook volume, drukverschil en vochtigheid.\" \/>\n<meta property=\"og:url\" content=\"https:\/\/www.aerometrik.com\/nl\/produit\/tsi-5000-serie-digitale-debietmeters\/\" \/>\n<meta property=\"og:site_name\" content=\"Aerometrik\" \/>\n<meta property=\"og:image\" content=\"https:\/\/www.aerometrik.com\/wp-content\/uploads\/2022\/03\/5000_1.png\" \/>\n\t<meta property=\"og:image:width\" content=\"572\" \/>\n\t<meta property=\"og:image:height\" content=\"812\" \/>\n\t<meta property=\"og:image:type\" content=\"image\/png\" \/>\n<meta name=\"twitter:card\" content=\"summary_large_image\" \/>\n<script type=\"application\/ld+json\" class=\"yoast-schema-graph\">{\"@context\":\"https:\\\/\\\/schema.org\",\"@graph\":[{\"@type\":\"WebPage\",\"@id\":\"https:\\\/\\\/www.aerometrik.com\\\/nl\\\/produit\\\/tsi-5000-serie-digitale-debietmeters\\\/\",\"url\":\"https:\\\/\\\/www.aerometrik.com\\\/nl\\\/produit\\\/tsi-5000-serie-digitale-debietmeters\\\/\",\"name\":\"TSI 5000 Serie digitale debietmeters - Aerometrik\",\"isPartOf\":{\"@id\":\"https:\\\/\\\/www.aerometrik.com\\\/#website\"},\"primaryImageOfPage\":{\"@id\":\"https:\\\/\\\/www.aerometrik.com\\\/nl\\\/produit\\\/tsi-5000-serie-digitale-debietmeters\\\/#primaryimage\"},\"image\":{\"@id\":\"https:\\\/\\\/www.aerometrik.com\\\/nl\\\/produit\\\/tsi-5000-serie-digitale-debietmeters\\\/#primaryimage\"},\"thumbnailUrl\":\"https:\\\/\\\/www.aerometrik.com\\\/wp-content\\\/uploads\\\/2022\\\/03\\\/5000_1.png\",\"datePublished\":\"2022-03-04T16:26:40+00:00\",\"description\":\"De debietmeter kan tegelijkertijd debiet, druk en temperatuur meten, maar ook volume, drukverschil en vochtigheid.\",\"breadcrumb\":{\"@id\":\"https:\\\/\\\/www.aerometrik.com\\\/nl\\\/produit\\\/tsi-5000-serie-digitale-debietmeters\\\/#breadcrumb\"},\"inLanguage\":\"nl-NL\",\"potentialAction\":[{\"@type\":\"ReadAction\",\"target\":[\"https:\\\/\\\/www.aerometrik.com\\\/nl\\\/produit\\\/tsi-5000-serie-digitale-debietmeters\\\/\"]}]},{\"@type\":\"ImageObject\",\"inLanguage\":\"nl-NL\",\"@id\":\"https:\\\/\\\/www.aerometrik.com\\\/nl\\\/produit\\\/tsi-5000-serie-digitale-debietmeters\\\/#primaryimage\",\"url\":\"https:\\\/\\\/www.aerometrik.com\\\/wp-content\\\/uploads\\\/2022\\\/03\\\/5000_1.png\",\"contentUrl\":\"https:\\\/\\\/www.aerometrik.com\\\/wp-content\\\/uploads\\\/2022\\\/03\\\/5000_1.png\",\"width\":572,\"height\":812,\"caption\":\"AEROMETRIK ISO 17025 debietmeter serie\"},{\"@type\":\"BreadcrumbList\",\"@id\":\"https:\\\/\\\/www.aerometrik.com\\\/nl\\\/produit\\\/tsi-5000-serie-digitale-debietmeters\\\/#breadcrumb\",\"itemListElement\":[{\"@type\":\"ListItem\",\"position\":1,\"name\":\"Accueil\",\"item\":\"https:\\\/\\\/www.aerometrik.com\\\/\"},{\"@type\":\"ListItem\",\"position\":2,\"name\":\"Producten\",\"item\":\"https:\\\/\\\/www.aerometrik.com\\\/nl\\\/producten\\\/\"},{\"@type\":\"ListItem\",\"position\":3,\"name\":\"TSI 5000 Serie digitale debietmeters\"}]},{\"@type\":\"WebSite\",\"@id\":\"https:\\\/\\\/www.aerometrik.com\\\/#website\",\"url\":\"https:\\\/\\\/www.aerometrik.com\\\/\",\"name\":\"Aerometrik\",\"description\":\"Solutions de ma\u00eetrise de la qualit\u00e9 de l&#039;air pour le secteur m\u00e9dical, et l&#039;industrie alimentaire et pharmaceutique\",\"publisher\":{\"@id\":\"https:\\\/\\\/www.aerometrik.com\\\/#organization\"},\"potentialAction\":[{\"@type\":\"SearchAction\",\"target\":{\"@type\":\"EntryPoint\",\"urlTemplate\":\"https:\\\/\\\/www.aerometrik.com\\\/?s={search_term_string}\"},\"query-input\":{\"@type\":\"PropertyValueSpecification\",\"valueRequired\":true,\"valueName\":\"search_term_string\"}}],\"inLanguage\":\"nl-NL\"},{\"@type\":\"Organization\",\"@id\":\"https:\\\/\\\/www.aerometrik.com\\\/#organization\",\"name\":\"Aerometrik\",\"url\":\"https:\\\/\\\/www.aerometrik.com\\\/\",\"logo\":{\"@type\":\"ImageObject\",\"inLanguage\":\"nl-NL\",\"@id\":\"https:\\\/\\\/www.aerometrik.com\\\/#\\\/schema\\\/logo\\\/image\\\/\",\"url\":\"https:\\\/\\\/www.aerometrik.com\\\/wp-content\\\/uploads\\\/2021\\\/08\\\/logo-aerometrik.svg\",\"contentUrl\":\"https:\\\/\\\/www.aerometrik.com\\\/wp-content\\\/uploads\\\/2021\\\/08\\\/logo-aerometrik.svg\",\"width\":212,\"height\":90,\"caption\":\"Aerometrik\"},\"image\":{\"@id\":\"https:\\\/\\\/www.aerometrik.com\\\/#\\\/schema\\\/logo\\\/image\\\/\"}}]}<\/script>\n<!-- \/ Yoast SEO plugin. -->","yoast_head_json":{"title":"TSI 5000 Serie digitale debietmeters - Aerometrik","description":"De debietmeter kan tegelijkertijd debiet, druk en temperatuur meten, maar ook volume, drukverschil en vochtigheid.","robots":{"index":"index","follow":"follow","max-snippet":"max-snippet:-1","max-image-preview":"max-image-preview:large","max-video-preview":"max-video-preview:-1"},"canonical":"https:\/\/www.aerometrik.com\/nl\/produit\/tsi-5000-serie-digitale-debietmeters\/","og_locale":"nl_NL","og_type":"article","og_title":"TSI 5000 Serie digitale debietmeters - Aerometrik","og_description":"De debietmeter kan tegelijkertijd debiet, druk en temperatuur meten, maar ook volume, drukverschil en vochtigheid.","og_url":"https:\/\/www.aerometrik.com\/nl\/produit\/tsi-5000-serie-digitale-debietmeters\/","og_site_name":"Aerometrik","og_image":[{"width":572,"height":812,"url":"https:\/\/www.aerometrik.com\/wp-content\/uploads\/2022\/03\/5000_1.png","type":"image\/png"}],"twitter_card":"summary_large_image","schema":{"@context":"https:\/\/schema.org","@graph":[{"@type":"WebPage","@id":"https:\/\/www.aerometrik.com\/nl\/produit\/tsi-5000-serie-digitale-debietmeters\/","url":"https:\/\/www.aerometrik.com\/nl\/produit\/tsi-5000-serie-digitale-debietmeters\/","name":"TSI 5000 Serie digitale debietmeters - Aerometrik","isPartOf":{"@id":"https:\/\/www.aerometrik.com\/#website"},"primaryImageOfPage":{"@id":"https:\/\/www.aerometrik.com\/nl\/produit\/tsi-5000-serie-digitale-debietmeters\/#primaryimage"},"image":{"@id":"https:\/\/www.aerometrik.com\/nl\/produit\/tsi-5000-serie-digitale-debietmeters\/#primaryimage"},"thumbnailUrl":"https:\/\/www.aerometrik.com\/wp-content\/uploads\/2022\/03\/5000_1.png","datePublished":"2022-03-04T16:26:40+00:00","description":"De debietmeter kan tegelijkertijd debiet, druk en temperatuur meten, maar ook volume, drukverschil en vochtigheid.","breadcrumb":{"@id":"https:\/\/www.aerometrik.com\/nl\/produit\/tsi-5000-serie-digitale-debietmeters\/#breadcrumb"},"inLanguage":"nl-NL","potentialAction":[{"@type":"ReadAction","target":["https:\/\/www.aerometrik.com\/nl\/produit\/tsi-5000-serie-digitale-debietmeters\/"]}]},{"@type":"ImageObject","inLanguage":"nl-NL","@id":"https:\/\/www.aerometrik.com\/nl\/produit\/tsi-5000-serie-digitale-debietmeters\/#primaryimage","url":"https:\/\/www.aerometrik.com\/wp-content\/uploads\/2022\/03\/5000_1.png","contentUrl":"https:\/\/www.aerometrik.com\/wp-content\/uploads\/2022\/03\/5000_1.png","width":572,"height":812,"caption":"AEROMETRIK ISO 17025 debietmeter serie"},{"@type":"BreadcrumbList","@id":"https:\/\/www.aerometrik.com\/nl\/produit\/tsi-5000-serie-digitale-debietmeters\/#breadcrumb","itemListElement":[{"@type":"ListItem","position":1,"name":"Accueil","item":"https:\/\/www.aerometrik.com\/"},{"@type":"ListItem","position":2,"name":"Producten","item":"https:\/\/www.aerometrik.com\/nl\/producten\/"},{"@type":"ListItem","position":3,"name":"TSI 5000 Serie digitale debietmeters"}]},{"@type":"WebSite","@id":"https:\/\/www.aerometrik.com\/#website","url":"https:\/\/www.aerometrik.com\/","name":"Aerometrik","description":"Solutions de ma\u00eetrise de la qualit\u00e9 de l&#039;air pour le secteur m\u00e9dical, et l&#039;industrie alimentaire et pharmaceutique","publisher":{"@id":"https:\/\/www.aerometrik.com\/#organization"},"potentialAction":[{"@type":"SearchAction","target":{"@type":"EntryPoint","urlTemplate":"https:\/\/www.aerometrik.com\/?s={search_term_string}"},"query-input":{"@type":"PropertyValueSpecification","valueRequired":true,"valueName":"search_term_string"}}],"inLanguage":"nl-NL"},{"@type":"Organization","@id":"https:\/\/www.aerometrik.com\/#organization","name":"Aerometrik","url":"https:\/\/www.aerometrik.com\/","logo":{"@type":"ImageObject","inLanguage":"nl-NL","@id":"https:\/\/www.aerometrik.com\/#\/schema\/logo\/image\/","url":"https:\/\/www.aerometrik.com\/wp-content\/uploads\/2021\/08\/logo-aerometrik.svg","contentUrl":"https:\/\/www.aerometrik.com\/wp-content\/uploads\/2021\/08\/logo-aerometrik.svg","width":212,"height":90,"caption":"Aerometrik"},"image":{"@id":"https:\/\/www.aerometrik.com\/#\/schema\/logo\/image\/"}}]}},"_links":{"self":[{"href":"https:\/\/www.aerometrik.com\/nl\/wp-json\/wp\/v2\/product\/3950","targetHints":{"allow":["GET"]}}],"collection":[{"href":"https:\/\/www.aerometrik.com\/nl\/wp-json\/wp\/v2\/product"}],"about":[{"href":"https:\/\/www.aerometrik.com\/nl\/wp-json\/wp\/v2\/types\/product"}],"wp:featuredmedia":[{"embeddable":true,"href":"https:\/\/www.aerometrik.com\/nl\/wp-json\/wp\/v2\/media\/2554"}],"wp:attachment":[{"href":"https:\/\/www.aerometrik.com\/nl\/wp-json\/wp\/v2\/media?parent=3950"}],"wp:term":[{"taxonomy":"product_brand","embeddable":true,"href":"https:\/\/www.aerometrik.com\/nl\/wp-json\/wp\/v2\/product_brand?post=3950"},{"taxonomy":"product_cat","embeddable":true,"href":"https:\/\/www.aerometrik.com\/nl\/wp-json\/wp\/v2\/product_cat?post=3950"},{"taxonomy":"product_tag","embeddable":true,"href":"https:\/\/www.aerometrik.com\/nl\/wp-json\/wp\/v2\/product_tag?post=3950"}],"curies":[{"name":"wp","href":"https:\/\/api.w.org\/{rel}","templated":true}]}}