{"id":3722,"date":"2022-05-18T15:56:23","date_gmt":"2022-05-18T13:56:23","guid":{"rendered":"https:\/\/www.aerometrik.com\/produit\/climet-gasrooster-model-ci-302\/"},"modified":"2022-05-18T15:56:23","modified_gmt":"2022-05-18T13:56:23","slug":"climet-gasrooster-model-ci-302","status":"publish","type":"product","link":"https:\/\/www.aerometrik.com\/nl\/produit\/climet-gasrooster-model-ci-302\/","title":{"rendered":"CLIMET gasrooster Model CI-302"},"content":{"rendered":"","protected":false},"excerpt":{"rendered":"<p>De CI-302 hogedruk diffusor wordt gebruikt voor hogedrukgas sampling met CLIMET deeltjestellers of aerobiocollectors (microbial air samplers). Het rechtstreeks aanbrengen van perslucht of gas op uw deeltjestellers of aerobiocollectors kan uw apparaat beschadigen. De CI-302 voorkomt ook het ontstaan van turbulentie in de teller, wat leidt tot valse tellingen.  <\/p>\n<p>De CI-302 werkt door het debiet te regelen om een doorgang te bieden voor overdruk. Hierdoor kan het instrument normaal werken en de doorstroming regelen. <\/p>\n<p><a class=\"button btn-dl-produit button_size_2 button_none\" href=\"https:\/\/www.aerometrik.com\/wp-content\/uploads\/2022\/05\/Fiche-Technique-CI-302.pdf\"     style=\"color:#2294D1;\" target=\"_blank\"    title=\"\"><span class=\"button_label\">Download productgegevensblad (kPa)<\/span><\/a>\n<br \/>\n<a class=\"button btn-dl-produit button_size_2 button_none\" href=\"https:\/\/www.aerometrik.com\/wp-content\/uploads\/2024\/11\/Fiche-Technique-CI-302-Bar.pdf\"     style=\"color:#2294D1;\" target=\"_blank\"    title=\"\"><span class=\"button_label\">Productoverzicht downloaden (Bar)<\/span><\/a>\n<\/p>\n","protected":false},"featured_media":2641,"template":"","meta":{"inline_featured_image":false},"product_brand":[],"product_cat":[212,231,232,230,199,178,211],"product_tag":[],"class_list":{"0":"post-3722","1":"product","2":"type-product","3":"status-publish","4":"has-post-thumbnail","6":"product_cat-aantal-deeltjes","7":"product_cat-bemonstering-van-gas","8":"product_cat-climet-nl","9":"product_cat-deeltjestellers","10":"product_cat-filterintegriteitstest","11":"product_cat-kwalificatie-van-cleanrooms","12":"product_cat-mobiele-deeltjestellers","14":"first","15":"instock","16":"product-type-simple"},"gallery_images":[1625,1627,1629],"yoast_head":"<!-- This site is optimized with the Yoast SEO plugin v27.4 - https:\/\/yoast.com\/product\/yoast-seo-wordpress\/ -->\n<title>CLIMET gasrooster Model CI-302 - Aerometrik<\/title>\n<meta name=\"description\" content=\"CI-302 hogedrukrooster gebruikt voor hogedrukgasmonstername met CLIMET deeltjestellers of aerobiocollectoren\" \/>\n<meta name=\"robots\" content=\"index, follow, max-snippet:-1, max-image-preview:large, max-video-preview:-1\" \/>\n<link rel=\"canonical\" href=\"https:\/\/www.aerometrik.com\/nl\/produit\/climet-gasrooster-model-ci-302\/\" \/>\n<meta property=\"og:locale\" content=\"nl_NL\" \/>\n<meta property=\"og:type\" content=\"article\" \/>\n<meta property=\"og:title\" content=\"CLIMET gasrooster Model CI-302 - Aerometrik\" \/>\n<meta property=\"og:description\" content=\"CI-302 hogedrukrooster gebruikt voor hogedrukgasmonstername met CLIMET deeltjestellers of aerobiocollectoren\" \/>\n<meta property=\"og:url\" content=\"https:\/\/www.aerometrik.com\/nl\/produit\/climet-gasrooster-model-ci-302\/\" \/>\n<meta property=\"og:site_name\" content=\"Aerometrik\" \/>\n<meta property=\"og:image\" content=\"https:\/\/www.aerometrik.com\/wp-content\/uploads\/2022\/05\/Base-site.png\" \/>\n\t<meta property=\"og:image:width\" content=\"1748\" \/>\n\t<meta property=\"og:image:height\" content=\"1748\" \/>\n\t<meta property=\"og:image:type\" content=\"image\/png\" \/>\n<meta name=\"twitter:card\" content=\"summary_large_image\" \/>\n<script type=\"application\/ld+json\" class=\"yoast-schema-graph\">{\"@context\":\"https:\\\/\\\/schema.org\",\"@graph\":[{\"@type\":\"WebPage\",\"@id\":\"https:\\\/\\\/www.aerometrik.com\\\/nl\\\/produit\\\/climet-gasrooster-model-ci-302\\\/\",\"url\":\"https:\\\/\\\/www.aerometrik.com\\\/nl\\\/produit\\\/climet-gasrooster-model-ci-302\\\/\",\"name\":\"CLIMET gasrooster Model CI-302 - Aerometrik\",\"isPartOf\":{\"@id\":\"https:\\\/\\\/www.aerometrik.com\\\/#website\"},\"primaryImageOfPage\":{\"@id\":\"https:\\\/\\\/www.aerometrik.com\\\/nl\\\/produit\\\/climet-gasrooster-model-ci-302\\\/#primaryimage\"},\"image\":{\"@id\":\"https:\\\/\\\/www.aerometrik.com\\\/nl\\\/produit\\\/climet-gasrooster-model-ci-302\\\/#primaryimage\"},\"thumbnailUrl\":\"https:\\\/\\\/www.aerometrik.com\\\/wp-content\\\/uploads\\\/2022\\\/05\\\/Base-site.png\",\"datePublished\":\"2022-05-18T13:56:23+00:00\",\"description\":\"CI-302 hogedrukrooster gebruikt voor hogedrukgasmonstername met CLIMET deeltjestellers of aerobiocollectoren\",\"breadcrumb\":{\"@id\":\"https:\\\/\\\/www.aerometrik.com\\\/nl\\\/produit\\\/climet-gasrooster-model-ci-302\\\/#breadcrumb\"},\"inLanguage\":\"nl-NL\",\"potentialAction\":[{\"@type\":\"ReadAction\",\"target\":[\"https:\\\/\\\/www.aerometrik.com\\\/nl\\\/produit\\\/climet-gasrooster-model-ci-302\\\/\"]}]},{\"@type\":\"ImageObject\",\"inLanguage\":\"nl-NL\",\"@id\":\"https:\\\/\\\/www.aerometrik.com\\\/nl\\\/produit\\\/climet-gasrooster-model-ci-302\\\/#primaryimage\",\"url\":\"https:\\\/\\\/www.aerometrik.com\\\/wp-content\\\/uploads\\\/2022\\\/05\\\/Base-site.png\",\"contentUrl\":\"https:\\\/\\\/www.aerometrik.com\\\/wp-content\\\/uploads\\\/2022\\\/05\\\/Base-site.png\",\"width\":1748,\"height\":1748,\"caption\":\"CLIMET CI-302 gasdiffusor met deeltjesteller\"},{\"@type\":\"BreadcrumbList\",\"@id\":\"https:\\\/\\\/www.aerometrik.com\\\/nl\\\/produit\\\/climet-gasrooster-model-ci-302\\\/#breadcrumb\",\"itemListElement\":[{\"@type\":\"ListItem\",\"position\":1,\"name\":\"Accueil\",\"item\":\"https:\\\/\\\/www.aerometrik.com\\\/\"},{\"@type\":\"ListItem\",\"position\":2,\"name\":\"Producten\",\"item\":\"https:\\\/\\\/www.aerometrik.com\\\/nl\\\/producten\\\/\"},{\"@type\":\"ListItem\",\"position\":3,\"name\":\"CLIMET gasrooster Model CI-302\"}]},{\"@type\":\"WebSite\",\"@id\":\"https:\\\/\\\/www.aerometrik.com\\\/#website\",\"url\":\"https:\\\/\\\/www.aerometrik.com\\\/\",\"name\":\"Aerometrik\",\"description\":\"Solutions de ma\u00eetrise de la qualit\u00e9 de l&#039;air pour le secteur m\u00e9dical, et l&#039;industrie alimentaire et pharmaceutique\",\"publisher\":{\"@id\":\"https:\\\/\\\/www.aerometrik.com\\\/#organization\"},\"potentialAction\":[{\"@type\":\"SearchAction\",\"target\":{\"@type\":\"EntryPoint\",\"urlTemplate\":\"https:\\\/\\\/www.aerometrik.com\\\/?s={search_term_string}\"},\"query-input\":{\"@type\":\"PropertyValueSpecification\",\"valueRequired\":true,\"valueName\":\"search_term_string\"}}],\"inLanguage\":\"nl-NL\"},{\"@type\":\"Organization\",\"@id\":\"https:\\\/\\\/www.aerometrik.com\\\/#organization\",\"name\":\"Aerometrik\",\"url\":\"https:\\\/\\\/www.aerometrik.com\\\/\",\"logo\":{\"@type\":\"ImageObject\",\"inLanguage\":\"nl-NL\",\"@id\":\"https:\\\/\\\/www.aerometrik.com\\\/#\\\/schema\\\/logo\\\/image\\\/\",\"url\":\"https:\\\/\\\/www.aerometrik.com\\\/wp-content\\\/uploads\\\/2021\\\/08\\\/logo-aerometrik.svg\",\"contentUrl\":\"https:\\\/\\\/www.aerometrik.com\\\/wp-content\\\/uploads\\\/2021\\\/08\\\/logo-aerometrik.svg\",\"width\":212,\"height\":90,\"caption\":\"Aerometrik\"},\"image\":{\"@id\":\"https:\\\/\\\/www.aerometrik.com\\\/#\\\/schema\\\/logo\\\/image\\\/\"}}]}<\/script>\n<!-- \/ Yoast SEO plugin. -->","yoast_head_json":{"title":"CLIMET gasrooster Model CI-302 - Aerometrik","description":"CI-302 hogedrukrooster gebruikt voor hogedrukgasmonstername met CLIMET deeltjestellers of aerobiocollectoren","robots":{"index":"index","follow":"follow","max-snippet":"max-snippet:-1","max-image-preview":"max-image-preview:large","max-video-preview":"max-video-preview:-1"},"canonical":"https:\/\/www.aerometrik.com\/nl\/produit\/climet-gasrooster-model-ci-302\/","og_locale":"nl_NL","og_type":"article","og_title":"CLIMET gasrooster Model CI-302 - Aerometrik","og_description":"CI-302 hogedrukrooster gebruikt voor hogedrukgasmonstername met CLIMET deeltjestellers of aerobiocollectoren","og_url":"https:\/\/www.aerometrik.com\/nl\/produit\/climet-gasrooster-model-ci-302\/","og_site_name":"Aerometrik","og_image":[{"width":1748,"height":1748,"url":"https:\/\/www.aerometrik.com\/wp-content\/uploads\/2022\/05\/Base-site.png","type":"image\/png"}],"twitter_card":"summary_large_image","schema":{"@context":"https:\/\/schema.org","@graph":[{"@type":"WebPage","@id":"https:\/\/www.aerometrik.com\/nl\/produit\/climet-gasrooster-model-ci-302\/","url":"https:\/\/www.aerometrik.com\/nl\/produit\/climet-gasrooster-model-ci-302\/","name":"CLIMET gasrooster Model CI-302 - Aerometrik","isPartOf":{"@id":"https:\/\/www.aerometrik.com\/#website"},"primaryImageOfPage":{"@id":"https:\/\/www.aerometrik.com\/nl\/produit\/climet-gasrooster-model-ci-302\/#primaryimage"},"image":{"@id":"https:\/\/www.aerometrik.com\/nl\/produit\/climet-gasrooster-model-ci-302\/#primaryimage"},"thumbnailUrl":"https:\/\/www.aerometrik.com\/wp-content\/uploads\/2022\/05\/Base-site.png","datePublished":"2022-05-18T13:56:23+00:00","description":"CI-302 hogedrukrooster gebruikt voor hogedrukgasmonstername met CLIMET deeltjestellers of aerobiocollectoren","breadcrumb":{"@id":"https:\/\/www.aerometrik.com\/nl\/produit\/climet-gasrooster-model-ci-302\/#breadcrumb"},"inLanguage":"nl-NL","potentialAction":[{"@type":"ReadAction","target":["https:\/\/www.aerometrik.com\/nl\/produit\/climet-gasrooster-model-ci-302\/"]}]},{"@type":"ImageObject","inLanguage":"nl-NL","@id":"https:\/\/www.aerometrik.com\/nl\/produit\/climet-gasrooster-model-ci-302\/#primaryimage","url":"https:\/\/www.aerometrik.com\/wp-content\/uploads\/2022\/05\/Base-site.png","contentUrl":"https:\/\/www.aerometrik.com\/wp-content\/uploads\/2022\/05\/Base-site.png","width":1748,"height":1748,"caption":"CLIMET CI-302 gasdiffusor met deeltjesteller"},{"@type":"BreadcrumbList","@id":"https:\/\/www.aerometrik.com\/nl\/produit\/climet-gasrooster-model-ci-302\/#breadcrumb","itemListElement":[{"@type":"ListItem","position":1,"name":"Accueil","item":"https:\/\/www.aerometrik.com\/"},{"@type":"ListItem","position":2,"name":"Producten","item":"https:\/\/www.aerometrik.com\/nl\/producten\/"},{"@type":"ListItem","position":3,"name":"CLIMET gasrooster Model CI-302"}]},{"@type":"WebSite","@id":"https:\/\/www.aerometrik.com\/#website","url":"https:\/\/www.aerometrik.com\/","name":"Aerometrik","description":"Solutions de ma\u00eetrise de la qualit\u00e9 de l&#039;air pour le secteur m\u00e9dical, et l&#039;industrie alimentaire et pharmaceutique","publisher":{"@id":"https:\/\/www.aerometrik.com\/#organization"},"potentialAction":[{"@type":"SearchAction","target":{"@type":"EntryPoint","urlTemplate":"https:\/\/www.aerometrik.com\/?s={search_term_string}"},"query-input":{"@type":"PropertyValueSpecification","valueRequired":true,"valueName":"search_term_string"}}],"inLanguage":"nl-NL"},{"@type":"Organization","@id":"https:\/\/www.aerometrik.com\/#organization","name":"Aerometrik","url":"https:\/\/www.aerometrik.com\/","logo":{"@type":"ImageObject","inLanguage":"nl-NL","@id":"https:\/\/www.aerometrik.com\/#\/schema\/logo\/image\/","url":"https:\/\/www.aerometrik.com\/wp-content\/uploads\/2021\/08\/logo-aerometrik.svg","contentUrl":"https:\/\/www.aerometrik.com\/wp-content\/uploads\/2021\/08\/logo-aerometrik.svg","width":212,"height":90,"caption":"Aerometrik"},"image":{"@id":"https:\/\/www.aerometrik.com\/#\/schema\/logo\/image\/"}}]}},"_links":{"self":[{"href":"https:\/\/www.aerometrik.com\/nl\/wp-json\/wp\/v2\/product\/3722","targetHints":{"allow":["GET"]}}],"collection":[{"href":"https:\/\/www.aerometrik.com\/nl\/wp-json\/wp\/v2\/product"}],"about":[{"href":"https:\/\/www.aerometrik.com\/nl\/wp-json\/wp\/v2\/types\/product"}],"wp:featuredmedia":[{"embeddable":true,"href":"https:\/\/www.aerometrik.com\/nl\/wp-json\/wp\/v2\/media\/2641"}],"wp:attachment":[{"href":"https:\/\/www.aerometrik.com\/nl\/wp-json\/wp\/v2\/media?parent=3722"}],"wp:term":[{"taxonomy":"product_brand","embeddable":true,"href":"https:\/\/www.aerometrik.com\/nl\/wp-json\/wp\/v2\/product_brand?post=3722"},{"taxonomy":"product_cat","embeddable":true,"href":"https:\/\/www.aerometrik.com\/nl\/wp-json\/wp\/v2\/product_cat?post=3722"},{"taxonomy":"product_tag","embeddable":true,"href":"https:\/\/www.aerometrik.com\/nl\/wp-json\/wp\/v2\/product_tag?post=3722"}],"curies":[{"name":"wp","href":"https:\/\/api.w.org\/{rel}","templated":true}]}}