{"id":3688,"date":"2022-03-04T17:40:26","date_gmt":"2022-03-04T16:40:26","guid":{"rendered":"https:\/\/www.aerometrik.com\/produit\/ati-koude-spuitbussen-modellen-tda-4b-4b-lite\/"},"modified":"2022-03-04T17:40:26","modified_gmt":"2022-03-04T16:40:26","slug":"ati-koude-spuitbussen-modellen-tda-4b-4b-lite","status":"publish","type":"product","link":"https:\/\/www.aerometrik.com\/nl\/produit\/ati-koude-spuitbussen-modellen-tda-4b-4b-lite\/","title":{"rendered":"ATI koude spuitbussen Modellen TDA 4B\/4B Lite"},"content":{"rendered":"","protected":false},"excerpt":{"rendered":"<p>. Voor gebruik met een externe compressor.<br \/>\n. TDA 4B : 6 nozzles \/ 13.000 m\u00b3\/h.<br \/>\n. TDA 4B Lite : 3 spuitdoppen \/ 6.500 m\u00b3\/h.  <\/p>\n<a class=\"button btn-dl-produit button_size_2 button_none\" href=\"\/wp-content\/uploads\/2022\/01\/TDA-4B-4B-Lite.pdf\"     style=\"color:#2294D1;\" target=\"_blank\"    title=\"\"><span class=\"button_label\">Download het productblad<\/span><\/a>\n\n","protected":false},"featured_media":2569,"template":"","meta":{"inline_featured_image":false},"product_brand":[],"product_cat":[203,200,199,214,213,178],"product_tag":[],"class_list":{"0":"post-3688","1":"product","2":"type-product","3":"status-publish","4":"has-post-thumbnail","6":"product_cat-ati-nl","7":"product_cat-draagbare-fotometer-en-aerosolgeneratoren","8":"product_cat-filterintegriteitstest","9":"product_cat-integriteitstesten-van-asbestcaissons","10":"product_cat-koude-generatoren","11":"product_cat-kwalificatie-van-cleanrooms","13":"first","14":"instock","15":"product-type-simple"},"gallery_images":[871,872],"yoast_head":"<!-- This site is optimized with the Yoast SEO plugin v27.4 - https:\/\/yoast.com\/product\/yoast-seo-wordpress\/ -->\n<title>ATI koude spuitbussen Modellen TDA 4B\/4B Lite - Aerometrik<\/title>\n<meta name=\"description\" content=\"Draagbare a\u00ebrosolgeneratoren, ontworpen voor het testen van filtratiesystemen van kleine handschoenkasten tot cleanrooms.\" \/>\n<meta name=\"robots\" content=\"index, follow, max-snippet:-1, max-image-preview:large, max-video-preview:-1\" \/>\n<link rel=\"canonical\" href=\"https:\/\/www.aerometrik.com\/nl\/produit\/ati-koude-spuitbussen-modellen-tda-4b-4b-lite\/\" \/>\n<meta property=\"og:locale\" content=\"nl_NL\" \/>\n<meta property=\"og:type\" content=\"article\" \/>\n<meta property=\"og:title\" content=\"ATI koude spuitbussen Modellen TDA 4B\/4B Lite - Aerometrik\" \/>\n<meta property=\"og:description\" content=\"Draagbare a\u00ebrosolgeneratoren, ontworpen voor het testen van filtratiesystemen van kleine handschoenkasten tot cleanrooms.\" \/>\n<meta property=\"og:url\" content=\"https:\/\/www.aerometrik.com\/nl\/produit\/ati-koude-spuitbussen-modellen-tda-4b-4b-lite\/\" \/>\n<meta property=\"og:site_name\" content=\"Aerometrik\" \/>\n<meta property=\"og:image\" content=\"https:\/\/www.aerometrik.com\/wp-content\/uploads\/2022\/03\/4B_1.png\" \/>\n\t<meta property=\"og:image:width\" content=\"572\" \/>\n\t<meta property=\"og:image:height\" content=\"812\" \/>\n\t<meta property=\"og:image:type\" content=\"image\/png\" \/>\n<meta name=\"twitter:card\" content=\"summary_large_image\" \/>\n<script type=\"application\/ld+json\" class=\"yoast-schema-graph\">{\"@context\":\"https:\\\/\\\/schema.org\",\"@graph\":[{\"@type\":\"WebPage\",\"@id\":\"https:\\\/\\\/www.aerometrik.com\\\/nl\\\/produit\\\/ati-koude-spuitbussen-modellen-tda-4b-4b-lite\\\/\",\"url\":\"https:\\\/\\\/www.aerometrik.com\\\/nl\\\/produit\\\/ati-koude-spuitbussen-modellen-tda-4b-4b-lite\\\/\",\"name\":\"ATI koude spuitbussen Modellen TDA 4B\\\/4B Lite - Aerometrik\",\"isPartOf\":{\"@id\":\"https:\\\/\\\/www.aerometrik.com\\\/#website\"},\"primaryImageOfPage\":{\"@id\":\"https:\\\/\\\/www.aerometrik.com\\\/nl\\\/produit\\\/ati-koude-spuitbussen-modellen-tda-4b-4b-lite\\\/#primaryimage\"},\"image\":{\"@id\":\"https:\\\/\\\/www.aerometrik.com\\\/nl\\\/produit\\\/ati-koude-spuitbussen-modellen-tda-4b-4b-lite\\\/#primaryimage\"},\"thumbnailUrl\":\"https:\\\/\\\/www.aerometrik.com\\\/wp-content\\\/uploads\\\/2022\\\/03\\\/4B_1.png\",\"datePublished\":\"2022-03-04T16:40:26+00:00\",\"description\":\"Draagbare a\u00ebrosolgeneratoren, ontworpen voor het testen van filtratiesystemen van kleine handschoenkasten tot cleanrooms.\",\"breadcrumb\":{\"@id\":\"https:\\\/\\\/www.aerometrik.com\\\/nl\\\/produit\\\/ati-koude-spuitbussen-modellen-tda-4b-4b-lite\\\/#breadcrumb\"},\"inLanguage\":\"nl-NL\",\"potentialAction\":[{\"@type\":\"ReadAction\",\"target\":[\"https:\\\/\\\/www.aerometrik.com\\\/nl\\\/produit\\\/ati-koude-spuitbussen-modellen-tda-4b-4b-lite\\\/\"]}]},{\"@type\":\"ImageObject\",\"inLanguage\":\"nl-NL\",\"@id\":\"https:\\\/\\\/www.aerometrik.com\\\/nl\\\/produit\\\/ati-koude-spuitbussen-modellen-tda-4b-4b-lite\\\/#primaryimage\",\"url\":\"https:\\\/\\\/www.aerometrik.com\\\/wp-content\\\/uploads\\\/2022\\\/03\\\/4B_1.png\",\"contentUrl\":\"https:\\\/\\\/www.aerometrik.com\\\/wp-content\\\/uploads\\\/2022\\\/03\\\/4B_1.png\",\"width\":572,\"height\":812},{\"@type\":\"BreadcrumbList\",\"@id\":\"https:\\\/\\\/www.aerometrik.com\\\/nl\\\/produit\\\/ati-koude-spuitbussen-modellen-tda-4b-4b-lite\\\/#breadcrumb\",\"itemListElement\":[{\"@type\":\"ListItem\",\"position\":1,\"name\":\"Accueil\",\"item\":\"https:\\\/\\\/www.aerometrik.com\\\/\"},{\"@type\":\"ListItem\",\"position\":2,\"name\":\"Producten\",\"item\":\"https:\\\/\\\/www.aerometrik.com\\\/nl\\\/producten\\\/\"},{\"@type\":\"ListItem\",\"position\":3,\"name\":\"ATI koude spuitbussen Modellen TDA 4B\\\/4B Lite\"}]},{\"@type\":\"WebSite\",\"@id\":\"https:\\\/\\\/www.aerometrik.com\\\/#website\",\"url\":\"https:\\\/\\\/www.aerometrik.com\\\/\",\"name\":\"Aerometrik\",\"description\":\"Solutions de ma\u00eetrise de la qualit\u00e9 de l&#039;air pour le secteur m\u00e9dical, et l&#039;industrie alimentaire et pharmaceutique\",\"publisher\":{\"@id\":\"https:\\\/\\\/www.aerometrik.com\\\/#organization\"},\"potentialAction\":[{\"@type\":\"SearchAction\",\"target\":{\"@type\":\"EntryPoint\",\"urlTemplate\":\"https:\\\/\\\/www.aerometrik.com\\\/?s={search_term_string}\"},\"query-input\":{\"@type\":\"PropertyValueSpecification\",\"valueRequired\":true,\"valueName\":\"search_term_string\"}}],\"inLanguage\":\"nl-NL\"},{\"@type\":\"Organization\",\"@id\":\"https:\\\/\\\/www.aerometrik.com\\\/#organization\",\"name\":\"Aerometrik\",\"url\":\"https:\\\/\\\/www.aerometrik.com\\\/\",\"logo\":{\"@type\":\"ImageObject\",\"inLanguage\":\"nl-NL\",\"@id\":\"https:\\\/\\\/www.aerometrik.com\\\/#\\\/schema\\\/logo\\\/image\\\/\",\"url\":\"https:\\\/\\\/www.aerometrik.com\\\/wp-content\\\/uploads\\\/2021\\\/08\\\/logo-aerometrik.svg\",\"contentUrl\":\"https:\\\/\\\/www.aerometrik.com\\\/wp-content\\\/uploads\\\/2021\\\/08\\\/logo-aerometrik.svg\",\"width\":212,\"height\":90,\"caption\":\"Aerometrik\"},\"image\":{\"@id\":\"https:\\\/\\\/www.aerometrik.com\\\/#\\\/schema\\\/logo\\\/image\\\/\"}}]}<\/script>\n<!-- \/ Yoast SEO plugin. -->","yoast_head_json":{"title":"ATI koude spuitbussen Modellen TDA 4B\/4B Lite - Aerometrik","description":"Draagbare a\u00ebrosolgeneratoren, ontworpen voor het testen van filtratiesystemen van kleine handschoenkasten tot cleanrooms.","robots":{"index":"index","follow":"follow","max-snippet":"max-snippet:-1","max-image-preview":"max-image-preview:large","max-video-preview":"max-video-preview:-1"},"canonical":"https:\/\/www.aerometrik.com\/nl\/produit\/ati-koude-spuitbussen-modellen-tda-4b-4b-lite\/","og_locale":"nl_NL","og_type":"article","og_title":"ATI koude spuitbussen Modellen TDA 4B\/4B Lite - Aerometrik","og_description":"Draagbare a\u00ebrosolgeneratoren, ontworpen voor het testen van filtratiesystemen van kleine handschoenkasten tot cleanrooms.","og_url":"https:\/\/www.aerometrik.com\/nl\/produit\/ati-koude-spuitbussen-modellen-tda-4b-4b-lite\/","og_site_name":"Aerometrik","og_image":[{"width":572,"height":812,"url":"https:\/\/www.aerometrik.com\/wp-content\/uploads\/2022\/03\/4B_1.png","type":"image\/png"}],"twitter_card":"summary_large_image","schema":{"@context":"https:\/\/schema.org","@graph":[{"@type":"WebPage","@id":"https:\/\/www.aerometrik.com\/nl\/produit\/ati-koude-spuitbussen-modellen-tda-4b-4b-lite\/","url":"https:\/\/www.aerometrik.com\/nl\/produit\/ati-koude-spuitbussen-modellen-tda-4b-4b-lite\/","name":"ATI koude spuitbussen Modellen TDA 4B\/4B Lite - Aerometrik","isPartOf":{"@id":"https:\/\/www.aerometrik.com\/#website"},"primaryImageOfPage":{"@id":"https:\/\/www.aerometrik.com\/nl\/produit\/ati-koude-spuitbussen-modellen-tda-4b-4b-lite\/#primaryimage"},"image":{"@id":"https:\/\/www.aerometrik.com\/nl\/produit\/ati-koude-spuitbussen-modellen-tda-4b-4b-lite\/#primaryimage"},"thumbnailUrl":"https:\/\/www.aerometrik.com\/wp-content\/uploads\/2022\/03\/4B_1.png","datePublished":"2022-03-04T16:40:26+00:00","description":"Draagbare a\u00ebrosolgeneratoren, ontworpen voor het testen van filtratiesystemen van kleine handschoenkasten tot cleanrooms.","breadcrumb":{"@id":"https:\/\/www.aerometrik.com\/nl\/produit\/ati-koude-spuitbussen-modellen-tda-4b-4b-lite\/#breadcrumb"},"inLanguage":"nl-NL","potentialAction":[{"@type":"ReadAction","target":["https:\/\/www.aerometrik.com\/nl\/produit\/ati-koude-spuitbussen-modellen-tda-4b-4b-lite\/"]}]},{"@type":"ImageObject","inLanguage":"nl-NL","@id":"https:\/\/www.aerometrik.com\/nl\/produit\/ati-koude-spuitbussen-modellen-tda-4b-4b-lite\/#primaryimage","url":"https:\/\/www.aerometrik.com\/wp-content\/uploads\/2022\/03\/4B_1.png","contentUrl":"https:\/\/www.aerometrik.com\/wp-content\/uploads\/2022\/03\/4B_1.png","width":572,"height":812},{"@type":"BreadcrumbList","@id":"https:\/\/www.aerometrik.com\/nl\/produit\/ati-koude-spuitbussen-modellen-tda-4b-4b-lite\/#breadcrumb","itemListElement":[{"@type":"ListItem","position":1,"name":"Accueil","item":"https:\/\/www.aerometrik.com\/"},{"@type":"ListItem","position":2,"name":"Producten","item":"https:\/\/www.aerometrik.com\/nl\/producten\/"},{"@type":"ListItem","position":3,"name":"ATI koude spuitbussen Modellen TDA 4B\/4B Lite"}]},{"@type":"WebSite","@id":"https:\/\/www.aerometrik.com\/#website","url":"https:\/\/www.aerometrik.com\/","name":"Aerometrik","description":"Solutions de ma\u00eetrise de la qualit\u00e9 de l&#039;air pour le secteur m\u00e9dical, et l&#039;industrie alimentaire et pharmaceutique","publisher":{"@id":"https:\/\/www.aerometrik.com\/#organization"},"potentialAction":[{"@type":"SearchAction","target":{"@type":"EntryPoint","urlTemplate":"https:\/\/www.aerometrik.com\/?s={search_term_string}"},"query-input":{"@type":"PropertyValueSpecification","valueRequired":true,"valueName":"search_term_string"}}],"inLanguage":"nl-NL"},{"@type":"Organization","@id":"https:\/\/www.aerometrik.com\/#organization","name":"Aerometrik","url":"https:\/\/www.aerometrik.com\/","logo":{"@type":"ImageObject","inLanguage":"nl-NL","@id":"https:\/\/www.aerometrik.com\/#\/schema\/logo\/image\/","url":"https:\/\/www.aerometrik.com\/wp-content\/uploads\/2021\/08\/logo-aerometrik.svg","contentUrl":"https:\/\/www.aerometrik.com\/wp-content\/uploads\/2021\/08\/logo-aerometrik.svg","width":212,"height":90,"caption":"Aerometrik"},"image":{"@id":"https:\/\/www.aerometrik.com\/#\/schema\/logo\/image\/"}}]}},"_links":{"self":[{"href":"https:\/\/www.aerometrik.com\/nl\/wp-json\/wp\/v2\/product\/3688","targetHints":{"allow":["GET"]}}],"collection":[{"href":"https:\/\/www.aerometrik.com\/nl\/wp-json\/wp\/v2\/product"}],"about":[{"href":"https:\/\/www.aerometrik.com\/nl\/wp-json\/wp\/v2\/types\/product"}],"wp:featuredmedia":[{"embeddable":true,"href":"https:\/\/www.aerometrik.com\/nl\/wp-json\/wp\/v2\/media\/2569"}],"wp:attachment":[{"href":"https:\/\/www.aerometrik.com\/nl\/wp-json\/wp\/v2\/media?parent=3688"}],"wp:term":[{"taxonomy":"product_brand","embeddable":true,"href":"https:\/\/www.aerometrik.com\/nl\/wp-json\/wp\/v2\/product_brand?post=3688"},{"taxonomy":"product_cat","embeddable":true,"href":"https:\/\/www.aerometrik.com\/nl\/wp-json\/wp\/v2\/product_cat?post=3688"},{"taxonomy":"product_tag","embeddable":true,"href":"https:\/\/www.aerometrik.com\/nl\/wp-json\/wp\/v2\/product_tag?post=3688"}],"curies":[{"name":"wp","href":"https:\/\/api.w.org\/{rel}","templated":true}]}}