{"id":3616,"date":"2022-05-19T09:39:05","date_gmt":"2022-05-19T07:39:05","guid":{"rendered":"https:\/\/www.aerometrik.com\/produit\/multifunctionele-anemometers-velocicalc-tsi-9600-serie\/"},"modified":"2022-05-19T09:39:05","modified_gmt":"2022-05-19T07:39:05","slug":"multifunctionele-anemometers-velocicalc-tsi-9600-serie","status":"publish","type":"product","link":"https:\/\/www.aerometrik.com\/nl\/produit\/multifunctionele-anemometers-velocicalc-tsi-9600-serie\/","title":{"rendered":"Multifunctionele anemometers VELOCICALC TSI 9600 serie"},"content":{"rendered":"","protected":false},"excerpt":{"rendered":"<p>. Snelheid, temperatuur, vochtigheid, drukverschil en barometrische druk.<br \/>\n. Ingang voor 2 K thermokoppels.<br \/>\n. Rechte of scharnierende telescopische sonde.<br \/>\n. Schroefsonde, optionele CO, CO2, VOC sondes.<br \/>\n. Automatische gegevensregistratie.<br \/>\n. Statistiekweergave.<br \/>\n. Geleverd met standaard of ISO 17025 geaccrediteerd kalibratiecertificaat.      <\/p>\n<a class=\"button btn-dl-produit button_size_2 button_none\" href=\"\/wp-content\/uploads\/2022\/01\/Fiche-technique-9565.pdf\"     style=\"color:#2294D1;\" target=\"_blank\"    title=\"\"><span class=\"button_label\">Download het productblad<\/span><\/a>\n\n","protected":false},"featured_media":3205,"template":"","meta":{"inline_featured_image":false},"product_brand":[],"product_cat":[179,178,180],"product_tag":[],"class_list":{"0":"post-3616","1":"product","2":"type-product","3":"status-publish","4":"has-post-thumbnail","6":"product_cat-anemometers-en-balometers","7":"product_cat-kwalificatie-van-cleanrooms","8":"product_cat-tsi-nl","10":"first","11":"instock","12":"product-type-simple"},"gallery_images":[1726,3210,3207,3204],"yoast_head":"<!-- This site is optimized with the Yoast SEO plugin v27.4 - https:\/\/yoast.com\/product\/yoast-seo-wordpress\/ -->\n<title>Multifunctionele anemometers VELOCICALC TSI 9600 serie - Aerometrik<\/title>\n<meta name=\"description\" content=\"TSI VELOCICALC 9600 serie multifunctionele anemometers, modellen 9600, 9630 en 9650, anemometers van de nieuwe generatie.\" \/>\n<meta name=\"robots\" content=\"index, follow, max-snippet:-1, max-image-preview:large, max-video-preview:-1\" \/>\n<link rel=\"canonical\" href=\"https:\/\/www.aerometrik.com\/nl\/produit\/multifunctionele-anemometers-velocicalc-tsi-9600-serie\/\" \/>\n<meta property=\"og:locale\" content=\"nl_NL\" \/>\n<meta property=\"og:type\" content=\"article\" \/>\n<meta property=\"og:title\" content=\"Multifunctionele anemometers VELOCICALC TSI 9600 serie - Aerometrik\" \/>\n<meta property=\"og:description\" content=\"TSI VELOCICALC 9600 serie multifunctionele anemometers, modellen 9600, 9630 en 9650, anemometers van de nieuwe generatie.\" \/>\n<meta property=\"og:url\" content=\"https:\/\/www.aerometrik.com\/nl\/produit\/multifunctionele-anemometers-velocicalc-tsi-9600-serie\/\" \/>\n<meta property=\"og:site_name\" content=\"Aerometrik\" \/>\n<meta property=\"og:image\" content=\"https:\/\/www.aerometrik.com\/wp-content\/uploads\/2022\/05\/Base-site6.png\" \/>\n\t<meta property=\"og:image:width\" content=\"1748\" \/>\n\t<meta property=\"og:image:height\" content=\"1748\" \/>\n\t<meta property=\"og:image:type\" content=\"image\/png\" \/>\n<meta name=\"twitter:card\" content=\"summary_large_image\" \/>\n<script type=\"application\/ld+json\" class=\"yoast-schema-graph\">{\"@context\":\"https:\\\/\\\/schema.org\",\"@graph\":[{\"@type\":\"WebPage\",\"@id\":\"https:\\\/\\\/www.aerometrik.com\\\/nl\\\/produit\\\/multifunctionele-anemometers-velocicalc-tsi-9600-serie\\\/\",\"url\":\"https:\\\/\\\/www.aerometrik.com\\\/nl\\\/produit\\\/multifunctionele-anemometers-velocicalc-tsi-9600-serie\\\/\",\"name\":\"Multifunctionele anemometers VELOCICALC TSI 9600 serie - Aerometrik\",\"isPartOf\":{\"@id\":\"https:\\\/\\\/www.aerometrik.com\\\/#website\"},\"primaryImageOfPage\":{\"@id\":\"https:\\\/\\\/www.aerometrik.com\\\/nl\\\/produit\\\/multifunctionele-anemometers-velocicalc-tsi-9600-serie\\\/#primaryimage\"},\"image\":{\"@id\":\"https:\\\/\\\/www.aerometrik.com\\\/nl\\\/produit\\\/multifunctionele-anemometers-velocicalc-tsi-9600-serie\\\/#primaryimage\"},\"thumbnailUrl\":\"https:\\\/\\\/www.aerometrik.com\\\/wp-content\\\/uploads\\\/2022\\\/05\\\/Base-site6.png\",\"datePublished\":\"2022-05-19T07:39:05+00:00\",\"description\":\"TSI VELOCICALC 9600 serie multifunctionele anemometers, modellen 9600, 9630 en 9650, anemometers van de nieuwe generatie.\",\"breadcrumb\":{\"@id\":\"https:\\\/\\\/www.aerometrik.com\\\/nl\\\/produit\\\/multifunctionele-anemometers-velocicalc-tsi-9600-serie\\\/#breadcrumb\"},\"inLanguage\":\"nl-NL\",\"potentialAction\":[{\"@type\":\"ReadAction\",\"target\":[\"https:\\\/\\\/www.aerometrik.com\\\/nl\\\/produit\\\/multifunctionele-anemometers-velocicalc-tsi-9600-serie\\\/\"]}]},{\"@type\":\"ImageObject\",\"inLanguage\":\"nl-NL\",\"@id\":\"https:\\\/\\\/www.aerometrik.com\\\/nl\\\/produit\\\/multifunctionele-anemometers-velocicalc-tsi-9600-serie\\\/#primaryimage\",\"url\":\"https:\\\/\\\/www.aerometrik.com\\\/wp-content\\\/uploads\\\/2022\\\/05\\\/Base-site6.png\",\"contentUrl\":\"https:\\\/\\\/www.aerometrik.com\\\/wp-content\\\/uploads\\\/2022\\\/05\\\/Base-site6.png\",\"width\":1748,\"height\":1748,\"caption\":\"Multifunctionele anemometer TSI 9600\"},{\"@type\":\"BreadcrumbList\",\"@id\":\"https:\\\/\\\/www.aerometrik.com\\\/nl\\\/produit\\\/multifunctionele-anemometers-velocicalc-tsi-9600-serie\\\/#breadcrumb\",\"itemListElement\":[{\"@type\":\"ListItem\",\"position\":1,\"name\":\"Accueil\",\"item\":\"https:\\\/\\\/www.aerometrik.com\\\/\"},{\"@type\":\"ListItem\",\"position\":2,\"name\":\"Producten\",\"item\":\"https:\\\/\\\/www.aerometrik.com\\\/nl\\\/producten\\\/\"},{\"@type\":\"ListItem\",\"position\":3,\"name\":\"Multifunctionele anemometers VELOCICALC TSI 9600 serie\"}]},{\"@type\":\"WebSite\",\"@id\":\"https:\\\/\\\/www.aerometrik.com\\\/#website\",\"url\":\"https:\\\/\\\/www.aerometrik.com\\\/\",\"name\":\"Aerometrik\",\"description\":\"Solutions de ma\u00eetrise de la qualit\u00e9 de l&#039;air pour le secteur m\u00e9dical, et l&#039;industrie alimentaire et pharmaceutique\",\"publisher\":{\"@id\":\"https:\\\/\\\/www.aerometrik.com\\\/#organization\"},\"potentialAction\":[{\"@type\":\"SearchAction\",\"target\":{\"@type\":\"EntryPoint\",\"urlTemplate\":\"https:\\\/\\\/www.aerometrik.com\\\/?s={search_term_string}\"},\"query-input\":{\"@type\":\"PropertyValueSpecification\",\"valueRequired\":true,\"valueName\":\"search_term_string\"}}],\"inLanguage\":\"nl-NL\"},{\"@type\":\"Organization\",\"@id\":\"https:\\\/\\\/www.aerometrik.com\\\/#organization\",\"name\":\"Aerometrik\",\"url\":\"https:\\\/\\\/www.aerometrik.com\\\/\",\"logo\":{\"@type\":\"ImageObject\",\"inLanguage\":\"nl-NL\",\"@id\":\"https:\\\/\\\/www.aerometrik.com\\\/#\\\/schema\\\/logo\\\/image\\\/\",\"url\":\"https:\\\/\\\/www.aerometrik.com\\\/wp-content\\\/uploads\\\/2021\\\/08\\\/logo-aerometrik.svg\",\"contentUrl\":\"https:\\\/\\\/www.aerometrik.com\\\/wp-content\\\/uploads\\\/2021\\\/08\\\/logo-aerometrik.svg\",\"width\":212,\"height\":90,\"caption\":\"Aerometrik\"},\"image\":{\"@id\":\"https:\\\/\\\/www.aerometrik.com\\\/#\\\/schema\\\/logo\\\/image\\\/\"}}]}<\/script>\n<!-- \/ Yoast SEO plugin. -->","yoast_head_json":{"title":"Multifunctionele anemometers VELOCICALC TSI 9600 serie - Aerometrik","description":"TSI VELOCICALC 9600 serie multifunctionele anemometers, modellen 9600, 9630 en 9650, anemometers van de nieuwe generatie.","robots":{"index":"index","follow":"follow","max-snippet":"max-snippet:-1","max-image-preview":"max-image-preview:large","max-video-preview":"max-video-preview:-1"},"canonical":"https:\/\/www.aerometrik.com\/nl\/produit\/multifunctionele-anemometers-velocicalc-tsi-9600-serie\/","og_locale":"nl_NL","og_type":"article","og_title":"Multifunctionele anemometers VELOCICALC TSI 9600 serie - Aerometrik","og_description":"TSI VELOCICALC 9600 serie multifunctionele anemometers, modellen 9600, 9630 en 9650, anemometers van de nieuwe generatie.","og_url":"https:\/\/www.aerometrik.com\/nl\/produit\/multifunctionele-anemometers-velocicalc-tsi-9600-serie\/","og_site_name":"Aerometrik","og_image":[{"width":1748,"height":1748,"url":"https:\/\/www.aerometrik.com\/wp-content\/uploads\/2022\/05\/Base-site6.png","type":"image\/png"}],"twitter_card":"summary_large_image","schema":{"@context":"https:\/\/schema.org","@graph":[{"@type":"WebPage","@id":"https:\/\/www.aerometrik.com\/nl\/produit\/multifunctionele-anemometers-velocicalc-tsi-9600-serie\/","url":"https:\/\/www.aerometrik.com\/nl\/produit\/multifunctionele-anemometers-velocicalc-tsi-9600-serie\/","name":"Multifunctionele anemometers VELOCICALC TSI 9600 serie - Aerometrik","isPartOf":{"@id":"https:\/\/www.aerometrik.com\/#website"},"primaryImageOfPage":{"@id":"https:\/\/www.aerometrik.com\/nl\/produit\/multifunctionele-anemometers-velocicalc-tsi-9600-serie\/#primaryimage"},"image":{"@id":"https:\/\/www.aerometrik.com\/nl\/produit\/multifunctionele-anemometers-velocicalc-tsi-9600-serie\/#primaryimage"},"thumbnailUrl":"https:\/\/www.aerometrik.com\/wp-content\/uploads\/2022\/05\/Base-site6.png","datePublished":"2022-05-19T07:39:05+00:00","description":"TSI VELOCICALC 9600 serie multifunctionele anemometers, modellen 9600, 9630 en 9650, anemometers van de nieuwe generatie.","breadcrumb":{"@id":"https:\/\/www.aerometrik.com\/nl\/produit\/multifunctionele-anemometers-velocicalc-tsi-9600-serie\/#breadcrumb"},"inLanguage":"nl-NL","potentialAction":[{"@type":"ReadAction","target":["https:\/\/www.aerometrik.com\/nl\/produit\/multifunctionele-anemometers-velocicalc-tsi-9600-serie\/"]}]},{"@type":"ImageObject","inLanguage":"nl-NL","@id":"https:\/\/www.aerometrik.com\/nl\/produit\/multifunctionele-anemometers-velocicalc-tsi-9600-serie\/#primaryimage","url":"https:\/\/www.aerometrik.com\/wp-content\/uploads\/2022\/05\/Base-site6.png","contentUrl":"https:\/\/www.aerometrik.com\/wp-content\/uploads\/2022\/05\/Base-site6.png","width":1748,"height":1748,"caption":"Multifunctionele anemometer TSI 9600"},{"@type":"BreadcrumbList","@id":"https:\/\/www.aerometrik.com\/nl\/produit\/multifunctionele-anemometers-velocicalc-tsi-9600-serie\/#breadcrumb","itemListElement":[{"@type":"ListItem","position":1,"name":"Accueil","item":"https:\/\/www.aerometrik.com\/"},{"@type":"ListItem","position":2,"name":"Producten","item":"https:\/\/www.aerometrik.com\/nl\/producten\/"},{"@type":"ListItem","position":3,"name":"Multifunctionele anemometers VELOCICALC TSI 9600 serie"}]},{"@type":"WebSite","@id":"https:\/\/www.aerometrik.com\/#website","url":"https:\/\/www.aerometrik.com\/","name":"Aerometrik","description":"Solutions de ma\u00eetrise de la qualit\u00e9 de l&#039;air pour le secteur m\u00e9dical, et l&#039;industrie alimentaire et pharmaceutique","publisher":{"@id":"https:\/\/www.aerometrik.com\/#organization"},"potentialAction":[{"@type":"SearchAction","target":{"@type":"EntryPoint","urlTemplate":"https:\/\/www.aerometrik.com\/?s={search_term_string}"},"query-input":{"@type":"PropertyValueSpecification","valueRequired":true,"valueName":"search_term_string"}}],"inLanguage":"nl-NL"},{"@type":"Organization","@id":"https:\/\/www.aerometrik.com\/#organization","name":"Aerometrik","url":"https:\/\/www.aerometrik.com\/","logo":{"@type":"ImageObject","inLanguage":"nl-NL","@id":"https:\/\/www.aerometrik.com\/#\/schema\/logo\/image\/","url":"https:\/\/www.aerometrik.com\/wp-content\/uploads\/2021\/08\/logo-aerometrik.svg","contentUrl":"https:\/\/www.aerometrik.com\/wp-content\/uploads\/2021\/08\/logo-aerometrik.svg","width":212,"height":90,"caption":"Aerometrik"},"image":{"@id":"https:\/\/www.aerometrik.com\/#\/schema\/logo\/image\/"}}]}},"_links":{"self":[{"href":"https:\/\/www.aerometrik.com\/nl\/wp-json\/wp\/v2\/product\/3616","targetHints":{"allow":["GET"]}}],"collection":[{"href":"https:\/\/www.aerometrik.com\/nl\/wp-json\/wp\/v2\/product"}],"about":[{"href":"https:\/\/www.aerometrik.com\/nl\/wp-json\/wp\/v2\/types\/product"}],"wp:featuredmedia":[{"embeddable":true,"href":"https:\/\/www.aerometrik.com\/nl\/wp-json\/wp\/v2\/media\/3205"}],"wp:attachment":[{"href":"https:\/\/www.aerometrik.com\/nl\/wp-json\/wp\/v2\/media?parent=3616"}],"wp:term":[{"taxonomy":"product_brand","embeddable":true,"href":"https:\/\/www.aerometrik.com\/nl\/wp-json\/wp\/v2\/product_brand?post=3616"},{"taxonomy":"product_cat","embeddable":true,"href":"https:\/\/www.aerometrik.com\/nl\/wp-json\/wp\/v2\/product_cat?post=3616"},{"taxonomy":"product_tag","embeddable":true,"href":"https:\/\/www.aerometrik.com\/nl\/wp-json\/wp\/v2\/product_tag?post=3616"}],"curies":[{"name":"wp","href":"https:\/\/api.w.org\/{rel}","templated":true}]}}