{"id":4181,"date":"2022-03-04T16:55:42","date_gmt":"2022-03-04T15:55:42","guid":{"rendered":"https:\/\/www.aerometrik.com\/produit\/climet-germ-biocollector-modello-ci-95a\/"},"modified":"2022-03-04T16:55:42","modified_gmt":"2022-03-04T15:55:42","slug":"climet-germ-biocollector-modello-ci-95a","status":"publish","type":"product","link":"https:\/\/www.aerometrik.com\/it\/produit\/climet-germ-biocollector-modello-ci-95a\/","title":{"rendered":"CLIMET Germ Biocollector Modello CI-95A"},"content":{"rendered":"","protected":false},"excerpt":{"rendered":"<p>. Dispositivo e testa di campionamento in acciaio inox.<br \/>\n. Impatto dell&#8217;agar da 90 mm o 55 mm.<br \/>\n. Sono disponibili diverse portate: 100 LPM\/25 LPM.<br \/>\n. Compatibile con la decontaminazione VHP\/H2O2.   <\/p>\n<a class=\"button btn-dl-produit button_size_2 button_none\" href=\"\/wp-content\/uploads\/2022\/01\/Fiche-Technique-CI-95A.pdf\"     style=\"color:#2294D1;\" target=\"_blank\"    title=\"\"><span class=\"button_label\">Scarica la scheda prodotto<\/span><\/a>\n\n","protected":false},"featured_media":4182,"template":"","meta":{"inline_featured_image":false},"product_brand":[],"product_cat":[236,265,184,266,204],"product_tag":[],"class_list":{"0":"post-4181","1":"product","2":"type-product","3":"status-publish","4":"has-post-thumbnail","6":"product_cat-campionamento-del-gas","7":"product_cat-campionamento-microbiologico-dellaria","8":"product_cat-qualificazione-delle-camere-bianche","9":"product_cat-raccoglitori-di-germi","10":"product_cat-raccoglitori-di-germi-mobili","12":"first","13":"instock","14":"product-type-simple"},"gallery_images":[758,757,1103],"yoast_head":"<!-- This site is optimized with the Yoast SEO plugin v27.4 - https:\/\/yoast.com\/product\/yoast-seo-wordpress\/ -->\n<title>CLIMET Germ Biocollector Modello CI-95A - Aerometrik<\/title>\n<meta name=\"description\" content=\"Aerobiocollettore interamente in acciaio inox, uscita dell&#039;aria filtrata (ISO 14698-1), portata controllata di 100 l\/min, impattazione diretta su agar da 90 mm, conforme alle GMP\" \/>\n<meta name=\"robots\" content=\"index, follow, max-snippet:-1, max-image-preview:large, max-video-preview:-1\" \/>\n<link rel=\"canonical\" href=\"https:\/\/www.aerometrik.com\/it\/produit\/climet-germ-biocollector-modello-ci-95a\/\" \/>\n<meta property=\"og:locale\" content=\"it_IT\" \/>\n<meta property=\"og:type\" content=\"article\" \/>\n<meta property=\"og:title\" content=\"CLIMET Germ Biocollector Modello CI-95A - Aerometrik\" \/>\n<meta property=\"og:description\" content=\"Aerobiocollettore interamente in acciaio inox, uscita dell&#039;aria filtrata (ISO 14698-1), portata controllata di 100 l\/min, impattazione diretta su agar da 90 mm, conforme alle GMP\" \/>\n<meta property=\"og:url\" content=\"https:\/\/www.aerometrik.com\/it\/produit\/climet-germ-biocollector-modello-ci-95a\/\" \/>\n<meta property=\"og:site_name\" content=\"Aerometrik\" \/>\n<meta property=\"og:image\" content=\"https:\/\/www.aerometrik.com\/wp-content\/uploads\/2022\/03\/CI_95A_1.png\" \/>\n\t<meta property=\"og:image:width\" content=\"572\" \/>\n\t<meta property=\"og:image:height\" content=\"812\" \/>\n\t<meta property=\"og:image:type\" content=\"image\/png\" \/>\n<meta name=\"twitter:card\" content=\"summary_large_image\" \/>\n<script type=\"application\/ld+json\" class=\"yoast-schema-graph\">{\"@context\":\"https:\\\/\\\/schema.org\",\"@graph\":[{\"@type\":\"WebPage\",\"@id\":\"https:\\\/\\\/www.aerometrik.com\\\/it\\\/produit\\\/climet-germ-biocollector-modello-ci-95a\\\/\",\"url\":\"https:\\\/\\\/www.aerometrik.com\\\/it\\\/produit\\\/climet-germ-biocollector-modello-ci-95a\\\/\",\"name\":\"CLIMET Germ Biocollector Modello CI-95A - Aerometrik\",\"isPartOf\":{\"@id\":\"https:\\\/\\\/www.aerometrik.com\\\/#website\"},\"primaryImageOfPage\":{\"@id\":\"https:\\\/\\\/www.aerometrik.com\\\/it\\\/produit\\\/climet-germ-biocollector-modello-ci-95a\\\/#primaryimage\"},\"image\":{\"@id\":\"https:\\\/\\\/www.aerometrik.com\\\/it\\\/produit\\\/climet-germ-biocollector-modello-ci-95a\\\/#primaryimage\"},\"thumbnailUrl\":\"https:\\\/\\\/www.aerometrik.com\\\/wp-content\\\/uploads\\\/2022\\\/03\\\/CI_95A_1.png\",\"datePublished\":\"2022-03-04T15:55:42+00:00\",\"description\":\"Aerobiocollettore interamente in acciaio inox, uscita dell'aria filtrata (ISO 14698-1), portata controllata di 100 l\\\/min, impattazione diretta su agar da 90 mm, conforme alle GMP\",\"breadcrumb\":{\"@id\":\"https:\\\/\\\/www.aerometrik.com\\\/it\\\/produit\\\/climet-germ-biocollector-modello-ci-95a\\\/#breadcrumb\"},\"inLanguage\":\"it-IT\",\"potentialAction\":[{\"@type\":\"ReadAction\",\"target\":[\"https:\\\/\\\/www.aerometrik.com\\\/it\\\/produit\\\/climet-germ-biocollector-modello-ci-95a\\\/\"]}]},{\"@type\":\"ImageObject\",\"inLanguage\":\"it-IT\",\"@id\":\"https:\\\/\\\/www.aerometrik.com\\\/it\\\/produit\\\/climet-germ-biocollector-modello-ci-95a\\\/#primaryimage\",\"url\":\"https:\\\/\\\/www.aerometrik.com\\\/wp-content\\\/uploads\\\/2022\\\/03\\\/CI_95A_1.png\",\"contentUrl\":\"https:\\\/\\\/www.aerometrik.com\\\/wp-content\\\/uploads\\\/2022\\\/03\\\/CI_95A_1.png\",\"width\":572,\"height\":812},{\"@type\":\"BreadcrumbList\",\"@id\":\"https:\\\/\\\/www.aerometrik.com\\\/it\\\/produit\\\/climet-germ-biocollector-modello-ci-95a\\\/#breadcrumb\",\"itemListElement\":[{\"@type\":\"ListItem\",\"position\":1,\"name\":\"Accueil\",\"item\":\"https:\\\/\\\/www.aerometrik.com\\\/\"},{\"@type\":\"ListItem\",\"position\":2,\"name\":\"Prodotti\",\"item\":\"https:\\\/\\\/www.aerometrik.com\\\/it\\\/prodotti\\\/\"},{\"@type\":\"ListItem\",\"position\":3,\"name\":\"CLIMET Germ Biocollector Modello CI-95A\"}]},{\"@type\":\"WebSite\",\"@id\":\"https:\\\/\\\/www.aerometrik.com\\\/#website\",\"url\":\"https:\\\/\\\/www.aerometrik.com\\\/\",\"name\":\"Aerometrik\",\"description\":\"Solutions de ma\u00eetrise de la qualit\u00e9 de l&#039;air pour le secteur m\u00e9dical, et l&#039;industrie alimentaire et pharmaceutique\",\"publisher\":{\"@id\":\"https:\\\/\\\/www.aerometrik.com\\\/#organization\"},\"potentialAction\":[{\"@type\":\"SearchAction\",\"target\":{\"@type\":\"EntryPoint\",\"urlTemplate\":\"https:\\\/\\\/www.aerometrik.com\\\/?s={search_term_string}\"},\"query-input\":{\"@type\":\"PropertyValueSpecification\",\"valueRequired\":true,\"valueName\":\"search_term_string\"}}],\"inLanguage\":\"it-IT\"},{\"@type\":\"Organization\",\"@id\":\"https:\\\/\\\/www.aerometrik.com\\\/#organization\",\"name\":\"Aerometrik\",\"url\":\"https:\\\/\\\/www.aerometrik.com\\\/\",\"logo\":{\"@type\":\"ImageObject\",\"inLanguage\":\"it-IT\",\"@id\":\"https:\\\/\\\/www.aerometrik.com\\\/#\\\/schema\\\/logo\\\/image\\\/\",\"url\":\"https:\\\/\\\/www.aerometrik.com\\\/wp-content\\\/uploads\\\/2021\\\/08\\\/logo-aerometrik.svg\",\"contentUrl\":\"https:\\\/\\\/www.aerometrik.com\\\/wp-content\\\/uploads\\\/2021\\\/08\\\/logo-aerometrik.svg\",\"width\":212,\"height\":90,\"caption\":\"Aerometrik\"},\"image\":{\"@id\":\"https:\\\/\\\/www.aerometrik.com\\\/#\\\/schema\\\/logo\\\/image\\\/\"}}]}<\/script>\n<!-- \/ Yoast SEO plugin. -->","yoast_head_json":{"title":"CLIMET Germ Biocollector Modello CI-95A - Aerometrik","description":"Aerobiocollettore interamente in acciaio inox, uscita dell'aria filtrata (ISO 14698-1), portata controllata di 100 l\/min, impattazione diretta su agar da 90 mm, conforme alle GMP","robots":{"index":"index","follow":"follow","max-snippet":"max-snippet:-1","max-image-preview":"max-image-preview:large","max-video-preview":"max-video-preview:-1"},"canonical":"https:\/\/www.aerometrik.com\/it\/produit\/climet-germ-biocollector-modello-ci-95a\/","og_locale":"it_IT","og_type":"article","og_title":"CLIMET Germ Biocollector Modello CI-95A - Aerometrik","og_description":"Aerobiocollettore interamente in acciaio inox, uscita dell'aria filtrata (ISO 14698-1), portata controllata di 100 l\/min, impattazione diretta su agar da 90 mm, conforme alle GMP","og_url":"https:\/\/www.aerometrik.com\/it\/produit\/climet-germ-biocollector-modello-ci-95a\/","og_site_name":"Aerometrik","og_image":[{"width":572,"height":812,"url":"https:\/\/www.aerometrik.com\/wp-content\/uploads\/2022\/03\/CI_95A_1.png","type":"image\/png"}],"twitter_card":"summary_large_image","schema":{"@context":"https:\/\/schema.org","@graph":[{"@type":"WebPage","@id":"https:\/\/www.aerometrik.com\/it\/produit\/climet-germ-biocollector-modello-ci-95a\/","url":"https:\/\/www.aerometrik.com\/it\/produit\/climet-germ-biocollector-modello-ci-95a\/","name":"CLIMET Germ Biocollector Modello CI-95A - Aerometrik","isPartOf":{"@id":"https:\/\/www.aerometrik.com\/#website"},"primaryImageOfPage":{"@id":"https:\/\/www.aerometrik.com\/it\/produit\/climet-germ-biocollector-modello-ci-95a\/#primaryimage"},"image":{"@id":"https:\/\/www.aerometrik.com\/it\/produit\/climet-germ-biocollector-modello-ci-95a\/#primaryimage"},"thumbnailUrl":"https:\/\/www.aerometrik.com\/wp-content\/uploads\/2022\/03\/CI_95A_1.png","datePublished":"2022-03-04T15:55:42+00:00","description":"Aerobiocollettore interamente in acciaio inox, uscita dell'aria filtrata (ISO 14698-1), portata controllata di 100 l\/min, impattazione diretta su agar da 90 mm, conforme alle GMP","breadcrumb":{"@id":"https:\/\/www.aerometrik.com\/it\/produit\/climet-germ-biocollector-modello-ci-95a\/#breadcrumb"},"inLanguage":"it-IT","potentialAction":[{"@type":"ReadAction","target":["https:\/\/www.aerometrik.com\/it\/produit\/climet-germ-biocollector-modello-ci-95a\/"]}]},{"@type":"ImageObject","inLanguage":"it-IT","@id":"https:\/\/www.aerometrik.com\/it\/produit\/climet-germ-biocollector-modello-ci-95a\/#primaryimage","url":"https:\/\/www.aerometrik.com\/wp-content\/uploads\/2022\/03\/CI_95A_1.png","contentUrl":"https:\/\/www.aerometrik.com\/wp-content\/uploads\/2022\/03\/CI_95A_1.png","width":572,"height":812},{"@type":"BreadcrumbList","@id":"https:\/\/www.aerometrik.com\/it\/produit\/climet-germ-biocollector-modello-ci-95a\/#breadcrumb","itemListElement":[{"@type":"ListItem","position":1,"name":"Accueil","item":"https:\/\/www.aerometrik.com\/"},{"@type":"ListItem","position":2,"name":"Prodotti","item":"https:\/\/www.aerometrik.com\/it\/prodotti\/"},{"@type":"ListItem","position":3,"name":"CLIMET Germ Biocollector Modello CI-95A"}]},{"@type":"WebSite","@id":"https:\/\/www.aerometrik.com\/#website","url":"https:\/\/www.aerometrik.com\/","name":"Aerometrik","description":"Solutions de ma\u00eetrise de la qualit\u00e9 de l&#039;air pour le secteur m\u00e9dical, et l&#039;industrie alimentaire et pharmaceutique","publisher":{"@id":"https:\/\/www.aerometrik.com\/#organization"},"potentialAction":[{"@type":"SearchAction","target":{"@type":"EntryPoint","urlTemplate":"https:\/\/www.aerometrik.com\/?s={search_term_string}"},"query-input":{"@type":"PropertyValueSpecification","valueRequired":true,"valueName":"search_term_string"}}],"inLanguage":"it-IT"},{"@type":"Organization","@id":"https:\/\/www.aerometrik.com\/#organization","name":"Aerometrik","url":"https:\/\/www.aerometrik.com\/","logo":{"@type":"ImageObject","inLanguage":"it-IT","@id":"https:\/\/www.aerometrik.com\/#\/schema\/logo\/image\/","url":"https:\/\/www.aerometrik.com\/wp-content\/uploads\/2021\/08\/logo-aerometrik.svg","contentUrl":"https:\/\/www.aerometrik.com\/wp-content\/uploads\/2021\/08\/logo-aerometrik.svg","width":212,"height":90,"caption":"Aerometrik"},"image":{"@id":"https:\/\/www.aerometrik.com\/#\/schema\/logo\/image\/"}}]}},"_links":{"self":[{"href":"https:\/\/www.aerometrik.com\/it\/wp-json\/wp\/v2\/product\/4181","targetHints":{"allow":["GET"]}}],"collection":[{"href":"https:\/\/www.aerometrik.com\/it\/wp-json\/wp\/v2\/product"}],"about":[{"href":"https:\/\/www.aerometrik.com\/it\/wp-json\/wp\/v2\/types\/product"}],"wp:featuredmedia":[{"embeddable":true,"href":"https:\/\/www.aerometrik.com\/it\/wp-json\/wp\/v2\/media\/4182"}],"wp:attachment":[{"href":"https:\/\/www.aerometrik.com\/it\/wp-json\/wp\/v2\/media?parent=4181"}],"wp:term":[{"taxonomy":"product_brand","embeddable":true,"href":"https:\/\/www.aerometrik.com\/it\/wp-json\/wp\/v2\/product_brand?post=4181"},{"taxonomy":"product_cat","embeddable":true,"href":"https:\/\/www.aerometrik.com\/it\/wp-json\/wp\/v2\/product_cat?post=4181"},{"taxonomy":"product_tag","embeddable":true,"href":"https:\/\/www.aerometrik.com\/it\/wp-json\/wp\/v2\/product_tag?post=4181"}],"curies":[{"name":"wp","href":"https:\/\/api.w.org\/{rel}","templated":true}]}}