{"id":4165,"date":"2022-01-04T16:55:42","date_gmt":"2022-01-04T15:55:42","guid":{"rendered":"https:\/\/www.aerometrik.com\/produit\/accessori-per-i-collettori-a-getto-fisso-climet\/"},"modified":"2025-10-01T09:42:42","modified_gmt":"2025-10-01T07:42:42","slug":"accessori-per-i-collettori-a-getto-fisso-climet","status":"publish","type":"product","link":"https:\/\/www.aerometrik.com\/it\/produit\/accessori-per-i-collettori-a-getto-fisso-climet\/","title":{"rendered":"Accessori per campionatori microbiologici CLIMET"},"content":{"rendered":"","protected":false},"excerpt":{"rendered":"<p>. Disponibile per il modello CI-99.<\/p>\n","protected":false},"featured_media":4166,"template":"","meta":{"inline_featured_image":false},"product_brand":[],"product_cat":[267,236,274,290,291,289],"product_tag":[],"class_list":{"0":"post-4165","1":"product","2":"type-product","3":"status-publish","4":"has-post-thumbnail","6":"product_cat-accessori","7":"product_cat-campionamento-del-gas","8":"product_cat-monitoraggio-ambientale","9":"product_cat-raccoglitore-di-germi-fisso","10":"product_cat-raccoglitore-di-germi-fisso-it","11":"product_cat-raccoglitori-di-germi-it","13":"first","14":"instock","15":"product-type-simple"},"gallery_images":[990,988,987],"yoast_head":"<!-- This site is optimized with the Yoast SEO plugin v27.4 - https:\/\/yoast.com\/product\/yoast-seo-wordpress\/ -->\n<title>Accessori per campionatori microbiologici CLIMET - Aerometrik<\/title>\n<meta name=\"description\" content=\"A\u00e9rom\u00e9trik propone tutti gli accessori disponibili per il campionatore microbiologico CI-99 CLIMET\" \/>\n<meta name=\"robots\" content=\"index, follow, max-snippet:-1, max-image-preview:large, max-video-preview:-1\" \/>\n<link rel=\"canonical\" href=\"https:\/\/www.aerometrik.com\/it\/produit\/accessori-per-i-collettori-a-getto-fisso-climet\/\" \/>\n<meta property=\"og:locale\" content=\"it_IT\" \/>\n<meta property=\"og:type\" content=\"article\" \/>\n<meta property=\"og:title\" content=\"Accessori per campionatori microbiologici CLIMET - Aerometrik\" \/>\n<meta property=\"og:description\" content=\"A\u00e9rom\u00e9trik propone tutti gli accessori disponibili per il campionatore microbiologico CI-99 CLIMET\" \/>\n<meta property=\"og:url\" content=\"https:\/\/www.aerometrik.com\/it\/produit\/accessori-per-i-collettori-a-getto-fisso-climet\/\" \/>\n<meta property=\"og:site_name\" content=\"Aerometrik\" \/>\n<meta property=\"article:modified_time\" content=\"2025-10-01T07:42:42+00:00\" \/>\n<meta property=\"og:image\" content=\"https:\/\/www.aerometrik.com\/wp-content\/uploads\/2022\/03\/Accessoires_CI_99_2.jpg\" \/>\n\t<meta property=\"og:image:width\" content=\"572\" \/>\n\t<meta property=\"og:image:height\" content=\"572\" \/>\n\t<meta property=\"og:image:type\" content=\"image\/jpeg\" \/>\n<meta name=\"twitter:card\" content=\"summary_large_image\" \/>\n<script type=\"application\/ld+json\" class=\"yoast-schema-graph\">{\"@context\":\"https:\\\/\\\/schema.org\",\"@graph\":[{\"@type\":\"WebPage\",\"@id\":\"https:\\\/\\\/www.aerometrik.com\\\/it\\\/produit\\\/accessori-per-i-collettori-a-getto-fisso-climet\\\/\",\"url\":\"https:\\\/\\\/www.aerometrik.com\\\/it\\\/produit\\\/accessori-per-i-collettori-a-getto-fisso-climet\\\/\",\"name\":\"Accessori per campionatori microbiologici CLIMET - Aerometrik\",\"isPartOf\":{\"@id\":\"https:\\\/\\\/www.aerometrik.com\\\/#website\"},\"primaryImageOfPage\":{\"@id\":\"https:\\\/\\\/www.aerometrik.com\\\/it\\\/produit\\\/accessori-per-i-collettori-a-getto-fisso-climet\\\/#primaryimage\"},\"image\":{\"@id\":\"https:\\\/\\\/www.aerometrik.com\\\/it\\\/produit\\\/accessori-per-i-collettori-a-getto-fisso-climet\\\/#primaryimage\"},\"thumbnailUrl\":\"https:\\\/\\\/www.aerometrik.com\\\/wp-content\\\/uploads\\\/2022\\\/03\\\/Accessoires_CI_99_2.jpg\",\"datePublished\":\"2022-01-04T15:55:42+00:00\",\"dateModified\":\"2025-10-01T07:42:42+00:00\",\"description\":\"A\u00e9rom\u00e9trik propone tutti gli accessori disponibili per il campionatore microbiologico CI-99 CLIMET\",\"breadcrumb\":{\"@id\":\"https:\\\/\\\/www.aerometrik.com\\\/it\\\/produit\\\/accessori-per-i-collettori-a-getto-fisso-climet\\\/#breadcrumb\"},\"inLanguage\":\"it-IT\",\"potentialAction\":[{\"@type\":\"ReadAction\",\"target\":[\"https:\\\/\\\/www.aerometrik.com\\\/it\\\/produit\\\/accessori-per-i-collettori-a-getto-fisso-climet\\\/\"]}]},{\"@type\":\"ImageObject\",\"inLanguage\":\"it-IT\",\"@id\":\"https:\\\/\\\/www.aerometrik.com\\\/it\\\/produit\\\/accessori-per-i-collettori-a-getto-fisso-climet\\\/#primaryimage\",\"url\":\"https:\\\/\\\/www.aerometrik.com\\\/wp-content\\\/uploads\\\/2022\\\/03\\\/Accessoires_CI_99_2.jpg\",\"contentUrl\":\"https:\\\/\\\/www.aerometrik.com\\\/wp-content\\\/uploads\\\/2022\\\/03\\\/Accessoires_CI_99_2.jpg\",\"width\":572,\"height\":572,\"caption\":\"Raccordo con morsetto rimovibile per il campionatore microbiologico CLIMET CI-99\"},{\"@type\":\"BreadcrumbList\",\"@id\":\"https:\\\/\\\/www.aerometrik.com\\\/it\\\/produit\\\/accessori-per-i-collettori-a-getto-fisso-climet\\\/#breadcrumb\",\"itemListElement\":[{\"@type\":\"ListItem\",\"position\":1,\"name\":\"Accueil\",\"item\":\"https:\\\/\\\/www.aerometrik.com\\\/\"},{\"@type\":\"ListItem\",\"position\":2,\"name\":\"Prodotti\",\"item\":\"https:\\\/\\\/www.aerometrik.com\\\/it\\\/prodotti\\\/\"},{\"@type\":\"ListItem\",\"position\":3,\"name\":\"Accessori per campionatori microbiologici CLIMET\"}]},{\"@type\":\"WebSite\",\"@id\":\"https:\\\/\\\/www.aerometrik.com\\\/#website\",\"url\":\"https:\\\/\\\/www.aerometrik.com\\\/\",\"name\":\"Aerometrik\",\"description\":\"Solutions de ma\u00eetrise de la qualit\u00e9 de l&#039;air pour le secteur m\u00e9dical, et l&#039;industrie alimentaire et pharmaceutique\",\"publisher\":{\"@id\":\"https:\\\/\\\/www.aerometrik.com\\\/#organization\"},\"potentialAction\":[{\"@type\":\"SearchAction\",\"target\":{\"@type\":\"EntryPoint\",\"urlTemplate\":\"https:\\\/\\\/www.aerometrik.com\\\/?s={search_term_string}\"},\"query-input\":{\"@type\":\"PropertyValueSpecification\",\"valueRequired\":true,\"valueName\":\"search_term_string\"}}],\"inLanguage\":\"it-IT\"},{\"@type\":\"Organization\",\"@id\":\"https:\\\/\\\/www.aerometrik.com\\\/#organization\",\"name\":\"Aerometrik\",\"url\":\"https:\\\/\\\/www.aerometrik.com\\\/\",\"logo\":{\"@type\":\"ImageObject\",\"inLanguage\":\"it-IT\",\"@id\":\"https:\\\/\\\/www.aerometrik.com\\\/#\\\/schema\\\/logo\\\/image\\\/\",\"url\":\"https:\\\/\\\/www.aerometrik.com\\\/wp-content\\\/uploads\\\/2021\\\/08\\\/logo-aerometrik.svg\",\"contentUrl\":\"https:\\\/\\\/www.aerometrik.com\\\/wp-content\\\/uploads\\\/2021\\\/08\\\/logo-aerometrik.svg\",\"width\":212,\"height\":90,\"caption\":\"Aerometrik\"},\"image\":{\"@id\":\"https:\\\/\\\/www.aerometrik.com\\\/#\\\/schema\\\/logo\\\/image\\\/\"}}]}<\/script>\n<!-- \/ Yoast SEO plugin. -->","yoast_head_json":{"title":"Accessori per campionatori microbiologici CLIMET - Aerometrik","description":"A\u00e9rom\u00e9trik propone tutti gli accessori disponibili per il campionatore microbiologico CI-99 CLIMET","robots":{"index":"index","follow":"follow","max-snippet":"max-snippet:-1","max-image-preview":"max-image-preview:large","max-video-preview":"max-video-preview:-1"},"canonical":"https:\/\/www.aerometrik.com\/it\/produit\/accessori-per-i-collettori-a-getto-fisso-climet\/","og_locale":"it_IT","og_type":"article","og_title":"Accessori per campionatori microbiologici CLIMET - Aerometrik","og_description":"A\u00e9rom\u00e9trik propone tutti gli accessori disponibili per il campionatore microbiologico CI-99 CLIMET","og_url":"https:\/\/www.aerometrik.com\/it\/produit\/accessori-per-i-collettori-a-getto-fisso-climet\/","og_site_name":"Aerometrik","article_modified_time":"2025-10-01T07:42:42+00:00","og_image":[{"width":572,"height":572,"url":"https:\/\/www.aerometrik.com\/wp-content\/uploads\/2022\/03\/Accessoires_CI_99_2.jpg","type":"image\/jpeg"}],"twitter_card":"summary_large_image","schema":{"@context":"https:\/\/schema.org","@graph":[{"@type":"WebPage","@id":"https:\/\/www.aerometrik.com\/it\/produit\/accessori-per-i-collettori-a-getto-fisso-climet\/","url":"https:\/\/www.aerometrik.com\/it\/produit\/accessori-per-i-collettori-a-getto-fisso-climet\/","name":"Accessori per campionatori microbiologici CLIMET - Aerometrik","isPartOf":{"@id":"https:\/\/www.aerometrik.com\/#website"},"primaryImageOfPage":{"@id":"https:\/\/www.aerometrik.com\/it\/produit\/accessori-per-i-collettori-a-getto-fisso-climet\/#primaryimage"},"image":{"@id":"https:\/\/www.aerometrik.com\/it\/produit\/accessori-per-i-collettori-a-getto-fisso-climet\/#primaryimage"},"thumbnailUrl":"https:\/\/www.aerometrik.com\/wp-content\/uploads\/2022\/03\/Accessoires_CI_99_2.jpg","datePublished":"2022-01-04T15:55:42+00:00","dateModified":"2025-10-01T07:42:42+00:00","description":"A\u00e9rom\u00e9trik propone tutti gli accessori disponibili per il campionatore microbiologico CI-99 CLIMET","breadcrumb":{"@id":"https:\/\/www.aerometrik.com\/it\/produit\/accessori-per-i-collettori-a-getto-fisso-climet\/#breadcrumb"},"inLanguage":"it-IT","potentialAction":[{"@type":"ReadAction","target":["https:\/\/www.aerometrik.com\/it\/produit\/accessori-per-i-collettori-a-getto-fisso-climet\/"]}]},{"@type":"ImageObject","inLanguage":"it-IT","@id":"https:\/\/www.aerometrik.com\/it\/produit\/accessori-per-i-collettori-a-getto-fisso-climet\/#primaryimage","url":"https:\/\/www.aerometrik.com\/wp-content\/uploads\/2022\/03\/Accessoires_CI_99_2.jpg","contentUrl":"https:\/\/www.aerometrik.com\/wp-content\/uploads\/2022\/03\/Accessoires_CI_99_2.jpg","width":572,"height":572,"caption":"Raccordo con morsetto rimovibile per il campionatore microbiologico CLIMET CI-99"},{"@type":"BreadcrumbList","@id":"https:\/\/www.aerometrik.com\/it\/produit\/accessori-per-i-collettori-a-getto-fisso-climet\/#breadcrumb","itemListElement":[{"@type":"ListItem","position":1,"name":"Accueil","item":"https:\/\/www.aerometrik.com\/"},{"@type":"ListItem","position":2,"name":"Prodotti","item":"https:\/\/www.aerometrik.com\/it\/prodotti\/"},{"@type":"ListItem","position":3,"name":"Accessori per campionatori microbiologici CLIMET"}]},{"@type":"WebSite","@id":"https:\/\/www.aerometrik.com\/#website","url":"https:\/\/www.aerometrik.com\/","name":"Aerometrik","description":"Solutions de ma\u00eetrise de la qualit\u00e9 de l&#039;air pour le secteur m\u00e9dical, et l&#039;industrie alimentaire et pharmaceutique","publisher":{"@id":"https:\/\/www.aerometrik.com\/#organization"},"potentialAction":[{"@type":"SearchAction","target":{"@type":"EntryPoint","urlTemplate":"https:\/\/www.aerometrik.com\/?s={search_term_string}"},"query-input":{"@type":"PropertyValueSpecification","valueRequired":true,"valueName":"search_term_string"}}],"inLanguage":"it-IT"},{"@type":"Organization","@id":"https:\/\/www.aerometrik.com\/#organization","name":"Aerometrik","url":"https:\/\/www.aerometrik.com\/","logo":{"@type":"ImageObject","inLanguage":"it-IT","@id":"https:\/\/www.aerometrik.com\/#\/schema\/logo\/image\/","url":"https:\/\/www.aerometrik.com\/wp-content\/uploads\/2021\/08\/logo-aerometrik.svg","contentUrl":"https:\/\/www.aerometrik.com\/wp-content\/uploads\/2021\/08\/logo-aerometrik.svg","width":212,"height":90,"caption":"Aerometrik"},"image":{"@id":"https:\/\/www.aerometrik.com\/#\/schema\/logo\/image\/"}}]}},"_links":{"self":[{"href":"https:\/\/www.aerometrik.com\/it\/wp-json\/wp\/v2\/product\/4165","targetHints":{"allow":["GET"]}}],"collection":[{"href":"https:\/\/www.aerometrik.com\/it\/wp-json\/wp\/v2\/product"}],"about":[{"href":"https:\/\/www.aerometrik.com\/it\/wp-json\/wp\/v2\/types\/product"}],"wp:featuredmedia":[{"embeddable":true,"href":"https:\/\/www.aerometrik.com\/it\/wp-json\/wp\/v2\/media\/4166"}],"wp:attachment":[{"href":"https:\/\/www.aerometrik.com\/it\/wp-json\/wp\/v2\/media?parent=4165"}],"wp:term":[{"taxonomy":"product_brand","embeddable":true,"href":"https:\/\/www.aerometrik.com\/it\/wp-json\/wp\/v2\/product_brand?post=4165"},{"taxonomy":"product_cat","embeddable":true,"href":"https:\/\/www.aerometrik.com\/it\/wp-json\/wp\/v2\/product_cat?post=4165"},{"taxonomy":"product_tag","embeddable":true,"href":"https:\/\/www.aerometrik.com\/it\/wp-json\/wp\/v2\/product_tag?post=4165"}],"curies":[{"name":"wp","href":"https:\/\/api.w.org\/{rel}","templated":true}]}}