{"id":4150,"date":"2022-03-04T16:55:42","date_gmt":"2022-03-04T15:55:42","guid":{"rendered":"https:\/\/www.aerometrik.com\/produit\/biocollettore-di-germi-climet-modello-ci-99\/"},"modified":"2025-10-04T11:37:09","modified_gmt":"2025-10-04T09:37:09","slug":"biocollettore-di-germi-climet-modello-ci-99","status":"publish","type":"product","link":"https:\/\/www.aerometrik.com\/it\/produit\/biocollettore-di-germi-climet-modello-ci-99\/","title":{"rendered":"Campionatore Microbiologico CLIMET Modello CI-99"},"content":{"rendered":"","protected":false},"excerpt":{"rendered":"<p>. Alloggiamento, supporto e testa di campionamento in acciaio inox.<br \/>\n. Ingressi e uscite disponibili per il collegamento a sistemi esistenti.<br \/>\n. Campionamento continuo o cicli programmabili.<br \/>\n. Compatibile con la decontaminazione VHP\/H2O2.   <\/p>\n<a class=\"button btn-dl-produit button_size_2 button_none\" href=\"\/wp-content\/uploads\/2022\/01\/Fiche-Technique-CI-99.pdf\"     style=\"color:#2294D1;\" target=\"_blank\"    title=\"\"><span class=\"button_label\">Scarica la scheda prodotto<\/span><\/a>\n\n","protected":false},"featured_media":4154,"template":"","meta":{"inline_featured_image":false},"product_brand":[],"product_cat":[274,290,291,266,289],"product_tag":[],"class_list":{"0":"post-4150","1":"product","2":"type-product","3":"status-publish","4":"has-post-thumbnail","6":"product_cat-monitoraggio-ambientale","7":"product_cat-raccoglitore-di-germi-fisso","8":"product_cat-raccoglitore-di-germi-fisso-it","9":"product_cat-raccoglitori-di-germi","10":"product_cat-raccoglitori-di-germi-it","12":"first","13":"instock","14":"product-type-simple"},"gallery_images":[4152,4153,4151],"yoast_head":"<!-- This site is optimized with the Yoast SEO plugin v27.4 - https:\/\/yoast.com\/product\/yoast-seo-wordpress\/ -->\n<title>Campionatore Microbiologico CLIMET Modello CI-99 - Aerometrik<\/title>\n<meta name=\"description\" content=\"Biocollettore per il monitoraggio microbiologico Climet CI-99: campionamento continuo o cicli programmabili.\" \/>\n<meta name=\"robots\" content=\"index, follow, max-snippet:-1, max-image-preview:large, max-video-preview:-1\" \/>\n<link rel=\"canonical\" href=\"https:\/\/www.aerometrik.com\/it\/produit\/biocollettore-di-germi-climet-modello-ci-99\/\" \/>\n<meta property=\"og:locale\" content=\"it_IT\" \/>\n<meta property=\"og:type\" content=\"article\" \/>\n<meta property=\"og:title\" content=\"Campionatore Microbiologico CLIMET Modello CI-99 - Aerometrik\" \/>\n<meta property=\"og:description\" content=\"Biocollettore per il monitoraggio microbiologico Climet CI-99: campionamento continuo o cicli programmabili.\" \/>\n<meta property=\"og:url\" content=\"https:\/\/www.aerometrik.com\/it\/produit\/biocollettore-di-germi-climet-modello-ci-99\/\" \/>\n<meta property=\"og:site_name\" content=\"Aerometrik\" \/>\n<meta property=\"article:modified_time\" content=\"2025-10-04T09:37:09+00:00\" \/>\n<meta property=\"og:image\" content=\"https:\/\/www.aerometrik.com\/wp-content\/uploads\/2022\/03\/CI_99_1.png\" \/>\n\t<meta property=\"og:image:width\" content=\"572\" \/>\n\t<meta property=\"og:image:height\" content=\"812\" \/>\n\t<meta property=\"og:image:type\" content=\"image\/png\" \/>\n<meta name=\"twitter:card\" content=\"summary_large_image\" \/>\n<script type=\"application\/ld+json\" class=\"yoast-schema-graph\">{\"@context\":\"https:\\\/\\\/schema.org\",\"@graph\":[{\"@type\":\"WebPage\",\"@id\":\"https:\\\/\\\/www.aerometrik.com\\\/it\\\/produit\\\/biocollettore-di-germi-climet-modello-ci-99\\\/\",\"url\":\"https:\\\/\\\/www.aerometrik.com\\\/it\\\/produit\\\/biocollettore-di-germi-climet-modello-ci-99\\\/\",\"name\":\"Campionatore Microbiologico CLIMET Modello CI-99 - Aerometrik\",\"isPartOf\":{\"@id\":\"https:\\\/\\\/www.aerometrik.com\\\/#website\"},\"primaryImageOfPage\":{\"@id\":\"https:\\\/\\\/www.aerometrik.com\\\/it\\\/produit\\\/biocollettore-di-germi-climet-modello-ci-99\\\/#primaryimage\"},\"image\":{\"@id\":\"https:\\\/\\\/www.aerometrik.com\\\/it\\\/produit\\\/biocollettore-di-germi-climet-modello-ci-99\\\/#primaryimage\"},\"thumbnailUrl\":\"https:\\\/\\\/www.aerometrik.com\\\/wp-content\\\/uploads\\\/2022\\\/03\\\/CI_99_1.png\",\"datePublished\":\"2022-03-04T15:55:42+00:00\",\"dateModified\":\"2025-10-04T09:37:09+00:00\",\"description\":\"Biocollettore per il monitoraggio microbiologico Climet CI-99: campionamento continuo o cicli programmabili.\",\"breadcrumb\":{\"@id\":\"https:\\\/\\\/www.aerometrik.com\\\/it\\\/produit\\\/biocollettore-di-germi-climet-modello-ci-99\\\/#breadcrumb\"},\"inLanguage\":\"it-IT\",\"potentialAction\":[{\"@type\":\"ReadAction\",\"target\":[\"https:\\\/\\\/www.aerometrik.com\\\/it\\\/produit\\\/biocollettore-di-germi-climet-modello-ci-99\\\/\"]}]},{\"@type\":\"ImageObject\",\"inLanguage\":\"it-IT\",\"@id\":\"https:\\\/\\\/www.aerometrik.com\\\/it\\\/produit\\\/biocollettore-di-germi-climet-modello-ci-99\\\/#primaryimage\",\"url\":\"https:\\\/\\\/www.aerometrik.com\\\/wp-content\\\/uploads\\\/2022\\\/03\\\/CI_99_1.png\",\"contentUrl\":\"https:\\\/\\\/www.aerometrik.com\\\/wp-content\\\/uploads\\\/2022\\\/03\\\/CI_99_1.png\",\"width\":572,\"height\":812},{\"@type\":\"BreadcrumbList\",\"@id\":\"https:\\\/\\\/www.aerometrik.com\\\/it\\\/produit\\\/biocollettore-di-germi-climet-modello-ci-99\\\/#breadcrumb\",\"itemListElement\":[{\"@type\":\"ListItem\",\"position\":1,\"name\":\"Accueil\",\"item\":\"https:\\\/\\\/www.aerometrik.com\\\/\"},{\"@type\":\"ListItem\",\"position\":2,\"name\":\"Prodotti\",\"item\":\"https:\\\/\\\/www.aerometrik.com\\\/it\\\/prodotti\\\/\"},{\"@type\":\"ListItem\",\"position\":3,\"name\":\"Campionatore Microbiologico CLIMET Modello CI-99\"}]},{\"@type\":\"WebSite\",\"@id\":\"https:\\\/\\\/www.aerometrik.com\\\/#website\",\"url\":\"https:\\\/\\\/www.aerometrik.com\\\/\",\"name\":\"Aerometrik\",\"description\":\"Solutions de ma\u00eetrise de la qualit\u00e9 de l&#039;air pour le secteur m\u00e9dical, et l&#039;industrie alimentaire et pharmaceutique\",\"publisher\":{\"@id\":\"https:\\\/\\\/www.aerometrik.com\\\/#organization\"},\"potentialAction\":[{\"@type\":\"SearchAction\",\"target\":{\"@type\":\"EntryPoint\",\"urlTemplate\":\"https:\\\/\\\/www.aerometrik.com\\\/?s={search_term_string}\"},\"query-input\":{\"@type\":\"PropertyValueSpecification\",\"valueRequired\":true,\"valueName\":\"search_term_string\"}}],\"inLanguage\":\"it-IT\"},{\"@type\":\"Organization\",\"@id\":\"https:\\\/\\\/www.aerometrik.com\\\/#organization\",\"name\":\"Aerometrik\",\"url\":\"https:\\\/\\\/www.aerometrik.com\\\/\",\"logo\":{\"@type\":\"ImageObject\",\"inLanguage\":\"it-IT\",\"@id\":\"https:\\\/\\\/www.aerometrik.com\\\/#\\\/schema\\\/logo\\\/image\\\/\",\"url\":\"https:\\\/\\\/www.aerometrik.com\\\/wp-content\\\/uploads\\\/2021\\\/08\\\/logo-aerometrik.svg\",\"contentUrl\":\"https:\\\/\\\/www.aerometrik.com\\\/wp-content\\\/uploads\\\/2021\\\/08\\\/logo-aerometrik.svg\",\"width\":212,\"height\":90,\"caption\":\"Aerometrik\"},\"image\":{\"@id\":\"https:\\\/\\\/www.aerometrik.com\\\/#\\\/schema\\\/logo\\\/image\\\/\"}}]}<\/script>\n<!-- \/ Yoast SEO plugin. -->","yoast_head_json":{"title":"Campionatore Microbiologico CLIMET Modello CI-99 - Aerometrik","description":"Biocollettore per il monitoraggio microbiologico Climet CI-99: campionamento continuo o cicli programmabili.","robots":{"index":"index","follow":"follow","max-snippet":"max-snippet:-1","max-image-preview":"max-image-preview:large","max-video-preview":"max-video-preview:-1"},"canonical":"https:\/\/www.aerometrik.com\/it\/produit\/biocollettore-di-germi-climet-modello-ci-99\/","og_locale":"it_IT","og_type":"article","og_title":"Campionatore Microbiologico CLIMET Modello CI-99 - Aerometrik","og_description":"Biocollettore per il monitoraggio microbiologico Climet CI-99: campionamento continuo o cicli programmabili.","og_url":"https:\/\/www.aerometrik.com\/it\/produit\/biocollettore-di-germi-climet-modello-ci-99\/","og_site_name":"Aerometrik","article_modified_time":"2025-10-04T09:37:09+00:00","og_image":[{"width":572,"height":812,"url":"https:\/\/www.aerometrik.com\/wp-content\/uploads\/2022\/03\/CI_99_1.png","type":"image\/png"}],"twitter_card":"summary_large_image","schema":{"@context":"https:\/\/schema.org","@graph":[{"@type":"WebPage","@id":"https:\/\/www.aerometrik.com\/it\/produit\/biocollettore-di-germi-climet-modello-ci-99\/","url":"https:\/\/www.aerometrik.com\/it\/produit\/biocollettore-di-germi-climet-modello-ci-99\/","name":"Campionatore Microbiologico CLIMET Modello CI-99 - Aerometrik","isPartOf":{"@id":"https:\/\/www.aerometrik.com\/#website"},"primaryImageOfPage":{"@id":"https:\/\/www.aerometrik.com\/it\/produit\/biocollettore-di-germi-climet-modello-ci-99\/#primaryimage"},"image":{"@id":"https:\/\/www.aerometrik.com\/it\/produit\/biocollettore-di-germi-climet-modello-ci-99\/#primaryimage"},"thumbnailUrl":"https:\/\/www.aerometrik.com\/wp-content\/uploads\/2022\/03\/CI_99_1.png","datePublished":"2022-03-04T15:55:42+00:00","dateModified":"2025-10-04T09:37:09+00:00","description":"Biocollettore per il monitoraggio microbiologico Climet CI-99: campionamento continuo o cicli programmabili.","breadcrumb":{"@id":"https:\/\/www.aerometrik.com\/it\/produit\/biocollettore-di-germi-climet-modello-ci-99\/#breadcrumb"},"inLanguage":"it-IT","potentialAction":[{"@type":"ReadAction","target":["https:\/\/www.aerometrik.com\/it\/produit\/biocollettore-di-germi-climet-modello-ci-99\/"]}]},{"@type":"ImageObject","inLanguage":"it-IT","@id":"https:\/\/www.aerometrik.com\/it\/produit\/biocollettore-di-germi-climet-modello-ci-99\/#primaryimage","url":"https:\/\/www.aerometrik.com\/wp-content\/uploads\/2022\/03\/CI_99_1.png","contentUrl":"https:\/\/www.aerometrik.com\/wp-content\/uploads\/2022\/03\/CI_99_1.png","width":572,"height":812},{"@type":"BreadcrumbList","@id":"https:\/\/www.aerometrik.com\/it\/produit\/biocollettore-di-germi-climet-modello-ci-99\/#breadcrumb","itemListElement":[{"@type":"ListItem","position":1,"name":"Accueil","item":"https:\/\/www.aerometrik.com\/"},{"@type":"ListItem","position":2,"name":"Prodotti","item":"https:\/\/www.aerometrik.com\/it\/prodotti\/"},{"@type":"ListItem","position":3,"name":"Campionatore Microbiologico CLIMET Modello CI-99"}]},{"@type":"WebSite","@id":"https:\/\/www.aerometrik.com\/#website","url":"https:\/\/www.aerometrik.com\/","name":"Aerometrik","description":"Solutions de ma\u00eetrise de la qualit\u00e9 de l&#039;air pour le secteur m\u00e9dical, et l&#039;industrie alimentaire et pharmaceutique","publisher":{"@id":"https:\/\/www.aerometrik.com\/#organization"},"potentialAction":[{"@type":"SearchAction","target":{"@type":"EntryPoint","urlTemplate":"https:\/\/www.aerometrik.com\/?s={search_term_string}"},"query-input":{"@type":"PropertyValueSpecification","valueRequired":true,"valueName":"search_term_string"}}],"inLanguage":"it-IT"},{"@type":"Organization","@id":"https:\/\/www.aerometrik.com\/#organization","name":"Aerometrik","url":"https:\/\/www.aerometrik.com\/","logo":{"@type":"ImageObject","inLanguage":"it-IT","@id":"https:\/\/www.aerometrik.com\/#\/schema\/logo\/image\/","url":"https:\/\/www.aerometrik.com\/wp-content\/uploads\/2021\/08\/logo-aerometrik.svg","contentUrl":"https:\/\/www.aerometrik.com\/wp-content\/uploads\/2021\/08\/logo-aerometrik.svg","width":212,"height":90,"caption":"Aerometrik"},"image":{"@id":"https:\/\/www.aerometrik.com\/#\/schema\/logo\/image\/"}}]}},"_links":{"self":[{"href":"https:\/\/www.aerometrik.com\/it\/wp-json\/wp\/v2\/product\/4150","targetHints":{"allow":["GET"]}}],"collection":[{"href":"https:\/\/www.aerometrik.com\/it\/wp-json\/wp\/v2\/product"}],"about":[{"href":"https:\/\/www.aerometrik.com\/it\/wp-json\/wp\/v2\/types\/product"}],"wp:featuredmedia":[{"embeddable":true,"href":"https:\/\/www.aerometrik.com\/it\/wp-json\/wp\/v2\/media\/4154"}],"wp:attachment":[{"href":"https:\/\/www.aerometrik.com\/it\/wp-json\/wp\/v2\/media?parent=4150"}],"wp:term":[{"taxonomy":"product_brand","embeddable":true,"href":"https:\/\/www.aerometrik.com\/it\/wp-json\/wp\/v2\/product_brand?post=4150"},{"taxonomy":"product_cat","embeddable":true,"href":"https:\/\/www.aerometrik.com\/it\/wp-json\/wp\/v2\/product_cat?post=4150"},{"taxonomy":"product_tag","embeddable":true,"href":"https:\/\/www.aerometrik.com\/it\/wp-json\/wp\/v2\/product_tag?post=4150"}],"curies":[{"name":"wp","href":"https:\/\/api.w.org\/{rel}","templated":true}]}}