{"id":4112,"date":"2022-03-04T16:32:34","date_gmt":"2022-03-04T15:32:34","guid":{"rendered":"https:\/\/www.aerometrik.com\/produit\/analizzatore-di-qualita-dellaria-iaq-calc-tsi-modello-7525\/"},"modified":"2022-03-04T16:32:34","modified_gmt":"2022-03-04T15:32:34","slug":"analizzatore-di-qualita-dellaria-iaq-calc-tsi-modello-7525","status":"publish","type":"product","link":"https:\/\/www.aerometrik.com\/it\/produit\/analizzatore-di-qualita-dellaria-iaq-calc-tsi-modello-7525\/","title":{"rendered":"Analizzatore di qualit\u00e0 dell&#8217;aria IAQ-CALC TSI Modello 7525"},"content":{"rendered":"","protected":false},"excerpt":{"rendered":"<p>. Misurazione del contenuto di CO2, della temperatura e dell&#8217;umidit\u00e0 relativa.<br \/>\n. Punto di rugiada, % di aria esterna, temperatura di bulbo umido.<br \/>\n. Statistiche.<br \/>\n. Registrazione e download dei dati.<br \/>\n. Fornito con certificato di calibrazione.    <\/p>\n<a class=\"button btn-dl-produit button_size_2 button_none\" href=\"\/wp-content\/uploads\/2022\/01\/Fiche-Technique-IAQcalc-7525.pdf\"     style=\"color:#2294D1;\" target=\"_blank\"    title=\"\"><span class=\"button_label\">Scarica la scheda prodotto<\/span><\/a>\n\n","protected":false},"featured_media":4113,"template":"","meta":{"inline_featured_image":false},"product_brand":[],"product_cat":[284,283,187],"product_tag":[],"class_list":{"0":"post-4112","1":"product","2":"type-product","3":"status-publish","4":"has-post-thumbnail","6":"product_cat-analizzatori-di-qualita-dellaria","7":"product_cat-controllo-della-qualita-dellaria-interna-e-della-contaminazione","8":"product_cat-sti","10":"first","11":"instock","12":"product-type-simple"},"gallery_images":[],"yoast_head":"<!-- This site is optimized with the Yoast SEO plugin v27.4 - https:\/\/yoast.com\/product\/yoast-seo-wordpress\/ -->\n<title>Analizzatore di qualit\u00e0 dell&#039;aria IAQ-CALC TSI Modello 7525 - Aerometrik<\/title>\n<meta name=\"description\" content=\"L&#039;analizzatore di qualit\u00e0 dell&#039;aria misura parametri quali: CO2, temperatura, umidit\u00e0. Calcola: punto di rugiada, temperatura di bulbo umido, percentuale di aria esterna, ecc.\" \/>\n<meta name=\"robots\" content=\"index, follow, max-snippet:-1, max-image-preview:large, max-video-preview:-1\" \/>\n<link rel=\"canonical\" href=\"https:\/\/www.aerometrik.com\/it\/produit\/analizzatore-di-qualita-dellaria-iaq-calc-tsi-modello-7525\/\" \/>\n<meta property=\"og:locale\" content=\"it_IT\" \/>\n<meta property=\"og:type\" content=\"article\" \/>\n<meta property=\"og:title\" content=\"Analizzatore di qualit\u00e0 dell&#039;aria IAQ-CALC TSI Modello 7525 - Aerometrik\" \/>\n<meta property=\"og:description\" content=\"L&#039;analizzatore di qualit\u00e0 dell&#039;aria misura parametri quali: CO2, temperatura, umidit\u00e0. Calcola: punto di rugiada, temperatura di bulbo umido, percentuale di aria esterna, ecc.\" \/>\n<meta property=\"og:url\" content=\"https:\/\/www.aerometrik.com\/it\/produit\/analizzatore-di-qualita-dellaria-iaq-calc-tsi-modello-7525\/\" \/>\n<meta property=\"og:site_name\" content=\"Aerometrik\" \/>\n<meta property=\"og:image\" content=\"https:\/\/www.aerometrik.com\/wp-content\/uploads\/2022\/03\/7525.png\" \/>\n\t<meta property=\"og:image:width\" content=\"572\" \/>\n\t<meta property=\"og:image:height\" content=\"812\" \/>\n\t<meta property=\"og:image:type\" content=\"image\/png\" \/>\n<meta name=\"twitter:card\" content=\"summary_large_image\" \/>\n<script type=\"application\/ld+json\" class=\"yoast-schema-graph\">{\"@context\":\"https:\\\/\\\/schema.org\",\"@graph\":[{\"@type\":\"WebPage\",\"@id\":\"https:\\\/\\\/www.aerometrik.com\\\/it\\\/produit\\\/analizzatore-di-qualita-dellaria-iaq-calc-tsi-modello-7525\\\/\",\"url\":\"https:\\\/\\\/www.aerometrik.com\\\/it\\\/produit\\\/analizzatore-di-qualita-dellaria-iaq-calc-tsi-modello-7525\\\/\",\"name\":\"Analizzatore di qualit\u00e0 dell'aria IAQ-CALC TSI Modello 7525 - Aerometrik\",\"isPartOf\":{\"@id\":\"https:\\\/\\\/www.aerometrik.com\\\/#website\"},\"primaryImageOfPage\":{\"@id\":\"https:\\\/\\\/www.aerometrik.com\\\/it\\\/produit\\\/analizzatore-di-qualita-dellaria-iaq-calc-tsi-modello-7525\\\/#primaryimage\"},\"image\":{\"@id\":\"https:\\\/\\\/www.aerometrik.com\\\/it\\\/produit\\\/analizzatore-di-qualita-dellaria-iaq-calc-tsi-modello-7525\\\/#primaryimage\"},\"thumbnailUrl\":\"https:\\\/\\\/www.aerometrik.com\\\/wp-content\\\/uploads\\\/2022\\\/03\\\/7525.png\",\"datePublished\":\"2022-03-04T15:32:34+00:00\",\"description\":\"L'analizzatore di qualit\u00e0 dell'aria misura parametri quali: CO2, temperatura, umidit\u00e0. Calcola: punto di rugiada, temperatura di bulbo umido, percentuale di aria esterna, ecc.\",\"breadcrumb\":{\"@id\":\"https:\\\/\\\/www.aerometrik.com\\\/it\\\/produit\\\/analizzatore-di-qualita-dellaria-iaq-calc-tsi-modello-7525\\\/#breadcrumb\"},\"inLanguage\":\"it-IT\",\"potentialAction\":[{\"@type\":\"ReadAction\",\"target\":[\"https:\\\/\\\/www.aerometrik.com\\\/it\\\/produit\\\/analizzatore-di-qualita-dellaria-iaq-calc-tsi-modello-7525\\\/\"]}]},{\"@type\":\"ImageObject\",\"inLanguage\":\"it-IT\",\"@id\":\"https:\\\/\\\/www.aerometrik.com\\\/it\\\/produit\\\/analizzatore-di-qualita-dellaria-iaq-calc-tsi-modello-7525\\\/#primaryimage\",\"url\":\"https:\\\/\\\/www.aerometrik.com\\\/wp-content\\\/uploads\\\/2022\\\/03\\\/7525.png\",\"contentUrl\":\"https:\\\/\\\/www.aerometrik.com\\\/wp-content\\\/uploads\\\/2022\\\/03\\\/7525.png\",\"width\":572,\"height\":812},{\"@type\":\"BreadcrumbList\",\"@id\":\"https:\\\/\\\/www.aerometrik.com\\\/it\\\/produit\\\/analizzatore-di-qualita-dellaria-iaq-calc-tsi-modello-7525\\\/#breadcrumb\",\"itemListElement\":[{\"@type\":\"ListItem\",\"position\":1,\"name\":\"Accueil\",\"item\":\"https:\\\/\\\/www.aerometrik.com\\\/\"},{\"@type\":\"ListItem\",\"position\":2,\"name\":\"Prodotti\",\"item\":\"https:\\\/\\\/www.aerometrik.com\\\/it\\\/prodotti\\\/\"},{\"@type\":\"ListItem\",\"position\":3,\"name\":\"Analizzatore di qualit\u00e0 dell&#8217;aria IAQ-CALC TSI Modello 7525\"}]},{\"@type\":\"WebSite\",\"@id\":\"https:\\\/\\\/www.aerometrik.com\\\/#website\",\"url\":\"https:\\\/\\\/www.aerometrik.com\\\/\",\"name\":\"Aerometrik\",\"description\":\"Solutions de ma\u00eetrise de la qualit\u00e9 de l&#039;air pour le secteur m\u00e9dical, et l&#039;industrie alimentaire et pharmaceutique\",\"publisher\":{\"@id\":\"https:\\\/\\\/www.aerometrik.com\\\/#organization\"},\"potentialAction\":[{\"@type\":\"SearchAction\",\"target\":{\"@type\":\"EntryPoint\",\"urlTemplate\":\"https:\\\/\\\/www.aerometrik.com\\\/?s={search_term_string}\"},\"query-input\":{\"@type\":\"PropertyValueSpecification\",\"valueRequired\":true,\"valueName\":\"search_term_string\"}}],\"inLanguage\":\"it-IT\"},{\"@type\":\"Organization\",\"@id\":\"https:\\\/\\\/www.aerometrik.com\\\/#organization\",\"name\":\"Aerometrik\",\"url\":\"https:\\\/\\\/www.aerometrik.com\\\/\",\"logo\":{\"@type\":\"ImageObject\",\"inLanguage\":\"it-IT\",\"@id\":\"https:\\\/\\\/www.aerometrik.com\\\/#\\\/schema\\\/logo\\\/image\\\/\",\"url\":\"https:\\\/\\\/www.aerometrik.com\\\/wp-content\\\/uploads\\\/2021\\\/08\\\/logo-aerometrik.svg\",\"contentUrl\":\"https:\\\/\\\/www.aerometrik.com\\\/wp-content\\\/uploads\\\/2021\\\/08\\\/logo-aerometrik.svg\",\"width\":212,\"height\":90,\"caption\":\"Aerometrik\"},\"image\":{\"@id\":\"https:\\\/\\\/www.aerometrik.com\\\/#\\\/schema\\\/logo\\\/image\\\/\"}}]}<\/script>\n<!-- \/ Yoast SEO plugin. -->","yoast_head_json":{"title":"Analizzatore di qualit\u00e0 dell'aria IAQ-CALC TSI Modello 7525 - Aerometrik","description":"L'analizzatore di qualit\u00e0 dell'aria misura parametri quali: CO2, temperatura, umidit\u00e0. Calcola: punto di rugiada, temperatura di bulbo umido, percentuale di aria esterna, ecc.","robots":{"index":"index","follow":"follow","max-snippet":"max-snippet:-1","max-image-preview":"max-image-preview:large","max-video-preview":"max-video-preview:-1"},"canonical":"https:\/\/www.aerometrik.com\/it\/produit\/analizzatore-di-qualita-dellaria-iaq-calc-tsi-modello-7525\/","og_locale":"it_IT","og_type":"article","og_title":"Analizzatore di qualit\u00e0 dell'aria IAQ-CALC TSI Modello 7525 - Aerometrik","og_description":"L'analizzatore di qualit\u00e0 dell'aria misura parametri quali: CO2, temperatura, umidit\u00e0. Calcola: punto di rugiada, temperatura di bulbo umido, percentuale di aria esterna, ecc.","og_url":"https:\/\/www.aerometrik.com\/it\/produit\/analizzatore-di-qualita-dellaria-iaq-calc-tsi-modello-7525\/","og_site_name":"Aerometrik","og_image":[{"width":572,"height":812,"url":"https:\/\/www.aerometrik.com\/wp-content\/uploads\/2022\/03\/7525.png","type":"image\/png"}],"twitter_card":"summary_large_image","schema":{"@context":"https:\/\/schema.org","@graph":[{"@type":"WebPage","@id":"https:\/\/www.aerometrik.com\/it\/produit\/analizzatore-di-qualita-dellaria-iaq-calc-tsi-modello-7525\/","url":"https:\/\/www.aerometrik.com\/it\/produit\/analizzatore-di-qualita-dellaria-iaq-calc-tsi-modello-7525\/","name":"Analizzatore di qualit\u00e0 dell'aria IAQ-CALC TSI Modello 7525 - Aerometrik","isPartOf":{"@id":"https:\/\/www.aerometrik.com\/#website"},"primaryImageOfPage":{"@id":"https:\/\/www.aerometrik.com\/it\/produit\/analizzatore-di-qualita-dellaria-iaq-calc-tsi-modello-7525\/#primaryimage"},"image":{"@id":"https:\/\/www.aerometrik.com\/it\/produit\/analizzatore-di-qualita-dellaria-iaq-calc-tsi-modello-7525\/#primaryimage"},"thumbnailUrl":"https:\/\/www.aerometrik.com\/wp-content\/uploads\/2022\/03\/7525.png","datePublished":"2022-03-04T15:32:34+00:00","description":"L'analizzatore di qualit\u00e0 dell'aria misura parametri quali: CO2, temperatura, umidit\u00e0. Calcola: punto di rugiada, temperatura di bulbo umido, percentuale di aria esterna, ecc.","breadcrumb":{"@id":"https:\/\/www.aerometrik.com\/it\/produit\/analizzatore-di-qualita-dellaria-iaq-calc-tsi-modello-7525\/#breadcrumb"},"inLanguage":"it-IT","potentialAction":[{"@type":"ReadAction","target":["https:\/\/www.aerometrik.com\/it\/produit\/analizzatore-di-qualita-dellaria-iaq-calc-tsi-modello-7525\/"]}]},{"@type":"ImageObject","inLanguage":"it-IT","@id":"https:\/\/www.aerometrik.com\/it\/produit\/analizzatore-di-qualita-dellaria-iaq-calc-tsi-modello-7525\/#primaryimage","url":"https:\/\/www.aerometrik.com\/wp-content\/uploads\/2022\/03\/7525.png","contentUrl":"https:\/\/www.aerometrik.com\/wp-content\/uploads\/2022\/03\/7525.png","width":572,"height":812},{"@type":"BreadcrumbList","@id":"https:\/\/www.aerometrik.com\/it\/produit\/analizzatore-di-qualita-dellaria-iaq-calc-tsi-modello-7525\/#breadcrumb","itemListElement":[{"@type":"ListItem","position":1,"name":"Accueil","item":"https:\/\/www.aerometrik.com\/"},{"@type":"ListItem","position":2,"name":"Prodotti","item":"https:\/\/www.aerometrik.com\/it\/prodotti\/"},{"@type":"ListItem","position":3,"name":"Analizzatore di qualit\u00e0 dell&#8217;aria IAQ-CALC TSI Modello 7525"}]},{"@type":"WebSite","@id":"https:\/\/www.aerometrik.com\/#website","url":"https:\/\/www.aerometrik.com\/","name":"Aerometrik","description":"Solutions de ma\u00eetrise de la qualit\u00e9 de l&#039;air pour le secteur m\u00e9dical, et l&#039;industrie alimentaire et pharmaceutique","publisher":{"@id":"https:\/\/www.aerometrik.com\/#organization"},"potentialAction":[{"@type":"SearchAction","target":{"@type":"EntryPoint","urlTemplate":"https:\/\/www.aerometrik.com\/?s={search_term_string}"},"query-input":{"@type":"PropertyValueSpecification","valueRequired":true,"valueName":"search_term_string"}}],"inLanguage":"it-IT"},{"@type":"Organization","@id":"https:\/\/www.aerometrik.com\/#organization","name":"Aerometrik","url":"https:\/\/www.aerometrik.com\/","logo":{"@type":"ImageObject","inLanguage":"it-IT","@id":"https:\/\/www.aerometrik.com\/#\/schema\/logo\/image\/","url":"https:\/\/www.aerometrik.com\/wp-content\/uploads\/2021\/08\/logo-aerometrik.svg","contentUrl":"https:\/\/www.aerometrik.com\/wp-content\/uploads\/2021\/08\/logo-aerometrik.svg","width":212,"height":90,"caption":"Aerometrik"},"image":{"@id":"https:\/\/www.aerometrik.com\/#\/schema\/logo\/image\/"}}]}},"_links":{"self":[{"href":"https:\/\/www.aerometrik.com\/it\/wp-json\/wp\/v2\/product\/4112","targetHints":{"allow":["GET"]}}],"collection":[{"href":"https:\/\/www.aerometrik.com\/it\/wp-json\/wp\/v2\/product"}],"about":[{"href":"https:\/\/www.aerometrik.com\/it\/wp-json\/wp\/v2\/types\/product"}],"wp:featuredmedia":[{"embeddable":true,"href":"https:\/\/www.aerometrik.com\/it\/wp-json\/wp\/v2\/media\/4113"}],"wp:attachment":[{"href":"https:\/\/www.aerometrik.com\/it\/wp-json\/wp\/v2\/media?parent=4112"}],"wp:term":[{"taxonomy":"product_brand","embeddable":true,"href":"https:\/\/www.aerometrik.com\/it\/wp-json\/wp\/v2\/product_brand?post=4112"},{"taxonomy":"product_cat","embeddable":true,"href":"https:\/\/www.aerometrik.com\/it\/wp-json\/wp\/v2\/product_cat?post=4112"},{"taxonomy":"product_tag","embeddable":true,"href":"https:\/\/www.aerometrik.com\/it\/wp-json\/wp\/v2\/product_tag?post=4112"}],"curies":[{"name":"wp","href":"https:\/\/api.w.org\/{rel}","templated":true}]}}