{"id":4063,"date":"2022-01-04T17:00:57","date_gmt":"2022-01-04T16:00:57","guid":{"rendered":"https:\/\/www.aerometrik.com\/produit\/accessori-per-i-contatori-di-particelle-di-monitoraggio-climet\/"},"modified":"2025-09-30T16:31:30","modified_gmt":"2025-09-30T14:31:30","slug":"accessori-per-i-contatori-di-particelle-di-monitoraggio-climet","status":"publish","type":"product","link":"https:\/\/www.aerometrik.com\/it\/produit\/accessori-per-i-contatori-di-particelle-di-monitoraggio-climet\/","title":{"rendered":"Accessori per contatori di particelle CLIMET"},"content":{"rendered":"","protected":false},"excerpt":{"rendered":"<p>. \u00c8 disponibile una serie di accessori per contatori di particelle CLIMET<\/p>\n","protected":false},"featured_media":4064,"template":"","meta":{"inline_featured_image":false},"product_brand":[],"product_cat":[267,235,275,274,184],"product_tag":[],"class_list":{"0":"post-4063","1":"product","2":"type-product","3":"status-publish","4":"has-post-thumbnail","6":"product_cat-accessori","7":"product_cat-contatori-di-particelle","8":"product_cat-contatori-monitoraggio-delle-particelle-corretti","9":"product_cat-monitoraggio-ambientale","10":"product_cat-qualificazione-delle-camere-bianche","12":"first","13":"instock","14":"product-type-simple"},"gallery_images":[795,796,797,798],"yoast_head":"<!-- This site is optimized with the Yoast SEO plugin v27.4 - https:\/\/yoast.com\/product\/yoast-seo-wordpress\/ -->\n<title>Accessori per contatori di particelle CLIMET - Aerometrik<\/title>\n<meta name=\"description\" content=\"Aerometrik fornisce tutti gli accessori necessari per installare i tuoi misuratori di monitoraggio, supporti per misuratori, sonde in acciaio inox, ecc.\" \/>\n<meta name=\"robots\" content=\"index, follow, max-snippet:-1, max-image-preview:large, max-video-preview:-1\" \/>\n<link rel=\"canonical\" href=\"https:\/\/www.aerometrik.com\/it\/produit\/accessori-per-i-contatori-di-particelle-di-monitoraggio-climet\/\" \/>\n<meta property=\"og:locale\" content=\"it_IT\" \/>\n<meta property=\"og:type\" content=\"article\" \/>\n<meta property=\"og:title\" content=\"Accessori per contatori di particelle CLIMET - Aerometrik\" \/>\n<meta property=\"og:description\" content=\"Aerometrik fornisce tutti gli accessori necessari per installare i tuoi misuratori di monitoraggio, supporti per misuratori, sonde in acciaio inox, ecc.\" \/>\n<meta property=\"og:url\" content=\"https:\/\/www.aerometrik.com\/it\/produit\/accessori-per-i-contatori-di-particelle-di-monitoraggio-climet\/\" \/>\n<meta property=\"og:site_name\" content=\"Aerometrik\" \/>\n<meta property=\"article:modified_time\" content=\"2025-09-30T14:31:30+00:00\" \/>\n<meta property=\"og:image\" content=\"https:\/\/www.aerometrik.com\/wp-content\/uploads\/2022\/03\/Accessoires_CPM_2.png\" \/>\n\t<meta property=\"og:image:width\" content=\"572\" \/>\n\t<meta property=\"og:image:height\" content=\"812\" \/>\n\t<meta property=\"og:image:type\" content=\"image\/png\" \/>\n<meta name=\"twitter:card\" content=\"summary_large_image\" \/>\n<script type=\"application\/ld+json\" class=\"yoast-schema-graph\">{\"@context\":\"https:\\\/\\\/schema.org\",\"@graph\":[{\"@type\":\"WebPage\",\"@id\":\"https:\\\/\\\/www.aerometrik.com\\\/it\\\/produit\\\/accessori-per-i-contatori-di-particelle-di-monitoraggio-climet\\\/\",\"url\":\"https:\\\/\\\/www.aerometrik.com\\\/it\\\/produit\\\/accessori-per-i-contatori-di-particelle-di-monitoraggio-climet\\\/\",\"name\":\"Accessori per contatori di particelle CLIMET - Aerometrik\",\"isPartOf\":{\"@id\":\"https:\\\/\\\/www.aerometrik.com\\\/#website\"},\"primaryImageOfPage\":{\"@id\":\"https:\\\/\\\/www.aerometrik.com\\\/it\\\/produit\\\/accessori-per-i-contatori-di-particelle-di-monitoraggio-climet\\\/#primaryimage\"},\"image\":{\"@id\":\"https:\\\/\\\/www.aerometrik.com\\\/it\\\/produit\\\/accessori-per-i-contatori-di-particelle-di-monitoraggio-climet\\\/#primaryimage\"},\"thumbnailUrl\":\"https:\\\/\\\/www.aerometrik.com\\\/wp-content\\\/uploads\\\/2022\\\/03\\\/Accessoires_CPM_2.png\",\"datePublished\":\"2022-01-04T16:00:57+00:00\",\"dateModified\":\"2025-09-30T14:31:30+00:00\",\"description\":\"Aerometrik fornisce tutti gli accessori necessari per installare i tuoi misuratori di monitoraggio, supporti per misuratori, sonde in acciaio inox, ecc.\",\"breadcrumb\":{\"@id\":\"https:\\\/\\\/www.aerometrik.com\\\/it\\\/produit\\\/accessori-per-i-contatori-di-particelle-di-monitoraggio-climet\\\/#breadcrumb\"},\"inLanguage\":\"it-IT\",\"potentialAction\":[{\"@type\":\"ReadAction\",\"target\":[\"https:\\\/\\\/www.aerometrik.com\\\/it\\\/produit\\\/accessori-per-i-contatori-di-particelle-di-monitoraggio-climet\\\/\"]}]},{\"@type\":\"ImageObject\",\"inLanguage\":\"it-IT\",\"@id\":\"https:\\\/\\\/www.aerometrik.com\\\/it\\\/produit\\\/accessori-per-i-contatori-di-particelle-di-monitoraggio-climet\\\/#primaryimage\",\"url\":\"https:\\\/\\\/www.aerometrik.com\\\/wp-content\\\/uploads\\\/2022\\\/03\\\/Accessoires_CPM_2.png\",\"contentUrl\":\"https:\\\/\\\/www.aerometrik.com\\\/wp-content\\\/uploads\\\/2022\\\/03\\\/Accessoires_CPM_2.png\",\"width\":572,\"height\":812,\"caption\":\"Bev-a-line tubo flessibile per collegare i contatori di particelle CLIMET alle sonde isocinetiche remote\"},{\"@type\":\"BreadcrumbList\",\"@id\":\"https:\\\/\\\/www.aerometrik.com\\\/it\\\/produit\\\/accessori-per-i-contatori-di-particelle-di-monitoraggio-climet\\\/#breadcrumb\",\"itemListElement\":[{\"@type\":\"ListItem\",\"position\":1,\"name\":\"Accueil\",\"item\":\"https:\\\/\\\/www.aerometrik.com\\\/\"},{\"@type\":\"ListItem\",\"position\":2,\"name\":\"Prodotti\",\"item\":\"https:\\\/\\\/www.aerometrik.com\\\/it\\\/prodotti\\\/\"},{\"@type\":\"ListItem\",\"position\":3,\"name\":\"Accessori per contatori di particelle CLIMET\"}]},{\"@type\":\"WebSite\",\"@id\":\"https:\\\/\\\/www.aerometrik.com\\\/#website\",\"url\":\"https:\\\/\\\/www.aerometrik.com\\\/\",\"name\":\"Aerometrik\",\"description\":\"Solutions de ma\u00eetrise de la qualit\u00e9 de l&#039;air pour le secteur m\u00e9dical, et l&#039;industrie alimentaire et pharmaceutique\",\"publisher\":{\"@id\":\"https:\\\/\\\/www.aerometrik.com\\\/#organization\"},\"potentialAction\":[{\"@type\":\"SearchAction\",\"target\":{\"@type\":\"EntryPoint\",\"urlTemplate\":\"https:\\\/\\\/www.aerometrik.com\\\/?s={search_term_string}\"},\"query-input\":{\"@type\":\"PropertyValueSpecification\",\"valueRequired\":true,\"valueName\":\"search_term_string\"}}],\"inLanguage\":\"it-IT\"},{\"@type\":\"Organization\",\"@id\":\"https:\\\/\\\/www.aerometrik.com\\\/#organization\",\"name\":\"Aerometrik\",\"url\":\"https:\\\/\\\/www.aerometrik.com\\\/\",\"logo\":{\"@type\":\"ImageObject\",\"inLanguage\":\"it-IT\",\"@id\":\"https:\\\/\\\/www.aerometrik.com\\\/#\\\/schema\\\/logo\\\/image\\\/\",\"url\":\"https:\\\/\\\/www.aerometrik.com\\\/wp-content\\\/uploads\\\/2021\\\/08\\\/logo-aerometrik.svg\",\"contentUrl\":\"https:\\\/\\\/www.aerometrik.com\\\/wp-content\\\/uploads\\\/2021\\\/08\\\/logo-aerometrik.svg\",\"width\":212,\"height\":90,\"caption\":\"Aerometrik\"},\"image\":{\"@id\":\"https:\\\/\\\/www.aerometrik.com\\\/#\\\/schema\\\/logo\\\/image\\\/\"}}]}<\/script>\n<!-- \/ Yoast SEO plugin. -->","yoast_head_json":{"title":"Accessori per contatori di particelle CLIMET - Aerometrik","description":"Aerometrik fornisce tutti gli accessori necessari per installare i tuoi misuratori di monitoraggio, supporti per misuratori, sonde in acciaio inox, ecc.","robots":{"index":"index","follow":"follow","max-snippet":"max-snippet:-1","max-image-preview":"max-image-preview:large","max-video-preview":"max-video-preview:-1"},"canonical":"https:\/\/www.aerometrik.com\/it\/produit\/accessori-per-i-contatori-di-particelle-di-monitoraggio-climet\/","og_locale":"it_IT","og_type":"article","og_title":"Accessori per contatori di particelle CLIMET - Aerometrik","og_description":"Aerometrik fornisce tutti gli accessori necessari per installare i tuoi misuratori di monitoraggio, supporti per misuratori, sonde in acciaio inox, ecc.","og_url":"https:\/\/www.aerometrik.com\/it\/produit\/accessori-per-i-contatori-di-particelle-di-monitoraggio-climet\/","og_site_name":"Aerometrik","article_modified_time":"2025-09-30T14:31:30+00:00","og_image":[{"width":572,"height":812,"url":"https:\/\/www.aerometrik.com\/wp-content\/uploads\/2022\/03\/Accessoires_CPM_2.png","type":"image\/png"}],"twitter_card":"summary_large_image","schema":{"@context":"https:\/\/schema.org","@graph":[{"@type":"WebPage","@id":"https:\/\/www.aerometrik.com\/it\/produit\/accessori-per-i-contatori-di-particelle-di-monitoraggio-climet\/","url":"https:\/\/www.aerometrik.com\/it\/produit\/accessori-per-i-contatori-di-particelle-di-monitoraggio-climet\/","name":"Accessori per contatori di particelle CLIMET - Aerometrik","isPartOf":{"@id":"https:\/\/www.aerometrik.com\/#website"},"primaryImageOfPage":{"@id":"https:\/\/www.aerometrik.com\/it\/produit\/accessori-per-i-contatori-di-particelle-di-monitoraggio-climet\/#primaryimage"},"image":{"@id":"https:\/\/www.aerometrik.com\/it\/produit\/accessori-per-i-contatori-di-particelle-di-monitoraggio-climet\/#primaryimage"},"thumbnailUrl":"https:\/\/www.aerometrik.com\/wp-content\/uploads\/2022\/03\/Accessoires_CPM_2.png","datePublished":"2022-01-04T16:00:57+00:00","dateModified":"2025-09-30T14:31:30+00:00","description":"Aerometrik fornisce tutti gli accessori necessari per installare i tuoi misuratori di monitoraggio, supporti per misuratori, sonde in acciaio inox, ecc.","breadcrumb":{"@id":"https:\/\/www.aerometrik.com\/it\/produit\/accessori-per-i-contatori-di-particelle-di-monitoraggio-climet\/#breadcrumb"},"inLanguage":"it-IT","potentialAction":[{"@type":"ReadAction","target":["https:\/\/www.aerometrik.com\/it\/produit\/accessori-per-i-contatori-di-particelle-di-monitoraggio-climet\/"]}]},{"@type":"ImageObject","inLanguage":"it-IT","@id":"https:\/\/www.aerometrik.com\/it\/produit\/accessori-per-i-contatori-di-particelle-di-monitoraggio-climet\/#primaryimage","url":"https:\/\/www.aerometrik.com\/wp-content\/uploads\/2022\/03\/Accessoires_CPM_2.png","contentUrl":"https:\/\/www.aerometrik.com\/wp-content\/uploads\/2022\/03\/Accessoires_CPM_2.png","width":572,"height":812,"caption":"Bev-a-line tubo flessibile per collegare i contatori di particelle CLIMET alle sonde isocinetiche remote"},{"@type":"BreadcrumbList","@id":"https:\/\/www.aerometrik.com\/it\/produit\/accessori-per-i-contatori-di-particelle-di-monitoraggio-climet\/#breadcrumb","itemListElement":[{"@type":"ListItem","position":1,"name":"Accueil","item":"https:\/\/www.aerometrik.com\/"},{"@type":"ListItem","position":2,"name":"Prodotti","item":"https:\/\/www.aerometrik.com\/it\/prodotti\/"},{"@type":"ListItem","position":3,"name":"Accessori per contatori di particelle CLIMET"}]},{"@type":"WebSite","@id":"https:\/\/www.aerometrik.com\/#website","url":"https:\/\/www.aerometrik.com\/","name":"Aerometrik","description":"Solutions de ma\u00eetrise de la qualit\u00e9 de l&#039;air pour le secteur m\u00e9dical, et l&#039;industrie alimentaire et pharmaceutique","publisher":{"@id":"https:\/\/www.aerometrik.com\/#organization"},"potentialAction":[{"@type":"SearchAction","target":{"@type":"EntryPoint","urlTemplate":"https:\/\/www.aerometrik.com\/?s={search_term_string}"},"query-input":{"@type":"PropertyValueSpecification","valueRequired":true,"valueName":"search_term_string"}}],"inLanguage":"it-IT"},{"@type":"Organization","@id":"https:\/\/www.aerometrik.com\/#organization","name":"Aerometrik","url":"https:\/\/www.aerometrik.com\/","logo":{"@type":"ImageObject","inLanguage":"it-IT","@id":"https:\/\/www.aerometrik.com\/#\/schema\/logo\/image\/","url":"https:\/\/www.aerometrik.com\/wp-content\/uploads\/2021\/08\/logo-aerometrik.svg","contentUrl":"https:\/\/www.aerometrik.com\/wp-content\/uploads\/2021\/08\/logo-aerometrik.svg","width":212,"height":90,"caption":"Aerometrik"},"image":{"@id":"https:\/\/www.aerometrik.com\/#\/schema\/logo\/image\/"}}]}},"_links":{"self":[{"href":"https:\/\/www.aerometrik.com\/it\/wp-json\/wp\/v2\/product\/4063","targetHints":{"allow":["GET"]}}],"collection":[{"href":"https:\/\/www.aerometrik.com\/it\/wp-json\/wp\/v2\/product"}],"about":[{"href":"https:\/\/www.aerometrik.com\/it\/wp-json\/wp\/v2\/types\/product"}],"wp:featuredmedia":[{"embeddable":true,"href":"https:\/\/www.aerometrik.com\/it\/wp-json\/wp\/v2\/media\/4064"}],"wp:attachment":[{"href":"https:\/\/www.aerometrik.com\/it\/wp-json\/wp\/v2\/media?parent=4063"}],"wp:term":[{"taxonomy":"product_brand","embeddable":true,"href":"https:\/\/www.aerometrik.com\/it\/wp-json\/wp\/v2\/product_brand?post=4063"},{"taxonomy":"product_cat","embeddable":true,"href":"https:\/\/www.aerometrik.com\/it\/wp-json\/wp\/v2\/product_cat?post=4063"},{"taxonomy":"product_tag","embeddable":true,"href":"https:\/\/www.aerometrik.com\/it\/wp-json\/wp\/v2\/product_tag?post=4063"}],"curies":[{"name":"wp","href":"https:\/\/api.w.org\/{rel}","templated":true}]}}