{"id":3980,"date":"2022-03-04T17:19:10","date_gmt":"2022-03-04T16:19:10","guid":{"rendered":"https:\/\/www.aerometrik.com\/produit\/contatore-di-particelle-climet-modello-ci-570\/"},"modified":"2025-10-04T11:03:17","modified_gmt":"2025-10-04T09:03:17","slug":"contatore-di-particelle-climet-modello-ci-570","status":"publish","type":"product","link":"https:\/\/www.aerometrik.com\/it\/produit\/contatore-di-particelle-climet-modello-ci-570\/","title":{"rendered":"Contatore di particelle CLIMET Modello CI-570"},"content":{"rendered":"","protected":false},"excerpt":{"rendered":"<p>. Nuova generazione della serie NextGen.<br \/>\n. Campiona 1m\u00b3 in 20 minuti!<br \/>\n. Il contatore di particelle pi\u00f9 leggero e pi\u00f9 piccolo per le classi ISO 5, 6 e 7.<br \/>\n. Portata: 50 LPM.<br \/>\n. 6 canali: da 0,3 a 10 \u00b5m.<br \/>\n. Report PDF, Audit Trail e gestione utenti<br \/>\n. Conforme alla norma ISO 21501-4.      <\/p>\n<a class=\"button btn-dl-produit button_size_2 button_none\" href=\"\/wp-content\/uploads\/2022\/01\/Fiche-Technique-CI-570-50-LMIN.pdf\"     style=\"color:#2294D1;\" target=\"_blank\"    title=\"\"><span class=\"button_label\">Scarica la scheda prodotto<\/span><\/a>\n\n","protected":false},"featured_media":3981,"template":"","meta":{"inline_featured_image":false},"product_brand":[],"product_cat":[236,237,235,205,206,184,190],"product_tag":[],"class_list":{"0":"post-3980","1":"product","2":"type-product","3":"status-publish","4":"has-post-thumbnail","6":"product_cat-campionamento-del-gas","7":"product_cat-climet-it","8":"product_cat-contatori-di-particelle","9":"product_cat-contatori-di-particelle-mobili","10":"product_cat-conteggio-del-particolato","11":"product_cat-qualificazione-delle-camere-bianche","12":"product_cat-test-di-integrita-del-filtro","14":"first","15":"instock","16":"product-type-simple"},"gallery_images":[3976,3983,3975],"yoast_head":"<!-- This site is optimized with the Yoast SEO plugin v27.4 - https:\/\/yoast.com\/product\/yoast-seo-wordpress\/ -->\n<title>Contatore di particelle CLIMET Modello CI-570 - Aerometrik<\/title>\n<meta name=\"description\" content=\"Contatore di particelle Climet CI-570, leggero, portata 50 l\/min, involucro in acciaio inox. ISO 21501-4, ISO 14644-1\/2, EU GMP Annex 1, 21 CFR Part 11.\" \/>\n<meta name=\"robots\" content=\"index, follow, max-snippet:-1, max-image-preview:large, max-video-preview:-1\" \/>\n<link rel=\"canonical\" href=\"https:\/\/www.aerometrik.com\/it\/produit\/contatore-di-particelle-climet-modello-ci-570\/\" \/>\n<meta property=\"og:locale\" content=\"it_IT\" \/>\n<meta property=\"og:type\" content=\"article\" \/>\n<meta property=\"og:title\" content=\"Contatore di particelle CLIMET Modello CI-570 - Aerometrik\" \/>\n<meta property=\"og:description\" content=\"Contatore di particelle Climet CI-570, leggero, portata 50 l\/min, involucro in acciaio inox. ISO 21501-4, ISO 14644-1\/2, EU GMP Annex 1, 21 CFR Part 11.\" \/>\n<meta property=\"og:url\" content=\"https:\/\/www.aerometrik.com\/it\/produit\/contatore-di-particelle-climet-modello-ci-570\/\" \/>\n<meta property=\"og:site_name\" content=\"Aerometrik\" \/>\n<meta property=\"article:modified_time\" content=\"2025-10-04T09:03:17+00:00\" \/>\n<meta property=\"og:image\" content=\"https:\/\/www.aerometrik.com\/wp-content\/uploads\/2022\/03\/570_1.png\" \/>\n\t<meta property=\"og:image:width\" content=\"572\" \/>\n\t<meta property=\"og:image:height\" content=\"572\" \/>\n\t<meta property=\"og:image:type\" content=\"image\/jpeg\" \/>\n<meta name=\"twitter:card\" content=\"summary_large_image\" \/>\n<script type=\"application\/ld+json\" class=\"yoast-schema-graph\">{\"@context\":\"https:\\\/\\\/schema.org\",\"@graph\":[{\"@type\":\"WebPage\",\"@id\":\"https:\\\/\\\/www.aerometrik.com\\\/it\\\/produit\\\/contatore-di-particelle-climet-modello-ci-570\\\/\",\"url\":\"https:\\\/\\\/www.aerometrik.com\\\/it\\\/produit\\\/contatore-di-particelle-climet-modello-ci-570\\\/\",\"name\":\"Contatore di particelle CLIMET Modello CI-570 - Aerometrik\",\"isPartOf\":{\"@id\":\"https:\\\/\\\/www.aerometrik.com\\\/#website\"},\"primaryImageOfPage\":{\"@id\":\"https:\\\/\\\/www.aerometrik.com\\\/it\\\/produit\\\/contatore-di-particelle-climet-modello-ci-570\\\/#primaryimage\"},\"image\":{\"@id\":\"https:\\\/\\\/www.aerometrik.com\\\/it\\\/produit\\\/contatore-di-particelle-climet-modello-ci-570\\\/#primaryimage\"},\"thumbnailUrl\":\"https:\\\/\\\/www.aerometrik.com\\\/wp-content\\\/uploads\\\/2022\\\/03\\\/570_1.png\",\"datePublished\":\"2022-03-04T16:19:10+00:00\",\"dateModified\":\"2025-10-04T09:03:17+00:00\",\"description\":\"Contatore di particelle Climet CI-570, leggero, portata 50 l\\\/min, involucro in acciaio inox. ISO 21501-4, ISO 14644-1\\\/2, EU GMP Annex 1, 21 CFR Part 11.\",\"breadcrumb\":{\"@id\":\"https:\\\/\\\/www.aerometrik.com\\\/it\\\/produit\\\/contatore-di-particelle-climet-modello-ci-570\\\/#breadcrumb\"},\"inLanguage\":\"it-IT\",\"potentialAction\":[{\"@type\":\"ReadAction\",\"target\":[\"https:\\\/\\\/www.aerometrik.com\\\/it\\\/produit\\\/contatore-di-particelle-climet-modello-ci-570\\\/\"]}]},{\"@type\":\"ImageObject\",\"inLanguage\":\"it-IT\",\"@id\":\"https:\\\/\\\/www.aerometrik.com\\\/it\\\/produit\\\/contatore-di-particelle-climet-modello-ci-570\\\/#primaryimage\",\"url\":\"https:\\\/\\\/www.aerometrik.com\\\/wp-content\\\/uploads\\\/2022\\\/03\\\/570_1.png\",\"contentUrl\":\"https:\\\/\\\/www.aerometrik.com\\\/wp-content\\\/uploads\\\/2022\\\/03\\\/570_1.png\",\"width\":572,\"height\":572},{\"@type\":\"BreadcrumbList\",\"@id\":\"https:\\\/\\\/www.aerometrik.com\\\/it\\\/produit\\\/contatore-di-particelle-climet-modello-ci-570\\\/#breadcrumb\",\"itemListElement\":[{\"@type\":\"ListItem\",\"position\":1,\"name\":\"Accueil\",\"item\":\"https:\\\/\\\/www.aerometrik.com\\\/\"},{\"@type\":\"ListItem\",\"position\":2,\"name\":\"Prodotti\",\"item\":\"https:\\\/\\\/www.aerometrik.com\\\/it\\\/prodotti\\\/\"},{\"@type\":\"ListItem\",\"position\":3,\"name\":\"Contatore di particelle CLIMET Modello CI-570\"}]},{\"@type\":\"WebSite\",\"@id\":\"https:\\\/\\\/www.aerometrik.com\\\/#website\",\"url\":\"https:\\\/\\\/www.aerometrik.com\\\/\",\"name\":\"Aerometrik\",\"description\":\"Solutions de ma\u00eetrise de la qualit\u00e9 de l&#039;air pour le secteur m\u00e9dical, et l&#039;industrie alimentaire et pharmaceutique\",\"publisher\":{\"@id\":\"https:\\\/\\\/www.aerometrik.com\\\/#organization\"},\"potentialAction\":[{\"@type\":\"SearchAction\",\"target\":{\"@type\":\"EntryPoint\",\"urlTemplate\":\"https:\\\/\\\/www.aerometrik.com\\\/?s={search_term_string}\"},\"query-input\":{\"@type\":\"PropertyValueSpecification\",\"valueRequired\":true,\"valueName\":\"search_term_string\"}}],\"inLanguage\":\"it-IT\"},{\"@type\":\"Organization\",\"@id\":\"https:\\\/\\\/www.aerometrik.com\\\/#organization\",\"name\":\"Aerometrik\",\"url\":\"https:\\\/\\\/www.aerometrik.com\\\/\",\"logo\":{\"@type\":\"ImageObject\",\"inLanguage\":\"it-IT\",\"@id\":\"https:\\\/\\\/www.aerometrik.com\\\/#\\\/schema\\\/logo\\\/image\\\/\",\"url\":\"https:\\\/\\\/www.aerometrik.com\\\/wp-content\\\/uploads\\\/2021\\\/08\\\/logo-aerometrik.svg\",\"contentUrl\":\"https:\\\/\\\/www.aerometrik.com\\\/wp-content\\\/uploads\\\/2021\\\/08\\\/logo-aerometrik.svg\",\"width\":212,\"height\":90,\"caption\":\"Aerometrik\"},\"image\":{\"@id\":\"https:\\\/\\\/www.aerometrik.com\\\/#\\\/schema\\\/logo\\\/image\\\/\"}}]}<\/script>\n<!-- \/ Yoast SEO plugin. -->","yoast_head_json":{"title":"Contatore di particelle CLIMET Modello CI-570 - Aerometrik","description":"Contatore di particelle Climet CI-570, leggero, portata 50 l\/min, involucro in acciaio inox. ISO 21501-4, ISO 14644-1\/2, EU GMP Annex 1, 21 CFR Part 11.","robots":{"index":"index","follow":"follow","max-snippet":"max-snippet:-1","max-image-preview":"max-image-preview:large","max-video-preview":"max-video-preview:-1"},"canonical":"https:\/\/www.aerometrik.com\/it\/produit\/contatore-di-particelle-climet-modello-ci-570\/","og_locale":"it_IT","og_type":"article","og_title":"Contatore di particelle CLIMET Modello CI-570 - Aerometrik","og_description":"Contatore di particelle Climet CI-570, leggero, portata 50 l\/min, involucro in acciaio inox. ISO 21501-4, ISO 14644-1\/2, EU GMP Annex 1, 21 CFR Part 11.","og_url":"https:\/\/www.aerometrik.com\/it\/produit\/contatore-di-particelle-climet-modello-ci-570\/","og_site_name":"Aerometrik","article_modified_time":"2025-10-04T09:03:17+00:00","og_image":[{"width":572,"height":572,"url":"https:\/\/www.aerometrik.com\/wp-content\/uploads\/2022\/03\/570_1.png","type":"image\/jpeg"}],"twitter_card":"summary_large_image","schema":{"@context":"https:\/\/schema.org","@graph":[{"@type":"WebPage","@id":"https:\/\/www.aerometrik.com\/it\/produit\/contatore-di-particelle-climet-modello-ci-570\/","url":"https:\/\/www.aerometrik.com\/it\/produit\/contatore-di-particelle-climet-modello-ci-570\/","name":"Contatore di particelle CLIMET Modello CI-570 - Aerometrik","isPartOf":{"@id":"https:\/\/www.aerometrik.com\/#website"},"primaryImageOfPage":{"@id":"https:\/\/www.aerometrik.com\/it\/produit\/contatore-di-particelle-climet-modello-ci-570\/#primaryimage"},"image":{"@id":"https:\/\/www.aerometrik.com\/it\/produit\/contatore-di-particelle-climet-modello-ci-570\/#primaryimage"},"thumbnailUrl":"https:\/\/www.aerometrik.com\/wp-content\/uploads\/2022\/03\/570_1.png","datePublished":"2022-03-04T16:19:10+00:00","dateModified":"2025-10-04T09:03:17+00:00","description":"Contatore di particelle Climet CI-570, leggero, portata 50 l\/min, involucro in acciaio inox. ISO 21501-4, ISO 14644-1\/2, EU GMP Annex 1, 21 CFR Part 11.","breadcrumb":{"@id":"https:\/\/www.aerometrik.com\/it\/produit\/contatore-di-particelle-climet-modello-ci-570\/#breadcrumb"},"inLanguage":"it-IT","potentialAction":[{"@type":"ReadAction","target":["https:\/\/www.aerometrik.com\/it\/produit\/contatore-di-particelle-climet-modello-ci-570\/"]}]},{"@type":"ImageObject","inLanguage":"it-IT","@id":"https:\/\/www.aerometrik.com\/it\/produit\/contatore-di-particelle-climet-modello-ci-570\/#primaryimage","url":"https:\/\/www.aerometrik.com\/wp-content\/uploads\/2022\/03\/570_1.png","contentUrl":"https:\/\/www.aerometrik.com\/wp-content\/uploads\/2022\/03\/570_1.png","width":572,"height":572},{"@type":"BreadcrumbList","@id":"https:\/\/www.aerometrik.com\/it\/produit\/contatore-di-particelle-climet-modello-ci-570\/#breadcrumb","itemListElement":[{"@type":"ListItem","position":1,"name":"Accueil","item":"https:\/\/www.aerometrik.com\/"},{"@type":"ListItem","position":2,"name":"Prodotti","item":"https:\/\/www.aerometrik.com\/it\/prodotti\/"},{"@type":"ListItem","position":3,"name":"Contatore di particelle CLIMET Modello CI-570"}]},{"@type":"WebSite","@id":"https:\/\/www.aerometrik.com\/#website","url":"https:\/\/www.aerometrik.com\/","name":"Aerometrik","description":"Solutions de ma\u00eetrise de la qualit\u00e9 de l&#039;air pour le secteur m\u00e9dical, et l&#039;industrie alimentaire et pharmaceutique","publisher":{"@id":"https:\/\/www.aerometrik.com\/#organization"},"potentialAction":[{"@type":"SearchAction","target":{"@type":"EntryPoint","urlTemplate":"https:\/\/www.aerometrik.com\/?s={search_term_string}"},"query-input":{"@type":"PropertyValueSpecification","valueRequired":true,"valueName":"search_term_string"}}],"inLanguage":"it-IT"},{"@type":"Organization","@id":"https:\/\/www.aerometrik.com\/#organization","name":"Aerometrik","url":"https:\/\/www.aerometrik.com\/","logo":{"@type":"ImageObject","inLanguage":"it-IT","@id":"https:\/\/www.aerometrik.com\/#\/schema\/logo\/image\/","url":"https:\/\/www.aerometrik.com\/wp-content\/uploads\/2021\/08\/logo-aerometrik.svg","contentUrl":"https:\/\/www.aerometrik.com\/wp-content\/uploads\/2021\/08\/logo-aerometrik.svg","width":212,"height":90,"caption":"Aerometrik"},"image":{"@id":"https:\/\/www.aerometrik.com\/#\/schema\/logo\/image\/"}}]}},"_links":{"self":[{"href":"https:\/\/www.aerometrik.com\/it\/wp-json\/wp\/v2\/product\/3980","targetHints":{"allow":["GET"]}}],"collection":[{"href":"https:\/\/www.aerometrik.com\/it\/wp-json\/wp\/v2\/product"}],"about":[{"href":"https:\/\/www.aerometrik.com\/it\/wp-json\/wp\/v2\/types\/product"}],"wp:featuredmedia":[{"embeddable":true,"href":"https:\/\/www.aerometrik.com\/it\/wp-json\/wp\/v2\/media\/3981"}],"wp:attachment":[{"href":"https:\/\/www.aerometrik.com\/it\/wp-json\/wp\/v2\/media?parent=3980"}],"wp:term":[{"taxonomy":"product_brand","embeddable":true,"href":"https:\/\/www.aerometrik.com\/it\/wp-json\/wp\/v2\/product_brand?post=3980"},{"taxonomy":"product_cat","embeddable":true,"href":"https:\/\/www.aerometrik.com\/it\/wp-json\/wp\/v2\/product_cat?post=3980"},{"taxonomy":"product_tag","embeddable":true,"href":"https:\/\/www.aerometrik.com\/it\/wp-json\/wp\/v2\/product_tag?post=3980"}],"curies":[{"name":"wp","href":"https:\/\/api.w.org\/{rel}","templated":true}]}}