{"id":3728,"date":"2022-05-18T15:56:23","date_gmt":"2022-05-18T13:56:23","guid":{"rendered":"https:\/\/www.aerometrik.com\/produit\/diffusore-di-gas-climet-modello-ci-302\/"},"modified":"2025-10-04T10:51:54","modified_gmt":"2025-10-04T08:51:54","slug":"diffusore-di-gas-climet-modello-ci-302","status":"publish","type":"product","link":"https:\/\/www.aerometrik.com\/it\/produit\/diffusore-di-gas-climet-modello-ci-302\/","title":{"rendered":"Diffusore di gas CLIMET Modello CI-302"},"content":{"rendered":"","protected":false},"excerpt":{"rendered":"<p>Il diffusore ad alta pressione CI-302 \u00e8 utilizzato per il campionamento di gas ad alta pressione con i contatori di particelle o con campionatori microbiologici CLIMET. L&#8217;applicazione di aria o gas compressi direttamente ai contatori di particelle o ai campionatori microbiologici pu\u00f2 danneggiare il dispositivo. Il CI-302 impedisce inoltre la creazione di turbolenze all&#8217;interno del contatore, che causano falsi conteggi.  <\/p>\n<p>Il CI-302 funziona regolando il flusso per fornire un passaggio per la pressione in eccesso. Questo permette allo strumento di funzionare normalmente e di regolare il flusso. <\/p>\n<p><a class=\"button btn-dl-produit button_size_2 button_none\" href=\"https:\/\/www.aerometrik.com\/wp-content\/uploads\/2022\/05\/Fiche-Technique-CI-302.pdf\"     style=\"color:#2294D1;\" target=\"_blank\"    title=\"\"><span class=\"button_label\">Scarica la scheda tecnica del prodotto (kPa)<\/span><\/a>\n<br \/>\n<a class=\"button btn-dl-produit button_size_2 button_none\" href=\"https:\/\/www.aerometrik.com\/wp-content\/uploads\/2024\/11\/Fiche-Technique-CI-302-Bar.pdf\"     style=\"color:#2294D1;\" target=\"_blank\"    title=\"\"><span class=\"button_label\">Scarica la scheda prodotto (Bar)<\/span><\/a>\n<\/p>\n","protected":false},"featured_media":3729,"template":"","meta":{"inline_featured_image":false},"product_brand":[],"product_cat":[236,237,235,205,206,184,190],"product_tag":[],"class_list":{"0":"post-3728","1":"product","2":"type-product","3":"status-publish","4":"has-post-thumbnail","6":"product_cat-campionamento-del-gas","7":"product_cat-climet-it","8":"product_cat-contatori-di-particelle","9":"product_cat-contatori-di-particelle-mobili","10":"product_cat-conteggio-del-particolato","11":"product_cat-qualificazione-delle-camere-bianche","12":"product_cat-test-di-integrita-del-filtro","14":"first","15":"instock","16":"product-type-simple"},"gallery_images":[3730,3731,3732],"yoast_head":"<!-- This site is optimized with the Yoast SEO plugin v27.4 - https:\/\/yoast.com\/product\/yoast-seo-wordpress\/ -->\n<title>Diffusore di gas CLIMET Modello CI-302 - Aerometrik<\/title>\n<meta name=\"description\" content=\"Diffusore ad alta pressione CI-302, utilizzato per il campionamento di gas ad alta pressione con i contatori di particelle o campionatori microbiologici CLIMET.\" \/>\n<meta name=\"robots\" content=\"index, follow, max-snippet:-1, max-image-preview:large, max-video-preview:-1\" \/>\n<link rel=\"canonical\" href=\"https:\/\/www.aerometrik.com\/it\/produit\/diffusore-di-gas-climet-modello-ci-302\/\" \/>\n<meta property=\"og:locale\" content=\"it_IT\" \/>\n<meta property=\"og:type\" content=\"article\" \/>\n<meta property=\"og:title\" content=\"Diffusore di gas CLIMET Modello CI-302 - Aerometrik\" \/>\n<meta property=\"og:description\" content=\"Diffusore ad alta pressione CI-302, utilizzato per il campionamento di gas ad alta pressione con i contatori di particelle o campionatori microbiologici CLIMET.\" \/>\n<meta property=\"og:url\" content=\"https:\/\/www.aerometrik.com\/it\/produit\/diffusore-di-gas-climet-modello-ci-302\/\" \/>\n<meta property=\"og:site_name\" content=\"Aerometrik\" \/>\n<meta property=\"article:modified_time\" content=\"2025-10-04T08:51:54+00:00\" \/>\n<meta property=\"og:image\" content=\"https:\/\/www.aerometrik.com\/wp-content\/uploads\/2022\/05\/Base-site.png\" \/>\n\t<meta property=\"og:image:width\" content=\"1748\" \/>\n\t<meta property=\"og:image:height\" content=\"1748\" \/>\n\t<meta property=\"og:image:type\" content=\"image\/png\" \/>\n<meta name=\"twitter:card\" content=\"summary_large_image\" \/>\n<script type=\"application\/ld+json\" class=\"yoast-schema-graph\">{\"@context\":\"https:\\\/\\\/schema.org\",\"@graph\":[{\"@type\":\"WebPage\",\"@id\":\"https:\\\/\\\/www.aerometrik.com\\\/it\\\/produit\\\/diffusore-di-gas-climet-modello-ci-302\\\/\",\"url\":\"https:\\\/\\\/www.aerometrik.com\\\/it\\\/produit\\\/diffusore-di-gas-climet-modello-ci-302\\\/\",\"name\":\"Diffusore di gas CLIMET Modello CI-302 - Aerometrik\",\"isPartOf\":{\"@id\":\"https:\\\/\\\/www.aerometrik.com\\\/#website\"},\"primaryImageOfPage\":{\"@id\":\"https:\\\/\\\/www.aerometrik.com\\\/it\\\/produit\\\/diffusore-di-gas-climet-modello-ci-302\\\/#primaryimage\"},\"image\":{\"@id\":\"https:\\\/\\\/www.aerometrik.com\\\/it\\\/produit\\\/diffusore-di-gas-climet-modello-ci-302\\\/#primaryimage\"},\"thumbnailUrl\":\"https:\\\/\\\/www.aerometrik.com\\\/wp-content\\\/uploads\\\/2022\\\/05\\\/Base-site.png\",\"datePublished\":\"2022-05-18T13:56:23+00:00\",\"dateModified\":\"2025-10-04T08:51:54+00:00\",\"description\":\"Diffusore ad alta pressione CI-302, utilizzato per il campionamento di gas ad alta pressione con i contatori di particelle o campionatori microbiologici CLIMET.\",\"breadcrumb\":{\"@id\":\"https:\\\/\\\/www.aerometrik.com\\\/it\\\/produit\\\/diffusore-di-gas-climet-modello-ci-302\\\/#breadcrumb\"},\"inLanguage\":\"it-IT\",\"potentialAction\":[{\"@type\":\"ReadAction\",\"target\":[\"https:\\\/\\\/www.aerometrik.com\\\/it\\\/produit\\\/diffusore-di-gas-climet-modello-ci-302\\\/\"]}]},{\"@type\":\"ImageObject\",\"inLanguage\":\"it-IT\",\"@id\":\"https:\\\/\\\/www.aerometrik.com\\\/it\\\/produit\\\/diffusore-di-gas-climet-modello-ci-302\\\/#primaryimage\",\"url\":\"https:\\\/\\\/www.aerometrik.com\\\/wp-content\\\/uploads\\\/2022\\\/05\\\/Base-site.png\",\"contentUrl\":\"https:\\\/\\\/www.aerometrik.com\\\/wp-content\\\/uploads\\\/2022\\\/05\\\/Base-site.png\",\"width\":1748,\"height\":1748,\"caption\":\"CLIMET CI-302 diffusore di gas con contatore di particelle\"},{\"@type\":\"BreadcrumbList\",\"@id\":\"https:\\\/\\\/www.aerometrik.com\\\/it\\\/produit\\\/diffusore-di-gas-climet-modello-ci-302\\\/#breadcrumb\",\"itemListElement\":[{\"@type\":\"ListItem\",\"position\":1,\"name\":\"Accueil\",\"item\":\"https:\\\/\\\/www.aerometrik.com\\\/\"},{\"@type\":\"ListItem\",\"position\":2,\"name\":\"Prodotti\",\"item\":\"https:\\\/\\\/www.aerometrik.com\\\/it\\\/prodotti\\\/\"},{\"@type\":\"ListItem\",\"position\":3,\"name\":\"Diffusore di gas CLIMET Modello CI-302\"}]},{\"@type\":\"WebSite\",\"@id\":\"https:\\\/\\\/www.aerometrik.com\\\/#website\",\"url\":\"https:\\\/\\\/www.aerometrik.com\\\/\",\"name\":\"Aerometrik\",\"description\":\"Solutions de ma\u00eetrise de la qualit\u00e9 de l&#039;air pour le secteur m\u00e9dical, et l&#039;industrie alimentaire et pharmaceutique\",\"publisher\":{\"@id\":\"https:\\\/\\\/www.aerometrik.com\\\/#organization\"},\"potentialAction\":[{\"@type\":\"SearchAction\",\"target\":{\"@type\":\"EntryPoint\",\"urlTemplate\":\"https:\\\/\\\/www.aerometrik.com\\\/?s={search_term_string}\"},\"query-input\":{\"@type\":\"PropertyValueSpecification\",\"valueRequired\":true,\"valueName\":\"search_term_string\"}}],\"inLanguage\":\"it-IT\"},{\"@type\":\"Organization\",\"@id\":\"https:\\\/\\\/www.aerometrik.com\\\/#organization\",\"name\":\"Aerometrik\",\"url\":\"https:\\\/\\\/www.aerometrik.com\\\/\",\"logo\":{\"@type\":\"ImageObject\",\"inLanguage\":\"it-IT\",\"@id\":\"https:\\\/\\\/www.aerometrik.com\\\/#\\\/schema\\\/logo\\\/image\\\/\",\"url\":\"https:\\\/\\\/www.aerometrik.com\\\/wp-content\\\/uploads\\\/2021\\\/08\\\/logo-aerometrik.svg\",\"contentUrl\":\"https:\\\/\\\/www.aerometrik.com\\\/wp-content\\\/uploads\\\/2021\\\/08\\\/logo-aerometrik.svg\",\"width\":212,\"height\":90,\"caption\":\"Aerometrik\"},\"image\":{\"@id\":\"https:\\\/\\\/www.aerometrik.com\\\/#\\\/schema\\\/logo\\\/image\\\/\"}}]}<\/script>\n<!-- \/ Yoast SEO plugin. -->","yoast_head_json":{"title":"Diffusore di gas CLIMET Modello CI-302 - Aerometrik","description":"Diffusore ad alta pressione CI-302, utilizzato per il campionamento di gas ad alta pressione con i contatori di particelle o campionatori microbiologici CLIMET.","robots":{"index":"index","follow":"follow","max-snippet":"max-snippet:-1","max-image-preview":"max-image-preview:large","max-video-preview":"max-video-preview:-1"},"canonical":"https:\/\/www.aerometrik.com\/it\/produit\/diffusore-di-gas-climet-modello-ci-302\/","og_locale":"it_IT","og_type":"article","og_title":"Diffusore di gas CLIMET Modello CI-302 - Aerometrik","og_description":"Diffusore ad alta pressione CI-302, utilizzato per il campionamento di gas ad alta pressione con i contatori di particelle o campionatori microbiologici CLIMET.","og_url":"https:\/\/www.aerometrik.com\/it\/produit\/diffusore-di-gas-climet-modello-ci-302\/","og_site_name":"Aerometrik","article_modified_time":"2025-10-04T08:51:54+00:00","og_image":[{"width":1748,"height":1748,"url":"https:\/\/www.aerometrik.com\/wp-content\/uploads\/2022\/05\/Base-site.png","type":"image\/png"}],"twitter_card":"summary_large_image","schema":{"@context":"https:\/\/schema.org","@graph":[{"@type":"WebPage","@id":"https:\/\/www.aerometrik.com\/it\/produit\/diffusore-di-gas-climet-modello-ci-302\/","url":"https:\/\/www.aerometrik.com\/it\/produit\/diffusore-di-gas-climet-modello-ci-302\/","name":"Diffusore di gas CLIMET Modello CI-302 - Aerometrik","isPartOf":{"@id":"https:\/\/www.aerometrik.com\/#website"},"primaryImageOfPage":{"@id":"https:\/\/www.aerometrik.com\/it\/produit\/diffusore-di-gas-climet-modello-ci-302\/#primaryimage"},"image":{"@id":"https:\/\/www.aerometrik.com\/it\/produit\/diffusore-di-gas-climet-modello-ci-302\/#primaryimage"},"thumbnailUrl":"https:\/\/www.aerometrik.com\/wp-content\/uploads\/2022\/05\/Base-site.png","datePublished":"2022-05-18T13:56:23+00:00","dateModified":"2025-10-04T08:51:54+00:00","description":"Diffusore ad alta pressione CI-302, utilizzato per il campionamento di gas ad alta pressione con i contatori di particelle o campionatori microbiologici CLIMET.","breadcrumb":{"@id":"https:\/\/www.aerometrik.com\/it\/produit\/diffusore-di-gas-climet-modello-ci-302\/#breadcrumb"},"inLanguage":"it-IT","potentialAction":[{"@type":"ReadAction","target":["https:\/\/www.aerometrik.com\/it\/produit\/diffusore-di-gas-climet-modello-ci-302\/"]}]},{"@type":"ImageObject","inLanguage":"it-IT","@id":"https:\/\/www.aerometrik.com\/it\/produit\/diffusore-di-gas-climet-modello-ci-302\/#primaryimage","url":"https:\/\/www.aerometrik.com\/wp-content\/uploads\/2022\/05\/Base-site.png","contentUrl":"https:\/\/www.aerometrik.com\/wp-content\/uploads\/2022\/05\/Base-site.png","width":1748,"height":1748,"caption":"CLIMET CI-302 diffusore di gas con contatore di particelle"},{"@type":"BreadcrumbList","@id":"https:\/\/www.aerometrik.com\/it\/produit\/diffusore-di-gas-climet-modello-ci-302\/#breadcrumb","itemListElement":[{"@type":"ListItem","position":1,"name":"Accueil","item":"https:\/\/www.aerometrik.com\/"},{"@type":"ListItem","position":2,"name":"Prodotti","item":"https:\/\/www.aerometrik.com\/it\/prodotti\/"},{"@type":"ListItem","position":3,"name":"Diffusore di gas CLIMET Modello CI-302"}]},{"@type":"WebSite","@id":"https:\/\/www.aerometrik.com\/#website","url":"https:\/\/www.aerometrik.com\/","name":"Aerometrik","description":"Solutions de ma\u00eetrise de la qualit\u00e9 de l&#039;air pour le secteur m\u00e9dical, et l&#039;industrie alimentaire et pharmaceutique","publisher":{"@id":"https:\/\/www.aerometrik.com\/#organization"},"potentialAction":[{"@type":"SearchAction","target":{"@type":"EntryPoint","urlTemplate":"https:\/\/www.aerometrik.com\/?s={search_term_string}"},"query-input":{"@type":"PropertyValueSpecification","valueRequired":true,"valueName":"search_term_string"}}],"inLanguage":"it-IT"},{"@type":"Organization","@id":"https:\/\/www.aerometrik.com\/#organization","name":"Aerometrik","url":"https:\/\/www.aerometrik.com\/","logo":{"@type":"ImageObject","inLanguage":"it-IT","@id":"https:\/\/www.aerometrik.com\/#\/schema\/logo\/image\/","url":"https:\/\/www.aerometrik.com\/wp-content\/uploads\/2021\/08\/logo-aerometrik.svg","contentUrl":"https:\/\/www.aerometrik.com\/wp-content\/uploads\/2021\/08\/logo-aerometrik.svg","width":212,"height":90,"caption":"Aerometrik"},"image":{"@id":"https:\/\/www.aerometrik.com\/#\/schema\/logo\/image\/"}}]}},"_links":{"self":[{"href":"https:\/\/www.aerometrik.com\/it\/wp-json\/wp\/v2\/product\/3728","targetHints":{"allow":["GET"]}}],"collection":[{"href":"https:\/\/www.aerometrik.com\/it\/wp-json\/wp\/v2\/product"}],"about":[{"href":"https:\/\/www.aerometrik.com\/it\/wp-json\/wp\/v2\/types\/product"}],"wp:featuredmedia":[{"embeddable":true,"href":"https:\/\/www.aerometrik.com\/it\/wp-json\/wp\/v2\/media\/3729"}],"wp:attachment":[{"href":"https:\/\/www.aerometrik.com\/it\/wp-json\/wp\/v2\/media?parent=3728"}],"wp:term":[{"taxonomy":"product_brand","embeddable":true,"href":"https:\/\/www.aerometrik.com\/it\/wp-json\/wp\/v2\/product_brand?post=3728"},{"taxonomy":"product_cat","embeddable":true,"href":"https:\/\/www.aerometrik.com\/it\/wp-json\/wp\/v2\/product_cat?post=3728"},{"taxonomy":"product_tag","embeddable":true,"href":"https:\/\/www.aerometrik.com\/it\/wp-json\/wp\/v2\/product_tag?post=3728"}],"curies":[{"name":"wp","href":"https:\/\/api.w.org\/{rel}","templated":true}]}}