{"id":3638,"date":"2024-10-02T14:52:41","date_gmt":"2024-10-02T12:52:41","guid":{"rendered":"https:\/\/www.aerometrik.com\/produit\/generatore-di-fumo-air-trace\/"},"modified":"2025-10-01T12:19:22","modified_gmt":"2025-10-01T10:19:22","slug":"generatore-di-fumo-air-trace","status":"publish","type":"product","link":"https:\/\/www.aerometrik.com\/it\/produit\/generatore-di-fumo-air-trace\/","title":{"rendered":"Generatore di fumo Air Trace"},"content":{"rendered":"","protected":false},"excerpt":{"rendered":"<ul>\n<li>. Generatore portatile ultracompatto e autonomo.<\/li>\n<li>. Bilanciamento della pressione<\/li>\n<li>. Ottimizzare la posizione delle apparecchiature.<\/li>\n<li>. Scoprire fonti di contaminazione particellare<\/li>\n<li>. Monitorare i percorsi di infiltrazione dell&#8217;aria per ridurre al minimo l&#8217;introduzione di particelle nelle aree critiche.\n<a class=\"button btn-dl-produit button_size_2 button_none\" href=\"https:\/\/www.aerometrik.com\/wp-content\/uploads\/2024\/10\/AIRTRACEMK2-Datasheet.pdf\"     style=\"color:#2294D1;\" target=\"_blank\"    title=\"\"><span class=\"button_label\">Scarica la scheda prodotto<\/span><\/a>\n\n<p><a class=\"button btn-dl-produit button_size_2 button_none\" href=\"https:\/\/www.aerometrik.com\/nous-contacter\/\"     style=\"color:#d12222;\" target=\"_blank\"    title=\"\"><span class=\"button_label\">Disponibile per il noleggio<\/span><\/a>\n<\/li>\n<\/ul>\n","protected":false},"featured_media":3641,"template":"","meta":{"inline_featured_image":false},"product_brand":[],"product_cat":[185,184],"product_tag":[],"class_list":{"0":"post-3638","1":"product","2":"type-product","3":"status-publish","4":"has-post-thumbnail","6":"product_cat-generatore-di-fumo","7":"product_cat-qualificazione-delle-camere-bianche","9":"first","10":"instock","11":"product-type-simple"},"gallery_images":[],"yoast_head":"<!-- This site is optimized with the Yoast SEO plugin v27.3 - https:\/\/yoast.com\/product\/yoast-seo-wordpress\/ -->\n<title>Generatore di fumo Air Trace - Aerometrik<\/title>\n<meta name=\"description\" content=\"Diagrammi di flusso d&#039;aria: generatore di fumo portatile AIR TRACE per la visualizzazione e il monitoraggio dei flussi d&#039;aria in ambienti classificati (ISO 14644-3).\" \/>\n<meta name=\"robots\" content=\"index, follow, max-snippet:-1, max-image-preview:large, max-video-preview:-1\" \/>\n<link rel=\"canonical\" href=\"https:\/\/www.aerometrik.com\/it\/produit\/generatore-di-fumo-air-trace\/\" \/>\n<meta property=\"og:locale\" content=\"it_IT\" \/>\n<meta property=\"og:type\" content=\"article\" \/>\n<meta property=\"og:title\" content=\"Generatore di fumo Air Trace - Aerometrik\" \/>\n<meta property=\"og:description\" content=\"Diagrammi di flusso d&#039;aria: generatore di fumo portatile AIR TRACE per la visualizzazione e il monitoraggio dei flussi d&#039;aria in ambienti classificati (ISO 14644-3).\" \/>\n<meta property=\"og:url\" content=\"https:\/\/www.aerometrik.com\/it\/produit\/generatore-di-fumo-air-trace\/\" \/>\n<meta property=\"og:site_name\" content=\"Aerometrik\" \/>\n<meta property=\"article:modified_time\" content=\"2025-10-01T10:19:22+00:00\" \/>\n<meta property=\"og:image\" content=\"https:\/\/www.aerometrik.com\/wp-content\/uploads\/2024\/10\/AIR-TRACE.png\" \/>\n\t<meta property=\"og:image:width\" content=\"1748\" \/>\n\t<meta property=\"og:image:height\" content=\"1748\" \/>\n\t<meta property=\"og:image:type\" content=\"image\/png\" \/>\n<meta name=\"twitter:card\" content=\"summary_large_image\" \/>\n<script type=\"application\/ld+json\" class=\"yoast-schema-graph\">{\"@context\":\"https:\\\/\\\/schema.org\",\"@graph\":[{\"@type\":\"WebPage\",\"@id\":\"https:\\\/\\\/www.aerometrik.com\\\/it\\\/produit\\\/generatore-di-fumo-air-trace\\\/\",\"url\":\"https:\\\/\\\/www.aerometrik.com\\\/it\\\/produit\\\/generatore-di-fumo-air-trace\\\/\",\"name\":\"Generatore di fumo Air Trace - Aerometrik\",\"isPartOf\":{\"@id\":\"https:\\\/\\\/www.aerometrik.com\\\/#website\"},\"primaryImageOfPage\":{\"@id\":\"https:\\\/\\\/www.aerometrik.com\\\/it\\\/produit\\\/generatore-di-fumo-air-trace\\\/#primaryimage\"},\"image\":{\"@id\":\"https:\\\/\\\/www.aerometrik.com\\\/it\\\/produit\\\/generatore-di-fumo-air-trace\\\/#primaryimage\"},\"thumbnailUrl\":\"https:\\\/\\\/www.aerometrik.com\\\/wp-content\\\/uploads\\\/2024\\\/10\\\/AIR-TRACE.png\",\"datePublished\":\"2024-10-02T12:52:41+00:00\",\"dateModified\":\"2025-10-01T10:19:22+00:00\",\"description\":\"Diagrammi di flusso d'aria: generatore di fumo portatile AIR TRACE per la visualizzazione e il monitoraggio dei flussi d'aria in ambienti classificati (ISO 14644-3).\",\"breadcrumb\":{\"@id\":\"https:\\\/\\\/www.aerometrik.com\\\/it\\\/produit\\\/generatore-di-fumo-air-trace\\\/#breadcrumb\"},\"inLanguage\":\"it-IT\",\"potentialAction\":[{\"@type\":\"ReadAction\",\"target\":[\"https:\\\/\\\/www.aerometrik.com\\\/it\\\/produit\\\/generatore-di-fumo-air-trace\\\/\"]}]},{\"@type\":\"ImageObject\",\"inLanguage\":\"it-IT\",\"@id\":\"https:\\\/\\\/www.aerometrik.com\\\/it\\\/produit\\\/generatore-di-fumo-air-trace\\\/#primaryimage\",\"url\":\"https:\\\/\\\/www.aerometrik.com\\\/wp-content\\\/uploads\\\/2024\\\/10\\\/AIR-TRACE.png\",\"contentUrl\":\"https:\\\/\\\/www.aerometrik.com\\\/wp-content\\\/uploads\\\/2024\\\/10\\\/AIR-TRACE.png\",\"width\":1748,\"height\":1748,\"caption\":\"generatore di fumo\"},{\"@type\":\"BreadcrumbList\",\"@id\":\"https:\\\/\\\/www.aerometrik.com\\\/it\\\/produit\\\/generatore-di-fumo-air-trace\\\/#breadcrumb\",\"itemListElement\":[{\"@type\":\"ListItem\",\"position\":1,\"name\":\"Accueil\",\"item\":\"https:\\\/\\\/www.aerometrik.com\\\/\"},{\"@type\":\"ListItem\",\"position\":2,\"name\":\"Prodotti\",\"item\":\"https:\\\/\\\/www.aerometrik.com\\\/it\\\/prodotti\\\/\"},{\"@type\":\"ListItem\",\"position\":3,\"name\":\"Generatore di fumo Air Trace\"}]},{\"@type\":\"WebSite\",\"@id\":\"https:\\\/\\\/www.aerometrik.com\\\/#website\",\"url\":\"https:\\\/\\\/www.aerometrik.com\\\/\",\"name\":\"Aerometrik\",\"description\":\"Solutions de ma\u00eetrise de la qualit\u00e9 de l&#039;air pour le secteur m\u00e9dical, et l&#039;industrie alimentaire et pharmaceutique\",\"publisher\":{\"@id\":\"https:\\\/\\\/www.aerometrik.com\\\/#organization\"},\"potentialAction\":[{\"@type\":\"SearchAction\",\"target\":{\"@type\":\"EntryPoint\",\"urlTemplate\":\"https:\\\/\\\/www.aerometrik.com\\\/?s={search_term_string}\"},\"query-input\":{\"@type\":\"PropertyValueSpecification\",\"valueRequired\":true,\"valueName\":\"search_term_string\"}}],\"inLanguage\":\"it-IT\"},{\"@type\":\"Organization\",\"@id\":\"https:\\\/\\\/www.aerometrik.com\\\/#organization\",\"name\":\"Aerometrik\",\"url\":\"https:\\\/\\\/www.aerometrik.com\\\/\",\"logo\":{\"@type\":\"ImageObject\",\"inLanguage\":\"it-IT\",\"@id\":\"https:\\\/\\\/www.aerometrik.com\\\/#\\\/schema\\\/logo\\\/image\\\/\",\"url\":\"https:\\\/\\\/www.aerometrik.com\\\/wp-content\\\/uploads\\\/2021\\\/08\\\/logo-aerometrik.svg\",\"contentUrl\":\"https:\\\/\\\/www.aerometrik.com\\\/wp-content\\\/uploads\\\/2021\\\/08\\\/logo-aerometrik.svg\",\"width\":212,\"height\":90,\"caption\":\"Aerometrik\"},\"image\":{\"@id\":\"https:\\\/\\\/www.aerometrik.com\\\/#\\\/schema\\\/logo\\\/image\\\/\"}}]}<\/script>\n<!-- \/ Yoast SEO plugin. -->","yoast_head_json":{"title":"Generatore di fumo Air Trace - Aerometrik","description":"Diagrammi di flusso d'aria: generatore di fumo portatile AIR TRACE per la visualizzazione e il monitoraggio dei flussi d'aria in ambienti classificati (ISO 14644-3).","robots":{"index":"index","follow":"follow","max-snippet":"max-snippet:-1","max-image-preview":"max-image-preview:large","max-video-preview":"max-video-preview:-1"},"canonical":"https:\/\/www.aerometrik.com\/it\/produit\/generatore-di-fumo-air-trace\/","og_locale":"it_IT","og_type":"article","og_title":"Generatore di fumo Air Trace - Aerometrik","og_description":"Diagrammi di flusso d'aria: generatore di fumo portatile AIR TRACE per la visualizzazione e il monitoraggio dei flussi d'aria in ambienti classificati (ISO 14644-3).","og_url":"https:\/\/www.aerometrik.com\/it\/produit\/generatore-di-fumo-air-trace\/","og_site_name":"Aerometrik","article_modified_time":"2025-10-01T10:19:22+00:00","og_image":[{"width":1748,"height":1748,"url":"https:\/\/www.aerometrik.com\/wp-content\/uploads\/2024\/10\/AIR-TRACE.png","type":"image\/png"}],"twitter_card":"summary_large_image","schema":{"@context":"https:\/\/schema.org","@graph":[{"@type":"WebPage","@id":"https:\/\/www.aerometrik.com\/it\/produit\/generatore-di-fumo-air-trace\/","url":"https:\/\/www.aerometrik.com\/it\/produit\/generatore-di-fumo-air-trace\/","name":"Generatore di fumo Air Trace - Aerometrik","isPartOf":{"@id":"https:\/\/www.aerometrik.com\/#website"},"primaryImageOfPage":{"@id":"https:\/\/www.aerometrik.com\/it\/produit\/generatore-di-fumo-air-trace\/#primaryimage"},"image":{"@id":"https:\/\/www.aerometrik.com\/it\/produit\/generatore-di-fumo-air-trace\/#primaryimage"},"thumbnailUrl":"https:\/\/www.aerometrik.com\/wp-content\/uploads\/2024\/10\/AIR-TRACE.png","datePublished":"2024-10-02T12:52:41+00:00","dateModified":"2025-10-01T10:19:22+00:00","description":"Diagrammi di flusso d'aria: generatore di fumo portatile AIR TRACE per la visualizzazione e il monitoraggio dei flussi d'aria in ambienti classificati (ISO 14644-3).","breadcrumb":{"@id":"https:\/\/www.aerometrik.com\/it\/produit\/generatore-di-fumo-air-trace\/#breadcrumb"},"inLanguage":"it-IT","potentialAction":[{"@type":"ReadAction","target":["https:\/\/www.aerometrik.com\/it\/produit\/generatore-di-fumo-air-trace\/"]}]},{"@type":"ImageObject","inLanguage":"it-IT","@id":"https:\/\/www.aerometrik.com\/it\/produit\/generatore-di-fumo-air-trace\/#primaryimage","url":"https:\/\/www.aerometrik.com\/wp-content\/uploads\/2024\/10\/AIR-TRACE.png","contentUrl":"https:\/\/www.aerometrik.com\/wp-content\/uploads\/2024\/10\/AIR-TRACE.png","width":1748,"height":1748,"caption":"generatore di fumo"},{"@type":"BreadcrumbList","@id":"https:\/\/www.aerometrik.com\/it\/produit\/generatore-di-fumo-air-trace\/#breadcrumb","itemListElement":[{"@type":"ListItem","position":1,"name":"Accueil","item":"https:\/\/www.aerometrik.com\/"},{"@type":"ListItem","position":2,"name":"Prodotti","item":"https:\/\/www.aerometrik.com\/it\/prodotti\/"},{"@type":"ListItem","position":3,"name":"Generatore di fumo Air Trace"}]},{"@type":"WebSite","@id":"https:\/\/www.aerometrik.com\/#website","url":"https:\/\/www.aerometrik.com\/","name":"Aerometrik","description":"Solutions de ma\u00eetrise de la qualit\u00e9 de l&#039;air pour le secteur m\u00e9dical, et l&#039;industrie alimentaire et pharmaceutique","publisher":{"@id":"https:\/\/www.aerometrik.com\/#organization"},"potentialAction":[{"@type":"SearchAction","target":{"@type":"EntryPoint","urlTemplate":"https:\/\/www.aerometrik.com\/?s={search_term_string}"},"query-input":{"@type":"PropertyValueSpecification","valueRequired":true,"valueName":"search_term_string"}}],"inLanguage":"it-IT"},{"@type":"Organization","@id":"https:\/\/www.aerometrik.com\/#organization","name":"Aerometrik","url":"https:\/\/www.aerometrik.com\/","logo":{"@type":"ImageObject","inLanguage":"it-IT","@id":"https:\/\/www.aerometrik.com\/#\/schema\/logo\/image\/","url":"https:\/\/www.aerometrik.com\/wp-content\/uploads\/2021\/08\/logo-aerometrik.svg","contentUrl":"https:\/\/www.aerometrik.com\/wp-content\/uploads\/2021\/08\/logo-aerometrik.svg","width":212,"height":90,"caption":"Aerometrik"},"image":{"@id":"https:\/\/www.aerometrik.com\/#\/schema\/logo\/image\/"}}]}},"_links":{"self":[{"href":"https:\/\/www.aerometrik.com\/it\/wp-json\/wp\/v2\/product\/3638","targetHints":{"allow":["GET"]}}],"collection":[{"href":"https:\/\/www.aerometrik.com\/it\/wp-json\/wp\/v2\/product"}],"about":[{"href":"https:\/\/www.aerometrik.com\/it\/wp-json\/wp\/v2\/types\/product"}],"wp:featuredmedia":[{"embeddable":true,"href":"https:\/\/www.aerometrik.com\/it\/wp-json\/wp\/v2\/media\/3641"}],"wp:attachment":[{"href":"https:\/\/www.aerometrik.com\/it\/wp-json\/wp\/v2\/media?parent=3638"}],"wp:term":[{"taxonomy":"product_brand","embeddable":true,"href":"https:\/\/www.aerometrik.com\/it\/wp-json\/wp\/v2\/product_brand?post=3638"},{"taxonomy":"product_cat","embeddable":true,"href":"https:\/\/www.aerometrik.com\/it\/wp-json\/wp\/v2\/product_cat?post=3638"},{"taxonomy":"product_tag","embeddable":true,"href":"https:\/\/www.aerometrik.com\/it\/wp-json\/wp\/v2\/product_tag?post=3638"}],"curies":[{"name":"wp","href":"https:\/\/api.w.org\/{rel}","templated":true}]}}