{"id":3552,"date":"2021-12-01T16:01:42","date_gmt":"2021-12-01T15:01:42","guid":{"rendered":"https:\/\/www.aerometrik.com\/campi-di-applicazione\/qualificazione-delle-camere-bianche\/"},"modified":"2021-12-01T16:01:42","modified_gmt":"2021-12-01T15:01:42","slug":"qualificazione-delle-camere-bianche","status":"publish","type":"page","link":"https:\/\/www.aerometrik.com\/it\/campi-di-applicazione\/qualificazione-delle-camere-bianche\/","title":{"rendered":"Qualificazione delle camere bianche"},"content":{"rendered":"","protected":false},"excerpt":{"rendered":"","protected":false},"author":1,"featured_media":0,"parent":3546,"menu_order":0,"comment_status":"closed","ping_status":"closed","template":"","meta":{"inline_featured_image":false,"footnotes":""},"class_list":["post-3552","page","type-page","status-publish","hentry"],"yoast_head":"<!-- This site is optimized with the Yoast SEO plugin v27.4 - https:\/\/yoast.com\/product\/yoast-seo-wordpress\/ -->\n<title>Qualificazione delle Camere Bianche | Aerom\u00e9trik<\/title>\n<meta name=\"description\" content=\"A\u00e9rom\u00e9trik offre una gamma completa di soluzioni per la qualificazione delle camere bianche: fornitura e noleggio di attrezzature per la qualificazione ...\" \/>\n<meta name=\"robots\" content=\"index, follow, max-snippet:-1, max-image-preview:large, max-video-preview:-1\" \/>\n<link rel=\"canonical\" href=\"https:\/\/www.aerometrik.com\/it\/campi-di-applicazione\/qualificazione-delle-camere-bianche\/\" \/>\n<meta property=\"og:locale\" content=\"it_IT\" \/>\n<meta property=\"og:type\" content=\"article\" \/>\n<meta property=\"og:title\" content=\"Qualificazione delle Camere Bianche | Aerom\u00e9trik\" \/>\n<meta property=\"og:description\" content=\"A\u00e9rom\u00e9trik offre una gamma completa di soluzioni per la qualificazione delle camere bianche: fornitura e noleggio di attrezzature per la qualificazione ...\" \/>\n<meta property=\"og:url\" content=\"https:\/\/www.aerometrik.com\/it\/campi-di-applicazione\/qualificazione-delle-camere-bianche\/\" \/>\n<meta property=\"og:site_name\" content=\"Aerometrik\" \/>\n<meta name=\"twitter:card\" content=\"summary_large_image\" \/>\n<script type=\"application\/ld+json\" class=\"yoast-schema-graph\">{\"@context\":\"https:\\\/\\\/schema.org\",\"@graph\":[{\"@type\":\"WebPage\",\"@id\":\"https:\\\/\\\/www.aerometrik.com\\\/it\\\/campi-di-applicazione\\\/qualificazione-delle-camere-bianche\\\/\",\"url\":\"https:\\\/\\\/www.aerometrik.com\\\/it\\\/campi-di-applicazione\\\/qualificazione-delle-camere-bianche\\\/\",\"name\":\"Qualificazione delle Camere Bianche | Aerom\u00e9trik\",\"isPartOf\":{\"@id\":\"https:\\\/\\\/www.aerometrik.com\\\/#website\"},\"datePublished\":\"2021-12-01T15:01:42+00:00\",\"description\":\"A\u00e9rom\u00e9trik offre una gamma completa di soluzioni per la qualificazione delle camere bianche: fornitura e noleggio di attrezzature per la qualificazione ...\",\"breadcrumb\":{\"@id\":\"https:\\\/\\\/www.aerometrik.com\\\/it\\\/campi-di-applicazione\\\/qualificazione-delle-camere-bianche\\\/#breadcrumb\"},\"inLanguage\":\"it-IT\",\"potentialAction\":[{\"@type\":\"ReadAction\",\"target\":[\"https:\\\/\\\/www.aerometrik.com\\\/it\\\/campi-di-applicazione\\\/qualificazione-delle-camere-bianche\\\/\"]}]},{\"@type\":\"BreadcrumbList\",\"@id\":\"https:\\\/\\\/www.aerometrik.com\\\/it\\\/campi-di-applicazione\\\/qualificazione-delle-camere-bianche\\\/#breadcrumb\",\"itemListElement\":[{\"@type\":\"ListItem\",\"position\":1,\"name\":\"Accueil\",\"item\":\"https:\\\/\\\/www.aerometrik.com\\\/\"},{\"@type\":\"ListItem\",\"position\":2,\"name\":\"Campi di applicazione\",\"item\":\"https:\\\/\\\/www.aerometrik.com\\\/it\\\/campi-di-applicazione\\\/\"},{\"@type\":\"ListItem\",\"position\":3,\"name\":\"Qualificazione delle camere bianche\"}]},{\"@type\":\"WebSite\",\"@id\":\"https:\\\/\\\/www.aerometrik.com\\\/#website\",\"url\":\"https:\\\/\\\/www.aerometrik.com\\\/\",\"name\":\"Aerometrik\",\"description\":\"Solutions de ma\u00eetrise de la qualit\u00e9 de l&#039;air pour le secteur m\u00e9dical, et l&#039;industrie alimentaire et pharmaceutique\",\"publisher\":{\"@id\":\"https:\\\/\\\/www.aerometrik.com\\\/#organization\"},\"potentialAction\":[{\"@type\":\"SearchAction\",\"target\":{\"@type\":\"EntryPoint\",\"urlTemplate\":\"https:\\\/\\\/www.aerometrik.com\\\/?s={search_term_string}\"},\"query-input\":{\"@type\":\"PropertyValueSpecification\",\"valueRequired\":true,\"valueName\":\"search_term_string\"}}],\"inLanguage\":\"it-IT\"},{\"@type\":\"Organization\",\"@id\":\"https:\\\/\\\/www.aerometrik.com\\\/#organization\",\"name\":\"Aerometrik\",\"url\":\"https:\\\/\\\/www.aerometrik.com\\\/\",\"logo\":{\"@type\":\"ImageObject\",\"inLanguage\":\"it-IT\",\"@id\":\"https:\\\/\\\/www.aerometrik.com\\\/#\\\/schema\\\/logo\\\/image\\\/\",\"url\":\"https:\\\/\\\/www.aerometrik.com\\\/wp-content\\\/uploads\\\/2021\\\/08\\\/logo-aerometrik.svg\",\"contentUrl\":\"https:\\\/\\\/www.aerometrik.com\\\/wp-content\\\/uploads\\\/2021\\\/08\\\/logo-aerometrik.svg\",\"width\":212,\"height\":90,\"caption\":\"Aerometrik\"},\"image\":{\"@id\":\"https:\\\/\\\/www.aerometrik.com\\\/#\\\/schema\\\/logo\\\/image\\\/\"}}]}<\/script>\n<!-- \/ Yoast SEO plugin. -->","yoast_head_json":{"title":"Qualificazione delle Camere Bianche | Aerom\u00e9trik","description":"A\u00e9rom\u00e9trik offre una gamma completa di soluzioni per la qualificazione delle camere bianche: fornitura e noleggio di attrezzature per la qualificazione ...","robots":{"index":"index","follow":"follow","max-snippet":"max-snippet:-1","max-image-preview":"max-image-preview:large","max-video-preview":"max-video-preview:-1"},"canonical":"https:\/\/www.aerometrik.com\/it\/campi-di-applicazione\/qualificazione-delle-camere-bianche\/","og_locale":"it_IT","og_type":"article","og_title":"Qualificazione delle Camere Bianche | Aerom\u00e9trik","og_description":"A\u00e9rom\u00e9trik offre una gamma completa di soluzioni per la qualificazione delle camere bianche: fornitura e noleggio di attrezzature per la qualificazione ...","og_url":"https:\/\/www.aerometrik.com\/it\/campi-di-applicazione\/qualificazione-delle-camere-bianche\/","og_site_name":"Aerometrik","twitter_card":"summary_large_image","schema":{"@context":"https:\/\/schema.org","@graph":[{"@type":"WebPage","@id":"https:\/\/www.aerometrik.com\/it\/campi-di-applicazione\/qualificazione-delle-camere-bianche\/","url":"https:\/\/www.aerometrik.com\/it\/campi-di-applicazione\/qualificazione-delle-camere-bianche\/","name":"Qualificazione delle Camere Bianche | Aerom\u00e9trik","isPartOf":{"@id":"https:\/\/www.aerometrik.com\/#website"},"datePublished":"2021-12-01T15:01:42+00:00","description":"A\u00e9rom\u00e9trik offre una gamma completa di soluzioni per la qualificazione delle camere bianche: fornitura e noleggio di attrezzature per la qualificazione ...","breadcrumb":{"@id":"https:\/\/www.aerometrik.com\/it\/campi-di-applicazione\/qualificazione-delle-camere-bianche\/#breadcrumb"},"inLanguage":"it-IT","potentialAction":[{"@type":"ReadAction","target":["https:\/\/www.aerometrik.com\/it\/campi-di-applicazione\/qualificazione-delle-camere-bianche\/"]}]},{"@type":"BreadcrumbList","@id":"https:\/\/www.aerometrik.com\/it\/campi-di-applicazione\/qualificazione-delle-camere-bianche\/#breadcrumb","itemListElement":[{"@type":"ListItem","position":1,"name":"Accueil","item":"https:\/\/www.aerometrik.com\/"},{"@type":"ListItem","position":2,"name":"Campi di applicazione","item":"https:\/\/www.aerometrik.com\/it\/campi-di-applicazione\/"},{"@type":"ListItem","position":3,"name":"Qualificazione delle camere bianche"}]},{"@type":"WebSite","@id":"https:\/\/www.aerometrik.com\/#website","url":"https:\/\/www.aerometrik.com\/","name":"Aerometrik","description":"Solutions de ma\u00eetrise de la qualit\u00e9 de l&#039;air pour le secteur m\u00e9dical, et l&#039;industrie alimentaire et pharmaceutique","publisher":{"@id":"https:\/\/www.aerometrik.com\/#organization"},"potentialAction":[{"@type":"SearchAction","target":{"@type":"EntryPoint","urlTemplate":"https:\/\/www.aerometrik.com\/?s={search_term_string}"},"query-input":{"@type":"PropertyValueSpecification","valueRequired":true,"valueName":"search_term_string"}}],"inLanguage":"it-IT"},{"@type":"Organization","@id":"https:\/\/www.aerometrik.com\/#organization","name":"Aerometrik","url":"https:\/\/www.aerometrik.com\/","logo":{"@type":"ImageObject","inLanguage":"it-IT","@id":"https:\/\/www.aerometrik.com\/#\/schema\/logo\/image\/","url":"https:\/\/www.aerometrik.com\/wp-content\/uploads\/2021\/08\/logo-aerometrik.svg","contentUrl":"https:\/\/www.aerometrik.com\/wp-content\/uploads\/2021\/08\/logo-aerometrik.svg","width":212,"height":90,"caption":"Aerometrik"},"image":{"@id":"https:\/\/www.aerometrik.com\/#\/schema\/logo\/image\/"}}]}},"_links":{"self":[{"href":"https:\/\/www.aerometrik.com\/it\/wp-json\/wp\/v2\/pages\/3552","targetHints":{"allow":["GET"]}}],"collection":[{"href":"https:\/\/www.aerometrik.com\/it\/wp-json\/wp\/v2\/pages"}],"about":[{"href":"https:\/\/www.aerometrik.com\/it\/wp-json\/wp\/v2\/types\/page"}],"author":[{"embeddable":true,"href":"https:\/\/www.aerometrik.com\/it\/wp-json\/wp\/v2\/users\/1"}],"replies":[{"embeddable":true,"href":"https:\/\/www.aerometrik.com\/it\/wp-json\/wp\/v2\/comments?post=3552"}],"version-history":[{"count":0,"href":"https:\/\/www.aerometrik.com\/it\/wp-json\/wp\/v2\/pages\/3552\/revisions"}],"up":[{"embeddable":true,"href":"https:\/\/www.aerometrik.com\/it\/wp-json\/wp\/v2\/pages\/3546"}],"wp:attachment":[{"href":"https:\/\/www.aerometrik.com\/it\/wp-json\/wp\/v2\/media?parent=3552"}],"curies":[{"name":"wp","href":"https:\/\/api.w.org\/{rel}","templated":true}]}}