{"id":2060,"date":"2022-03-04T16:48:35","date_gmt":"2022-03-04T15:48:35","guid":{"rendered":"https:\/\/www.aerometrik.com\/produit\/velocicalc-multi-function-ventilation-meter-model-9565\/"},"modified":"2023-05-22T15:27:25","modified_gmt":"2023-05-22T13:27:25","slug":"velocicalc-multi-function-ventilation-meter-model-9565","status":"publish","type":"product","link":"https:\/\/www.aerometrik.com\/en\/produit\/velocicalc-multi-function-ventilation-meter-model-9565\/","title":{"rendered":"VelociCalc Multi-Function Ventilation Meter TSI 9565"},"content":{"rendered":"","protected":false},"excerpt":{"rendered":"<p>. Straight Air Velocity Probe 964 measure air velocity, temperature and relative humidity<br \/>\n. Includes differential pressure sensor<br \/>\n. Best-in-class air velocity accuracy<br \/>\n. Optional \u201csmart\u201d plug-in probes, including VOC, CO2, and rotating vane probes<br \/>\n. Accommodates up to two K-alloy thermocouples<br \/>\n. Large graphic display<br \/>\n. Displays up to five measurements simultaneously<br \/>\n. On-screen messages and instructions<br \/>\n. Program for local language<br \/>\n. Intuitive menu structure allows for ease of use and setup<br \/>\n. Multiple data logging formats<br \/>\n. Bluetooth communications for transferring data or remote polling<br \/>\n. Includes TrakPro\u2122 and LogDat2\u2122 downloading software with USB cable<\/p>\n<a class=\"button btn-dl-produit button_size_2 button_none\" href=\"https:\/\/www.aerometrik.com\/wp-content\/uploads\/2023\/05\/9565-Datasheet.pdf\"     style=\"color:#2294D1;\" target=\"_blank\"    title=\"\"><span class=\"button_label\">Download the product sheet<\/span><\/a>\n\n","protected":false},"featured_media":1438,"template":"","meta":{"inline_featured_image":false},"product_brand":[],"product_cat":[137,113,138],"product_tag":[],"class_list":{"0":"post-2060","1":"product","2":"type-product","3":"status-publish","4":"has-post-thumbnail","6":"product_cat-anemometres-et-balometre-en","7":"product_cat-cleanroom-qualifications","8":"product_cat-tsi-en","10":"first","11":"instock","12":"product-type-simple"},"gallery_images":[744,745,746,747],"yoast_head":"<!-- This site is optimized with the Yoast SEO plugin v27.4 - https:\/\/yoast.com\/product\/yoast-seo-wordpress\/ -->\n<title>VelociCalc Multi-Function Ventilation Meter TSI 9565 - Aerometrik<\/title>\n<meta name=\"description\" content=\"Measures velocity, temperature, humidity, differential pressure, barometric pressure and has inputs for two K alloy thermocouples.\" \/>\n<meta name=\"robots\" content=\"index, follow, max-snippet:-1, max-image-preview:large, max-video-preview:-1\" \/>\n<link rel=\"canonical\" href=\"https:\/\/www.aerometrik.com\/en\/produit\/velocicalc-multi-function-ventilation-meter-model-9565\/\" \/>\n<meta property=\"og:locale\" content=\"en_US\" \/>\n<meta property=\"og:type\" content=\"article\" \/>\n<meta property=\"og:title\" content=\"VelociCalc Multi-Function Ventilation Meter TSI 9565 - Aerometrik\" \/>\n<meta property=\"og:description\" content=\"Measures velocity, temperature, humidity, differential pressure, barometric pressure and has inputs for two K alloy thermocouples.\" \/>\n<meta property=\"og:url\" content=\"https:\/\/www.aerometrik.com\/en\/produit\/velocicalc-multi-function-ventilation-meter-model-9565\/\" \/>\n<meta property=\"og:site_name\" content=\"Aerometrik\" \/>\n<meta property=\"article:modified_time\" content=\"2023-05-22T13:27:25+00:00\" \/>\n<meta property=\"og:image\" content=\"https:\/\/www.aerometrik.com\/wp-content\/uploads\/2022\/03\/9565_1.png\" \/>\n\t<meta property=\"og:image:width\" content=\"572\" \/>\n\t<meta property=\"og:image:height\" content=\"812\" \/>\n\t<meta property=\"og:image:type\" content=\"image\/jpeg\" \/>\n<meta name=\"twitter:card\" content=\"summary_large_image\" \/>\n<script type=\"application\/ld+json\" class=\"yoast-schema-graph\">{\"@context\":\"https:\\\/\\\/schema.org\",\"@graph\":[{\"@type\":\"WebPage\",\"@id\":\"https:\\\/\\\/www.aerometrik.com\\\/en\\\/produit\\\/velocicalc-multi-function-ventilation-meter-model-9565\\\/\",\"url\":\"https:\\\/\\\/www.aerometrik.com\\\/en\\\/produit\\\/velocicalc-multi-function-ventilation-meter-model-9565\\\/\",\"name\":\"VelociCalc Multi-Function Ventilation Meter TSI 9565 - Aerometrik\",\"isPartOf\":{\"@id\":\"https:\\\/\\\/www.aerometrik.com\\\/#website\"},\"primaryImageOfPage\":{\"@id\":\"https:\\\/\\\/www.aerometrik.com\\\/en\\\/produit\\\/velocicalc-multi-function-ventilation-meter-model-9565\\\/#primaryimage\"},\"image\":{\"@id\":\"https:\\\/\\\/www.aerometrik.com\\\/en\\\/produit\\\/velocicalc-multi-function-ventilation-meter-model-9565\\\/#primaryimage\"},\"thumbnailUrl\":\"https:\\\/\\\/www.aerometrik.com\\\/wp-content\\\/uploads\\\/2022\\\/03\\\/9565_1.png\",\"datePublished\":\"2022-03-04T15:48:35+00:00\",\"dateModified\":\"2023-05-22T13:27:25+00:00\",\"description\":\"Measures velocity, temperature, humidity, differential pressure, barometric pressure and has inputs for two K alloy thermocouples.\",\"breadcrumb\":{\"@id\":\"https:\\\/\\\/www.aerometrik.com\\\/en\\\/produit\\\/velocicalc-multi-function-ventilation-meter-model-9565\\\/#breadcrumb\"},\"inLanguage\":\"en-US\",\"potentialAction\":[{\"@type\":\"ReadAction\",\"target\":[\"https:\\\/\\\/www.aerometrik.com\\\/en\\\/produit\\\/velocicalc-multi-function-ventilation-meter-model-9565\\\/\"]}]},{\"@type\":\"ImageObject\",\"inLanguage\":\"en-US\",\"@id\":\"https:\\\/\\\/www.aerometrik.com\\\/en\\\/produit\\\/velocicalc-multi-function-ventilation-meter-model-9565\\\/#primaryimage\",\"url\":\"https:\\\/\\\/www.aerometrik.com\\\/wp-content\\\/uploads\\\/2022\\\/03\\\/9565_1.png\",\"contentUrl\":\"https:\\\/\\\/www.aerometrik.com\\\/wp-content\\\/uploads\\\/2022\\\/03\\\/9565_1.png\",\"width\":572,\"height\":812},{\"@type\":\"BreadcrumbList\",\"@id\":\"https:\\\/\\\/www.aerometrik.com\\\/en\\\/produit\\\/velocicalc-multi-function-ventilation-meter-model-9565\\\/#breadcrumb\",\"itemListElement\":[{\"@type\":\"ListItem\",\"position\":1,\"name\":\"Accueil\",\"item\":\"https:\\\/\\\/www.aerometrik.com\\\/en\\\/home\\\/\"},{\"@type\":\"ListItem\",\"position\":2,\"name\":\"Products\",\"item\":\"https:\\\/\\\/www.aerometrik.com\\\/en\\\/products\\\/\"},{\"@type\":\"ListItem\",\"position\":3,\"name\":\"VelociCalc Multi-Function Ventilation Meter TSI 9565\"}]},{\"@type\":\"WebSite\",\"@id\":\"https:\\\/\\\/www.aerometrik.com\\\/#website\",\"url\":\"https:\\\/\\\/www.aerometrik.com\\\/\",\"name\":\"Aerometrik\",\"description\":\"Solutions de ma\u00eetrise de la qualit\u00e9 de l&#039;air pour le secteur m\u00e9dical, et l&#039;industrie alimentaire et pharmaceutique\",\"publisher\":{\"@id\":\"https:\\\/\\\/www.aerometrik.com\\\/#organization\"},\"potentialAction\":[{\"@type\":\"SearchAction\",\"target\":{\"@type\":\"EntryPoint\",\"urlTemplate\":\"https:\\\/\\\/www.aerometrik.com\\\/?s={search_term_string}\"},\"query-input\":{\"@type\":\"PropertyValueSpecification\",\"valueRequired\":true,\"valueName\":\"search_term_string\"}}],\"inLanguage\":\"en-US\"},{\"@type\":\"Organization\",\"@id\":\"https:\\\/\\\/www.aerometrik.com\\\/#organization\",\"name\":\"Aerometrik\",\"url\":\"https:\\\/\\\/www.aerometrik.com\\\/\",\"logo\":{\"@type\":\"ImageObject\",\"inLanguage\":\"en-US\",\"@id\":\"https:\\\/\\\/www.aerometrik.com\\\/#\\\/schema\\\/logo\\\/image\\\/\",\"url\":\"https:\\\/\\\/www.aerometrik.com\\\/wp-content\\\/uploads\\\/2021\\\/08\\\/logo-aerometrik.svg\",\"contentUrl\":\"https:\\\/\\\/www.aerometrik.com\\\/wp-content\\\/uploads\\\/2021\\\/08\\\/logo-aerometrik.svg\",\"width\":212,\"height\":90,\"caption\":\"Aerometrik\"},\"image\":{\"@id\":\"https:\\\/\\\/www.aerometrik.com\\\/#\\\/schema\\\/logo\\\/image\\\/\"}}]}<\/script>\n<!-- \/ Yoast SEO plugin. -->","yoast_head_json":{"title":"VelociCalc Multi-Function Ventilation Meter TSI 9565 - Aerometrik","description":"Measures velocity, temperature, humidity, differential pressure, barometric pressure and has inputs for two K alloy thermocouples.","robots":{"index":"index","follow":"follow","max-snippet":"max-snippet:-1","max-image-preview":"max-image-preview:large","max-video-preview":"max-video-preview:-1"},"canonical":"https:\/\/www.aerometrik.com\/en\/produit\/velocicalc-multi-function-ventilation-meter-model-9565\/","og_locale":"en_US","og_type":"article","og_title":"VelociCalc Multi-Function Ventilation Meter TSI 9565 - Aerometrik","og_description":"Measures velocity, temperature, humidity, differential pressure, barometric pressure and has inputs for two K alloy thermocouples.","og_url":"https:\/\/www.aerometrik.com\/en\/produit\/velocicalc-multi-function-ventilation-meter-model-9565\/","og_site_name":"Aerometrik","article_modified_time":"2023-05-22T13:27:25+00:00","og_image":[{"width":572,"height":812,"url":"https:\/\/www.aerometrik.com\/wp-content\/uploads\/2022\/03\/9565_1.png","type":"image\/jpeg"}],"twitter_card":"summary_large_image","schema":{"@context":"https:\/\/schema.org","@graph":[{"@type":"WebPage","@id":"https:\/\/www.aerometrik.com\/en\/produit\/velocicalc-multi-function-ventilation-meter-model-9565\/","url":"https:\/\/www.aerometrik.com\/en\/produit\/velocicalc-multi-function-ventilation-meter-model-9565\/","name":"VelociCalc Multi-Function Ventilation Meter TSI 9565 - Aerometrik","isPartOf":{"@id":"https:\/\/www.aerometrik.com\/#website"},"primaryImageOfPage":{"@id":"https:\/\/www.aerometrik.com\/en\/produit\/velocicalc-multi-function-ventilation-meter-model-9565\/#primaryimage"},"image":{"@id":"https:\/\/www.aerometrik.com\/en\/produit\/velocicalc-multi-function-ventilation-meter-model-9565\/#primaryimage"},"thumbnailUrl":"https:\/\/www.aerometrik.com\/wp-content\/uploads\/2022\/03\/9565_1.png","datePublished":"2022-03-04T15:48:35+00:00","dateModified":"2023-05-22T13:27:25+00:00","description":"Measures velocity, temperature, humidity, differential pressure, barometric pressure and has inputs for two K alloy thermocouples.","breadcrumb":{"@id":"https:\/\/www.aerometrik.com\/en\/produit\/velocicalc-multi-function-ventilation-meter-model-9565\/#breadcrumb"},"inLanguage":"en-US","potentialAction":[{"@type":"ReadAction","target":["https:\/\/www.aerometrik.com\/en\/produit\/velocicalc-multi-function-ventilation-meter-model-9565\/"]}]},{"@type":"ImageObject","inLanguage":"en-US","@id":"https:\/\/www.aerometrik.com\/en\/produit\/velocicalc-multi-function-ventilation-meter-model-9565\/#primaryimage","url":"https:\/\/www.aerometrik.com\/wp-content\/uploads\/2022\/03\/9565_1.png","contentUrl":"https:\/\/www.aerometrik.com\/wp-content\/uploads\/2022\/03\/9565_1.png","width":572,"height":812},{"@type":"BreadcrumbList","@id":"https:\/\/www.aerometrik.com\/en\/produit\/velocicalc-multi-function-ventilation-meter-model-9565\/#breadcrumb","itemListElement":[{"@type":"ListItem","position":1,"name":"Accueil","item":"https:\/\/www.aerometrik.com\/en\/home\/"},{"@type":"ListItem","position":2,"name":"Products","item":"https:\/\/www.aerometrik.com\/en\/products\/"},{"@type":"ListItem","position":3,"name":"VelociCalc Multi-Function Ventilation Meter TSI 9565"}]},{"@type":"WebSite","@id":"https:\/\/www.aerometrik.com\/#website","url":"https:\/\/www.aerometrik.com\/","name":"Aerometrik","description":"Solutions de ma\u00eetrise de la qualit\u00e9 de l&#039;air pour le secteur m\u00e9dical, et l&#039;industrie alimentaire et pharmaceutique","publisher":{"@id":"https:\/\/www.aerometrik.com\/#organization"},"potentialAction":[{"@type":"SearchAction","target":{"@type":"EntryPoint","urlTemplate":"https:\/\/www.aerometrik.com\/?s={search_term_string}"},"query-input":{"@type":"PropertyValueSpecification","valueRequired":true,"valueName":"search_term_string"}}],"inLanguage":"en-US"},{"@type":"Organization","@id":"https:\/\/www.aerometrik.com\/#organization","name":"Aerometrik","url":"https:\/\/www.aerometrik.com\/","logo":{"@type":"ImageObject","inLanguage":"en-US","@id":"https:\/\/www.aerometrik.com\/#\/schema\/logo\/image\/","url":"https:\/\/www.aerometrik.com\/wp-content\/uploads\/2021\/08\/logo-aerometrik.svg","contentUrl":"https:\/\/www.aerometrik.com\/wp-content\/uploads\/2021\/08\/logo-aerometrik.svg","width":212,"height":90,"caption":"Aerometrik"},"image":{"@id":"https:\/\/www.aerometrik.com\/#\/schema\/logo\/image\/"}}]}},"_links":{"self":[{"href":"https:\/\/www.aerometrik.com\/en\/wp-json\/wp\/v2\/product\/2060","targetHints":{"allow":["GET"]}}],"collection":[{"href":"https:\/\/www.aerometrik.com\/en\/wp-json\/wp\/v2\/product"}],"about":[{"href":"https:\/\/www.aerometrik.com\/en\/wp-json\/wp\/v2\/types\/product"}],"wp:featuredmedia":[{"embeddable":true,"href":"https:\/\/www.aerometrik.com\/en\/wp-json\/wp\/v2\/media\/1438"}],"wp:attachment":[{"href":"https:\/\/www.aerometrik.com\/en\/wp-json\/wp\/v2\/media?parent=2060"}],"wp:term":[{"taxonomy":"product_brand","embeddable":true,"href":"https:\/\/www.aerometrik.com\/en\/wp-json\/wp\/v2\/product_brand?post=2060"},{"taxonomy":"product_cat","embeddable":true,"href":"https:\/\/www.aerometrik.com\/en\/wp-json\/wp\/v2\/product_cat?post=2060"},{"taxonomy":"product_tag","embeddable":true,"href":"https:\/\/www.aerometrik.com\/en\/wp-json\/wp\/v2\/product_tag?post=2060"}],"curies":[{"name":"wp","href":"https:\/\/api.w.org\/{rel}","templated":true}]}}