{"id":2057,"date":"2022-03-04T16:48:35","date_gmt":"2022-03-04T15:48:35","guid":{"rendered":"https:\/\/www.aerometrik.com\/produit\/air-velocity-meters-velocicalc-tsi-model-9535\/"},"modified":"2023-02-16T11:35:32","modified_gmt":"2023-02-16T10:35:32","slug":"air-velocity-meters-velocicalc-tsi-model-9535","status":"publish","type":"product","link":"https:\/\/www.aerometrik.com\/en\/produit\/air-velocity-meters-velocicalc-tsi-model-9535\/","title":{"rendered":"Air Velocity Meters VELOCICALC TSI 9535"},"content":{"rendered":"","protected":false},"excerpt":{"rendered":"<p>. Simultaneously measure temperature and velocity<br \/>\n. Displays up to three measurements simultaneously<br \/>\n. Calculates volumetric flow and actual\/standard velocity<br \/>\n. Data log 12,700+ samples and 100 test IDs<br \/>\n. LogDat2<span class=\"font10\"><sup>TM<\/sup><\/span><span class=\"font0\">\u00a0downloading software included<br \/>\n. Articulated probe versions available (9535-A)<\/span><\/p>\n","protected":false},"featured_media":1431,"template":"","meta":{"inline_featured_image":false},"product_brand":[],"product_cat":[137,157,113,138],"product_tag":[],"class_list":{"0":"post-2057","1":"product","2":"type-product","3":"status-publish","4":"has-post-thumbnail","6":"product_cat-anemometres-et-balometre-en","7":"product_cat-asbestos-filter-box-integrity-testing","8":"product_cat-cleanroom-qualifications","9":"product_cat-tsi-en","11":"first","12":"instock","13":"product-type-simple"},"gallery_images":[737],"yoast_head":"<!-- This site is optimized with the Yoast SEO plugin v27.3 - https:\/\/yoast.com\/product\/yoast-seo-wordpress\/ -->\n<title>Air Velocity Meters VELOCICALC TSI 9535 - Aerometrik<\/title>\n<meta name=\"description\" content=\"VELOCICALC 9535 TSI : Measures velocity and temperature \/ calculates flow with a straight, telescopic probe \/ data logging.\" \/>\n<meta name=\"robots\" content=\"index, follow, max-snippet:-1, max-image-preview:large, max-video-preview:-1\" \/>\n<link rel=\"canonical\" href=\"https:\/\/www.aerometrik.com\/en\/produit\/air-velocity-meters-velocicalc-tsi-model-9535\/\" \/>\n<meta property=\"og:locale\" content=\"en_US\" \/>\n<meta property=\"og:type\" content=\"article\" \/>\n<meta property=\"og:title\" content=\"Air Velocity Meters VELOCICALC TSI 9535 - Aerometrik\" \/>\n<meta property=\"og:description\" content=\"VELOCICALC 9535 TSI : Measures velocity and temperature \/ calculates flow with a straight, telescopic probe \/ data logging.\" \/>\n<meta property=\"og:url\" content=\"https:\/\/www.aerometrik.com\/en\/produit\/air-velocity-meters-velocicalc-tsi-model-9535\/\" \/>\n<meta property=\"og:site_name\" content=\"Aerometrik\" \/>\n<meta property=\"article:modified_time\" content=\"2023-02-16T10:35:32+00:00\" \/>\n<meta property=\"og:image\" content=\"https:\/\/www.aerometrik.com\/wp-content\/uploads\/2022\/03\/9535_1.png\" \/>\n\t<meta property=\"og:image:width\" content=\"572\" \/>\n\t<meta property=\"og:image:height\" content=\"812\" \/>\n\t<meta property=\"og:image:type\" content=\"image\/png\" \/>\n<meta name=\"twitter:card\" content=\"summary_large_image\" \/>\n<script type=\"application\/ld+json\" class=\"yoast-schema-graph\">{\"@context\":\"https:\\\/\\\/schema.org\",\"@graph\":[{\"@type\":\"WebPage\",\"@id\":\"https:\\\/\\\/www.aerometrik.com\\\/en\\\/produit\\\/air-velocity-meters-velocicalc-tsi-model-9535\\\/\",\"url\":\"https:\\\/\\\/www.aerometrik.com\\\/en\\\/produit\\\/air-velocity-meters-velocicalc-tsi-model-9535\\\/\",\"name\":\"Air Velocity Meters VELOCICALC TSI 9535 - Aerometrik\",\"isPartOf\":{\"@id\":\"https:\\\/\\\/www.aerometrik.com\\\/#website\"},\"primaryImageOfPage\":{\"@id\":\"https:\\\/\\\/www.aerometrik.com\\\/en\\\/produit\\\/air-velocity-meters-velocicalc-tsi-model-9535\\\/#primaryimage\"},\"image\":{\"@id\":\"https:\\\/\\\/www.aerometrik.com\\\/en\\\/produit\\\/air-velocity-meters-velocicalc-tsi-model-9535\\\/#primaryimage\"},\"thumbnailUrl\":\"https:\\\/\\\/www.aerometrik.com\\\/wp-content\\\/uploads\\\/2022\\\/03\\\/9535_1.png\",\"datePublished\":\"2022-03-04T15:48:35+00:00\",\"dateModified\":\"2023-02-16T10:35:32+00:00\",\"description\":\"VELOCICALC 9535 TSI : Measures velocity and temperature \\\/ calculates flow with a straight, telescopic probe \\\/ data logging.\",\"breadcrumb\":{\"@id\":\"https:\\\/\\\/www.aerometrik.com\\\/en\\\/produit\\\/air-velocity-meters-velocicalc-tsi-model-9535\\\/#breadcrumb\"},\"inLanguage\":\"en-US\",\"potentialAction\":[{\"@type\":\"ReadAction\",\"target\":[\"https:\\\/\\\/www.aerometrik.com\\\/en\\\/produit\\\/air-velocity-meters-velocicalc-tsi-model-9535\\\/\"]}]},{\"@type\":\"ImageObject\",\"inLanguage\":\"en-US\",\"@id\":\"https:\\\/\\\/www.aerometrik.com\\\/en\\\/produit\\\/air-velocity-meters-velocicalc-tsi-model-9535\\\/#primaryimage\",\"url\":\"https:\\\/\\\/www.aerometrik.com\\\/wp-content\\\/uploads\\\/2022\\\/03\\\/9535_1.png\",\"contentUrl\":\"https:\\\/\\\/www.aerometrik.com\\\/wp-content\\\/uploads\\\/2022\\\/03\\\/9535_1.png\",\"width\":572,\"height\":812},{\"@type\":\"BreadcrumbList\",\"@id\":\"https:\\\/\\\/www.aerometrik.com\\\/en\\\/produit\\\/air-velocity-meters-velocicalc-tsi-model-9535\\\/#breadcrumb\",\"itemListElement\":[{\"@type\":\"ListItem\",\"position\":1,\"name\":\"Accueil\",\"item\":\"https:\\\/\\\/www.aerometrik.com\\\/en\\\/home\\\/\"},{\"@type\":\"ListItem\",\"position\":2,\"name\":\"Products\",\"item\":\"https:\\\/\\\/www.aerometrik.com\\\/en\\\/products\\\/\"},{\"@type\":\"ListItem\",\"position\":3,\"name\":\"Air Velocity Meters VELOCICALC TSI 9535\"}]},{\"@type\":\"WebSite\",\"@id\":\"https:\\\/\\\/www.aerometrik.com\\\/#website\",\"url\":\"https:\\\/\\\/www.aerometrik.com\\\/\",\"name\":\"Aerometrik\",\"description\":\"Solutions de ma\u00eetrise de la qualit\u00e9 de l&#039;air pour le secteur m\u00e9dical, et l&#039;industrie alimentaire et pharmaceutique\",\"publisher\":{\"@id\":\"https:\\\/\\\/www.aerometrik.com\\\/#organization\"},\"potentialAction\":[{\"@type\":\"SearchAction\",\"target\":{\"@type\":\"EntryPoint\",\"urlTemplate\":\"https:\\\/\\\/www.aerometrik.com\\\/?s={search_term_string}\"},\"query-input\":{\"@type\":\"PropertyValueSpecification\",\"valueRequired\":true,\"valueName\":\"search_term_string\"}}],\"inLanguage\":\"en-US\"},{\"@type\":\"Organization\",\"@id\":\"https:\\\/\\\/www.aerometrik.com\\\/#organization\",\"name\":\"Aerometrik\",\"url\":\"https:\\\/\\\/www.aerometrik.com\\\/\",\"logo\":{\"@type\":\"ImageObject\",\"inLanguage\":\"en-US\",\"@id\":\"https:\\\/\\\/www.aerometrik.com\\\/#\\\/schema\\\/logo\\\/image\\\/\",\"url\":\"https:\\\/\\\/www.aerometrik.com\\\/wp-content\\\/uploads\\\/2021\\\/08\\\/logo-aerometrik.svg\",\"contentUrl\":\"https:\\\/\\\/www.aerometrik.com\\\/wp-content\\\/uploads\\\/2021\\\/08\\\/logo-aerometrik.svg\",\"width\":212,\"height\":90,\"caption\":\"Aerometrik\"},\"image\":{\"@id\":\"https:\\\/\\\/www.aerometrik.com\\\/#\\\/schema\\\/logo\\\/image\\\/\"}}]}<\/script>\n<!-- \/ Yoast SEO plugin. -->","yoast_head_json":{"title":"Air Velocity Meters VELOCICALC TSI 9535 - Aerometrik","description":"VELOCICALC 9535 TSI : Measures velocity and temperature \/ calculates flow with a straight, telescopic probe \/ data logging.","robots":{"index":"index","follow":"follow","max-snippet":"max-snippet:-1","max-image-preview":"max-image-preview:large","max-video-preview":"max-video-preview:-1"},"canonical":"https:\/\/www.aerometrik.com\/en\/produit\/air-velocity-meters-velocicalc-tsi-model-9535\/","og_locale":"en_US","og_type":"article","og_title":"Air Velocity Meters VELOCICALC TSI 9535 - Aerometrik","og_description":"VELOCICALC 9535 TSI : Measures velocity and temperature \/ calculates flow with a straight, telescopic probe \/ data logging.","og_url":"https:\/\/www.aerometrik.com\/en\/produit\/air-velocity-meters-velocicalc-tsi-model-9535\/","og_site_name":"Aerometrik","article_modified_time":"2023-02-16T10:35:32+00:00","og_image":[{"width":572,"height":812,"url":"https:\/\/www.aerometrik.com\/wp-content\/uploads\/2022\/03\/9535_1.png","type":"image\/png"}],"twitter_card":"summary_large_image","schema":{"@context":"https:\/\/schema.org","@graph":[{"@type":"WebPage","@id":"https:\/\/www.aerometrik.com\/en\/produit\/air-velocity-meters-velocicalc-tsi-model-9535\/","url":"https:\/\/www.aerometrik.com\/en\/produit\/air-velocity-meters-velocicalc-tsi-model-9535\/","name":"Air Velocity Meters VELOCICALC TSI 9535 - Aerometrik","isPartOf":{"@id":"https:\/\/www.aerometrik.com\/#website"},"primaryImageOfPage":{"@id":"https:\/\/www.aerometrik.com\/en\/produit\/air-velocity-meters-velocicalc-tsi-model-9535\/#primaryimage"},"image":{"@id":"https:\/\/www.aerometrik.com\/en\/produit\/air-velocity-meters-velocicalc-tsi-model-9535\/#primaryimage"},"thumbnailUrl":"https:\/\/www.aerometrik.com\/wp-content\/uploads\/2022\/03\/9535_1.png","datePublished":"2022-03-04T15:48:35+00:00","dateModified":"2023-02-16T10:35:32+00:00","description":"VELOCICALC 9535 TSI : Measures velocity and temperature \/ calculates flow with a straight, telescopic probe \/ data logging.","breadcrumb":{"@id":"https:\/\/www.aerometrik.com\/en\/produit\/air-velocity-meters-velocicalc-tsi-model-9535\/#breadcrumb"},"inLanguage":"en-US","potentialAction":[{"@type":"ReadAction","target":["https:\/\/www.aerometrik.com\/en\/produit\/air-velocity-meters-velocicalc-tsi-model-9535\/"]}]},{"@type":"ImageObject","inLanguage":"en-US","@id":"https:\/\/www.aerometrik.com\/en\/produit\/air-velocity-meters-velocicalc-tsi-model-9535\/#primaryimage","url":"https:\/\/www.aerometrik.com\/wp-content\/uploads\/2022\/03\/9535_1.png","contentUrl":"https:\/\/www.aerometrik.com\/wp-content\/uploads\/2022\/03\/9535_1.png","width":572,"height":812},{"@type":"BreadcrumbList","@id":"https:\/\/www.aerometrik.com\/en\/produit\/air-velocity-meters-velocicalc-tsi-model-9535\/#breadcrumb","itemListElement":[{"@type":"ListItem","position":1,"name":"Accueil","item":"https:\/\/www.aerometrik.com\/en\/home\/"},{"@type":"ListItem","position":2,"name":"Products","item":"https:\/\/www.aerometrik.com\/en\/products\/"},{"@type":"ListItem","position":3,"name":"Air Velocity Meters VELOCICALC TSI 9535"}]},{"@type":"WebSite","@id":"https:\/\/www.aerometrik.com\/#website","url":"https:\/\/www.aerometrik.com\/","name":"Aerometrik","description":"Solutions de ma\u00eetrise de la qualit\u00e9 de l&#039;air pour le secteur m\u00e9dical, et l&#039;industrie alimentaire et pharmaceutique","publisher":{"@id":"https:\/\/www.aerometrik.com\/#organization"},"potentialAction":[{"@type":"SearchAction","target":{"@type":"EntryPoint","urlTemplate":"https:\/\/www.aerometrik.com\/?s={search_term_string}"},"query-input":{"@type":"PropertyValueSpecification","valueRequired":true,"valueName":"search_term_string"}}],"inLanguage":"en-US"},{"@type":"Organization","@id":"https:\/\/www.aerometrik.com\/#organization","name":"Aerometrik","url":"https:\/\/www.aerometrik.com\/","logo":{"@type":"ImageObject","inLanguage":"en-US","@id":"https:\/\/www.aerometrik.com\/#\/schema\/logo\/image\/","url":"https:\/\/www.aerometrik.com\/wp-content\/uploads\/2021\/08\/logo-aerometrik.svg","contentUrl":"https:\/\/www.aerometrik.com\/wp-content\/uploads\/2021\/08\/logo-aerometrik.svg","width":212,"height":90,"caption":"Aerometrik"},"image":{"@id":"https:\/\/www.aerometrik.com\/#\/schema\/logo\/image\/"}}]}},"_links":{"self":[{"href":"https:\/\/www.aerometrik.com\/en\/wp-json\/wp\/v2\/product\/2057","targetHints":{"allow":["GET"]}}],"collection":[{"href":"https:\/\/www.aerometrik.com\/en\/wp-json\/wp\/v2\/product"}],"about":[{"href":"https:\/\/www.aerometrik.com\/en\/wp-json\/wp\/v2\/types\/product"}],"wp:featuredmedia":[{"embeddable":true,"href":"https:\/\/www.aerometrik.com\/en\/wp-json\/wp\/v2\/media\/1431"}],"wp:attachment":[{"href":"https:\/\/www.aerometrik.com\/en\/wp-json\/wp\/v2\/media?parent=2057"}],"wp:term":[{"taxonomy":"product_brand","embeddable":true,"href":"https:\/\/www.aerometrik.com\/en\/wp-json\/wp\/v2\/product_brand?post=2057"},{"taxonomy":"product_cat","embeddable":true,"href":"https:\/\/www.aerometrik.com\/en\/wp-json\/wp\/v2\/product_cat?post=2057"},{"taxonomy":"product_tag","embeddable":true,"href":"https:\/\/www.aerometrik.com\/en\/wp-json\/wp\/v2\/product_tag?post=2057"}],"curies":[{"name":"wp","href":"https:\/\/api.w.org\/{rel}","templated":true}]}}