{"id":2056,"date":"2022-03-04T16:48:35","date_gmt":"2022-03-04T15:48:35","guid":{"rendered":"https:\/\/www.aerometrik.com\/produit\/thermo-anemometer-velocicalc-tsi-model-9515\/"},"modified":"2023-02-16T11:16:40","modified_gmt":"2023-02-16T10:16:40","slug":"thermo-anemometer-velocicalc-tsi-model-9515","status":"publish","type":"product","link":"https:\/\/www.aerometrik.com\/en\/produit\/thermo-anemometer-velocicalc-tsi-model-9515\/","title":{"rendered":"Air Velocity Meters VELOCICALC TSI Model 9515"},"content":{"rendered":"","protected":false},"excerpt":{"rendered":"<p>. The Model 9515 is an economical choice for a digital air velocity meter, without compromising accuracy or precision.<br \/>\n. Professionals find them to be the ideal tool for face velocity measurements in fume hoods, spray booths, or ventilation system checks.<\/p>\n","protected":false},"featured_media":1430,"template":"","meta":{"inline_featured_image":false},"product_brand":[],"product_cat":[137,157,113,138],"product_tag":[],"class_list":{"0":"post-2056","1":"product","2":"type-product","3":"status-publish","4":"has-post-thumbnail","6":"product_cat-anemometres-et-balometre-en","7":"product_cat-asbestos-filter-box-integrity-testing","8":"product_cat-cleanroom-qualifications","9":"product_cat-tsi-en","11":"first","12":"instock","13":"product-type-simple"},"gallery_images":[],"yoast_head":"<!-- This site is optimized with the Yoast SEO plugin v27.3 - https:\/\/yoast.com\/product\/yoast-seo-wordpress\/ -->\n<title>Air Velocity Meters VELOCICALC TSI Model 9515 - Aerometrik<\/title>\n<meta name=\"description\" content=\"The VELOCICALC Model 9515 is an economical choice for a digital air velocity meter, without compromising accuracy or precision.\" \/>\n<meta name=\"robots\" content=\"index, follow, max-snippet:-1, max-image-preview:large, max-video-preview:-1\" \/>\n<link rel=\"canonical\" href=\"https:\/\/www.aerometrik.com\/en\/produit\/thermo-anemometer-velocicalc-tsi-model-9515\/\" \/>\n<meta property=\"og:locale\" content=\"en_US\" \/>\n<meta property=\"og:type\" content=\"article\" \/>\n<meta property=\"og:title\" content=\"Air Velocity Meters VELOCICALC TSI Model 9515 - Aerometrik\" \/>\n<meta property=\"og:description\" content=\"The VELOCICALC Model 9515 is an economical choice for a digital air velocity meter, without compromising accuracy or precision.\" \/>\n<meta property=\"og:url\" content=\"https:\/\/www.aerometrik.com\/en\/produit\/thermo-anemometer-velocicalc-tsi-model-9515\/\" \/>\n<meta property=\"og:site_name\" content=\"Aerometrik\" \/>\n<meta property=\"article:modified_time\" content=\"2023-02-16T10:16:40+00:00\" \/>\n<meta property=\"og:image\" content=\"https:\/\/www.aerometrik.com\/wp-content\/uploads\/2022\/03\/9515.png\" \/>\n\t<meta property=\"og:image:width\" content=\"572\" \/>\n\t<meta property=\"og:image:height\" content=\"812\" \/>\n\t<meta property=\"og:image:type\" content=\"image\/png\" \/>\n<meta name=\"twitter:card\" content=\"summary_large_image\" \/>\n<script type=\"application\/ld+json\" class=\"yoast-schema-graph\">{\"@context\":\"https:\\\/\\\/schema.org\",\"@graph\":[{\"@type\":\"WebPage\",\"@id\":\"https:\\\/\\\/www.aerometrik.com\\\/en\\\/produit\\\/thermo-anemometer-velocicalc-tsi-model-9515\\\/\",\"url\":\"https:\\\/\\\/www.aerometrik.com\\\/en\\\/produit\\\/thermo-anemometer-velocicalc-tsi-model-9515\\\/\",\"name\":\"Air Velocity Meters VELOCICALC TSI Model 9515 - Aerometrik\",\"isPartOf\":{\"@id\":\"https:\\\/\\\/www.aerometrik.com\\\/#website\"},\"primaryImageOfPage\":{\"@id\":\"https:\\\/\\\/www.aerometrik.com\\\/en\\\/produit\\\/thermo-anemometer-velocicalc-tsi-model-9515\\\/#primaryimage\"},\"image\":{\"@id\":\"https:\\\/\\\/www.aerometrik.com\\\/en\\\/produit\\\/thermo-anemometer-velocicalc-tsi-model-9515\\\/#primaryimage\"},\"thumbnailUrl\":\"https:\\\/\\\/www.aerometrik.com\\\/wp-content\\\/uploads\\\/2022\\\/03\\\/9515.png\",\"datePublished\":\"2022-03-04T15:48:35+00:00\",\"dateModified\":\"2023-02-16T10:16:40+00:00\",\"description\":\"The VELOCICALC Model 9515 is an economical choice for a digital air velocity meter, without compromising accuracy or precision.\",\"breadcrumb\":{\"@id\":\"https:\\\/\\\/www.aerometrik.com\\\/en\\\/produit\\\/thermo-anemometer-velocicalc-tsi-model-9515\\\/#breadcrumb\"},\"inLanguage\":\"en-US\",\"potentialAction\":[{\"@type\":\"ReadAction\",\"target\":[\"https:\\\/\\\/www.aerometrik.com\\\/en\\\/produit\\\/thermo-anemometer-velocicalc-tsi-model-9515\\\/\"]}]},{\"@type\":\"ImageObject\",\"inLanguage\":\"en-US\",\"@id\":\"https:\\\/\\\/www.aerometrik.com\\\/en\\\/produit\\\/thermo-anemometer-velocicalc-tsi-model-9515\\\/#primaryimage\",\"url\":\"https:\\\/\\\/www.aerometrik.com\\\/wp-content\\\/uploads\\\/2022\\\/03\\\/9515.png\",\"contentUrl\":\"https:\\\/\\\/www.aerometrik.com\\\/wp-content\\\/uploads\\\/2022\\\/03\\\/9515.png\",\"width\":572,\"height\":812},{\"@type\":\"BreadcrumbList\",\"@id\":\"https:\\\/\\\/www.aerometrik.com\\\/en\\\/produit\\\/thermo-anemometer-velocicalc-tsi-model-9515\\\/#breadcrumb\",\"itemListElement\":[{\"@type\":\"ListItem\",\"position\":1,\"name\":\"Accueil\",\"item\":\"https:\\\/\\\/www.aerometrik.com\\\/en\\\/home\\\/\"},{\"@type\":\"ListItem\",\"position\":2,\"name\":\"Products\",\"item\":\"https:\\\/\\\/www.aerometrik.com\\\/en\\\/products\\\/\"},{\"@type\":\"ListItem\",\"position\":3,\"name\":\"Air Velocity Meters VELOCICALC TSI Model 9515\"}]},{\"@type\":\"WebSite\",\"@id\":\"https:\\\/\\\/www.aerometrik.com\\\/#website\",\"url\":\"https:\\\/\\\/www.aerometrik.com\\\/\",\"name\":\"Aerometrik\",\"description\":\"Solutions de ma\u00eetrise de la qualit\u00e9 de l&#039;air pour le secteur m\u00e9dical, et l&#039;industrie alimentaire et pharmaceutique\",\"publisher\":{\"@id\":\"https:\\\/\\\/www.aerometrik.com\\\/#organization\"},\"potentialAction\":[{\"@type\":\"SearchAction\",\"target\":{\"@type\":\"EntryPoint\",\"urlTemplate\":\"https:\\\/\\\/www.aerometrik.com\\\/?s={search_term_string}\"},\"query-input\":{\"@type\":\"PropertyValueSpecification\",\"valueRequired\":true,\"valueName\":\"search_term_string\"}}],\"inLanguage\":\"en-US\"},{\"@type\":\"Organization\",\"@id\":\"https:\\\/\\\/www.aerometrik.com\\\/#organization\",\"name\":\"Aerometrik\",\"url\":\"https:\\\/\\\/www.aerometrik.com\\\/\",\"logo\":{\"@type\":\"ImageObject\",\"inLanguage\":\"en-US\",\"@id\":\"https:\\\/\\\/www.aerometrik.com\\\/#\\\/schema\\\/logo\\\/image\\\/\",\"url\":\"https:\\\/\\\/www.aerometrik.com\\\/wp-content\\\/uploads\\\/2021\\\/08\\\/logo-aerometrik.svg\",\"contentUrl\":\"https:\\\/\\\/www.aerometrik.com\\\/wp-content\\\/uploads\\\/2021\\\/08\\\/logo-aerometrik.svg\",\"width\":212,\"height\":90,\"caption\":\"Aerometrik\"},\"image\":{\"@id\":\"https:\\\/\\\/www.aerometrik.com\\\/#\\\/schema\\\/logo\\\/image\\\/\"}}]}<\/script>\n<!-- \/ Yoast SEO plugin. -->","yoast_head_json":{"title":"Air Velocity Meters VELOCICALC TSI Model 9515 - Aerometrik","description":"The VELOCICALC Model 9515 is an economical choice for a digital air velocity meter, without compromising accuracy or precision.","robots":{"index":"index","follow":"follow","max-snippet":"max-snippet:-1","max-image-preview":"max-image-preview:large","max-video-preview":"max-video-preview:-1"},"canonical":"https:\/\/www.aerometrik.com\/en\/produit\/thermo-anemometer-velocicalc-tsi-model-9515\/","og_locale":"en_US","og_type":"article","og_title":"Air Velocity Meters VELOCICALC TSI Model 9515 - Aerometrik","og_description":"The VELOCICALC Model 9515 is an economical choice for a digital air velocity meter, without compromising accuracy or precision.","og_url":"https:\/\/www.aerometrik.com\/en\/produit\/thermo-anemometer-velocicalc-tsi-model-9515\/","og_site_name":"Aerometrik","article_modified_time":"2023-02-16T10:16:40+00:00","og_image":[{"width":572,"height":812,"url":"https:\/\/www.aerometrik.com\/wp-content\/uploads\/2022\/03\/9515.png","type":"image\/png"}],"twitter_card":"summary_large_image","schema":{"@context":"https:\/\/schema.org","@graph":[{"@type":"WebPage","@id":"https:\/\/www.aerometrik.com\/en\/produit\/thermo-anemometer-velocicalc-tsi-model-9515\/","url":"https:\/\/www.aerometrik.com\/en\/produit\/thermo-anemometer-velocicalc-tsi-model-9515\/","name":"Air Velocity Meters VELOCICALC TSI Model 9515 - Aerometrik","isPartOf":{"@id":"https:\/\/www.aerometrik.com\/#website"},"primaryImageOfPage":{"@id":"https:\/\/www.aerometrik.com\/en\/produit\/thermo-anemometer-velocicalc-tsi-model-9515\/#primaryimage"},"image":{"@id":"https:\/\/www.aerometrik.com\/en\/produit\/thermo-anemometer-velocicalc-tsi-model-9515\/#primaryimage"},"thumbnailUrl":"https:\/\/www.aerometrik.com\/wp-content\/uploads\/2022\/03\/9515.png","datePublished":"2022-03-04T15:48:35+00:00","dateModified":"2023-02-16T10:16:40+00:00","description":"The VELOCICALC Model 9515 is an economical choice for a digital air velocity meter, without compromising accuracy or precision.","breadcrumb":{"@id":"https:\/\/www.aerometrik.com\/en\/produit\/thermo-anemometer-velocicalc-tsi-model-9515\/#breadcrumb"},"inLanguage":"en-US","potentialAction":[{"@type":"ReadAction","target":["https:\/\/www.aerometrik.com\/en\/produit\/thermo-anemometer-velocicalc-tsi-model-9515\/"]}]},{"@type":"ImageObject","inLanguage":"en-US","@id":"https:\/\/www.aerometrik.com\/en\/produit\/thermo-anemometer-velocicalc-tsi-model-9515\/#primaryimage","url":"https:\/\/www.aerometrik.com\/wp-content\/uploads\/2022\/03\/9515.png","contentUrl":"https:\/\/www.aerometrik.com\/wp-content\/uploads\/2022\/03\/9515.png","width":572,"height":812},{"@type":"BreadcrumbList","@id":"https:\/\/www.aerometrik.com\/en\/produit\/thermo-anemometer-velocicalc-tsi-model-9515\/#breadcrumb","itemListElement":[{"@type":"ListItem","position":1,"name":"Accueil","item":"https:\/\/www.aerometrik.com\/en\/home\/"},{"@type":"ListItem","position":2,"name":"Products","item":"https:\/\/www.aerometrik.com\/en\/products\/"},{"@type":"ListItem","position":3,"name":"Air Velocity Meters VELOCICALC TSI Model 9515"}]},{"@type":"WebSite","@id":"https:\/\/www.aerometrik.com\/#website","url":"https:\/\/www.aerometrik.com\/","name":"Aerometrik","description":"Solutions de ma\u00eetrise de la qualit\u00e9 de l&#039;air pour le secteur m\u00e9dical, et l&#039;industrie alimentaire et pharmaceutique","publisher":{"@id":"https:\/\/www.aerometrik.com\/#organization"},"potentialAction":[{"@type":"SearchAction","target":{"@type":"EntryPoint","urlTemplate":"https:\/\/www.aerometrik.com\/?s={search_term_string}"},"query-input":{"@type":"PropertyValueSpecification","valueRequired":true,"valueName":"search_term_string"}}],"inLanguage":"en-US"},{"@type":"Organization","@id":"https:\/\/www.aerometrik.com\/#organization","name":"Aerometrik","url":"https:\/\/www.aerometrik.com\/","logo":{"@type":"ImageObject","inLanguage":"en-US","@id":"https:\/\/www.aerometrik.com\/#\/schema\/logo\/image\/","url":"https:\/\/www.aerometrik.com\/wp-content\/uploads\/2021\/08\/logo-aerometrik.svg","contentUrl":"https:\/\/www.aerometrik.com\/wp-content\/uploads\/2021\/08\/logo-aerometrik.svg","width":212,"height":90,"caption":"Aerometrik"},"image":{"@id":"https:\/\/www.aerometrik.com\/#\/schema\/logo\/image\/"}}]}},"_links":{"self":[{"href":"https:\/\/www.aerometrik.com\/en\/wp-json\/wp\/v2\/product\/2056","targetHints":{"allow":["GET"]}}],"collection":[{"href":"https:\/\/www.aerometrik.com\/en\/wp-json\/wp\/v2\/product"}],"about":[{"href":"https:\/\/www.aerometrik.com\/en\/wp-json\/wp\/v2\/types\/product"}],"wp:featuredmedia":[{"embeddable":true,"href":"https:\/\/www.aerometrik.com\/en\/wp-json\/wp\/v2\/media\/1430"}],"wp:attachment":[{"href":"https:\/\/www.aerometrik.com\/en\/wp-json\/wp\/v2\/media?parent=2056"}],"wp:term":[{"taxonomy":"product_brand","embeddable":true,"href":"https:\/\/www.aerometrik.com\/en\/wp-json\/wp\/v2\/product_brand?post=2056"},{"taxonomy":"product_cat","embeddable":true,"href":"https:\/\/www.aerometrik.com\/en\/wp-json\/wp\/v2\/product_cat?post=2056"},{"taxonomy":"product_tag","embeddable":true,"href":"https:\/\/www.aerometrik.com\/en\/wp-json\/wp\/v2\/product_tag?post=2056"}],"curies":[{"name":"wp","href":"https:\/\/api.w.org\/{rel}","templated":true}]}}