{"id":2044,"date":"2022-03-04T17:40:26","date_gmt":"2022-03-04T16:40:26","guid":{"rendered":"https:\/\/www.aerometrik.com\/produit\/laskin-nozzle-generator-ati-model-tda-6d\/"},"modified":"2023-03-13T16:18:12","modified_gmt":"2023-03-13T15:18:12","slug":"laskin-nozzle-generator-ati-model-tda-6d","status":"publish","type":"product","link":"https:\/\/www.aerometrik.com\/en\/produit\/laskin-nozzle-generator-ati-model-tda-6d\/","title":{"rendered":"Laskin Nozzle Generator ATI Model TDA 6D"},"content":{"rendered":"","protected":false},"excerpt":{"rendered":"<p>. Airflow rates from 350 \u2013 3500 m<span class=\"font7\"><sup>3<\/sup><\/span><span class=\"font0\">\/hr for a wide range of testing requirements.<br \/>\n. Flex-fuel capabilities, allows for the use of different reagents.<br \/>\n. Rugged Portability.<br \/>\n. Safe and reliable Operation.<br \/>\n. Built-in compressor.<br \/>\n. Easy operation for testing of Microbiological Safety Cabinets.<br \/>\n. Lightweight and rugged, ideal for remote locations.<\/span><\/p>\n","protected":false},"featured_media":1528,"template":"","meta":{"inline_featured_image":false},"product_brand":[],"product_cat":[157,153,113,144,129,139],"product_tag":[],"class_list":{"0":"post-2044","1":"product","2":"type-product","3":"status-publish","4":"has-post-thumbnail","6":"product_cat-asbestos-filter-box-integrity-testing","7":"product_cat-ati-en","8":"product_cat-cleanroom-qualifications","9":"product_cat-cold-aerosol-generator","10":"product_cat-filter-integrity-test","11":"product_cat-portable-photometer-and-aerosol-generators","13":"first","14":"instock","15":"product-type-simple"},"gallery_images":[1529],"yoast_head":"<!-- This site is optimized with the Yoast SEO plugin v27.4 - https:\/\/yoast.com\/product\/yoast-seo-wordpress\/ -->\n<title>Laskin Nozzle Generator ATI Model TDA 6D - Aerometrik<\/title>\n<meta name=\"description\" content=\"The 6D is a small, light, and rugged portable, self-contained Laskin-Nozzle aerosol generator with integrated compressor.\" \/>\n<meta name=\"robots\" content=\"index, follow, max-snippet:-1, max-image-preview:large, max-video-preview:-1\" \/>\n<link rel=\"canonical\" href=\"https:\/\/www.aerometrik.com\/en\/produit\/laskin-nozzle-generator-ati-model-tda-6d\/\" \/>\n<meta property=\"og:locale\" content=\"en_US\" \/>\n<meta property=\"og:type\" content=\"article\" \/>\n<meta property=\"og:title\" content=\"Laskin Nozzle Generator ATI Model TDA 6D - Aerometrik\" \/>\n<meta property=\"og:description\" content=\"The 6D is a small, light, and rugged portable, self-contained Laskin-Nozzle aerosol generator with integrated compressor.\" \/>\n<meta property=\"og:url\" content=\"https:\/\/www.aerometrik.com\/en\/produit\/laskin-nozzle-generator-ati-model-tda-6d\/\" \/>\n<meta property=\"og:site_name\" content=\"Aerometrik\" \/>\n<meta property=\"article:modified_time\" content=\"2023-03-13T15:18:12+00:00\" \/>\n<meta property=\"og:image\" content=\"https:\/\/www.aerometrik.com\/wp-content\/uploads\/2022\/03\/6D_1.png\" \/>\n\t<meta property=\"og:image:width\" content=\"572\" \/>\n\t<meta property=\"og:image:height\" content=\"812\" \/>\n\t<meta property=\"og:image:type\" content=\"image\/png\" \/>\n<meta name=\"twitter:card\" content=\"summary_large_image\" \/>\n<script type=\"application\/ld+json\" class=\"yoast-schema-graph\">{\"@context\":\"https:\\\/\\\/schema.org\",\"@graph\":[{\"@type\":\"WebPage\",\"@id\":\"https:\\\/\\\/www.aerometrik.com\\\/en\\\/produit\\\/laskin-nozzle-generator-ati-model-tda-6d\\\/\",\"url\":\"https:\\\/\\\/www.aerometrik.com\\\/en\\\/produit\\\/laskin-nozzle-generator-ati-model-tda-6d\\\/\",\"name\":\"Laskin Nozzle Generator ATI Model TDA 6D - Aerometrik\",\"isPartOf\":{\"@id\":\"https:\\\/\\\/www.aerometrik.com\\\/#website\"},\"primaryImageOfPage\":{\"@id\":\"https:\\\/\\\/www.aerometrik.com\\\/en\\\/produit\\\/laskin-nozzle-generator-ati-model-tda-6d\\\/#primaryimage\"},\"image\":{\"@id\":\"https:\\\/\\\/www.aerometrik.com\\\/en\\\/produit\\\/laskin-nozzle-generator-ati-model-tda-6d\\\/#primaryimage\"},\"thumbnailUrl\":\"https:\\\/\\\/www.aerometrik.com\\\/wp-content\\\/uploads\\\/2022\\\/03\\\/6D_1.png\",\"datePublished\":\"2022-03-04T16:40:26+00:00\",\"dateModified\":\"2023-03-13T15:18:12+00:00\",\"description\":\"The 6D is a small, light, and rugged portable, self-contained Laskin-Nozzle aerosol generator with integrated compressor.\",\"breadcrumb\":{\"@id\":\"https:\\\/\\\/www.aerometrik.com\\\/en\\\/produit\\\/laskin-nozzle-generator-ati-model-tda-6d\\\/#breadcrumb\"},\"inLanguage\":\"en-US\",\"potentialAction\":[{\"@type\":\"ReadAction\",\"target\":[\"https:\\\/\\\/www.aerometrik.com\\\/en\\\/produit\\\/laskin-nozzle-generator-ati-model-tda-6d\\\/\"]}]},{\"@type\":\"ImageObject\",\"inLanguage\":\"en-US\",\"@id\":\"https:\\\/\\\/www.aerometrik.com\\\/en\\\/produit\\\/laskin-nozzle-generator-ati-model-tda-6d\\\/#primaryimage\",\"url\":\"https:\\\/\\\/www.aerometrik.com\\\/wp-content\\\/uploads\\\/2022\\\/03\\\/6D_1.png\",\"contentUrl\":\"https:\\\/\\\/www.aerometrik.com\\\/wp-content\\\/uploads\\\/2022\\\/03\\\/6D_1.png\",\"width\":572,\"height\":812,\"caption\":\"G\u00e9n\u00e9rateurs d'a\u00e9rosols \u00e0 froid ATI 6D avec compresseur int\u00e9gr\u00e9\"},{\"@type\":\"BreadcrumbList\",\"@id\":\"https:\\\/\\\/www.aerometrik.com\\\/en\\\/produit\\\/laskin-nozzle-generator-ati-model-tda-6d\\\/#breadcrumb\",\"itemListElement\":[{\"@type\":\"ListItem\",\"position\":1,\"name\":\"Accueil\",\"item\":\"https:\\\/\\\/www.aerometrik.com\\\/en\\\/home\\\/\"},{\"@type\":\"ListItem\",\"position\":2,\"name\":\"Products\",\"item\":\"https:\\\/\\\/www.aerometrik.com\\\/en\\\/products\\\/\"},{\"@type\":\"ListItem\",\"position\":3,\"name\":\"Laskin Nozzle Generator ATI Model TDA 6D\"}]},{\"@type\":\"WebSite\",\"@id\":\"https:\\\/\\\/www.aerometrik.com\\\/#website\",\"url\":\"https:\\\/\\\/www.aerometrik.com\\\/\",\"name\":\"Aerometrik\",\"description\":\"Solutions de ma\u00eetrise de la qualit\u00e9 de l&#039;air pour le secteur m\u00e9dical, et l&#039;industrie alimentaire et pharmaceutique\",\"publisher\":{\"@id\":\"https:\\\/\\\/www.aerometrik.com\\\/#organization\"},\"potentialAction\":[{\"@type\":\"SearchAction\",\"target\":{\"@type\":\"EntryPoint\",\"urlTemplate\":\"https:\\\/\\\/www.aerometrik.com\\\/?s={search_term_string}\"},\"query-input\":{\"@type\":\"PropertyValueSpecification\",\"valueRequired\":true,\"valueName\":\"search_term_string\"}}],\"inLanguage\":\"en-US\"},{\"@type\":\"Organization\",\"@id\":\"https:\\\/\\\/www.aerometrik.com\\\/#organization\",\"name\":\"Aerometrik\",\"url\":\"https:\\\/\\\/www.aerometrik.com\\\/\",\"logo\":{\"@type\":\"ImageObject\",\"inLanguage\":\"en-US\",\"@id\":\"https:\\\/\\\/www.aerometrik.com\\\/#\\\/schema\\\/logo\\\/image\\\/\",\"url\":\"https:\\\/\\\/www.aerometrik.com\\\/wp-content\\\/uploads\\\/2021\\\/08\\\/logo-aerometrik.svg\",\"contentUrl\":\"https:\\\/\\\/www.aerometrik.com\\\/wp-content\\\/uploads\\\/2021\\\/08\\\/logo-aerometrik.svg\",\"width\":212,\"height\":90,\"caption\":\"Aerometrik\"},\"image\":{\"@id\":\"https:\\\/\\\/www.aerometrik.com\\\/#\\\/schema\\\/logo\\\/image\\\/\"}}]}<\/script>\n<!-- \/ Yoast SEO plugin. -->","yoast_head_json":{"title":"Laskin Nozzle Generator ATI Model TDA 6D - Aerometrik","description":"The 6D is a small, light, and rugged portable, self-contained Laskin-Nozzle aerosol generator with integrated compressor.","robots":{"index":"index","follow":"follow","max-snippet":"max-snippet:-1","max-image-preview":"max-image-preview:large","max-video-preview":"max-video-preview:-1"},"canonical":"https:\/\/www.aerometrik.com\/en\/produit\/laskin-nozzle-generator-ati-model-tda-6d\/","og_locale":"en_US","og_type":"article","og_title":"Laskin Nozzle Generator ATI Model TDA 6D - Aerometrik","og_description":"The 6D is a small, light, and rugged portable, self-contained Laskin-Nozzle aerosol generator with integrated compressor.","og_url":"https:\/\/www.aerometrik.com\/en\/produit\/laskin-nozzle-generator-ati-model-tda-6d\/","og_site_name":"Aerometrik","article_modified_time":"2023-03-13T15:18:12+00:00","og_image":[{"width":572,"height":812,"url":"https:\/\/www.aerometrik.com\/wp-content\/uploads\/2022\/03\/6D_1.png","type":"image\/png"}],"twitter_card":"summary_large_image","schema":{"@context":"https:\/\/schema.org","@graph":[{"@type":"WebPage","@id":"https:\/\/www.aerometrik.com\/en\/produit\/laskin-nozzle-generator-ati-model-tda-6d\/","url":"https:\/\/www.aerometrik.com\/en\/produit\/laskin-nozzle-generator-ati-model-tda-6d\/","name":"Laskin Nozzle Generator ATI Model TDA 6D - Aerometrik","isPartOf":{"@id":"https:\/\/www.aerometrik.com\/#website"},"primaryImageOfPage":{"@id":"https:\/\/www.aerometrik.com\/en\/produit\/laskin-nozzle-generator-ati-model-tda-6d\/#primaryimage"},"image":{"@id":"https:\/\/www.aerometrik.com\/en\/produit\/laskin-nozzle-generator-ati-model-tda-6d\/#primaryimage"},"thumbnailUrl":"https:\/\/www.aerometrik.com\/wp-content\/uploads\/2022\/03\/6D_1.png","datePublished":"2022-03-04T16:40:26+00:00","dateModified":"2023-03-13T15:18:12+00:00","description":"The 6D is a small, light, and rugged portable, self-contained Laskin-Nozzle aerosol generator with integrated compressor.","breadcrumb":{"@id":"https:\/\/www.aerometrik.com\/en\/produit\/laskin-nozzle-generator-ati-model-tda-6d\/#breadcrumb"},"inLanguage":"en-US","potentialAction":[{"@type":"ReadAction","target":["https:\/\/www.aerometrik.com\/en\/produit\/laskin-nozzle-generator-ati-model-tda-6d\/"]}]},{"@type":"ImageObject","inLanguage":"en-US","@id":"https:\/\/www.aerometrik.com\/en\/produit\/laskin-nozzle-generator-ati-model-tda-6d\/#primaryimage","url":"https:\/\/www.aerometrik.com\/wp-content\/uploads\/2022\/03\/6D_1.png","contentUrl":"https:\/\/www.aerometrik.com\/wp-content\/uploads\/2022\/03\/6D_1.png","width":572,"height":812,"caption":"G\u00e9n\u00e9rateurs d'a\u00e9rosols \u00e0 froid ATI 6D avec compresseur int\u00e9gr\u00e9"},{"@type":"BreadcrumbList","@id":"https:\/\/www.aerometrik.com\/en\/produit\/laskin-nozzle-generator-ati-model-tda-6d\/#breadcrumb","itemListElement":[{"@type":"ListItem","position":1,"name":"Accueil","item":"https:\/\/www.aerometrik.com\/en\/home\/"},{"@type":"ListItem","position":2,"name":"Products","item":"https:\/\/www.aerometrik.com\/en\/products\/"},{"@type":"ListItem","position":3,"name":"Laskin Nozzle Generator ATI Model TDA 6D"}]},{"@type":"WebSite","@id":"https:\/\/www.aerometrik.com\/#website","url":"https:\/\/www.aerometrik.com\/","name":"Aerometrik","description":"Solutions de ma\u00eetrise de la qualit\u00e9 de l&#039;air pour le secteur m\u00e9dical, et l&#039;industrie alimentaire et pharmaceutique","publisher":{"@id":"https:\/\/www.aerometrik.com\/#organization"},"potentialAction":[{"@type":"SearchAction","target":{"@type":"EntryPoint","urlTemplate":"https:\/\/www.aerometrik.com\/?s={search_term_string}"},"query-input":{"@type":"PropertyValueSpecification","valueRequired":true,"valueName":"search_term_string"}}],"inLanguage":"en-US"},{"@type":"Organization","@id":"https:\/\/www.aerometrik.com\/#organization","name":"Aerometrik","url":"https:\/\/www.aerometrik.com\/","logo":{"@type":"ImageObject","inLanguage":"en-US","@id":"https:\/\/www.aerometrik.com\/#\/schema\/logo\/image\/","url":"https:\/\/www.aerometrik.com\/wp-content\/uploads\/2021\/08\/logo-aerometrik.svg","contentUrl":"https:\/\/www.aerometrik.com\/wp-content\/uploads\/2021\/08\/logo-aerometrik.svg","width":212,"height":90,"caption":"Aerometrik"},"image":{"@id":"https:\/\/www.aerometrik.com\/#\/schema\/logo\/image\/"}}]}},"_links":{"self":[{"href":"https:\/\/www.aerometrik.com\/en\/wp-json\/wp\/v2\/product\/2044","targetHints":{"allow":["GET"]}}],"collection":[{"href":"https:\/\/www.aerometrik.com\/en\/wp-json\/wp\/v2\/product"}],"about":[{"href":"https:\/\/www.aerometrik.com\/en\/wp-json\/wp\/v2\/types\/product"}],"wp:featuredmedia":[{"embeddable":true,"href":"https:\/\/www.aerometrik.com\/en\/wp-json\/wp\/v2\/media\/1528"}],"wp:attachment":[{"href":"https:\/\/www.aerometrik.com\/en\/wp-json\/wp\/v2\/media?parent=2044"}],"wp:term":[{"taxonomy":"product_brand","embeddable":true,"href":"https:\/\/www.aerometrik.com\/en\/wp-json\/wp\/v2\/product_brand?post=2044"},{"taxonomy":"product_cat","embeddable":true,"href":"https:\/\/www.aerometrik.com\/en\/wp-json\/wp\/v2\/product_cat?post=2044"},{"taxonomy":"product_tag","embeddable":true,"href":"https:\/\/www.aerometrik.com\/en\/wp-json\/wp\/v2\/product_tag?post=2044"}],"curies":[{"name":"wp","href":"https:\/\/api.w.org\/{rel}","templated":true}]}}