{"id":2039,"date":"2022-03-04T17:45:26","date_gmt":"2022-03-04T16:45:26","guid":{"rendered":"https:\/\/www.aerometrik.com\/produit\/protective-mask-leakage-tester-system-pmlt-ati\/"},"modified":"2023-02-14T13:39:41","modified_gmt":"2023-02-14T12:39:41","slug":"protective-mask-leakage-tester-system-pmlt-ati","status":"publish","type":"product","link":"https:\/\/www.aerometrik.com\/en\/produit\/protective-mask-leakage-tester-system-pmlt-ati\/","title":{"rendered":"Protective Mask Leakage Tester System (PMLT) ATI"},"content":{"rendered":"","protected":false},"excerpt":{"rendered":"<div class=\"ewa-rteLine\">. When donning a protective mask, you deserve the utmost confidence in your gear.<\/div>\n<div class=\"ewa-rteLine\">. Air Techniques International\u2019s Protective Mask Leakage Tester (PMLT) is an aerosol &amp; photometry-based instrument designed to confirm mask seal and integrity as well as individual fit.<\/div>\n<div class=\"ewa-rteLine\">. The PMLT is portable, easy to use, sets up in minutes and provides a variety of mask testing options.<\/div>\n","protected":false},"featured_media":1546,"template":"","meta":{"inline_featured_image":false},"product_brand":[],"product_cat":[153,152,147],"product_tag":[],"class_list":{"0":"post-2039","1":"product","2":"type-product","3":"status-publish","4":"has-post-thumbnail","6":"product_cat-ati-en","7":"product_cat-filter-tester","8":"product_cat-protective-mask-leakage-tester-system-pmlt","10":"first","11":"instock","12":"product-type-simple"},"gallery_images":[],"yoast_head":"<!-- This site is optimized with the Yoast SEO plugin v27.3 - https:\/\/yoast.com\/product\/yoast-seo-wordpress\/ -->\n<title>Protective Mask Leakage Tester System (PMLT) ATI - Aerometrik<\/title>\n<meta name=\"description\" content=\"The PMLT. Mask filter testing is portable, easy to use, sets up in minutes and provides a variety of mask testing options.\" \/>\n<meta name=\"robots\" content=\"index, follow, max-snippet:-1, max-image-preview:large, max-video-preview:-1\" \/>\n<link rel=\"canonical\" href=\"https:\/\/www.aerometrik.com\/en\/produit\/protective-mask-leakage-tester-system-pmlt-ati\/\" \/>\n<meta property=\"og:locale\" content=\"en_US\" \/>\n<meta property=\"og:type\" content=\"article\" \/>\n<meta property=\"og:title\" content=\"Protective Mask Leakage Tester System (PMLT) ATI - Aerometrik\" \/>\n<meta property=\"og:description\" content=\"The PMLT. Mask filter testing is portable, easy to use, sets up in minutes and provides a variety of mask testing options.\" \/>\n<meta property=\"og:url\" content=\"https:\/\/www.aerometrik.com\/en\/produit\/protective-mask-leakage-tester-system-pmlt-ati\/\" \/>\n<meta property=\"og:site_name\" content=\"Aerometrik\" \/>\n<meta property=\"article:modified_time\" content=\"2023-02-14T12:39:41+00:00\" \/>\n<meta property=\"og:image\" content=\"https:\/\/www.aerometrik.com\/wp-content\/uploads\/2022\/03\/PMLT.png\" \/>\n\t<meta property=\"og:image:width\" content=\"572\" \/>\n\t<meta property=\"og:image:height\" content=\"812\" \/>\n\t<meta property=\"og:image:type\" content=\"image\/png\" \/>\n<meta name=\"twitter:card\" content=\"summary_large_image\" \/>\n<script type=\"application\/ld+json\" class=\"yoast-schema-graph\">{\"@context\":\"https:\\\/\\\/schema.org\",\"@graph\":[{\"@type\":\"WebPage\",\"@id\":\"https:\\\/\\\/www.aerometrik.com\\\/en\\\/produit\\\/protective-mask-leakage-tester-system-pmlt-ati\\\/\",\"url\":\"https:\\\/\\\/www.aerometrik.com\\\/en\\\/produit\\\/protective-mask-leakage-tester-system-pmlt-ati\\\/\",\"name\":\"Protective Mask Leakage Tester System (PMLT) ATI - Aerometrik\",\"isPartOf\":{\"@id\":\"https:\\\/\\\/www.aerometrik.com\\\/#website\"},\"primaryImageOfPage\":{\"@id\":\"https:\\\/\\\/www.aerometrik.com\\\/en\\\/produit\\\/protective-mask-leakage-tester-system-pmlt-ati\\\/#primaryimage\"},\"image\":{\"@id\":\"https:\\\/\\\/www.aerometrik.com\\\/en\\\/produit\\\/protective-mask-leakage-tester-system-pmlt-ati\\\/#primaryimage\"},\"thumbnailUrl\":\"https:\\\/\\\/www.aerometrik.com\\\/wp-content\\\/uploads\\\/2022\\\/03\\\/PMLT.png\",\"datePublished\":\"2022-03-04T16:45:26+00:00\",\"dateModified\":\"2023-02-14T12:39:41+00:00\",\"description\":\"The PMLT. Mask filter testing is portable, easy to use, sets up in minutes and provides a variety of mask testing options.\",\"breadcrumb\":{\"@id\":\"https:\\\/\\\/www.aerometrik.com\\\/en\\\/produit\\\/protective-mask-leakage-tester-system-pmlt-ati\\\/#breadcrumb\"},\"inLanguage\":\"en-US\",\"potentialAction\":[{\"@type\":\"ReadAction\",\"target\":[\"https:\\\/\\\/www.aerometrik.com\\\/en\\\/produit\\\/protective-mask-leakage-tester-system-pmlt-ati\\\/\"]}]},{\"@type\":\"ImageObject\",\"inLanguage\":\"en-US\",\"@id\":\"https:\\\/\\\/www.aerometrik.com\\\/en\\\/produit\\\/protective-mask-leakage-tester-system-pmlt-ati\\\/#primaryimage\",\"url\":\"https:\\\/\\\/www.aerometrik.com\\\/wp-content\\\/uploads\\\/2022\\\/03\\\/PMLT.png\",\"contentUrl\":\"https:\\\/\\\/www.aerometrik.com\\\/wp-content\\\/uploads\\\/2022\\\/03\\\/PMLT.png\",\"width\":572,\"height\":812,\"caption\":\"Testeur de masque ATI PMLT pour tester l'int\u00e9grit\u00e9 des masques\"},{\"@type\":\"BreadcrumbList\",\"@id\":\"https:\\\/\\\/www.aerometrik.com\\\/en\\\/produit\\\/protective-mask-leakage-tester-system-pmlt-ati\\\/#breadcrumb\",\"itemListElement\":[{\"@type\":\"ListItem\",\"position\":1,\"name\":\"Accueil\",\"item\":\"https:\\\/\\\/www.aerometrik.com\\\/en\\\/home\\\/\"},{\"@type\":\"ListItem\",\"position\":2,\"name\":\"Products\",\"item\":\"https:\\\/\\\/www.aerometrik.com\\\/en\\\/products\\\/\"},{\"@type\":\"ListItem\",\"position\":3,\"name\":\"Protective Mask Leakage Tester System (PMLT) ATI\"}]},{\"@type\":\"WebSite\",\"@id\":\"https:\\\/\\\/www.aerometrik.com\\\/#website\",\"url\":\"https:\\\/\\\/www.aerometrik.com\\\/\",\"name\":\"Aerometrik\",\"description\":\"Solutions de ma\u00eetrise de la qualit\u00e9 de l&#039;air pour le secteur m\u00e9dical, et l&#039;industrie alimentaire et pharmaceutique\",\"publisher\":{\"@id\":\"https:\\\/\\\/www.aerometrik.com\\\/#organization\"},\"potentialAction\":[{\"@type\":\"SearchAction\",\"target\":{\"@type\":\"EntryPoint\",\"urlTemplate\":\"https:\\\/\\\/www.aerometrik.com\\\/?s={search_term_string}\"},\"query-input\":{\"@type\":\"PropertyValueSpecification\",\"valueRequired\":true,\"valueName\":\"search_term_string\"}}],\"inLanguage\":\"en-US\"},{\"@type\":\"Organization\",\"@id\":\"https:\\\/\\\/www.aerometrik.com\\\/#organization\",\"name\":\"Aerometrik\",\"url\":\"https:\\\/\\\/www.aerometrik.com\\\/\",\"logo\":{\"@type\":\"ImageObject\",\"inLanguage\":\"en-US\",\"@id\":\"https:\\\/\\\/www.aerometrik.com\\\/#\\\/schema\\\/logo\\\/image\\\/\",\"url\":\"https:\\\/\\\/www.aerometrik.com\\\/wp-content\\\/uploads\\\/2021\\\/08\\\/logo-aerometrik.svg\",\"contentUrl\":\"https:\\\/\\\/www.aerometrik.com\\\/wp-content\\\/uploads\\\/2021\\\/08\\\/logo-aerometrik.svg\",\"width\":212,\"height\":90,\"caption\":\"Aerometrik\"},\"image\":{\"@id\":\"https:\\\/\\\/www.aerometrik.com\\\/#\\\/schema\\\/logo\\\/image\\\/\"}}]}<\/script>\n<!-- \/ Yoast SEO plugin. -->","yoast_head_json":{"title":"Protective Mask Leakage Tester System (PMLT) ATI - Aerometrik","description":"The PMLT. Mask filter testing is portable, easy to use, sets up in minutes and provides a variety of mask testing options.","robots":{"index":"index","follow":"follow","max-snippet":"max-snippet:-1","max-image-preview":"max-image-preview:large","max-video-preview":"max-video-preview:-1"},"canonical":"https:\/\/www.aerometrik.com\/en\/produit\/protective-mask-leakage-tester-system-pmlt-ati\/","og_locale":"en_US","og_type":"article","og_title":"Protective Mask Leakage Tester System (PMLT) ATI - Aerometrik","og_description":"The PMLT. Mask filter testing is portable, easy to use, sets up in minutes and provides a variety of mask testing options.","og_url":"https:\/\/www.aerometrik.com\/en\/produit\/protective-mask-leakage-tester-system-pmlt-ati\/","og_site_name":"Aerometrik","article_modified_time":"2023-02-14T12:39:41+00:00","og_image":[{"width":572,"height":812,"url":"https:\/\/www.aerometrik.com\/wp-content\/uploads\/2022\/03\/PMLT.png","type":"image\/png"}],"twitter_card":"summary_large_image","schema":{"@context":"https:\/\/schema.org","@graph":[{"@type":"WebPage","@id":"https:\/\/www.aerometrik.com\/en\/produit\/protective-mask-leakage-tester-system-pmlt-ati\/","url":"https:\/\/www.aerometrik.com\/en\/produit\/protective-mask-leakage-tester-system-pmlt-ati\/","name":"Protective Mask Leakage Tester System (PMLT) ATI - Aerometrik","isPartOf":{"@id":"https:\/\/www.aerometrik.com\/#website"},"primaryImageOfPage":{"@id":"https:\/\/www.aerometrik.com\/en\/produit\/protective-mask-leakage-tester-system-pmlt-ati\/#primaryimage"},"image":{"@id":"https:\/\/www.aerometrik.com\/en\/produit\/protective-mask-leakage-tester-system-pmlt-ati\/#primaryimage"},"thumbnailUrl":"https:\/\/www.aerometrik.com\/wp-content\/uploads\/2022\/03\/PMLT.png","datePublished":"2022-03-04T16:45:26+00:00","dateModified":"2023-02-14T12:39:41+00:00","description":"The PMLT. Mask filter testing is portable, easy to use, sets up in minutes and provides a variety of mask testing options.","breadcrumb":{"@id":"https:\/\/www.aerometrik.com\/en\/produit\/protective-mask-leakage-tester-system-pmlt-ati\/#breadcrumb"},"inLanguage":"en-US","potentialAction":[{"@type":"ReadAction","target":["https:\/\/www.aerometrik.com\/en\/produit\/protective-mask-leakage-tester-system-pmlt-ati\/"]}]},{"@type":"ImageObject","inLanguage":"en-US","@id":"https:\/\/www.aerometrik.com\/en\/produit\/protective-mask-leakage-tester-system-pmlt-ati\/#primaryimage","url":"https:\/\/www.aerometrik.com\/wp-content\/uploads\/2022\/03\/PMLT.png","contentUrl":"https:\/\/www.aerometrik.com\/wp-content\/uploads\/2022\/03\/PMLT.png","width":572,"height":812,"caption":"Testeur de masque ATI PMLT pour tester l'int\u00e9grit\u00e9 des masques"},{"@type":"BreadcrumbList","@id":"https:\/\/www.aerometrik.com\/en\/produit\/protective-mask-leakage-tester-system-pmlt-ati\/#breadcrumb","itemListElement":[{"@type":"ListItem","position":1,"name":"Accueil","item":"https:\/\/www.aerometrik.com\/en\/home\/"},{"@type":"ListItem","position":2,"name":"Products","item":"https:\/\/www.aerometrik.com\/en\/products\/"},{"@type":"ListItem","position":3,"name":"Protective Mask Leakage Tester System (PMLT) ATI"}]},{"@type":"WebSite","@id":"https:\/\/www.aerometrik.com\/#website","url":"https:\/\/www.aerometrik.com\/","name":"Aerometrik","description":"Solutions de ma\u00eetrise de la qualit\u00e9 de l&#039;air pour le secteur m\u00e9dical, et l&#039;industrie alimentaire et pharmaceutique","publisher":{"@id":"https:\/\/www.aerometrik.com\/#organization"},"potentialAction":[{"@type":"SearchAction","target":{"@type":"EntryPoint","urlTemplate":"https:\/\/www.aerometrik.com\/?s={search_term_string}"},"query-input":{"@type":"PropertyValueSpecification","valueRequired":true,"valueName":"search_term_string"}}],"inLanguage":"en-US"},{"@type":"Organization","@id":"https:\/\/www.aerometrik.com\/#organization","name":"Aerometrik","url":"https:\/\/www.aerometrik.com\/","logo":{"@type":"ImageObject","inLanguage":"en-US","@id":"https:\/\/www.aerometrik.com\/#\/schema\/logo\/image\/","url":"https:\/\/www.aerometrik.com\/wp-content\/uploads\/2021\/08\/logo-aerometrik.svg","contentUrl":"https:\/\/www.aerometrik.com\/wp-content\/uploads\/2021\/08\/logo-aerometrik.svg","width":212,"height":90,"caption":"Aerometrik"},"image":{"@id":"https:\/\/www.aerometrik.com\/#\/schema\/logo\/image\/"}}]}},"_links":{"self":[{"href":"https:\/\/www.aerometrik.com\/en\/wp-json\/wp\/v2\/product\/2039","targetHints":{"allow":["GET"]}}],"collection":[{"href":"https:\/\/www.aerometrik.com\/en\/wp-json\/wp\/v2\/product"}],"about":[{"href":"https:\/\/www.aerometrik.com\/en\/wp-json\/wp\/v2\/types\/product"}],"wp:featuredmedia":[{"embeddable":true,"href":"https:\/\/www.aerometrik.com\/en\/wp-json\/wp\/v2\/media\/1546"}],"wp:attachment":[{"href":"https:\/\/www.aerometrik.com\/en\/wp-json\/wp\/v2\/media?parent=2039"}],"wp:term":[{"taxonomy":"product_brand","embeddable":true,"href":"https:\/\/www.aerometrik.com\/en\/wp-json\/wp\/v2\/product_brand?post=2039"},{"taxonomy":"product_cat","embeddable":true,"href":"https:\/\/www.aerometrik.com\/en\/wp-json\/wp\/v2\/product_cat?post=2039"},{"taxonomy":"product_tag","embeddable":true,"href":"https:\/\/www.aerometrik.com\/en\/wp-json\/wp\/v2\/product_tag?post=2039"}],"curies":[{"name":"wp","href":"https:\/\/api.w.org\/{rel}","templated":true}]}}