{"id":2035,"date":"2022-05-19T09:39:05","date_gmt":"2022-05-19T07:39:05","guid":{"rendered":"https:\/\/www.aerometrik.com\/?post_type=product&#038;p=2035"},"modified":"2023-05-22T15:18:41","modified_gmt":"2023-05-22T13:18:41","slug":"velocicalc-multi-function-ventilation-meter-models-9600","status":"publish","type":"product","link":"https:\/\/www.aerometrik.com\/en\/produit\/velocicalc-multi-function-ventilation-meter-models-9600\/","title":{"rendered":"VelociCalc Multi-Function Ventilation Meter TSI 9600"},"content":{"rendered":"","protected":false},"excerpt":{"rendered":"<p>. Large, high-resolution color display<br \/>\n. Intuitive menu structure allows for ease of use and setup<br \/>\n. Optional smart plug-in probes, including thermoanemometer, rotating vane and CO2 probes with calibration certificates<br \/>\n. Input for one K-alloy thermocouple<br \/>\n. User-customizable soft keys for quick access to common functions<br \/>\n. Calculate the percentage of outdoor air with IAQ probe<br \/>\n. Integrated magnets for hands-free operation<br \/>\n. Supports multiple languages<br \/>\n. Air density compensation with on board barometric pressure sensor and temperature input<br \/>\n. Print data from instrument with optional USB portable printer<\/p>\n<a class=\"button btn-dl-produit button_size_2 button_none\" href=\"https:\/\/www.aerometrik.com\/wp-content\/uploads\/2023\/05\/9600-9630-9650-Datasheet.pdf\"     style=\"color:#2294D1;\" target=\"_blank\"    title=\"\"><span class=\"button_label\">Download the product sheet<\/span><\/a>\n\n","protected":false},"featured_media":3206,"template":"","meta":{"inline_featured_image":false},"product_brand":[],"product_cat":[137,113,138],"product_tag":[],"class_list":{"0":"post-2035","1":"product","2":"type-product","3":"status-publish","4":"has-post-thumbnail","6":"product_cat-anemometres-et-balometre-en","7":"product_cat-cleanroom-qualifications","8":"product_cat-tsi-en","10":"first","11":"instock","12":"product-type-simple"},"gallery_images":[1727,3212,3209,3206],"yoast_head":"<!-- This site is optimized with the Yoast SEO plugin v27.4 - https:\/\/yoast.com\/product\/yoast-seo-wordpress\/ -->\n<title>VelociCalc Multi-Function Ventilation Meter TSI 9600 - Aerometrik<\/title>\n<meta name=\"description\" content=\"Ventilation meter Velocicalc with large, high-resolution color display. Intuitive menu structure allows for ease of use and setup.\" \/>\n<meta name=\"robots\" content=\"index, follow, max-snippet:-1, max-image-preview:large, max-video-preview:-1\" \/>\n<link rel=\"canonical\" href=\"https:\/\/www.aerometrik.com\/en\/produit\/velocicalc-multi-function-ventilation-meter-models-9600\/\" \/>\n<meta property=\"og:locale\" content=\"en_US\" \/>\n<meta property=\"og:type\" content=\"article\" \/>\n<meta property=\"og:title\" content=\"VelociCalc Multi-Function Ventilation Meter TSI 9600 - Aerometrik\" \/>\n<meta property=\"og:description\" content=\"Ventilation meter Velocicalc with large, high-resolution color display. Intuitive menu structure allows for ease of use and setup.\" \/>\n<meta property=\"og:url\" content=\"https:\/\/www.aerometrik.com\/en\/produit\/velocicalc-multi-function-ventilation-meter-models-9600\/\" \/>\n<meta property=\"og:site_name\" content=\"Aerometrik\" \/>\n<meta property=\"article:modified_time\" content=\"2023-05-22T13:18:41+00:00\" \/>\n<meta property=\"og:image\" content=\"https:\/\/www.aerometrik.com\/wp-content\/uploads\/2022\/05\/VCALC-9600-1.jpg\" \/>\n\t<meta property=\"og:image:width\" content=\"650\" \/>\n\t<meta property=\"og:image:height\" content=\"432\" \/>\n\t<meta property=\"og:image:type\" content=\"image\/jpeg\" \/>\n<meta name=\"twitter:card\" content=\"summary_large_image\" \/>\n<script type=\"application\/ld+json\" class=\"yoast-schema-graph\">{\"@context\":\"https:\\\/\\\/schema.org\",\"@graph\":[{\"@type\":\"WebPage\",\"@id\":\"https:\\\/\\\/www.aerometrik.com\\\/en\\\/produit\\\/velocicalc-multi-function-ventilation-meter-models-9600\\\/\",\"url\":\"https:\\\/\\\/www.aerometrik.com\\\/en\\\/produit\\\/velocicalc-multi-function-ventilation-meter-models-9600\\\/\",\"name\":\"VelociCalc Multi-Function Ventilation Meter TSI 9600 - Aerometrik\",\"isPartOf\":{\"@id\":\"https:\\\/\\\/www.aerometrik.com\\\/#website\"},\"primaryImageOfPage\":{\"@id\":\"https:\\\/\\\/www.aerometrik.com\\\/en\\\/produit\\\/velocicalc-multi-function-ventilation-meter-models-9600\\\/#primaryimage\"},\"image\":{\"@id\":\"https:\\\/\\\/www.aerometrik.com\\\/en\\\/produit\\\/velocicalc-multi-function-ventilation-meter-models-9600\\\/#primaryimage\"},\"thumbnailUrl\":\"https:\\\/\\\/www.aerometrik.com\\\/wp-content\\\/uploads\\\/2022\\\/05\\\/Base-site6.png\",\"datePublished\":\"2022-05-19T07:39:05+00:00\",\"dateModified\":\"2023-05-22T13:18:41+00:00\",\"description\":\"Ventilation meter Velocicalc with large, high-resolution color display. Intuitive menu structure allows for ease of use and setup.\",\"breadcrumb\":{\"@id\":\"https:\\\/\\\/www.aerometrik.com\\\/en\\\/produit\\\/velocicalc-multi-function-ventilation-meter-models-9600\\\/#breadcrumb\"},\"inLanguage\":\"en-US\",\"potentialAction\":[{\"@type\":\"ReadAction\",\"target\":[\"https:\\\/\\\/www.aerometrik.com\\\/en\\\/produit\\\/velocicalc-multi-function-ventilation-meter-models-9600\\\/\"]}]},{\"@type\":\"ImageObject\",\"inLanguage\":\"en-US\",\"@id\":\"https:\\\/\\\/www.aerometrik.com\\\/en\\\/produit\\\/velocicalc-multi-function-ventilation-meter-models-9600\\\/#primaryimage\",\"url\":\"https:\\\/\\\/www.aerometrik.com\\\/wp-content\\\/uploads\\\/2022\\\/05\\\/Base-site6.png\",\"contentUrl\":\"https:\\\/\\\/www.aerometrik.com\\\/wp-content\\\/uploads\\\/2022\\\/05\\\/Base-site6.png\",\"width\":1748,\"height\":1748,\"caption\":\"An\u00e9mom\u00e8tre multifonctions TSI 9600\"},{\"@type\":\"BreadcrumbList\",\"@id\":\"https:\\\/\\\/www.aerometrik.com\\\/en\\\/produit\\\/velocicalc-multi-function-ventilation-meter-models-9600\\\/#breadcrumb\",\"itemListElement\":[{\"@type\":\"ListItem\",\"position\":1,\"name\":\"Accueil\",\"item\":\"https:\\\/\\\/www.aerometrik.com\\\/en\\\/home\\\/\"},{\"@type\":\"ListItem\",\"position\":2,\"name\":\"Products\",\"item\":\"https:\\\/\\\/www.aerometrik.com\\\/en\\\/products\\\/\"},{\"@type\":\"ListItem\",\"position\":3,\"name\":\"VelociCalc Multi-Function Ventilation Meter TSI 9600\"}]},{\"@type\":\"WebSite\",\"@id\":\"https:\\\/\\\/www.aerometrik.com\\\/#website\",\"url\":\"https:\\\/\\\/www.aerometrik.com\\\/\",\"name\":\"Aerometrik\",\"description\":\"Solutions de ma\u00eetrise de la qualit\u00e9 de l&#039;air pour le secteur m\u00e9dical, et l&#039;industrie alimentaire et pharmaceutique\",\"publisher\":{\"@id\":\"https:\\\/\\\/www.aerometrik.com\\\/#organization\"},\"potentialAction\":[{\"@type\":\"SearchAction\",\"target\":{\"@type\":\"EntryPoint\",\"urlTemplate\":\"https:\\\/\\\/www.aerometrik.com\\\/?s={search_term_string}\"},\"query-input\":{\"@type\":\"PropertyValueSpecification\",\"valueRequired\":true,\"valueName\":\"search_term_string\"}}],\"inLanguage\":\"en-US\"},{\"@type\":\"Organization\",\"@id\":\"https:\\\/\\\/www.aerometrik.com\\\/#organization\",\"name\":\"Aerometrik\",\"url\":\"https:\\\/\\\/www.aerometrik.com\\\/\",\"logo\":{\"@type\":\"ImageObject\",\"inLanguage\":\"en-US\",\"@id\":\"https:\\\/\\\/www.aerometrik.com\\\/#\\\/schema\\\/logo\\\/image\\\/\",\"url\":\"https:\\\/\\\/www.aerometrik.com\\\/wp-content\\\/uploads\\\/2021\\\/08\\\/logo-aerometrik.svg\",\"contentUrl\":\"https:\\\/\\\/www.aerometrik.com\\\/wp-content\\\/uploads\\\/2021\\\/08\\\/logo-aerometrik.svg\",\"width\":212,\"height\":90,\"caption\":\"Aerometrik\"},\"image\":{\"@id\":\"https:\\\/\\\/www.aerometrik.com\\\/#\\\/schema\\\/logo\\\/image\\\/\"}}]}<\/script>\n<!-- \/ Yoast SEO plugin. -->","yoast_head_json":{"title":"VelociCalc Multi-Function Ventilation Meter TSI 9600 - Aerometrik","description":"Ventilation meter Velocicalc with large, high-resolution color display. Intuitive menu structure allows for ease of use and setup.","robots":{"index":"index","follow":"follow","max-snippet":"max-snippet:-1","max-image-preview":"max-image-preview:large","max-video-preview":"max-video-preview:-1"},"canonical":"https:\/\/www.aerometrik.com\/en\/produit\/velocicalc-multi-function-ventilation-meter-models-9600\/","og_locale":"en_US","og_type":"article","og_title":"VelociCalc Multi-Function Ventilation Meter TSI 9600 - Aerometrik","og_description":"Ventilation meter Velocicalc with large, high-resolution color display. Intuitive menu structure allows for ease of use and setup.","og_url":"https:\/\/www.aerometrik.com\/en\/produit\/velocicalc-multi-function-ventilation-meter-models-9600\/","og_site_name":"Aerometrik","article_modified_time":"2023-05-22T13:18:41+00:00","og_image":[{"width":650,"height":432,"url":"https:\/\/www.aerometrik.com\/wp-content\/uploads\/2022\/05\/VCALC-9600-1.jpg","type":"image\/jpeg"}],"twitter_card":"summary_large_image","schema":{"@context":"https:\/\/schema.org","@graph":[{"@type":"WebPage","@id":"https:\/\/www.aerometrik.com\/en\/produit\/velocicalc-multi-function-ventilation-meter-models-9600\/","url":"https:\/\/www.aerometrik.com\/en\/produit\/velocicalc-multi-function-ventilation-meter-models-9600\/","name":"VelociCalc Multi-Function Ventilation Meter TSI 9600 - Aerometrik","isPartOf":{"@id":"https:\/\/www.aerometrik.com\/#website"},"primaryImageOfPage":{"@id":"https:\/\/www.aerometrik.com\/en\/produit\/velocicalc-multi-function-ventilation-meter-models-9600\/#primaryimage"},"image":{"@id":"https:\/\/www.aerometrik.com\/en\/produit\/velocicalc-multi-function-ventilation-meter-models-9600\/#primaryimage"},"thumbnailUrl":"https:\/\/www.aerometrik.com\/wp-content\/uploads\/2022\/05\/Base-site6.png","datePublished":"2022-05-19T07:39:05+00:00","dateModified":"2023-05-22T13:18:41+00:00","description":"Ventilation meter Velocicalc with large, high-resolution color display. Intuitive menu structure allows for ease of use and setup.","breadcrumb":{"@id":"https:\/\/www.aerometrik.com\/en\/produit\/velocicalc-multi-function-ventilation-meter-models-9600\/#breadcrumb"},"inLanguage":"en-US","potentialAction":[{"@type":"ReadAction","target":["https:\/\/www.aerometrik.com\/en\/produit\/velocicalc-multi-function-ventilation-meter-models-9600\/"]}]},{"@type":"ImageObject","inLanguage":"en-US","@id":"https:\/\/www.aerometrik.com\/en\/produit\/velocicalc-multi-function-ventilation-meter-models-9600\/#primaryimage","url":"https:\/\/www.aerometrik.com\/wp-content\/uploads\/2022\/05\/Base-site6.png","contentUrl":"https:\/\/www.aerometrik.com\/wp-content\/uploads\/2022\/05\/Base-site6.png","width":1748,"height":1748,"caption":"An\u00e9mom\u00e8tre multifonctions TSI 9600"},{"@type":"BreadcrumbList","@id":"https:\/\/www.aerometrik.com\/en\/produit\/velocicalc-multi-function-ventilation-meter-models-9600\/#breadcrumb","itemListElement":[{"@type":"ListItem","position":1,"name":"Accueil","item":"https:\/\/www.aerometrik.com\/en\/home\/"},{"@type":"ListItem","position":2,"name":"Products","item":"https:\/\/www.aerometrik.com\/en\/products\/"},{"@type":"ListItem","position":3,"name":"VelociCalc Multi-Function Ventilation Meter TSI 9600"}]},{"@type":"WebSite","@id":"https:\/\/www.aerometrik.com\/#website","url":"https:\/\/www.aerometrik.com\/","name":"Aerometrik","description":"Solutions de ma\u00eetrise de la qualit\u00e9 de l&#039;air pour le secteur m\u00e9dical, et l&#039;industrie alimentaire et pharmaceutique","publisher":{"@id":"https:\/\/www.aerometrik.com\/#organization"},"potentialAction":[{"@type":"SearchAction","target":{"@type":"EntryPoint","urlTemplate":"https:\/\/www.aerometrik.com\/?s={search_term_string}"},"query-input":{"@type":"PropertyValueSpecification","valueRequired":true,"valueName":"search_term_string"}}],"inLanguage":"en-US"},{"@type":"Organization","@id":"https:\/\/www.aerometrik.com\/#organization","name":"Aerometrik","url":"https:\/\/www.aerometrik.com\/","logo":{"@type":"ImageObject","inLanguage":"en-US","@id":"https:\/\/www.aerometrik.com\/#\/schema\/logo\/image\/","url":"https:\/\/www.aerometrik.com\/wp-content\/uploads\/2021\/08\/logo-aerometrik.svg","contentUrl":"https:\/\/www.aerometrik.com\/wp-content\/uploads\/2021\/08\/logo-aerometrik.svg","width":212,"height":90,"caption":"Aerometrik"},"image":{"@id":"https:\/\/www.aerometrik.com\/#\/schema\/logo\/image\/"}}]}},"_links":{"self":[{"href":"https:\/\/www.aerometrik.com\/en\/wp-json\/wp\/v2\/product\/2035","targetHints":{"allow":["GET"]}}],"collection":[{"href":"https:\/\/www.aerometrik.com\/en\/wp-json\/wp\/v2\/product"}],"about":[{"href":"https:\/\/www.aerometrik.com\/en\/wp-json\/wp\/v2\/types\/product"}],"wp:featuredmedia":[{"embeddable":true,"href":"https:\/\/www.aerometrik.com\/en\/wp-json\/wp\/v2\/media\/3206"}],"wp:attachment":[{"href":"https:\/\/www.aerometrik.com\/en\/wp-json\/wp\/v2\/media?parent=2035"}],"wp:term":[{"taxonomy":"product_brand","embeddable":true,"href":"https:\/\/www.aerometrik.com\/en\/wp-json\/wp\/v2\/product_brand?post=2035"},{"taxonomy":"product_cat","embeddable":true,"href":"https:\/\/www.aerometrik.com\/en\/wp-json\/wp\/v2\/product_cat?post=2035"},{"taxonomy":"product_tag","embeddable":true,"href":"https:\/\/www.aerometrik.com\/en\/wp-json\/wp\/v2\/product_tag?post=2035"}],"curies":[{"name":"wp","href":"https:\/\/api.w.org\/{rel}","templated":true}]}}