{"id":2032,"date":"2023-01-16T15:00:21","date_gmt":"2023-01-16T14:00:21","guid":{"rendered":"https:\/\/www.aerometrik.com\/?post_type=product&#038;p=2032"},"modified":"2023-02-14T12:34:42","modified_gmt":"2023-02-14T11:34:42","slug":"smoke-generator-microrite","status":"publish","type":"product","link":"https:\/\/www.aerometrik.com\/en\/produit\/smoke-generator-microrite\/","title":{"rendered":"Smoke generator MICRORITE"},"content":{"rendered":"","protected":false},"excerpt":{"rendered":"<ul>\n<li>. Visualization and monitoring of airflow (ISO 14644-3 Annex B7) in classified environments.<\/li>\n<li>. Pressure balancing between rooms (visual indication).<\/li>\n<li>. Optimization of equipment location.<\/li>\n<li>. Discovery of unsuspected sources of particulate and gaseous contamination.<\/li>\n<li>. Monitoring air infiltration paths to minimize the introduction of particles into critical areas.<\/li>\n<\/ul>\n","protected":false},"featured_media":2015,"template":"","meta":{"inline_featured_image":false},"product_brand":[],"product_cat":[136,113],"product_tag":[],"class_list":{"0":"post-2032","1":"product","2":"type-product","3":"status-publish","4":"has-post-thumbnail","6":"product_cat-aeraulic-diagrams","7":"product_cat-cleanroom-qualifications","9":"first","10":"instock","11":"product-type-simple"},"gallery_images":[2023,2021,2019,2124],"yoast_head":"<!-- This site is optimized with the Yoast SEO plugin v27.4 - https:\/\/yoast.com\/product\/yoast-seo-wordpress\/ -->\n<title>Smoke generator MICRORITE - Aerometrik<\/title>\n<meta name=\"description\" content=\"Visualization and monitoring of airflow (ISO 14644-3 Annex B7) in classified environments. Pressure balancing between rooms (visual indication).\" \/>\n<meta name=\"robots\" content=\"index, follow, max-snippet:-1, max-image-preview:large, max-video-preview:-1\" \/>\n<link rel=\"canonical\" href=\"https:\/\/www.aerometrik.com\/en\/produit\/smoke-generator-microrite\/\" \/>\n<meta property=\"og:locale\" content=\"en_US\" \/>\n<meta property=\"og:type\" content=\"article\" \/>\n<meta property=\"og:title\" content=\"Smoke generator MICRORITE - Aerometrik\" \/>\n<meta property=\"og:description\" content=\"Visualization and monitoring of airflow (ISO 14644-3 Annex B7) in classified environments. Pressure balancing between rooms (visual indication).\" \/>\n<meta property=\"og:url\" content=\"https:\/\/www.aerometrik.com\/en\/produit\/smoke-generator-microrite\/\" \/>\n<meta property=\"og:site_name\" content=\"Aerometrik\" \/>\n<meta property=\"article:modified_time\" content=\"2023-02-14T11:34:42+00:00\" \/>\n<meta property=\"og:image\" content=\"https:\/\/www.aerometrik.com\/wp-content\/uploads\/2023\/01\/Microrite_1.png\" \/>\n\t<meta property=\"og:image:width\" content=\"1748\" \/>\n\t<meta property=\"og:image:height\" content=\"1748\" \/>\n\t<meta property=\"og:image:type\" content=\"image\/png\" \/>\n<meta name=\"twitter:card\" content=\"summary_large_image\" \/>\n<script type=\"application\/ld+json\" class=\"yoast-schema-graph\">{\"@context\":\"https:\\\/\\\/schema.org\",\"@graph\":[{\"@type\":\"WebPage\",\"@id\":\"https:\\\/\\\/www.aerometrik.com\\\/en\\\/produit\\\/smoke-generator-microrite\\\/\",\"url\":\"https:\\\/\\\/www.aerometrik.com\\\/en\\\/produit\\\/smoke-generator-microrite\\\/\",\"name\":\"Smoke generator MICRORITE - Aerometrik\",\"isPartOf\":{\"@id\":\"https:\\\/\\\/www.aerometrik.com\\\/#website\"},\"primaryImageOfPage\":{\"@id\":\"https:\\\/\\\/www.aerometrik.com\\\/en\\\/produit\\\/smoke-generator-microrite\\\/#primaryimage\"},\"image\":{\"@id\":\"https:\\\/\\\/www.aerometrik.com\\\/en\\\/produit\\\/smoke-generator-microrite\\\/#primaryimage\"},\"thumbnailUrl\":\"https:\\\/\\\/www.aerometrik.com\\\/wp-content\\\/uploads\\\/2023\\\/01\\\/Microrite_1.png\",\"datePublished\":\"2023-01-16T14:00:21+00:00\",\"dateModified\":\"2023-02-14T11:34:42+00:00\",\"description\":\"Visualization and monitoring of airflow (ISO 14644-3 Annex B7) in classified environments. Pressure balancing between rooms (visual indication).\",\"breadcrumb\":{\"@id\":\"https:\\\/\\\/www.aerometrik.com\\\/en\\\/produit\\\/smoke-generator-microrite\\\/#breadcrumb\"},\"inLanguage\":\"en-US\",\"potentialAction\":[{\"@type\":\"ReadAction\",\"target\":[\"https:\\\/\\\/www.aerometrik.com\\\/en\\\/produit\\\/smoke-generator-microrite\\\/\"]}]},{\"@type\":\"ImageObject\",\"inLanguage\":\"en-US\",\"@id\":\"https:\\\/\\\/www.aerometrik.com\\\/en\\\/produit\\\/smoke-generator-microrite\\\/#primaryimage\",\"url\":\"https:\\\/\\\/www.aerometrik.com\\\/wp-content\\\/uploads\\\/2023\\\/01\\\/Microrite_1.png\",\"contentUrl\":\"https:\\\/\\\/www.aerometrik.com\\\/wp-content\\\/uploads\\\/2023\\\/01\\\/Microrite_1.png\",\"width\":1748,\"height\":1748,\"caption\":\"G\u00e9n\u00e9rateur de particules traceuses Syst\u00e8me Microrite M1\"},{\"@type\":\"BreadcrumbList\",\"@id\":\"https:\\\/\\\/www.aerometrik.com\\\/en\\\/produit\\\/smoke-generator-microrite\\\/#breadcrumb\",\"itemListElement\":[{\"@type\":\"ListItem\",\"position\":1,\"name\":\"Accueil\",\"item\":\"https:\\\/\\\/www.aerometrik.com\\\/en\\\/home\\\/\"},{\"@type\":\"ListItem\",\"position\":2,\"name\":\"Products\",\"item\":\"https:\\\/\\\/www.aerometrik.com\\\/en\\\/products\\\/\"},{\"@type\":\"ListItem\",\"position\":3,\"name\":\"Smoke generator MICRORITE\"}]},{\"@type\":\"WebSite\",\"@id\":\"https:\\\/\\\/www.aerometrik.com\\\/#website\",\"url\":\"https:\\\/\\\/www.aerometrik.com\\\/\",\"name\":\"Aerometrik\",\"description\":\"Solutions de ma\u00eetrise de la qualit\u00e9 de l&#039;air pour le secteur m\u00e9dical, et l&#039;industrie alimentaire et pharmaceutique\",\"publisher\":{\"@id\":\"https:\\\/\\\/www.aerometrik.com\\\/#organization\"},\"potentialAction\":[{\"@type\":\"SearchAction\",\"target\":{\"@type\":\"EntryPoint\",\"urlTemplate\":\"https:\\\/\\\/www.aerometrik.com\\\/?s={search_term_string}\"},\"query-input\":{\"@type\":\"PropertyValueSpecification\",\"valueRequired\":true,\"valueName\":\"search_term_string\"}}],\"inLanguage\":\"en-US\"},{\"@type\":\"Organization\",\"@id\":\"https:\\\/\\\/www.aerometrik.com\\\/#organization\",\"name\":\"Aerometrik\",\"url\":\"https:\\\/\\\/www.aerometrik.com\\\/\",\"logo\":{\"@type\":\"ImageObject\",\"inLanguage\":\"en-US\",\"@id\":\"https:\\\/\\\/www.aerometrik.com\\\/#\\\/schema\\\/logo\\\/image\\\/\",\"url\":\"https:\\\/\\\/www.aerometrik.com\\\/wp-content\\\/uploads\\\/2021\\\/08\\\/logo-aerometrik.svg\",\"contentUrl\":\"https:\\\/\\\/www.aerometrik.com\\\/wp-content\\\/uploads\\\/2021\\\/08\\\/logo-aerometrik.svg\",\"width\":212,\"height\":90,\"caption\":\"Aerometrik\"},\"image\":{\"@id\":\"https:\\\/\\\/www.aerometrik.com\\\/#\\\/schema\\\/logo\\\/image\\\/\"}}]}<\/script>\n<!-- \/ Yoast SEO plugin. -->","yoast_head_json":{"title":"Smoke generator MICRORITE - Aerometrik","description":"Visualization and monitoring of airflow (ISO 14644-3 Annex B7) in classified environments. Pressure balancing between rooms (visual indication).","robots":{"index":"index","follow":"follow","max-snippet":"max-snippet:-1","max-image-preview":"max-image-preview:large","max-video-preview":"max-video-preview:-1"},"canonical":"https:\/\/www.aerometrik.com\/en\/produit\/smoke-generator-microrite\/","og_locale":"en_US","og_type":"article","og_title":"Smoke generator MICRORITE - Aerometrik","og_description":"Visualization and monitoring of airflow (ISO 14644-3 Annex B7) in classified environments. Pressure balancing between rooms (visual indication).","og_url":"https:\/\/www.aerometrik.com\/en\/produit\/smoke-generator-microrite\/","og_site_name":"Aerometrik","article_modified_time":"2023-02-14T11:34:42+00:00","og_image":[{"width":1748,"height":1748,"url":"https:\/\/www.aerometrik.com\/wp-content\/uploads\/2023\/01\/Microrite_1.png","type":"image\/png"}],"twitter_card":"summary_large_image","schema":{"@context":"https:\/\/schema.org","@graph":[{"@type":"WebPage","@id":"https:\/\/www.aerometrik.com\/en\/produit\/smoke-generator-microrite\/","url":"https:\/\/www.aerometrik.com\/en\/produit\/smoke-generator-microrite\/","name":"Smoke generator MICRORITE - Aerometrik","isPartOf":{"@id":"https:\/\/www.aerometrik.com\/#website"},"primaryImageOfPage":{"@id":"https:\/\/www.aerometrik.com\/en\/produit\/smoke-generator-microrite\/#primaryimage"},"image":{"@id":"https:\/\/www.aerometrik.com\/en\/produit\/smoke-generator-microrite\/#primaryimage"},"thumbnailUrl":"https:\/\/www.aerometrik.com\/wp-content\/uploads\/2023\/01\/Microrite_1.png","datePublished":"2023-01-16T14:00:21+00:00","dateModified":"2023-02-14T11:34:42+00:00","description":"Visualization and monitoring of airflow (ISO 14644-3 Annex B7) in classified environments. Pressure balancing between rooms (visual indication).","breadcrumb":{"@id":"https:\/\/www.aerometrik.com\/en\/produit\/smoke-generator-microrite\/#breadcrumb"},"inLanguage":"en-US","potentialAction":[{"@type":"ReadAction","target":["https:\/\/www.aerometrik.com\/en\/produit\/smoke-generator-microrite\/"]}]},{"@type":"ImageObject","inLanguage":"en-US","@id":"https:\/\/www.aerometrik.com\/en\/produit\/smoke-generator-microrite\/#primaryimage","url":"https:\/\/www.aerometrik.com\/wp-content\/uploads\/2023\/01\/Microrite_1.png","contentUrl":"https:\/\/www.aerometrik.com\/wp-content\/uploads\/2023\/01\/Microrite_1.png","width":1748,"height":1748,"caption":"G\u00e9n\u00e9rateur de particules traceuses Syst\u00e8me Microrite M1"},{"@type":"BreadcrumbList","@id":"https:\/\/www.aerometrik.com\/en\/produit\/smoke-generator-microrite\/#breadcrumb","itemListElement":[{"@type":"ListItem","position":1,"name":"Accueil","item":"https:\/\/www.aerometrik.com\/en\/home\/"},{"@type":"ListItem","position":2,"name":"Products","item":"https:\/\/www.aerometrik.com\/en\/products\/"},{"@type":"ListItem","position":3,"name":"Smoke generator MICRORITE"}]},{"@type":"WebSite","@id":"https:\/\/www.aerometrik.com\/#website","url":"https:\/\/www.aerometrik.com\/","name":"Aerometrik","description":"Solutions de ma\u00eetrise de la qualit\u00e9 de l&#039;air pour le secteur m\u00e9dical, et l&#039;industrie alimentaire et pharmaceutique","publisher":{"@id":"https:\/\/www.aerometrik.com\/#organization"},"potentialAction":[{"@type":"SearchAction","target":{"@type":"EntryPoint","urlTemplate":"https:\/\/www.aerometrik.com\/?s={search_term_string}"},"query-input":{"@type":"PropertyValueSpecification","valueRequired":true,"valueName":"search_term_string"}}],"inLanguage":"en-US"},{"@type":"Organization","@id":"https:\/\/www.aerometrik.com\/#organization","name":"Aerometrik","url":"https:\/\/www.aerometrik.com\/","logo":{"@type":"ImageObject","inLanguage":"en-US","@id":"https:\/\/www.aerometrik.com\/#\/schema\/logo\/image\/","url":"https:\/\/www.aerometrik.com\/wp-content\/uploads\/2021\/08\/logo-aerometrik.svg","contentUrl":"https:\/\/www.aerometrik.com\/wp-content\/uploads\/2021\/08\/logo-aerometrik.svg","width":212,"height":90,"caption":"Aerometrik"},"image":{"@id":"https:\/\/www.aerometrik.com\/#\/schema\/logo\/image\/"}}]}},"_links":{"self":[{"href":"https:\/\/www.aerometrik.com\/en\/wp-json\/wp\/v2\/product\/2032","targetHints":{"allow":["GET"]}}],"collection":[{"href":"https:\/\/www.aerometrik.com\/en\/wp-json\/wp\/v2\/product"}],"about":[{"href":"https:\/\/www.aerometrik.com\/en\/wp-json\/wp\/v2\/types\/product"}],"wp:featuredmedia":[{"embeddable":true,"href":"https:\/\/www.aerometrik.com\/en\/wp-json\/wp\/v2\/media\/2015"}],"wp:attachment":[{"href":"https:\/\/www.aerometrik.com\/en\/wp-json\/wp\/v2\/media?parent=2032"}],"wp:term":[{"taxonomy":"product_brand","embeddable":true,"href":"https:\/\/www.aerometrik.com\/en\/wp-json\/wp\/v2\/product_brand?post=2032"},{"taxonomy":"product_cat","embeddable":true,"href":"https:\/\/www.aerometrik.com\/en\/wp-json\/wp\/v2\/product_cat?post=2032"},{"taxonomy":"product_tag","embeddable":true,"href":"https:\/\/www.aerometrik.com\/en\/wp-json\/wp\/v2\/product_tag?post=2032"}],"curies":[{"name":"wp","href":"https:\/\/api.w.org\/{rel}","templated":true}]}}