{"id":1875,"date":"2022-03-04T17:00:57","date_gmt":"2022-03-04T16:00:57","guid":{"rendered":"https:\/\/www.aerometrik.com\/produit\/monitoring-particle-counter-climet-model-ci-3100-opt\/"},"modified":"2023-02-16T10:30:54","modified_gmt":"2023-02-16T09:30:54","slug":"monitoring-particle-counter-climet-model-ci-3100-opt","status":"publish","type":"product","link":"https:\/\/www.aerometrik.com\/en\/produit\/monitoring-particle-counter-climet-model-ci-3100-opt\/","title":{"rendered":"Monitoring Particle Counter CLIMET &#8211; CI-3100-OPT"},"content":{"rendered":"","protected":false},"excerpt":{"rendered":"<p>. Continuous monitoring!<br \/>\n. Integrated pump.<br \/>\n. 0.5 &#8211; 5 \u00b5m or 0.3 &#8211; 0.5 \u00b5m.<br \/>\n. Sampling rate: 1 CFM (28.3 LPM) or 0.1 CFM (2.3 LPM).<\/p>\n","protected":false},"featured_media":1470,"template":"","meta":{"inline_featured_image":false},"product_brand":[],"product_cat":[116,119,117],"product_tag":[],"class_list":{"0":"post-1875","1":"product","2":"type-product","3":"status-publish","4":"has-post-thumbnail","6":"product_cat-environmental-monitoring","7":"product_cat-continuous-monitoring-particle-counters","8":"product_cat-particle-counters","10":"first","11":"instock","12":"product-type-simple"},"gallery_images":[787,788],"yoast_head":"<!-- This site is optimized with the Yoast SEO plugin v27.3 - https:\/\/yoast.com\/product\/yoast-seo-wordpress\/ -->\n<title>Monitoring Particle Counter CLIMET - CI-3100-OPT - Aerometrik<\/title>\n<meta name=\"description\" content=\"Particle Counter CLIMET : Continuous monitoring! Integrated pump. 0.5 - 5 \u00b5m or 0.3 - 0.5 \u00b5m. Sampling rate: 1 CFM (28.3 LPM).\" \/>\n<meta name=\"robots\" content=\"index, follow, max-snippet:-1, max-image-preview:large, max-video-preview:-1\" \/>\n<link rel=\"canonical\" href=\"https:\/\/www.aerometrik.com\/en\/produit\/monitoring-particle-counter-climet-model-ci-3100-opt\/\" \/>\n<meta property=\"og:locale\" content=\"en_US\" \/>\n<meta property=\"og:type\" content=\"article\" \/>\n<meta property=\"og:title\" content=\"Monitoring Particle Counter CLIMET - CI-3100-OPT - Aerometrik\" \/>\n<meta property=\"og:description\" content=\"Particle Counter CLIMET : Continuous monitoring! Integrated pump. 0.5 - 5 \u00b5m or 0.3 - 0.5 \u00b5m. Sampling rate: 1 CFM (28.3 LPM).\" \/>\n<meta property=\"og:url\" content=\"https:\/\/www.aerometrik.com\/en\/produit\/monitoring-particle-counter-climet-model-ci-3100-opt\/\" \/>\n<meta property=\"og:site_name\" content=\"Aerometrik\" \/>\n<meta property=\"article:modified_time\" content=\"2023-02-16T09:30:54+00:00\" \/>\n<meta property=\"og:image\" content=\"https:\/\/www.aerometrik.com\/wp-content\/uploads\/2022\/03\/3100_OPT_1.png\" \/>\n\t<meta property=\"og:image:width\" content=\"572\" \/>\n\t<meta property=\"og:image:height\" content=\"812\" \/>\n\t<meta property=\"og:image:type\" content=\"image\/png\" \/>\n<meta name=\"twitter:card\" content=\"summary_large_image\" \/>\n<script type=\"application\/ld+json\" class=\"yoast-schema-graph\">{\"@context\":\"https:\\\/\\\/schema.org\",\"@graph\":[{\"@type\":\"WebPage\",\"@id\":\"https:\\\/\\\/www.aerometrik.com\\\/en\\\/produit\\\/monitoring-particle-counter-climet-model-ci-3100-opt\\\/\",\"url\":\"https:\\\/\\\/www.aerometrik.com\\\/en\\\/produit\\\/monitoring-particle-counter-climet-model-ci-3100-opt\\\/\",\"name\":\"Monitoring Particle Counter CLIMET - CI-3100-OPT - Aerometrik\",\"isPartOf\":{\"@id\":\"https:\\\/\\\/www.aerometrik.com\\\/#website\"},\"primaryImageOfPage\":{\"@id\":\"https:\\\/\\\/www.aerometrik.com\\\/en\\\/produit\\\/monitoring-particle-counter-climet-model-ci-3100-opt\\\/#primaryimage\"},\"image\":{\"@id\":\"https:\\\/\\\/www.aerometrik.com\\\/en\\\/produit\\\/monitoring-particle-counter-climet-model-ci-3100-opt\\\/#primaryimage\"},\"thumbnailUrl\":\"https:\\\/\\\/www.aerometrik.com\\\/wp-content\\\/uploads\\\/2022\\\/03\\\/3100_OPT_1.png\",\"datePublished\":\"2022-03-04T16:00:57+00:00\",\"dateModified\":\"2023-02-16T09:30:54+00:00\",\"description\":\"Particle Counter CLIMET : Continuous monitoring! Integrated pump. 0.5 - 5 \u00b5m or 0.3 - 0.5 \u00b5m. Sampling rate: 1 CFM (28.3 LPM).\",\"breadcrumb\":{\"@id\":\"https:\\\/\\\/www.aerometrik.com\\\/en\\\/produit\\\/monitoring-particle-counter-climet-model-ci-3100-opt\\\/#breadcrumb\"},\"inLanguage\":\"en-US\",\"potentialAction\":[{\"@type\":\"ReadAction\",\"target\":[\"https:\\\/\\\/www.aerometrik.com\\\/en\\\/produit\\\/monitoring-particle-counter-climet-model-ci-3100-opt\\\/\"]}]},{\"@type\":\"ImageObject\",\"inLanguage\":\"en-US\",\"@id\":\"https:\\\/\\\/www.aerometrik.com\\\/en\\\/produit\\\/monitoring-particle-counter-climet-model-ci-3100-opt\\\/#primaryimage\",\"url\":\"https:\\\/\\\/www.aerometrik.com\\\/wp-content\\\/uploads\\\/2022\\\/03\\\/3100_OPT_1.png\",\"contentUrl\":\"https:\\\/\\\/www.aerometrik.com\\\/wp-content\\\/uploads\\\/2022\\\/03\\\/3100_OPT_1.png\",\"width\":572,\"height\":812},{\"@type\":\"BreadcrumbList\",\"@id\":\"https:\\\/\\\/www.aerometrik.com\\\/en\\\/produit\\\/monitoring-particle-counter-climet-model-ci-3100-opt\\\/#breadcrumb\",\"itemListElement\":[{\"@type\":\"ListItem\",\"position\":1,\"name\":\"Accueil\",\"item\":\"https:\\\/\\\/www.aerometrik.com\\\/en\\\/home\\\/\"},{\"@type\":\"ListItem\",\"position\":2,\"name\":\"Products\",\"item\":\"https:\\\/\\\/www.aerometrik.com\\\/en\\\/products\\\/\"},{\"@type\":\"ListItem\",\"position\":3,\"name\":\"Monitoring Particle Counter CLIMET &#8211; CI-3100-OPT\"}]},{\"@type\":\"WebSite\",\"@id\":\"https:\\\/\\\/www.aerometrik.com\\\/#website\",\"url\":\"https:\\\/\\\/www.aerometrik.com\\\/\",\"name\":\"Aerometrik\",\"description\":\"Solutions de ma\u00eetrise de la qualit\u00e9 de l&#039;air pour le secteur m\u00e9dical, et l&#039;industrie alimentaire et pharmaceutique\",\"publisher\":{\"@id\":\"https:\\\/\\\/www.aerometrik.com\\\/#organization\"},\"potentialAction\":[{\"@type\":\"SearchAction\",\"target\":{\"@type\":\"EntryPoint\",\"urlTemplate\":\"https:\\\/\\\/www.aerometrik.com\\\/?s={search_term_string}\"},\"query-input\":{\"@type\":\"PropertyValueSpecification\",\"valueRequired\":true,\"valueName\":\"search_term_string\"}}],\"inLanguage\":\"en-US\"},{\"@type\":\"Organization\",\"@id\":\"https:\\\/\\\/www.aerometrik.com\\\/#organization\",\"name\":\"Aerometrik\",\"url\":\"https:\\\/\\\/www.aerometrik.com\\\/\",\"logo\":{\"@type\":\"ImageObject\",\"inLanguage\":\"en-US\",\"@id\":\"https:\\\/\\\/www.aerometrik.com\\\/#\\\/schema\\\/logo\\\/image\\\/\",\"url\":\"https:\\\/\\\/www.aerometrik.com\\\/wp-content\\\/uploads\\\/2021\\\/08\\\/logo-aerometrik.svg\",\"contentUrl\":\"https:\\\/\\\/www.aerometrik.com\\\/wp-content\\\/uploads\\\/2021\\\/08\\\/logo-aerometrik.svg\",\"width\":212,\"height\":90,\"caption\":\"Aerometrik\"},\"image\":{\"@id\":\"https:\\\/\\\/www.aerometrik.com\\\/#\\\/schema\\\/logo\\\/image\\\/\"}}]}<\/script>\n<!-- \/ Yoast SEO plugin. -->","yoast_head_json":{"title":"Monitoring Particle Counter CLIMET - CI-3100-OPT - Aerometrik","description":"Particle Counter CLIMET : Continuous monitoring! Integrated pump. 0.5 - 5 \u00b5m or 0.3 - 0.5 \u00b5m. Sampling rate: 1 CFM (28.3 LPM).","robots":{"index":"index","follow":"follow","max-snippet":"max-snippet:-1","max-image-preview":"max-image-preview:large","max-video-preview":"max-video-preview:-1"},"canonical":"https:\/\/www.aerometrik.com\/en\/produit\/monitoring-particle-counter-climet-model-ci-3100-opt\/","og_locale":"en_US","og_type":"article","og_title":"Monitoring Particle Counter CLIMET - CI-3100-OPT - Aerometrik","og_description":"Particle Counter CLIMET : Continuous monitoring! Integrated pump. 0.5 - 5 \u00b5m or 0.3 - 0.5 \u00b5m. Sampling rate: 1 CFM (28.3 LPM).","og_url":"https:\/\/www.aerometrik.com\/en\/produit\/monitoring-particle-counter-climet-model-ci-3100-opt\/","og_site_name":"Aerometrik","article_modified_time":"2023-02-16T09:30:54+00:00","og_image":[{"width":572,"height":812,"url":"https:\/\/www.aerometrik.com\/wp-content\/uploads\/2022\/03\/3100_OPT_1.png","type":"image\/png"}],"twitter_card":"summary_large_image","schema":{"@context":"https:\/\/schema.org","@graph":[{"@type":"WebPage","@id":"https:\/\/www.aerometrik.com\/en\/produit\/monitoring-particle-counter-climet-model-ci-3100-opt\/","url":"https:\/\/www.aerometrik.com\/en\/produit\/monitoring-particle-counter-climet-model-ci-3100-opt\/","name":"Monitoring Particle Counter CLIMET - CI-3100-OPT - Aerometrik","isPartOf":{"@id":"https:\/\/www.aerometrik.com\/#website"},"primaryImageOfPage":{"@id":"https:\/\/www.aerometrik.com\/en\/produit\/monitoring-particle-counter-climet-model-ci-3100-opt\/#primaryimage"},"image":{"@id":"https:\/\/www.aerometrik.com\/en\/produit\/monitoring-particle-counter-climet-model-ci-3100-opt\/#primaryimage"},"thumbnailUrl":"https:\/\/www.aerometrik.com\/wp-content\/uploads\/2022\/03\/3100_OPT_1.png","datePublished":"2022-03-04T16:00:57+00:00","dateModified":"2023-02-16T09:30:54+00:00","description":"Particle Counter CLIMET : Continuous monitoring! Integrated pump. 0.5 - 5 \u00b5m or 0.3 - 0.5 \u00b5m. Sampling rate: 1 CFM (28.3 LPM).","breadcrumb":{"@id":"https:\/\/www.aerometrik.com\/en\/produit\/monitoring-particle-counter-climet-model-ci-3100-opt\/#breadcrumb"},"inLanguage":"en-US","potentialAction":[{"@type":"ReadAction","target":["https:\/\/www.aerometrik.com\/en\/produit\/monitoring-particle-counter-climet-model-ci-3100-opt\/"]}]},{"@type":"ImageObject","inLanguage":"en-US","@id":"https:\/\/www.aerometrik.com\/en\/produit\/monitoring-particle-counter-climet-model-ci-3100-opt\/#primaryimage","url":"https:\/\/www.aerometrik.com\/wp-content\/uploads\/2022\/03\/3100_OPT_1.png","contentUrl":"https:\/\/www.aerometrik.com\/wp-content\/uploads\/2022\/03\/3100_OPT_1.png","width":572,"height":812},{"@type":"BreadcrumbList","@id":"https:\/\/www.aerometrik.com\/en\/produit\/monitoring-particle-counter-climet-model-ci-3100-opt\/#breadcrumb","itemListElement":[{"@type":"ListItem","position":1,"name":"Accueil","item":"https:\/\/www.aerometrik.com\/en\/home\/"},{"@type":"ListItem","position":2,"name":"Products","item":"https:\/\/www.aerometrik.com\/en\/products\/"},{"@type":"ListItem","position":3,"name":"Monitoring Particle Counter CLIMET &#8211; CI-3100-OPT"}]},{"@type":"WebSite","@id":"https:\/\/www.aerometrik.com\/#website","url":"https:\/\/www.aerometrik.com\/","name":"Aerometrik","description":"Solutions de ma\u00eetrise de la qualit\u00e9 de l&#039;air pour le secteur m\u00e9dical, et l&#039;industrie alimentaire et pharmaceutique","publisher":{"@id":"https:\/\/www.aerometrik.com\/#organization"},"potentialAction":[{"@type":"SearchAction","target":{"@type":"EntryPoint","urlTemplate":"https:\/\/www.aerometrik.com\/?s={search_term_string}"},"query-input":{"@type":"PropertyValueSpecification","valueRequired":true,"valueName":"search_term_string"}}],"inLanguage":"en-US"},{"@type":"Organization","@id":"https:\/\/www.aerometrik.com\/#organization","name":"Aerometrik","url":"https:\/\/www.aerometrik.com\/","logo":{"@type":"ImageObject","inLanguage":"en-US","@id":"https:\/\/www.aerometrik.com\/#\/schema\/logo\/image\/","url":"https:\/\/www.aerometrik.com\/wp-content\/uploads\/2021\/08\/logo-aerometrik.svg","contentUrl":"https:\/\/www.aerometrik.com\/wp-content\/uploads\/2021\/08\/logo-aerometrik.svg","width":212,"height":90,"caption":"Aerometrik"},"image":{"@id":"https:\/\/www.aerometrik.com\/#\/schema\/logo\/image\/"}}]}},"_links":{"self":[{"href":"https:\/\/www.aerometrik.com\/en\/wp-json\/wp\/v2\/product\/1875","targetHints":{"allow":["GET"]}}],"collection":[{"href":"https:\/\/www.aerometrik.com\/en\/wp-json\/wp\/v2\/product"}],"about":[{"href":"https:\/\/www.aerometrik.com\/en\/wp-json\/wp\/v2\/types\/product"}],"wp:featuredmedia":[{"embeddable":true,"href":"https:\/\/www.aerometrik.com\/en\/wp-json\/wp\/v2\/media\/1470"}],"wp:attachment":[{"href":"https:\/\/www.aerometrik.com\/en\/wp-json\/wp\/v2\/media?parent=1875"}],"wp:term":[{"taxonomy":"product_brand","embeddable":true,"href":"https:\/\/www.aerometrik.com\/en\/wp-json\/wp\/v2\/product_brand?post=1875"},{"taxonomy":"product_cat","embeddable":true,"href":"https:\/\/www.aerometrik.com\/en\/wp-json\/wp\/v2\/product_cat?post=1875"},{"taxonomy":"product_tag","embeddable":true,"href":"https:\/\/www.aerometrik.com\/en\/wp-json\/wp\/v2\/product_tag?post=1875"}],"curies":[{"name":"wp","href":"https:\/\/api.w.org\/{rel}","templated":true}]}}