{"id":1868,"date":"2022-03-04T17:06:00","date_gmt":"2022-03-04T16:06:00","guid":{"rendered":"https:\/\/www.aerometrik.com\/produit\/portable-airborne-particle-counters-climet-ci-105x-series\/"},"modified":"2023-02-14T16:51:27","modified_gmt":"2023-02-14T15:51:27","slug":"portable-airborne-particle-counters-climet-ci-105x-series","status":"publish","type":"product","link":"https:\/\/www.aerometrik.com\/en\/produit\/portable-airborne-particle-counters-climet-ci-105x-series\/","title":{"rendered":"Portable Airborne Particle Counters CLIMET CI-105x Series"},"content":{"rendered":"","protected":false},"excerpt":{"rendered":"<p>. Robust Technology.<br \/>\n. Sample Flow Rate: 100 LPM.<br \/>\n. Channel Sizes: 0.5, 1, 3, 5 \u03bcm.<br \/>\n. Internal Printer.<br \/>\n. ISO 21501-5 compliant.<\/p>\n<a class=\"button btn-dl-produit button_size_2 button_none\" href=\"https:\/\/www.aerometrik.com\/wp-content\/uploads\/2022\/10\/CI-105x-Datasheet.pdf\"     style=\"color:#2294D1;\" target=\"_blank\"    title=\"\"><span class=\"button_label\">Download the product sheet<\/span><\/a>\n\n","protected":false},"featured_media":1492,"template":"","meta":{"inline_featured_image":false},"product_brand":[],"product_cat":[113,128,117,114,118,124],"product_tag":[],"class_list":{"0":"post-1868","1":"product","2":"type-product","3":"status-publish","4":"has-post-thumbnail","6":"product_cat-cleanroom-qualifications","7":"product_cat-climet-en","8":"product_cat-particle-counters","9":"product_cat-particle-counts","10":"product_cat-portable-particle-counters","11":"product_cat-prelevement-dans-les-gaz-en","13":"first","14":"instock","15":"product-type-simple"},"gallery_images":[819,820,1097],"yoast_head":"<!-- This site is optimized with the Yoast SEO plugin v27.3 - https:\/\/yoast.com\/product\/yoast-seo-wordpress\/ -->\n<title>Portable Airborne Particle Counters CLIMET CI-105x Series - Aerometrik<\/title>\n<meta name=\"description\" content=\"Robust Technology CLIMET. Sample Flow Rate: 100 LPM. Channel Sizes: 0.5, 1, 3, 5 \u03bcm. Internal Printer. ISO 21501-5 compliant.\" \/>\n<meta name=\"robots\" content=\"index, follow, max-snippet:-1, max-image-preview:large, max-video-preview:-1\" \/>\n<link rel=\"canonical\" href=\"https:\/\/www.aerometrik.com\/en\/produit\/portable-airborne-particle-counters-climet-ci-105x-series\/\" \/>\n<meta property=\"og:locale\" content=\"en_US\" \/>\n<meta property=\"og:type\" content=\"article\" \/>\n<meta property=\"og:title\" content=\"Portable Airborne Particle Counters CLIMET CI-105x Series - Aerometrik\" \/>\n<meta property=\"og:description\" content=\"Robust Technology CLIMET. Sample Flow Rate: 100 LPM. Channel Sizes: 0.5, 1, 3, 5 \u03bcm. Internal Printer. ISO 21501-5 compliant.\" \/>\n<meta property=\"og:url\" content=\"https:\/\/www.aerometrik.com\/en\/produit\/portable-airborne-particle-counters-climet-ci-105x-series\/\" \/>\n<meta property=\"og:site_name\" content=\"Aerometrik\" \/>\n<meta property=\"article:modified_time\" content=\"2023-02-14T15:51:27+00:00\" \/>\n<meta property=\"og:image\" content=\"https:\/\/www.aerometrik.com\/wp-content\/uploads\/2022\/03\/1056_1.png\" \/>\n\t<meta property=\"og:image:width\" content=\"572\" \/>\n\t<meta property=\"og:image:height\" content=\"812\" \/>\n\t<meta property=\"og:image:type\" content=\"image\/png\" \/>\n<meta name=\"twitter:card\" content=\"summary_large_image\" \/>\n<script type=\"application\/ld+json\" class=\"yoast-schema-graph\">{\"@context\":\"https:\\\/\\\/schema.org\",\"@graph\":[{\"@type\":\"WebPage\",\"@id\":\"https:\\\/\\\/www.aerometrik.com\\\/en\\\/produit\\\/portable-airborne-particle-counters-climet-ci-105x-series\\\/\",\"url\":\"https:\\\/\\\/www.aerometrik.com\\\/en\\\/produit\\\/portable-airborne-particle-counters-climet-ci-105x-series\\\/\",\"name\":\"Portable Airborne Particle Counters CLIMET CI-105x Series - Aerometrik\",\"isPartOf\":{\"@id\":\"https:\\\/\\\/www.aerometrik.com\\\/#website\"},\"primaryImageOfPage\":{\"@id\":\"https:\\\/\\\/www.aerometrik.com\\\/en\\\/produit\\\/portable-airborne-particle-counters-climet-ci-105x-series\\\/#primaryimage\"},\"image\":{\"@id\":\"https:\\\/\\\/www.aerometrik.com\\\/en\\\/produit\\\/portable-airborne-particle-counters-climet-ci-105x-series\\\/#primaryimage\"},\"thumbnailUrl\":\"https:\\\/\\\/www.aerometrik.com\\\/wp-content\\\/uploads\\\/2022\\\/03\\\/1056_1.png\",\"datePublished\":\"2022-03-04T16:06:00+00:00\",\"dateModified\":\"2023-02-14T15:51:27+00:00\",\"description\":\"Robust Technology CLIMET. Sample Flow Rate: 100 LPM. Channel Sizes: 0.5, 1, 3, 5 \u03bcm. Internal Printer. ISO 21501-5 compliant.\",\"breadcrumb\":{\"@id\":\"https:\\\/\\\/www.aerometrik.com\\\/en\\\/produit\\\/portable-airborne-particle-counters-climet-ci-105x-series\\\/#breadcrumb\"},\"inLanguage\":\"en-US\",\"potentialAction\":[{\"@type\":\"ReadAction\",\"target\":[\"https:\\\/\\\/www.aerometrik.com\\\/en\\\/produit\\\/portable-airborne-particle-counters-climet-ci-105x-series\\\/\"]}]},{\"@type\":\"ImageObject\",\"inLanguage\":\"en-US\",\"@id\":\"https:\\\/\\\/www.aerometrik.com\\\/en\\\/produit\\\/portable-airborne-particle-counters-climet-ci-105x-series\\\/#primaryimage\",\"url\":\"https:\\\/\\\/www.aerometrik.com\\\/wp-content\\\/uploads\\\/2022\\\/03\\\/1056_1.png\",\"contentUrl\":\"https:\\\/\\\/www.aerometrik.com\\\/wp-content\\\/uploads\\\/2022\\\/03\\\/1056_1.png\",\"width\":572,\"height\":812,\"caption\":\"A\u00e9rom\u00e9trik : compteur de particules CLIMET 100 l\\\/min CI-1056\"},{\"@type\":\"BreadcrumbList\",\"@id\":\"https:\\\/\\\/www.aerometrik.com\\\/en\\\/produit\\\/portable-airborne-particle-counters-climet-ci-105x-series\\\/#breadcrumb\",\"itemListElement\":[{\"@type\":\"ListItem\",\"position\":1,\"name\":\"Accueil\",\"item\":\"https:\\\/\\\/www.aerometrik.com\\\/en\\\/home\\\/\"},{\"@type\":\"ListItem\",\"position\":2,\"name\":\"Products\",\"item\":\"https:\\\/\\\/www.aerometrik.com\\\/en\\\/products\\\/\"},{\"@type\":\"ListItem\",\"position\":3,\"name\":\"Portable Airborne Particle Counters CLIMET CI-105x Series\"}]},{\"@type\":\"WebSite\",\"@id\":\"https:\\\/\\\/www.aerometrik.com\\\/#website\",\"url\":\"https:\\\/\\\/www.aerometrik.com\\\/\",\"name\":\"Aerometrik\",\"description\":\"Solutions de ma\u00eetrise de la qualit\u00e9 de l&#039;air pour le secteur m\u00e9dical, et l&#039;industrie alimentaire et pharmaceutique\",\"publisher\":{\"@id\":\"https:\\\/\\\/www.aerometrik.com\\\/#organization\"},\"potentialAction\":[{\"@type\":\"SearchAction\",\"target\":{\"@type\":\"EntryPoint\",\"urlTemplate\":\"https:\\\/\\\/www.aerometrik.com\\\/?s={search_term_string}\"},\"query-input\":{\"@type\":\"PropertyValueSpecification\",\"valueRequired\":true,\"valueName\":\"search_term_string\"}}],\"inLanguage\":\"en-US\"},{\"@type\":\"Organization\",\"@id\":\"https:\\\/\\\/www.aerometrik.com\\\/#organization\",\"name\":\"Aerometrik\",\"url\":\"https:\\\/\\\/www.aerometrik.com\\\/\",\"logo\":{\"@type\":\"ImageObject\",\"inLanguage\":\"en-US\",\"@id\":\"https:\\\/\\\/www.aerometrik.com\\\/#\\\/schema\\\/logo\\\/image\\\/\",\"url\":\"https:\\\/\\\/www.aerometrik.com\\\/wp-content\\\/uploads\\\/2021\\\/08\\\/logo-aerometrik.svg\",\"contentUrl\":\"https:\\\/\\\/www.aerometrik.com\\\/wp-content\\\/uploads\\\/2021\\\/08\\\/logo-aerometrik.svg\",\"width\":212,\"height\":90,\"caption\":\"Aerometrik\"},\"image\":{\"@id\":\"https:\\\/\\\/www.aerometrik.com\\\/#\\\/schema\\\/logo\\\/image\\\/\"}}]}<\/script>\n<!-- \/ Yoast SEO plugin. -->","yoast_head_json":{"title":"Portable Airborne Particle Counters CLIMET CI-105x Series - Aerometrik","description":"Robust Technology CLIMET. Sample Flow Rate: 100 LPM. Channel Sizes: 0.5, 1, 3, 5 \u03bcm. Internal Printer. ISO 21501-5 compliant.","robots":{"index":"index","follow":"follow","max-snippet":"max-snippet:-1","max-image-preview":"max-image-preview:large","max-video-preview":"max-video-preview:-1"},"canonical":"https:\/\/www.aerometrik.com\/en\/produit\/portable-airborne-particle-counters-climet-ci-105x-series\/","og_locale":"en_US","og_type":"article","og_title":"Portable Airborne Particle Counters CLIMET CI-105x Series - Aerometrik","og_description":"Robust Technology CLIMET. Sample Flow Rate: 100 LPM. Channel Sizes: 0.5, 1, 3, 5 \u03bcm. Internal Printer. ISO 21501-5 compliant.","og_url":"https:\/\/www.aerometrik.com\/en\/produit\/portable-airborne-particle-counters-climet-ci-105x-series\/","og_site_name":"Aerometrik","article_modified_time":"2023-02-14T15:51:27+00:00","og_image":[{"width":572,"height":812,"url":"https:\/\/www.aerometrik.com\/wp-content\/uploads\/2022\/03\/1056_1.png","type":"image\/png"}],"twitter_card":"summary_large_image","schema":{"@context":"https:\/\/schema.org","@graph":[{"@type":"WebPage","@id":"https:\/\/www.aerometrik.com\/en\/produit\/portable-airborne-particle-counters-climet-ci-105x-series\/","url":"https:\/\/www.aerometrik.com\/en\/produit\/portable-airborne-particle-counters-climet-ci-105x-series\/","name":"Portable Airborne Particle Counters CLIMET CI-105x Series - Aerometrik","isPartOf":{"@id":"https:\/\/www.aerometrik.com\/#website"},"primaryImageOfPage":{"@id":"https:\/\/www.aerometrik.com\/en\/produit\/portable-airborne-particle-counters-climet-ci-105x-series\/#primaryimage"},"image":{"@id":"https:\/\/www.aerometrik.com\/en\/produit\/portable-airborne-particle-counters-climet-ci-105x-series\/#primaryimage"},"thumbnailUrl":"https:\/\/www.aerometrik.com\/wp-content\/uploads\/2022\/03\/1056_1.png","datePublished":"2022-03-04T16:06:00+00:00","dateModified":"2023-02-14T15:51:27+00:00","description":"Robust Technology CLIMET. Sample Flow Rate: 100 LPM. Channel Sizes: 0.5, 1, 3, 5 \u03bcm. Internal Printer. ISO 21501-5 compliant.","breadcrumb":{"@id":"https:\/\/www.aerometrik.com\/en\/produit\/portable-airborne-particle-counters-climet-ci-105x-series\/#breadcrumb"},"inLanguage":"en-US","potentialAction":[{"@type":"ReadAction","target":["https:\/\/www.aerometrik.com\/en\/produit\/portable-airborne-particle-counters-climet-ci-105x-series\/"]}]},{"@type":"ImageObject","inLanguage":"en-US","@id":"https:\/\/www.aerometrik.com\/en\/produit\/portable-airborne-particle-counters-climet-ci-105x-series\/#primaryimage","url":"https:\/\/www.aerometrik.com\/wp-content\/uploads\/2022\/03\/1056_1.png","contentUrl":"https:\/\/www.aerometrik.com\/wp-content\/uploads\/2022\/03\/1056_1.png","width":572,"height":812,"caption":"A\u00e9rom\u00e9trik : compteur de particules CLIMET 100 l\/min CI-1056"},{"@type":"BreadcrumbList","@id":"https:\/\/www.aerometrik.com\/en\/produit\/portable-airborne-particle-counters-climet-ci-105x-series\/#breadcrumb","itemListElement":[{"@type":"ListItem","position":1,"name":"Accueil","item":"https:\/\/www.aerometrik.com\/en\/home\/"},{"@type":"ListItem","position":2,"name":"Products","item":"https:\/\/www.aerometrik.com\/en\/products\/"},{"@type":"ListItem","position":3,"name":"Portable Airborne Particle Counters CLIMET CI-105x Series"}]},{"@type":"WebSite","@id":"https:\/\/www.aerometrik.com\/#website","url":"https:\/\/www.aerometrik.com\/","name":"Aerometrik","description":"Solutions de ma\u00eetrise de la qualit\u00e9 de l&#039;air pour le secteur m\u00e9dical, et l&#039;industrie alimentaire et pharmaceutique","publisher":{"@id":"https:\/\/www.aerometrik.com\/#organization"},"potentialAction":[{"@type":"SearchAction","target":{"@type":"EntryPoint","urlTemplate":"https:\/\/www.aerometrik.com\/?s={search_term_string}"},"query-input":{"@type":"PropertyValueSpecification","valueRequired":true,"valueName":"search_term_string"}}],"inLanguage":"en-US"},{"@type":"Organization","@id":"https:\/\/www.aerometrik.com\/#organization","name":"Aerometrik","url":"https:\/\/www.aerometrik.com\/","logo":{"@type":"ImageObject","inLanguage":"en-US","@id":"https:\/\/www.aerometrik.com\/#\/schema\/logo\/image\/","url":"https:\/\/www.aerometrik.com\/wp-content\/uploads\/2021\/08\/logo-aerometrik.svg","contentUrl":"https:\/\/www.aerometrik.com\/wp-content\/uploads\/2021\/08\/logo-aerometrik.svg","width":212,"height":90,"caption":"Aerometrik"},"image":{"@id":"https:\/\/www.aerometrik.com\/#\/schema\/logo\/image\/"}}]}},"_links":{"self":[{"href":"https:\/\/www.aerometrik.com\/en\/wp-json\/wp\/v2\/product\/1868","targetHints":{"allow":["GET"]}}],"collection":[{"href":"https:\/\/www.aerometrik.com\/en\/wp-json\/wp\/v2\/product"}],"about":[{"href":"https:\/\/www.aerometrik.com\/en\/wp-json\/wp\/v2\/types\/product"}],"wp:featuredmedia":[{"embeddable":true,"href":"https:\/\/www.aerometrik.com\/en\/wp-json\/wp\/v2\/media\/1492"}],"wp:attachment":[{"href":"https:\/\/www.aerometrik.com\/en\/wp-json\/wp\/v2\/media?parent=1868"}],"wp:term":[{"taxonomy":"product_brand","embeddable":true,"href":"https:\/\/www.aerometrik.com\/en\/wp-json\/wp\/v2\/product_brand?post=1868"},{"taxonomy":"product_cat","embeddable":true,"href":"https:\/\/www.aerometrik.com\/en\/wp-json\/wp\/v2\/product_cat?post=1868"},{"taxonomy":"product_tag","embeddable":true,"href":"https:\/\/www.aerometrik.com\/en\/wp-json\/wp\/v2\/product_tag?post=1868"}],"curies":[{"name":"wp","href":"https:\/\/api.w.org\/{rel}","templated":true}]}}