{"id":1813,"date":"2022-03-18T10:32:33","date_gmt":"2022-03-18T09:32:33","guid":{"rendered":"https:\/\/www.aerometrik.com\/plan-du-site\/"},"modified":"2022-10-14T15:07:10","modified_gmt":"2022-10-14T13:07:10","slug":"sitemap","status":"publish","type":"page","link":"https:\/\/www.aerometrik.com\/en\/sitemap\/","title":{"rendered":"Sitemap"},"content":{"rendered":"","protected":false},"excerpt":{"rendered":"","protected":false},"author":1,"featured_media":0,"parent":0,"menu_order":0,"comment_status":"closed","ping_status":"closed","template":"","meta":{"inline_featured_image":false,"footnotes":""},"class_list":["post-1813","page","type-page","status-publish","hentry"],"yoast_head":"<!-- This site is optimized with the Yoast SEO plugin v27.3 - https:\/\/yoast.com\/product\/yoast-seo-wordpress\/ -->\n<title>Sitemap - Aerometrik<\/title>\n<meta name=\"description\" content=\"Plan du site A\u00e9rom\u00e9trik, d\u00e9couvrez l&#039;ensemble de nos appareils de mesures, services associ\u00e9s et notre centre de m\u00e9trologie et d&#039;expertise.\" \/>\n<meta name=\"robots\" content=\"index, follow, max-snippet:-1, max-image-preview:large, max-video-preview:-1\" \/>\n<link rel=\"canonical\" href=\"https:\/\/www.aerometrik.com\/en\/sitemap\/\" \/>\n<meta property=\"og:locale\" content=\"en_US\" \/>\n<meta property=\"og:type\" content=\"article\" \/>\n<meta property=\"og:title\" content=\"Sitemap - Aerometrik\" \/>\n<meta property=\"og:description\" content=\"Plan du site A\u00e9rom\u00e9trik, d\u00e9couvrez l&#039;ensemble de nos appareils de mesures, services associ\u00e9s et notre centre de m\u00e9trologie et d&#039;expertise.\" \/>\n<meta property=\"og:url\" content=\"https:\/\/www.aerometrik.com\/en\/sitemap\/\" \/>\n<meta property=\"og:site_name\" content=\"Aerometrik\" \/>\n<meta property=\"article:modified_time\" content=\"2022-10-14T13:07:10+00:00\" \/>\n<meta name=\"twitter:card\" content=\"summary_large_image\" \/>\n<script type=\"application\/ld+json\" class=\"yoast-schema-graph\">{\"@context\":\"https:\\\/\\\/schema.org\",\"@graph\":[{\"@type\":\"WebPage\",\"@id\":\"https:\\\/\\\/www.aerometrik.com\\\/en\\\/sitemap\\\/\",\"url\":\"https:\\\/\\\/www.aerometrik.com\\\/en\\\/sitemap\\\/\",\"name\":\"Sitemap - Aerometrik\",\"isPartOf\":{\"@id\":\"https:\\\/\\\/www.aerometrik.com\\\/#website\"},\"datePublished\":\"2022-03-18T09:32:33+00:00\",\"dateModified\":\"2022-10-14T13:07:10+00:00\",\"description\":\"Plan du site A\u00e9rom\u00e9trik, d\u00e9couvrez l'ensemble de nos appareils de mesures, services associ\u00e9s et notre centre de m\u00e9trologie et d'expertise.\",\"breadcrumb\":{\"@id\":\"https:\\\/\\\/www.aerometrik.com\\\/en\\\/sitemap\\\/#breadcrumb\"},\"inLanguage\":\"en-US\",\"potentialAction\":[{\"@type\":\"ReadAction\",\"target\":[\"https:\\\/\\\/www.aerometrik.com\\\/en\\\/sitemap\\\/\"]}]},{\"@type\":\"BreadcrumbList\",\"@id\":\"https:\\\/\\\/www.aerometrik.com\\\/en\\\/sitemap\\\/#breadcrumb\",\"itemListElement\":[{\"@type\":\"ListItem\",\"position\":1,\"name\":\"Accueil\",\"item\":\"https:\\\/\\\/www.aerometrik.com\\\/en\\\/home\\\/\"},{\"@type\":\"ListItem\",\"position\":2,\"name\":\"Sitemap\"}]},{\"@type\":\"WebSite\",\"@id\":\"https:\\\/\\\/www.aerometrik.com\\\/#website\",\"url\":\"https:\\\/\\\/www.aerometrik.com\\\/\",\"name\":\"Aerometrik\",\"description\":\"Solutions de ma\u00eetrise de la qualit\u00e9 de l&#039;air pour le secteur m\u00e9dical, et l&#039;industrie alimentaire et pharmaceutique\",\"publisher\":{\"@id\":\"https:\\\/\\\/www.aerometrik.com\\\/#organization\"},\"potentialAction\":[{\"@type\":\"SearchAction\",\"target\":{\"@type\":\"EntryPoint\",\"urlTemplate\":\"https:\\\/\\\/www.aerometrik.com\\\/?s={search_term_string}\"},\"query-input\":{\"@type\":\"PropertyValueSpecification\",\"valueRequired\":true,\"valueName\":\"search_term_string\"}}],\"inLanguage\":\"en-US\"},{\"@type\":\"Organization\",\"@id\":\"https:\\\/\\\/www.aerometrik.com\\\/#organization\",\"name\":\"Aerometrik\",\"url\":\"https:\\\/\\\/www.aerometrik.com\\\/\",\"logo\":{\"@type\":\"ImageObject\",\"inLanguage\":\"en-US\",\"@id\":\"https:\\\/\\\/www.aerometrik.com\\\/#\\\/schema\\\/logo\\\/image\\\/\",\"url\":\"https:\\\/\\\/www.aerometrik.com\\\/wp-content\\\/uploads\\\/2021\\\/08\\\/logo-aerometrik.svg\",\"contentUrl\":\"https:\\\/\\\/www.aerometrik.com\\\/wp-content\\\/uploads\\\/2021\\\/08\\\/logo-aerometrik.svg\",\"width\":212,\"height\":90,\"caption\":\"Aerometrik\"},\"image\":{\"@id\":\"https:\\\/\\\/www.aerometrik.com\\\/#\\\/schema\\\/logo\\\/image\\\/\"}}]}<\/script>\n<!-- \/ Yoast SEO plugin. -->","yoast_head_json":{"title":"Sitemap - Aerometrik","description":"Plan du site A\u00e9rom\u00e9trik, d\u00e9couvrez l'ensemble de nos appareils de mesures, services associ\u00e9s et notre centre de m\u00e9trologie et d'expertise.","robots":{"index":"index","follow":"follow","max-snippet":"max-snippet:-1","max-image-preview":"max-image-preview:large","max-video-preview":"max-video-preview:-1"},"canonical":"https:\/\/www.aerometrik.com\/en\/sitemap\/","og_locale":"en_US","og_type":"article","og_title":"Sitemap - Aerometrik","og_description":"Plan du site A\u00e9rom\u00e9trik, d\u00e9couvrez l'ensemble de nos appareils de mesures, services associ\u00e9s et notre centre de m\u00e9trologie et d'expertise.","og_url":"https:\/\/www.aerometrik.com\/en\/sitemap\/","og_site_name":"Aerometrik","article_modified_time":"2022-10-14T13:07:10+00:00","twitter_card":"summary_large_image","schema":{"@context":"https:\/\/schema.org","@graph":[{"@type":"WebPage","@id":"https:\/\/www.aerometrik.com\/en\/sitemap\/","url":"https:\/\/www.aerometrik.com\/en\/sitemap\/","name":"Sitemap - Aerometrik","isPartOf":{"@id":"https:\/\/www.aerometrik.com\/#website"},"datePublished":"2022-03-18T09:32:33+00:00","dateModified":"2022-10-14T13:07:10+00:00","description":"Plan du site A\u00e9rom\u00e9trik, d\u00e9couvrez l'ensemble de nos appareils de mesures, services associ\u00e9s et notre centre de m\u00e9trologie et d'expertise.","breadcrumb":{"@id":"https:\/\/www.aerometrik.com\/en\/sitemap\/#breadcrumb"},"inLanguage":"en-US","potentialAction":[{"@type":"ReadAction","target":["https:\/\/www.aerometrik.com\/en\/sitemap\/"]}]},{"@type":"BreadcrumbList","@id":"https:\/\/www.aerometrik.com\/en\/sitemap\/#breadcrumb","itemListElement":[{"@type":"ListItem","position":1,"name":"Accueil","item":"https:\/\/www.aerometrik.com\/en\/home\/"},{"@type":"ListItem","position":2,"name":"Sitemap"}]},{"@type":"WebSite","@id":"https:\/\/www.aerometrik.com\/#website","url":"https:\/\/www.aerometrik.com\/","name":"Aerometrik","description":"Solutions de ma\u00eetrise de la qualit\u00e9 de l&#039;air pour le secteur m\u00e9dical, et l&#039;industrie alimentaire et pharmaceutique","publisher":{"@id":"https:\/\/www.aerometrik.com\/#organization"},"potentialAction":[{"@type":"SearchAction","target":{"@type":"EntryPoint","urlTemplate":"https:\/\/www.aerometrik.com\/?s={search_term_string}"},"query-input":{"@type":"PropertyValueSpecification","valueRequired":true,"valueName":"search_term_string"}}],"inLanguage":"en-US"},{"@type":"Organization","@id":"https:\/\/www.aerometrik.com\/#organization","name":"Aerometrik","url":"https:\/\/www.aerometrik.com\/","logo":{"@type":"ImageObject","inLanguage":"en-US","@id":"https:\/\/www.aerometrik.com\/#\/schema\/logo\/image\/","url":"https:\/\/www.aerometrik.com\/wp-content\/uploads\/2021\/08\/logo-aerometrik.svg","contentUrl":"https:\/\/www.aerometrik.com\/wp-content\/uploads\/2021\/08\/logo-aerometrik.svg","width":212,"height":90,"caption":"Aerometrik"},"image":{"@id":"https:\/\/www.aerometrik.com\/#\/schema\/logo\/image\/"}}]}},"_links":{"self":[{"href":"https:\/\/www.aerometrik.com\/en\/wp-json\/wp\/v2\/pages\/1813","targetHints":{"allow":["GET"]}}],"collection":[{"href":"https:\/\/www.aerometrik.com\/en\/wp-json\/wp\/v2\/pages"}],"about":[{"href":"https:\/\/www.aerometrik.com\/en\/wp-json\/wp\/v2\/types\/page"}],"author":[{"embeddable":true,"href":"https:\/\/www.aerometrik.com\/en\/wp-json\/wp\/v2\/users\/1"}],"replies":[{"embeddable":true,"href":"https:\/\/www.aerometrik.com\/en\/wp-json\/wp\/v2\/comments?post=1813"}],"version-history":[{"count":1,"href":"https:\/\/www.aerometrik.com\/en\/wp-json\/wp\/v2\/pages\/1813\/revisions"}],"predecessor-version":[{"id":1964,"href":"https:\/\/www.aerometrik.com\/en\/wp-json\/wp\/v2\/pages\/1813\/revisions\/1964"}],"wp:attachment":[{"href":"https:\/\/www.aerometrik.com\/en\/wp-json\/wp\/v2\/media?parent=1813"}],"curies":[{"name":"wp","href":"https:\/\/api.w.org\/{rel}","templated":true}]}}