{"id":4095,"date":"2022-01-04T17:40:26","date_gmt":"2022-01-04T16:40:26","guid":{"rendered":"https:\/\/www.aerometrik.com\/produit\/oele-fuer-aerosolpackungen\/"},"modified":"2022-01-04T17:40:26","modified_gmt":"2022-01-04T16:40:26","slug":"oele-fuer-aerosolpackungen","status":"publish","type":"product","link":"https:\/\/www.aerometrik.com\/de\/produit\/oele-fuer-aerosolpackungen\/","title":{"rendered":"\u00d6le f\u00fcr Aerosolpackungen"},"content":{"rendered":"","protected":false},"excerpt":{"rendered":"<p>. PAO-4-\u00d6l (Emery 3004).<br \/>\n. DEHS-\u00d6l.<br \/>\n. ONDINA-\u00d6l.<br \/>\n. Paraffin\u00f6l.   <\/p>\n<a class=\"button btn-dl-produit button_size_2 button_none\" href=\"\/wp-content\/uploads\/2022\/01\/Huiles.pdf\"     style=\"color:#2294D1;\" target=\"_blank\"    title=\"\"><span class=\"button_label\">Laden Sie das Produktblatt herunter<\/span><\/a>\n\n","protected":false},"featured_media":4096,"template":"","meta":{"inline_featured_image":false},"product_brand":[],"product_cat":[175,218,196,197],"product_tag":[],"class_list":{"0":"post-4095","1":"product","2":"type-product","3":"status-publish","4":"has-post-thumbnail","6":"product_cat-qualifizierung-von-reinraumen","7":"product_cat-test-der-integritat-der-asbestkasten","8":"product_cat-tragbares-photometer-und-aerosol-generatoren","9":"product_cat-zubehor-fur-generatoren","11":"first","12":"instock","13":"product-type-simple"},"gallery_images":[885],"yoast_head":"<!-- This site is optimized with the Yoast SEO plugin v27.3 - https:\/\/yoast.com\/product\/yoast-seo-wordpress\/ -->\n<title>\u00d6le f\u00fcr Aerosolpackungen - Aerometrik<\/title>\n<meta name=\"description\" content=\"\u00d6le, die f\u00fcr Integrit\u00e4tstests von HEPA-\/ULPA-Filtern verwendet werden (PAO-4 (Emery 3004) und Ondina-\u00d6le), (DEHS-\u00d6l).\" \/>\n<meta name=\"robots\" content=\"index, follow, max-snippet:-1, max-image-preview:large, max-video-preview:-1\" \/>\n<link rel=\"canonical\" href=\"https:\/\/www.aerometrik.com\/de\/produit\/oele-fuer-aerosolpackungen\/\" \/>\n<meta property=\"og:locale\" content=\"de_DE\" \/>\n<meta property=\"og:type\" content=\"article\" \/>\n<meta property=\"og:title\" content=\"\u00d6le f\u00fcr Aerosolpackungen - Aerometrik\" \/>\n<meta property=\"og:description\" content=\"\u00d6le, die f\u00fcr Integrit\u00e4tstests von HEPA-\/ULPA-Filtern verwendet werden (PAO-4 (Emery 3004) und Ondina-\u00d6le), (DEHS-\u00d6l).\" \/>\n<meta property=\"og:url\" content=\"https:\/\/www.aerometrik.com\/de\/produit\/oele-fuer-aerosolpackungen\/\" \/>\n<meta property=\"og:site_name\" content=\"Aerometrik\" \/>\n<meta property=\"og:image\" content=\"https:\/\/www.aerometrik.com\/wp-content\/uploads\/2022\/03\/DOP_1.png\" \/>\n\t<meta property=\"og:image:width\" content=\"572\" \/>\n\t<meta property=\"og:image:height\" content=\"812\" \/>\n\t<meta property=\"og:image:type\" content=\"image\/png\" \/>\n<meta name=\"twitter:card\" content=\"summary_large_image\" \/>\n<script type=\"application\/ld+json\" class=\"yoast-schema-graph\">{\"@context\":\"https:\\\/\\\/schema.org\",\"@graph\":[{\"@type\":\"WebPage\",\"@id\":\"https:\\\/\\\/www.aerometrik.com\\\/de\\\/produit\\\/oele-fuer-aerosolpackungen\\\/\",\"url\":\"https:\\\/\\\/www.aerometrik.com\\\/de\\\/produit\\\/oele-fuer-aerosolpackungen\\\/\",\"name\":\"\u00d6le f\u00fcr Aerosolpackungen - Aerometrik\",\"isPartOf\":{\"@id\":\"https:\\\/\\\/www.aerometrik.com\\\/#website\"},\"primaryImageOfPage\":{\"@id\":\"https:\\\/\\\/www.aerometrik.com\\\/de\\\/produit\\\/oele-fuer-aerosolpackungen\\\/#primaryimage\"},\"image\":{\"@id\":\"https:\\\/\\\/www.aerometrik.com\\\/de\\\/produit\\\/oele-fuer-aerosolpackungen\\\/#primaryimage\"},\"thumbnailUrl\":\"https:\\\/\\\/www.aerometrik.com\\\/wp-content\\\/uploads\\\/2022\\\/03\\\/DOP_1.png\",\"datePublished\":\"2022-01-04T16:40:26+00:00\",\"description\":\"\u00d6le, die f\u00fcr Integrit\u00e4tstests von HEPA-\\\/ULPA-Filtern verwendet werden (PAO-4 (Emery 3004) und Ondina-\u00d6le), (DEHS-\u00d6l).\",\"breadcrumb\":{\"@id\":\"https:\\\/\\\/www.aerometrik.com\\\/de\\\/produit\\\/oele-fuer-aerosolpackungen\\\/#breadcrumb\"},\"inLanguage\":\"de\",\"potentialAction\":[{\"@type\":\"ReadAction\",\"target\":[\"https:\\\/\\\/www.aerometrik.com\\\/de\\\/produit\\\/oele-fuer-aerosolpackungen\\\/\"]}]},{\"@type\":\"ImageObject\",\"inLanguage\":\"de\",\"@id\":\"https:\\\/\\\/www.aerometrik.com\\\/de\\\/produit\\\/oele-fuer-aerosolpackungen\\\/#primaryimage\",\"url\":\"https:\\\/\\\/www.aerometrik.com\\\/wp-content\\\/uploads\\\/2022\\\/03\\\/DOP_1.png\",\"contentUrl\":\"https:\\\/\\\/www.aerometrik.com\\\/wp-content\\\/uploads\\\/2022\\\/03\\\/DOP_1.png\",\"width\":572,\"height\":812,\"caption\":\"Bidons d'huile ATI DOP pour g\u00e9n\u00e9rateurs d'a\u00e9rosols\"},{\"@type\":\"BreadcrumbList\",\"@id\":\"https:\\\/\\\/www.aerometrik.com\\\/de\\\/produit\\\/oele-fuer-aerosolpackungen\\\/#breadcrumb\",\"itemListElement\":[{\"@type\":\"ListItem\",\"position\":1,\"name\":\"Accueil\",\"item\":\"https:\\\/\\\/www.aerometrik.com\\\/de\\\/\"},{\"@type\":\"ListItem\",\"position\":2,\"name\":\"Produkte\",\"item\":\"https:\\\/\\\/www.aerometrik.com\\\/de\\\/produkte\\\/\"},{\"@type\":\"ListItem\",\"position\":3,\"name\":\"\u00d6le f\u00fcr Aerosolpackungen\"}]},{\"@type\":\"WebSite\",\"@id\":\"https:\\\/\\\/www.aerometrik.com\\\/#website\",\"url\":\"https:\\\/\\\/www.aerometrik.com\\\/\",\"name\":\"Aerometrik\",\"description\":\"Solutions de ma\u00eetrise de la qualit\u00e9 de l&#039;air pour le secteur m\u00e9dical, et l&#039;industrie alimentaire et pharmaceutique\",\"publisher\":{\"@id\":\"https:\\\/\\\/www.aerometrik.com\\\/#organization\"},\"potentialAction\":[{\"@type\":\"SearchAction\",\"target\":{\"@type\":\"EntryPoint\",\"urlTemplate\":\"https:\\\/\\\/www.aerometrik.com\\\/?s={search_term_string}\"},\"query-input\":{\"@type\":\"PropertyValueSpecification\",\"valueRequired\":true,\"valueName\":\"search_term_string\"}}],\"inLanguage\":\"de\"},{\"@type\":\"Organization\",\"@id\":\"https:\\\/\\\/www.aerometrik.com\\\/#organization\",\"name\":\"Aerometrik\",\"url\":\"https:\\\/\\\/www.aerometrik.com\\\/\",\"logo\":{\"@type\":\"ImageObject\",\"inLanguage\":\"de\",\"@id\":\"https:\\\/\\\/www.aerometrik.com\\\/#\\\/schema\\\/logo\\\/image\\\/\",\"url\":\"https:\\\/\\\/www.aerometrik.com\\\/wp-content\\\/uploads\\\/2021\\\/08\\\/logo-aerometrik.svg\",\"contentUrl\":\"https:\\\/\\\/www.aerometrik.com\\\/wp-content\\\/uploads\\\/2021\\\/08\\\/logo-aerometrik.svg\",\"width\":212,\"height\":90,\"caption\":\"Aerometrik\"},\"image\":{\"@id\":\"https:\\\/\\\/www.aerometrik.com\\\/#\\\/schema\\\/logo\\\/image\\\/\"}}]}<\/script>\n<!-- \/ Yoast SEO plugin. -->","yoast_head_json":{"title":"\u00d6le f\u00fcr Aerosolpackungen - Aerometrik","description":"\u00d6le, die f\u00fcr Integrit\u00e4tstests von HEPA-\/ULPA-Filtern verwendet werden (PAO-4 (Emery 3004) und Ondina-\u00d6le), (DEHS-\u00d6l).","robots":{"index":"index","follow":"follow","max-snippet":"max-snippet:-1","max-image-preview":"max-image-preview:large","max-video-preview":"max-video-preview:-1"},"canonical":"https:\/\/www.aerometrik.com\/de\/produit\/oele-fuer-aerosolpackungen\/","og_locale":"de_DE","og_type":"article","og_title":"\u00d6le f\u00fcr Aerosolpackungen - Aerometrik","og_description":"\u00d6le, die f\u00fcr Integrit\u00e4tstests von HEPA-\/ULPA-Filtern verwendet werden (PAO-4 (Emery 3004) und Ondina-\u00d6le), (DEHS-\u00d6l).","og_url":"https:\/\/www.aerometrik.com\/de\/produit\/oele-fuer-aerosolpackungen\/","og_site_name":"Aerometrik","og_image":[{"width":572,"height":812,"url":"https:\/\/www.aerometrik.com\/wp-content\/uploads\/2022\/03\/DOP_1.png","type":"image\/png"}],"twitter_card":"summary_large_image","schema":{"@context":"https:\/\/schema.org","@graph":[{"@type":"WebPage","@id":"https:\/\/www.aerometrik.com\/de\/produit\/oele-fuer-aerosolpackungen\/","url":"https:\/\/www.aerometrik.com\/de\/produit\/oele-fuer-aerosolpackungen\/","name":"\u00d6le f\u00fcr Aerosolpackungen - Aerometrik","isPartOf":{"@id":"https:\/\/www.aerometrik.com\/#website"},"primaryImageOfPage":{"@id":"https:\/\/www.aerometrik.com\/de\/produit\/oele-fuer-aerosolpackungen\/#primaryimage"},"image":{"@id":"https:\/\/www.aerometrik.com\/de\/produit\/oele-fuer-aerosolpackungen\/#primaryimage"},"thumbnailUrl":"https:\/\/www.aerometrik.com\/wp-content\/uploads\/2022\/03\/DOP_1.png","datePublished":"2022-01-04T16:40:26+00:00","description":"\u00d6le, die f\u00fcr Integrit\u00e4tstests von HEPA-\/ULPA-Filtern verwendet werden (PAO-4 (Emery 3004) und Ondina-\u00d6le), (DEHS-\u00d6l).","breadcrumb":{"@id":"https:\/\/www.aerometrik.com\/de\/produit\/oele-fuer-aerosolpackungen\/#breadcrumb"},"inLanguage":"de","potentialAction":[{"@type":"ReadAction","target":["https:\/\/www.aerometrik.com\/de\/produit\/oele-fuer-aerosolpackungen\/"]}]},{"@type":"ImageObject","inLanguage":"de","@id":"https:\/\/www.aerometrik.com\/de\/produit\/oele-fuer-aerosolpackungen\/#primaryimage","url":"https:\/\/www.aerometrik.com\/wp-content\/uploads\/2022\/03\/DOP_1.png","contentUrl":"https:\/\/www.aerometrik.com\/wp-content\/uploads\/2022\/03\/DOP_1.png","width":572,"height":812,"caption":"Bidons d'huile ATI DOP pour g\u00e9n\u00e9rateurs d'a\u00e9rosols"},{"@type":"BreadcrumbList","@id":"https:\/\/www.aerometrik.com\/de\/produit\/oele-fuer-aerosolpackungen\/#breadcrumb","itemListElement":[{"@type":"ListItem","position":1,"name":"Accueil","item":"https:\/\/www.aerometrik.com\/de\/"},{"@type":"ListItem","position":2,"name":"Produkte","item":"https:\/\/www.aerometrik.com\/de\/produkte\/"},{"@type":"ListItem","position":3,"name":"\u00d6le f\u00fcr Aerosolpackungen"}]},{"@type":"WebSite","@id":"https:\/\/www.aerometrik.com\/#website","url":"https:\/\/www.aerometrik.com\/","name":"Aerometrik","description":"Solutions de ma\u00eetrise de la qualit\u00e9 de l&#039;air pour le secteur m\u00e9dical, et l&#039;industrie alimentaire et pharmaceutique","publisher":{"@id":"https:\/\/www.aerometrik.com\/#organization"},"potentialAction":[{"@type":"SearchAction","target":{"@type":"EntryPoint","urlTemplate":"https:\/\/www.aerometrik.com\/?s={search_term_string}"},"query-input":{"@type":"PropertyValueSpecification","valueRequired":true,"valueName":"search_term_string"}}],"inLanguage":"de"},{"@type":"Organization","@id":"https:\/\/www.aerometrik.com\/#organization","name":"Aerometrik","url":"https:\/\/www.aerometrik.com\/","logo":{"@type":"ImageObject","inLanguage":"de","@id":"https:\/\/www.aerometrik.com\/#\/schema\/logo\/image\/","url":"https:\/\/www.aerometrik.com\/wp-content\/uploads\/2021\/08\/logo-aerometrik.svg","contentUrl":"https:\/\/www.aerometrik.com\/wp-content\/uploads\/2021\/08\/logo-aerometrik.svg","width":212,"height":90,"caption":"Aerometrik"},"image":{"@id":"https:\/\/www.aerometrik.com\/#\/schema\/logo\/image\/"}}]}},"_links":{"self":[{"href":"https:\/\/www.aerometrik.com\/de\/wp-json\/wp\/v2\/product\/4095","targetHints":{"allow":["GET"]}}],"collection":[{"href":"https:\/\/www.aerometrik.com\/de\/wp-json\/wp\/v2\/product"}],"about":[{"href":"https:\/\/www.aerometrik.com\/de\/wp-json\/wp\/v2\/types\/product"}],"wp:featuredmedia":[{"embeddable":true,"href":"https:\/\/www.aerometrik.com\/de\/wp-json\/wp\/v2\/media\/4096"}],"wp:attachment":[{"href":"https:\/\/www.aerometrik.com\/de\/wp-json\/wp\/v2\/media?parent=4095"}],"wp:term":[{"taxonomy":"product_brand","embeddable":true,"href":"https:\/\/www.aerometrik.com\/de\/wp-json\/wp\/v2\/product_brand?post=4095"},{"taxonomy":"product_cat","embeddable":true,"href":"https:\/\/www.aerometrik.com\/de\/wp-json\/wp\/v2\/product_cat?post=4095"},{"taxonomy":"product_tag","embeddable":true,"href":"https:\/\/www.aerometrik.com\/de\/wp-json\/wp\/v2\/product_tag?post=4095"}],"curies":[{"name":"wp","href":"https:\/\/api.w.org\/{rel}","templated":true}]}}