{"id":3970,"date":"2022-03-04T17:06:00","date_gmt":"2022-03-04T16:06:00","guid":{"rendered":"https:\/\/www.aerometrik.com\/produit\/climet-partikelzaehler-serie-ci-15xt\/"},"modified":"2022-03-04T17:06:00","modified_gmt":"2022-03-04T16:06:00","slug":"climet-partikelzaehler-serie-ci-15xt","status":"publish","type":"product","link":"https:\/\/www.aerometrik.com\/de\/produit\/climet-partikelzaehler-serie-ci-15xt\/","title":{"rendered":"CLIMET Partikelz\u00e4hler Serie CI-15xT"},"content":{"rendered":"","protected":false},"excerpt":{"rendered":"<p>. Eine bew\u00e4hrte und robuste Technologie.<br \/>\n. Entnahme von 1 m\u00b3 in 35 Minuten!<br \/>\n. Durchsatz: 28,3 LPM.<br \/>\n. 4 Kan\u00e4le: von 0,3 bis 10 \u03bcm.<br \/>\n. Entspricht ISO 21501-4.    <\/p>\n<a class=\"button btn-dl-produit button_size_2 button_none\" href=\"\/wp-content\/uploads\/2022\/01\/Fiche-Technique-CI-15x.pdf\"     style=\"color:#2294D1;\" target=\"_blank\"    title=\"\"><span class=\"button_label\">Laden Sie das Produktblatt herunter<\/span><\/a>\n\n","protected":false},"featured_media":3971,"template":"","meta":{"inline_featured_image":false},"product_brand":[],"product_cat":[229,208,227,209,228,175],"product_tag":[],"class_list":{"0":"post-3970","1":"product","2":"type-product","3":"status-publish","4":"has-post-thumbnail","6":"product_cat-climet-de","7":"product_cat-mobile-partikelzahler","8":"product_cat-partikelzahler","9":"product_cat-partikelzahlungen","10":"product_cat-probenahme-aus-gasen","11":"product_cat-qualifizierung-von-reinraumen","13":"first","14":"instock","15":"product-type-simple"},"gallery_images":[808,809,1097],"yoast_head":"<!-- This site is optimized with the Yoast SEO plugin v27.3 - https:\/\/yoast.com\/product\/yoast-seo-wordpress\/ -->\n<title>CLIMET Partikelz\u00e4hler Serie CI-15xT - Aerometrik<\/title>\n<meta name=\"description\" content=\"Partikelz\u00e4hler mit 1.0 cfm (28,3 l\/min) Durchfluss, robust, bew\u00e4hrte Technologie, konform mit ISO 21501-4, integrierter Drucker.\" \/>\n<meta name=\"robots\" content=\"index, follow, max-snippet:-1, max-image-preview:large, max-video-preview:-1\" \/>\n<link rel=\"canonical\" href=\"https:\/\/www.aerometrik.com\/de\/produit\/climet-partikelzaehler-serie-ci-15xt\/\" \/>\n<meta property=\"og:locale\" content=\"de_DE\" \/>\n<meta property=\"og:type\" content=\"article\" \/>\n<meta property=\"og:title\" content=\"CLIMET Partikelz\u00e4hler Serie CI-15xT - Aerometrik\" \/>\n<meta property=\"og:description\" content=\"Partikelz\u00e4hler mit 1.0 cfm (28,3 l\/min) Durchfluss, robust, bew\u00e4hrte Technologie, konform mit ISO 21501-4, integrierter Drucker.\" \/>\n<meta property=\"og:url\" content=\"https:\/\/www.aerometrik.com\/de\/produit\/climet-partikelzaehler-serie-ci-15xt\/\" \/>\n<meta property=\"og:site_name\" content=\"Aerometrik\" \/>\n<meta property=\"og:image\" content=\"https:\/\/www.aerometrik.com\/wp-content\/uploads\/2022\/03\/150_1.png\" \/>\n\t<meta property=\"og:image:width\" content=\"572\" \/>\n\t<meta property=\"og:image:height\" content=\"572\" \/>\n\t<meta property=\"og:image:type\" content=\"image\/jpeg\" \/>\n<meta name=\"twitter:card\" content=\"summary_large_image\" \/>\n<script type=\"application\/ld+json\" class=\"yoast-schema-graph\">{\"@context\":\"https:\\\/\\\/schema.org\",\"@graph\":[{\"@type\":\"WebPage\",\"@id\":\"https:\\\/\\\/www.aerometrik.com\\\/de\\\/produit\\\/climet-partikelzaehler-serie-ci-15xt\\\/\",\"url\":\"https:\\\/\\\/www.aerometrik.com\\\/de\\\/produit\\\/climet-partikelzaehler-serie-ci-15xt\\\/\",\"name\":\"CLIMET Partikelz\u00e4hler Serie CI-15xT - Aerometrik\",\"isPartOf\":{\"@id\":\"https:\\\/\\\/www.aerometrik.com\\\/#website\"},\"primaryImageOfPage\":{\"@id\":\"https:\\\/\\\/www.aerometrik.com\\\/de\\\/produit\\\/climet-partikelzaehler-serie-ci-15xt\\\/#primaryimage\"},\"image\":{\"@id\":\"https:\\\/\\\/www.aerometrik.com\\\/de\\\/produit\\\/climet-partikelzaehler-serie-ci-15xt\\\/#primaryimage\"},\"thumbnailUrl\":\"https:\\\/\\\/www.aerometrik.com\\\/wp-content\\\/uploads\\\/2022\\\/03\\\/150_1.png\",\"datePublished\":\"2022-03-04T16:06:00+00:00\",\"description\":\"Partikelz\u00e4hler mit 1.0 cfm (28,3 l\\\/min) Durchfluss, robust, bew\u00e4hrte Technologie, konform mit ISO 21501-4, integrierter Drucker.\",\"breadcrumb\":{\"@id\":\"https:\\\/\\\/www.aerometrik.com\\\/de\\\/produit\\\/climet-partikelzaehler-serie-ci-15xt\\\/#breadcrumb\"},\"inLanguage\":\"de\",\"potentialAction\":[{\"@type\":\"ReadAction\",\"target\":[\"https:\\\/\\\/www.aerometrik.com\\\/de\\\/produit\\\/climet-partikelzaehler-serie-ci-15xt\\\/\"]}]},{\"@type\":\"ImageObject\",\"inLanguage\":\"de\",\"@id\":\"https:\\\/\\\/www.aerometrik.com\\\/de\\\/produit\\\/climet-partikelzaehler-serie-ci-15xt\\\/#primaryimage\",\"url\":\"https:\\\/\\\/www.aerometrik.com\\\/wp-content\\\/uploads\\\/2022\\\/03\\\/150_1.png\",\"contentUrl\":\"https:\\\/\\\/www.aerometrik.com\\\/wp-content\\\/uploads\\\/2022\\\/03\\\/150_1.png\",\"width\":572,\"height\":572},{\"@type\":\"BreadcrumbList\",\"@id\":\"https:\\\/\\\/www.aerometrik.com\\\/de\\\/produit\\\/climet-partikelzaehler-serie-ci-15xt\\\/#breadcrumb\",\"itemListElement\":[{\"@type\":\"ListItem\",\"position\":1,\"name\":\"Accueil\",\"item\":\"https:\\\/\\\/www.aerometrik.com\\\/de\\\/\"},{\"@type\":\"ListItem\",\"position\":2,\"name\":\"Produkte\",\"item\":\"https:\\\/\\\/www.aerometrik.com\\\/de\\\/produkte\\\/\"},{\"@type\":\"ListItem\",\"position\":3,\"name\":\"CLIMET Partikelz\u00e4hler Serie CI-15xT\"}]},{\"@type\":\"WebSite\",\"@id\":\"https:\\\/\\\/www.aerometrik.com\\\/#website\",\"url\":\"https:\\\/\\\/www.aerometrik.com\\\/\",\"name\":\"Aerometrik\",\"description\":\"Solutions de ma\u00eetrise de la qualit\u00e9 de l&#039;air pour le secteur m\u00e9dical, et l&#039;industrie alimentaire et pharmaceutique\",\"publisher\":{\"@id\":\"https:\\\/\\\/www.aerometrik.com\\\/#organization\"},\"potentialAction\":[{\"@type\":\"SearchAction\",\"target\":{\"@type\":\"EntryPoint\",\"urlTemplate\":\"https:\\\/\\\/www.aerometrik.com\\\/?s={search_term_string}\"},\"query-input\":{\"@type\":\"PropertyValueSpecification\",\"valueRequired\":true,\"valueName\":\"search_term_string\"}}],\"inLanguage\":\"de\"},{\"@type\":\"Organization\",\"@id\":\"https:\\\/\\\/www.aerometrik.com\\\/#organization\",\"name\":\"Aerometrik\",\"url\":\"https:\\\/\\\/www.aerometrik.com\\\/\",\"logo\":{\"@type\":\"ImageObject\",\"inLanguage\":\"de\",\"@id\":\"https:\\\/\\\/www.aerometrik.com\\\/#\\\/schema\\\/logo\\\/image\\\/\",\"url\":\"https:\\\/\\\/www.aerometrik.com\\\/wp-content\\\/uploads\\\/2021\\\/08\\\/logo-aerometrik.svg\",\"contentUrl\":\"https:\\\/\\\/www.aerometrik.com\\\/wp-content\\\/uploads\\\/2021\\\/08\\\/logo-aerometrik.svg\",\"width\":212,\"height\":90,\"caption\":\"Aerometrik\"},\"image\":{\"@id\":\"https:\\\/\\\/www.aerometrik.com\\\/#\\\/schema\\\/logo\\\/image\\\/\"}}]}<\/script>\n<!-- \/ Yoast SEO plugin. -->","yoast_head_json":{"title":"CLIMET Partikelz\u00e4hler Serie CI-15xT - Aerometrik","description":"Partikelz\u00e4hler mit 1.0 cfm (28,3 l\/min) Durchfluss, robust, bew\u00e4hrte Technologie, konform mit ISO 21501-4, integrierter Drucker.","robots":{"index":"index","follow":"follow","max-snippet":"max-snippet:-1","max-image-preview":"max-image-preview:large","max-video-preview":"max-video-preview:-1"},"canonical":"https:\/\/www.aerometrik.com\/de\/produit\/climet-partikelzaehler-serie-ci-15xt\/","og_locale":"de_DE","og_type":"article","og_title":"CLIMET Partikelz\u00e4hler Serie CI-15xT - Aerometrik","og_description":"Partikelz\u00e4hler mit 1.0 cfm (28,3 l\/min) Durchfluss, robust, bew\u00e4hrte Technologie, konform mit ISO 21501-4, integrierter Drucker.","og_url":"https:\/\/www.aerometrik.com\/de\/produit\/climet-partikelzaehler-serie-ci-15xt\/","og_site_name":"Aerometrik","og_image":[{"width":572,"height":572,"url":"https:\/\/www.aerometrik.com\/wp-content\/uploads\/2022\/03\/150_1.png","type":"image\/jpeg"}],"twitter_card":"summary_large_image","schema":{"@context":"https:\/\/schema.org","@graph":[{"@type":"WebPage","@id":"https:\/\/www.aerometrik.com\/de\/produit\/climet-partikelzaehler-serie-ci-15xt\/","url":"https:\/\/www.aerometrik.com\/de\/produit\/climet-partikelzaehler-serie-ci-15xt\/","name":"CLIMET Partikelz\u00e4hler Serie CI-15xT - Aerometrik","isPartOf":{"@id":"https:\/\/www.aerometrik.com\/#website"},"primaryImageOfPage":{"@id":"https:\/\/www.aerometrik.com\/de\/produit\/climet-partikelzaehler-serie-ci-15xt\/#primaryimage"},"image":{"@id":"https:\/\/www.aerometrik.com\/de\/produit\/climet-partikelzaehler-serie-ci-15xt\/#primaryimage"},"thumbnailUrl":"https:\/\/www.aerometrik.com\/wp-content\/uploads\/2022\/03\/150_1.png","datePublished":"2022-03-04T16:06:00+00:00","description":"Partikelz\u00e4hler mit 1.0 cfm (28,3 l\/min) Durchfluss, robust, bew\u00e4hrte Technologie, konform mit ISO 21501-4, integrierter Drucker.","breadcrumb":{"@id":"https:\/\/www.aerometrik.com\/de\/produit\/climet-partikelzaehler-serie-ci-15xt\/#breadcrumb"},"inLanguage":"de","potentialAction":[{"@type":"ReadAction","target":["https:\/\/www.aerometrik.com\/de\/produit\/climet-partikelzaehler-serie-ci-15xt\/"]}]},{"@type":"ImageObject","inLanguage":"de","@id":"https:\/\/www.aerometrik.com\/de\/produit\/climet-partikelzaehler-serie-ci-15xt\/#primaryimage","url":"https:\/\/www.aerometrik.com\/wp-content\/uploads\/2022\/03\/150_1.png","contentUrl":"https:\/\/www.aerometrik.com\/wp-content\/uploads\/2022\/03\/150_1.png","width":572,"height":572},{"@type":"BreadcrumbList","@id":"https:\/\/www.aerometrik.com\/de\/produit\/climet-partikelzaehler-serie-ci-15xt\/#breadcrumb","itemListElement":[{"@type":"ListItem","position":1,"name":"Accueil","item":"https:\/\/www.aerometrik.com\/de\/"},{"@type":"ListItem","position":2,"name":"Produkte","item":"https:\/\/www.aerometrik.com\/de\/produkte\/"},{"@type":"ListItem","position":3,"name":"CLIMET Partikelz\u00e4hler Serie CI-15xT"}]},{"@type":"WebSite","@id":"https:\/\/www.aerometrik.com\/#website","url":"https:\/\/www.aerometrik.com\/","name":"Aerometrik","description":"Solutions de ma\u00eetrise de la qualit\u00e9 de l&#039;air pour le secteur m\u00e9dical, et l&#039;industrie alimentaire et pharmaceutique","publisher":{"@id":"https:\/\/www.aerometrik.com\/#organization"},"potentialAction":[{"@type":"SearchAction","target":{"@type":"EntryPoint","urlTemplate":"https:\/\/www.aerometrik.com\/?s={search_term_string}"},"query-input":{"@type":"PropertyValueSpecification","valueRequired":true,"valueName":"search_term_string"}}],"inLanguage":"de"},{"@type":"Organization","@id":"https:\/\/www.aerometrik.com\/#organization","name":"Aerometrik","url":"https:\/\/www.aerometrik.com\/","logo":{"@type":"ImageObject","inLanguage":"de","@id":"https:\/\/www.aerometrik.com\/#\/schema\/logo\/image\/","url":"https:\/\/www.aerometrik.com\/wp-content\/uploads\/2021\/08\/logo-aerometrik.svg","contentUrl":"https:\/\/www.aerometrik.com\/wp-content\/uploads\/2021\/08\/logo-aerometrik.svg","width":212,"height":90,"caption":"Aerometrik"},"image":{"@id":"https:\/\/www.aerometrik.com\/#\/schema\/logo\/image\/"}}]}},"_links":{"self":[{"href":"https:\/\/www.aerometrik.com\/de\/wp-json\/wp\/v2\/product\/3970","targetHints":{"allow":["GET"]}}],"collection":[{"href":"https:\/\/www.aerometrik.com\/de\/wp-json\/wp\/v2\/product"}],"about":[{"href":"https:\/\/www.aerometrik.com\/de\/wp-json\/wp\/v2\/types\/product"}],"wp:featuredmedia":[{"embeddable":true,"href":"https:\/\/www.aerometrik.com\/de\/wp-json\/wp\/v2\/media\/3971"}],"wp:attachment":[{"href":"https:\/\/www.aerometrik.com\/de\/wp-json\/wp\/v2\/media?parent=3970"}],"wp:term":[{"taxonomy":"product_brand","embeddable":true,"href":"https:\/\/www.aerometrik.com\/de\/wp-json\/wp\/v2\/product_brand?post=3970"},{"taxonomy":"product_cat","embeddable":true,"href":"https:\/\/www.aerometrik.com\/de\/wp-json\/wp\/v2\/product_cat?post=3970"},{"taxonomy":"product_tag","embeddable":true,"href":"https:\/\/www.aerometrik.com\/de\/wp-json\/wp\/v2\/product_tag?post=3970"}],"curies":[{"name":"wp","href":"https:\/\/api.w.org\/{rel}","templated":true}]}}