{"id":3693,"date":"2022-03-04T17:40:26","date_gmt":"2022-03-04T16:40:26","guid":{"rendered":"https:\/\/www.aerometrik.com\/produit\/ati-kalt-aerosol-generator-modell-tda-6d\/"},"modified":"2022-03-04T17:40:26","modified_gmt":"2022-03-04T16:40:26","slug":"ati-kalt-aerosol-generator-modell-tda-6d","status":"publish","type":"product","link":"https:\/\/www.aerometrik.com\/de\/produit\/ati-kalt-aerosol-generator-modell-tda-6d\/","title":{"rendered":"ATI Kalt-Aerosol-Generator Modell TDA 6D"},"content":{"rendered":"","protected":false},"excerpt":{"rendered":"<p>. Autonom mit eingebautem Kompressor.<br \/>\n. Kann mit 2 oder 6 D\u00fcsen verwendet werden.<br \/>\n. F\u00f6rdermenge bis zu 3.400 m3\/h.<br \/>\n. Speziell f\u00fcr den Einsatz vor Ort entwickelt.   <\/p>\n<a class=\"button btn-dl-produit button_size_2 button_none\" href=\"\/wp-content\/uploads\/2022\/01\/TDA-6D.pdf\"     style=\"color:#2294D1;\" target=\"_blank\"    title=\"\"><span class=\"button_label\">Laden Sie das Produktblatt herunter<\/span><\/a>\n\n","protected":false},"featured_media":3694,"template":"","meta":{"inline_featured_image":false},"product_brand":[],"product_cat":[183,217,175,218,195,196],"product_tag":[],"class_list":{"0":"post-3693","1":"product","2":"type-product","3":"status-publish","4":"has-post-thumbnail","6":"product_cat-ati-de","7":"product_cat-kalte-generatoren","8":"product_cat-qualifizierung-von-reinraumen","9":"product_cat-test-der-integritat-der-asbestkasten","10":"product_cat-test-der-integritat-der-filter","11":"product_cat-tragbares-photometer-und-aerosol-generatoren","13":"first","14":"instock","15":"product-type-simple"},"gallery_images":[875],"yoast_head":"<!-- This site is optimized with the Yoast SEO plugin v27.4 - https:\/\/yoast.com\/product\/yoast-seo-wordpress\/ -->\n<title>ATI Kalt-Aerosol-Generator Modell TDA 6D - Aerometrik<\/title>\n<meta name=\"description\" content=\"ATI 6D Kalt-Aerosol-Generator mit integriertem Kompressor, tragbar, autonom und robust. Perfekt zum Testen von Filtersystemen.\" \/>\n<meta name=\"robots\" content=\"index, follow, max-snippet:-1, max-image-preview:large, max-video-preview:-1\" \/>\n<link rel=\"canonical\" href=\"https:\/\/www.aerometrik.com\/de\/produit\/ati-kalt-aerosol-generator-modell-tda-6d\/\" \/>\n<meta property=\"og:locale\" content=\"de_DE\" \/>\n<meta property=\"og:type\" content=\"article\" \/>\n<meta property=\"og:title\" content=\"ATI Kalt-Aerosol-Generator Modell TDA 6D - Aerometrik\" \/>\n<meta property=\"og:description\" content=\"ATI 6D Kalt-Aerosol-Generator mit integriertem Kompressor, tragbar, autonom und robust. Perfekt zum Testen von Filtersystemen.\" \/>\n<meta property=\"og:url\" content=\"https:\/\/www.aerometrik.com\/de\/produit\/ati-kalt-aerosol-generator-modell-tda-6d\/\" \/>\n<meta property=\"og:site_name\" content=\"Aerometrik\" \/>\n<meta property=\"og:image\" content=\"https:\/\/www.aerometrik.com\/wp-content\/uploads\/2022\/03\/6D_1.png\" \/>\n\t<meta property=\"og:image:width\" content=\"572\" \/>\n\t<meta property=\"og:image:height\" content=\"812\" \/>\n\t<meta property=\"og:image:type\" content=\"image\/png\" \/>\n<meta name=\"twitter:card\" content=\"summary_large_image\" \/>\n<script type=\"application\/ld+json\" class=\"yoast-schema-graph\">{\"@context\":\"https:\\\/\\\/schema.org\",\"@graph\":[{\"@type\":\"WebPage\",\"@id\":\"https:\\\/\\\/www.aerometrik.com\\\/de\\\/produit\\\/ati-kalt-aerosol-generator-modell-tda-6d\\\/\",\"url\":\"https:\\\/\\\/www.aerometrik.com\\\/de\\\/produit\\\/ati-kalt-aerosol-generator-modell-tda-6d\\\/\",\"name\":\"ATI Kalt-Aerosol-Generator Modell TDA 6D - Aerometrik\",\"isPartOf\":{\"@id\":\"https:\\\/\\\/www.aerometrik.com\\\/#website\"},\"primaryImageOfPage\":{\"@id\":\"https:\\\/\\\/www.aerometrik.com\\\/de\\\/produit\\\/ati-kalt-aerosol-generator-modell-tda-6d\\\/#primaryimage\"},\"image\":{\"@id\":\"https:\\\/\\\/www.aerometrik.com\\\/de\\\/produit\\\/ati-kalt-aerosol-generator-modell-tda-6d\\\/#primaryimage\"},\"thumbnailUrl\":\"https:\\\/\\\/www.aerometrik.com\\\/wp-content\\\/uploads\\\/2022\\\/03\\\/6D_1.png\",\"datePublished\":\"2022-03-04T16:40:26+00:00\",\"description\":\"ATI 6D Kalt-Aerosol-Generator mit integriertem Kompressor, tragbar, autonom und robust. Perfekt zum Testen von Filtersystemen.\",\"breadcrumb\":{\"@id\":\"https:\\\/\\\/www.aerometrik.com\\\/de\\\/produit\\\/ati-kalt-aerosol-generator-modell-tda-6d\\\/#breadcrumb\"},\"inLanguage\":\"de\",\"potentialAction\":[{\"@type\":\"ReadAction\",\"target\":[\"https:\\\/\\\/www.aerometrik.com\\\/de\\\/produit\\\/ati-kalt-aerosol-generator-modell-tda-6d\\\/\"]}]},{\"@type\":\"ImageObject\",\"inLanguage\":\"de\",\"@id\":\"https:\\\/\\\/www.aerometrik.com\\\/de\\\/produit\\\/ati-kalt-aerosol-generator-modell-tda-6d\\\/#primaryimage\",\"url\":\"https:\\\/\\\/www.aerometrik.com\\\/wp-content\\\/uploads\\\/2022\\\/03\\\/6D_1.png\",\"contentUrl\":\"https:\\\/\\\/www.aerometrik.com\\\/wp-content\\\/uploads\\\/2022\\\/03\\\/6D_1.png\",\"width\":572,\"height\":812,\"caption\":\"G\u00e9n\u00e9rateurs d'a\u00e9rosols \u00e0 froid ATI 6D avec compresseur int\u00e9gr\u00e9\"},{\"@type\":\"BreadcrumbList\",\"@id\":\"https:\\\/\\\/www.aerometrik.com\\\/de\\\/produit\\\/ati-kalt-aerosol-generator-modell-tda-6d\\\/#breadcrumb\",\"itemListElement\":[{\"@type\":\"ListItem\",\"position\":1,\"name\":\"Accueil\",\"item\":\"https:\\\/\\\/www.aerometrik.com\\\/de\\\/\"},{\"@type\":\"ListItem\",\"position\":2,\"name\":\"Produkte\",\"item\":\"https:\\\/\\\/www.aerometrik.com\\\/de\\\/produkte\\\/\"},{\"@type\":\"ListItem\",\"position\":3,\"name\":\"ATI Kalt-Aerosol-Generator Modell TDA 6D\"}]},{\"@type\":\"WebSite\",\"@id\":\"https:\\\/\\\/www.aerometrik.com\\\/#website\",\"url\":\"https:\\\/\\\/www.aerometrik.com\\\/\",\"name\":\"Aerometrik\",\"description\":\"Solutions de ma\u00eetrise de la qualit\u00e9 de l&#039;air pour le secteur m\u00e9dical, et l&#039;industrie alimentaire et pharmaceutique\",\"publisher\":{\"@id\":\"https:\\\/\\\/www.aerometrik.com\\\/#organization\"},\"potentialAction\":[{\"@type\":\"SearchAction\",\"target\":{\"@type\":\"EntryPoint\",\"urlTemplate\":\"https:\\\/\\\/www.aerometrik.com\\\/?s={search_term_string}\"},\"query-input\":{\"@type\":\"PropertyValueSpecification\",\"valueRequired\":true,\"valueName\":\"search_term_string\"}}],\"inLanguage\":\"de\"},{\"@type\":\"Organization\",\"@id\":\"https:\\\/\\\/www.aerometrik.com\\\/#organization\",\"name\":\"Aerometrik\",\"url\":\"https:\\\/\\\/www.aerometrik.com\\\/\",\"logo\":{\"@type\":\"ImageObject\",\"inLanguage\":\"de\",\"@id\":\"https:\\\/\\\/www.aerometrik.com\\\/#\\\/schema\\\/logo\\\/image\\\/\",\"url\":\"https:\\\/\\\/www.aerometrik.com\\\/wp-content\\\/uploads\\\/2021\\\/08\\\/logo-aerometrik.svg\",\"contentUrl\":\"https:\\\/\\\/www.aerometrik.com\\\/wp-content\\\/uploads\\\/2021\\\/08\\\/logo-aerometrik.svg\",\"width\":212,\"height\":90,\"caption\":\"Aerometrik\"},\"image\":{\"@id\":\"https:\\\/\\\/www.aerometrik.com\\\/#\\\/schema\\\/logo\\\/image\\\/\"}}]}<\/script>\n<!-- \/ Yoast SEO plugin. -->","yoast_head_json":{"title":"ATI Kalt-Aerosol-Generator Modell TDA 6D - Aerometrik","description":"ATI 6D Kalt-Aerosol-Generator mit integriertem Kompressor, tragbar, autonom und robust. Perfekt zum Testen von Filtersystemen.","robots":{"index":"index","follow":"follow","max-snippet":"max-snippet:-1","max-image-preview":"max-image-preview:large","max-video-preview":"max-video-preview:-1"},"canonical":"https:\/\/www.aerometrik.com\/de\/produit\/ati-kalt-aerosol-generator-modell-tda-6d\/","og_locale":"de_DE","og_type":"article","og_title":"ATI Kalt-Aerosol-Generator Modell TDA 6D - Aerometrik","og_description":"ATI 6D Kalt-Aerosol-Generator mit integriertem Kompressor, tragbar, autonom und robust. Perfekt zum Testen von Filtersystemen.","og_url":"https:\/\/www.aerometrik.com\/de\/produit\/ati-kalt-aerosol-generator-modell-tda-6d\/","og_site_name":"Aerometrik","og_image":[{"width":572,"height":812,"url":"https:\/\/www.aerometrik.com\/wp-content\/uploads\/2022\/03\/6D_1.png","type":"image\/png"}],"twitter_card":"summary_large_image","schema":{"@context":"https:\/\/schema.org","@graph":[{"@type":"WebPage","@id":"https:\/\/www.aerometrik.com\/de\/produit\/ati-kalt-aerosol-generator-modell-tda-6d\/","url":"https:\/\/www.aerometrik.com\/de\/produit\/ati-kalt-aerosol-generator-modell-tda-6d\/","name":"ATI Kalt-Aerosol-Generator Modell TDA 6D - Aerometrik","isPartOf":{"@id":"https:\/\/www.aerometrik.com\/#website"},"primaryImageOfPage":{"@id":"https:\/\/www.aerometrik.com\/de\/produit\/ati-kalt-aerosol-generator-modell-tda-6d\/#primaryimage"},"image":{"@id":"https:\/\/www.aerometrik.com\/de\/produit\/ati-kalt-aerosol-generator-modell-tda-6d\/#primaryimage"},"thumbnailUrl":"https:\/\/www.aerometrik.com\/wp-content\/uploads\/2022\/03\/6D_1.png","datePublished":"2022-03-04T16:40:26+00:00","description":"ATI 6D Kalt-Aerosol-Generator mit integriertem Kompressor, tragbar, autonom und robust. Perfekt zum Testen von Filtersystemen.","breadcrumb":{"@id":"https:\/\/www.aerometrik.com\/de\/produit\/ati-kalt-aerosol-generator-modell-tda-6d\/#breadcrumb"},"inLanguage":"de","potentialAction":[{"@type":"ReadAction","target":["https:\/\/www.aerometrik.com\/de\/produit\/ati-kalt-aerosol-generator-modell-tda-6d\/"]}]},{"@type":"ImageObject","inLanguage":"de","@id":"https:\/\/www.aerometrik.com\/de\/produit\/ati-kalt-aerosol-generator-modell-tda-6d\/#primaryimage","url":"https:\/\/www.aerometrik.com\/wp-content\/uploads\/2022\/03\/6D_1.png","contentUrl":"https:\/\/www.aerometrik.com\/wp-content\/uploads\/2022\/03\/6D_1.png","width":572,"height":812,"caption":"G\u00e9n\u00e9rateurs d'a\u00e9rosols \u00e0 froid ATI 6D avec compresseur int\u00e9gr\u00e9"},{"@type":"BreadcrumbList","@id":"https:\/\/www.aerometrik.com\/de\/produit\/ati-kalt-aerosol-generator-modell-tda-6d\/#breadcrumb","itemListElement":[{"@type":"ListItem","position":1,"name":"Accueil","item":"https:\/\/www.aerometrik.com\/de\/"},{"@type":"ListItem","position":2,"name":"Produkte","item":"https:\/\/www.aerometrik.com\/de\/produkte\/"},{"@type":"ListItem","position":3,"name":"ATI Kalt-Aerosol-Generator Modell TDA 6D"}]},{"@type":"WebSite","@id":"https:\/\/www.aerometrik.com\/#website","url":"https:\/\/www.aerometrik.com\/","name":"Aerometrik","description":"Solutions de ma\u00eetrise de la qualit\u00e9 de l&#039;air pour le secteur m\u00e9dical, et l&#039;industrie alimentaire et pharmaceutique","publisher":{"@id":"https:\/\/www.aerometrik.com\/#organization"},"potentialAction":[{"@type":"SearchAction","target":{"@type":"EntryPoint","urlTemplate":"https:\/\/www.aerometrik.com\/?s={search_term_string}"},"query-input":{"@type":"PropertyValueSpecification","valueRequired":true,"valueName":"search_term_string"}}],"inLanguage":"de"},{"@type":"Organization","@id":"https:\/\/www.aerometrik.com\/#organization","name":"Aerometrik","url":"https:\/\/www.aerometrik.com\/","logo":{"@type":"ImageObject","inLanguage":"de","@id":"https:\/\/www.aerometrik.com\/#\/schema\/logo\/image\/","url":"https:\/\/www.aerometrik.com\/wp-content\/uploads\/2021\/08\/logo-aerometrik.svg","contentUrl":"https:\/\/www.aerometrik.com\/wp-content\/uploads\/2021\/08\/logo-aerometrik.svg","width":212,"height":90,"caption":"Aerometrik"},"image":{"@id":"https:\/\/www.aerometrik.com\/#\/schema\/logo\/image\/"}}]}},"_links":{"self":[{"href":"https:\/\/www.aerometrik.com\/de\/wp-json\/wp\/v2\/product\/3693","targetHints":{"allow":["GET"]}}],"collection":[{"href":"https:\/\/www.aerometrik.com\/de\/wp-json\/wp\/v2\/product"}],"about":[{"href":"https:\/\/www.aerometrik.com\/de\/wp-json\/wp\/v2\/types\/product"}],"wp:featuredmedia":[{"embeddable":true,"href":"https:\/\/www.aerometrik.com\/de\/wp-json\/wp\/v2\/media\/3694"}],"wp:attachment":[{"href":"https:\/\/www.aerometrik.com\/de\/wp-json\/wp\/v2\/media?parent=3693"}],"wp:term":[{"taxonomy":"product_brand","embeddable":true,"href":"https:\/\/www.aerometrik.com\/de\/wp-json\/wp\/v2\/product_brand?post=3693"},{"taxonomy":"product_cat","embeddable":true,"href":"https:\/\/www.aerometrik.com\/de\/wp-json\/wp\/v2\/product_cat?post=3693"},{"taxonomy":"product_tag","embeddable":true,"href":"https:\/\/www.aerometrik.com\/de\/wp-json\/wp\/v2\/product_tag?post=3693"}],"curies":[{"name":"wp","href":"https:\/\/api.w.org\/{rel}","templated":true}]}}