{"id":3669,"date":"2024-10-03T09:50:54","date_gmt":"2024-10-03T07:50:54","guid":{"rendered":"https:\/\/www.aerometrik.com\/produit\/minicolt-4s-rauchgenerator\/"},"modified":"2024-10-03T09:50:54","modified_gmt":"2024-10-03T07:50:54","slug":"minicolt-4s-rauchgenerator","status":"publish","type":"product","link":"https:\/\/www.aerometrik.com\/de\/produit\/minicolt-4s-rauchgenerator\/","title":{"rendered":"MiniColt 4S Rauchgenerator"},"content":{"rendered":"","protected":false},"excerpt":{"rendered":"<ul>\n<li>. Autonomer Rauchgenerator.<\/li>\n<li>. Schutz des Bedieners durch gebrauchsfertiges Nachf\u00fcllen der Fl\u00fcssigkeit ohne Umf\u00fcllen.<\/li>\n<li>. Fl\u00fcssigkeit aus gereinigtem Wasser und Glykol in pharmazeutischer Qualit\u00e4t f\u00fcr die Erzeugung von Partikeln mit einer Gr\u00f6\u00dfe von 0,2 \u00b5m.<\/li>\n<li>. Verfolgung der Luftinfiltrationswege, um das Eindringen von Partikeln in kritische Bereiche zu minimieren.<\/li>\n<\/ul>\n<a class=\"button btn-dl-produit button_size_2 button_none\" href=\"https:\/\/www.aerometrik.com\/wp-content\/uploads\/2024\/10\/B1-Datasheet.pdf\"     style=\"color:#2294D1;\" target=\"_blank\"    title=\"\"><span class=\"button_label\">Laden Sie das Produktblatt herunter<\/span><\/a>\n\n","protected":false},"featured_media":3671,"template":"","meta":{"inline_featured_image":false},"product_brand":[],"product_cat":[175,188],"product_tag":[],"class_list":{"0":"post-3669","1":"product","2":"type-product","3":"status-publish","4":"has-post-thumbnail","6":"product_cat-qualifizierung-von-reinraumen","7":"product_cat-rauchgenerator","9":"first","10":"instock","11":"product-type-simple"},"gallery_images":[],"yoast_head":"<!-- This site is optimized with the Yoast SEO plugin v27.4 - https:\/\/yoast.com\/product\/yoast-seo-wordpress\/ -->\n<title>MiniColt 4S Rauchgenerator - Aerometrik<\/title>\n<meta name=\"description\" content=\"Lufttechnische Zeichnungen: Rauchgenerator Mini Colt 4S zur Visualisierung und Verfolgung von Luftstr\u00f6men in klassifizierten Umgebungen (ISO 14644-3 Anhang B7).\" \/>\n<meta name=\"robots\" content=\"index, follow, max-snippet:-1, max-image-preview:large, max-video-preview:-1\" \/>\n<link rel=\"canonical\" href=\"https:\/\/www.aerometrik.com\/de\/produit\/minicolt-4s-rauchgenerator\/\" \/>\n<meta property=\"og:locale\" content=\"de_DE\" \/>\n<meta property=\"og:type\" content=\"article\" \/>\n<meta property=\"og:title\" content=\"MiniColt 4S Rauchgenerator - Aerometrik\" \/>\n<meta property=\"og:description\" content=\"Lufttechnische Zeichnungen: Rauchgenerator Mini Colt 4S zur Visualisierung und Verfolgung von Luftstr\u00f6men in klassifizierten Umgebungen (ISO 14644-3 Anhang B7).\" \/>\n<meta property=\"og:url\" content=\"https:\/\/www.aerometrik.com\/de\/produit\/minicolt-4s-rauchgenerator\/\" \/>\n<meta property=\"og:site_name\" content=\"Aerometrik\" \/>\n<meta property=\"og:image\" content=\"https:\/\/www.aerometrik.com\/wp-content\/uploads\/2024\/10\/Mini-Colt-4S.png\" \/>\n\t<meta property=\"og:image:width\" content=\"1748\" \/>\n\t<meta property=\"og:image:height\" content=\"1748\" \/>\n\t<meta property=\"og:image:type\" content=\"image\/png\" \/>\n<meta name=\"twitter:card\" content=\"summary_large_image\" \/>\n<script type=\"application\/ld+json\" class=\"yoast-schema-graph\">{\"@context\":\"https:\\\/\\\/schema.org\",\"@graph\":[{\"@type\":\"WebPage\",\"@id\":\"https:\\\/\\\/www.aerometrik.com\\\/de\\\/produit\\\/minicolt-4s-rauchgenerator\\\/\",\"url\":\"https:\\\/\\\/www.aerometrik.com\\\/de\\\/produit\\\/minicolt-4s-rauchgenerator\\\/\",\"name\":\"MiniColt 4S Rauchgenerator - Aerometrik\",\"isPartOf\":{\"@id\":\"https:\\\/\\\/www.aerometrik.com\\\/#website\"},\"primaryImageOfPage\":{\"@id\":\"https:\\\/\\\/www.aerometrik.com\\\/de\\\/produit\\\/minicolt-4s-rauchgenerator\\\/#primaryimage\"},\"image\":{\"@id\":\"https:\\\/\\\/www.aerometrik.com\\\/de\\\/produit\\\/minicolt-4s-rauchgenerator\\\/#primaryimage\"},\"thumbnailUrl\":\"https:\\\/\\\/www.aerometrik.com\\\/wp-content\\\/uploads\\\/2024\\\/10\\\/Mini-Colt-4S.png\",\"datePublished\":\"2024-10-03T07:50:54+00:00\",\"description\":\"Lufttechnische Zeichnungen: Rauchgenerator Mini Colt 4S zur Visualisierung und Verfolgung von Luftstr\u00f6men in klassifizierten Umgebungen (ISO 14644-3 Anhang B7).\",\"breadcrumb\":{\"@id\":\"https:\\\/\\\/www.aerometrik.com\\\/de\\\/produit\\\/minicolt-4s-rauchgenerator\\\/#breadcrumb\"},\"inLanguage\":\"de\",\"potentialAction\":[{\"@type\":\"ReadAction\",\"target\":[\"https:\\\/\\\/www.aerometrik.com\\\/de\\\/produit\\\/minicolt-4s-rauchgenerator\\\/\"]}]},{\"@type\":\"ImageObject\",\"inLanguage\":\"de\",\"@id\":\"https:\\\/\\\/www.aerometrik.com\\\/de\\\/produit\\\/minicolt-4s-rauchgenerator\\\/#primaryimage\",\"url\":\"https:\\\/\\\/www.aerometrik.com\\\/wp-content\\\/uploads\\\/2024\\\/10\\\/Mini-Colt-4S.png\",\"contentUrl\":\"https:\\\/\\\/www.aerometrik.com\\\/wp-content\\\/uploads\\\/2024\\\/10\\\/Mini-Colt-4S.png\",\"width\":1748,\"height\":1748,\"caption\":\"Concept Smoke System MiniColt 4S\"},{\"@type\":\"BreadcrumbList\",\"@id\":\"https:\\\/\\\/www.aerometrik.com\\\/de\\\/produit\\\/minicolt-4s-rauchgenerator\\\/#breadcrumb\",\"itemListElement\":[{\"@type\":\"ListItem\",\"position\":1,\"name\":\"Accueil\",\"item\":\"https:\\\/\\\/www.aerometrik.com\\\/de\\\/\"},{\"@type\":\"ListItem\",\"position\":2,\"name\":\"Produkte\",\"item\":\"https:\\\/\\\/www.aerometrik.com\\\/de\\\/produkte\\\/\"},{\"@type\":\"ListItem\",\"position\":3,\"name\":\"MiniColt 4S Rauchgenerator\"}]},{\"@type\":\"WebSite\",\"@id\":\"https:\\\/\\\/www.aerometrik.com\\\/#website\",\"url\":\"https:\\\/\\\/www.aerometrik.com\\\/\",\"name\":\"Aerometrik\",\"description\":\"Solutions de ma\u00eetrise de la qualit\u00e9 de l&#039;air pour le secteur m\u00e9dical, et l&#039;industrie alimentaire et pharmaceutique\",\"publisher\":{\"@id\":\"https:\\\/\\\/www.aerometrik.com\\\/#organization\"},\"potentialAction\":[{\"@type\":\"SearchAction\",\"target\":{\"@type\":\"EntryPoint\",\"urlTemplate\":\"https:\\\/\\\/www.aerometrik.com\\\/?s={search_term_string}\"},\"query-input\":{\"@type\":\"PropertyValueSpecification\",\"valueRequired\":true,\"valueName\":\"search_term_string\"}}],\"inLanguage\":\"de\"},{\"@type\":\"Organization\",\"@id\":\"https:\\\/\\\/www.aerometrik.com\\\/#organization\",\"name\":\"Aerometrik\",\"url\":\"https:\\\/\\\/www.aerometrik.com\\\/\",\"logo\":{\"@type\":\"ImageObject\",\"inLanguage\":\"de\",\"@id\":\"https:\\\/\\\/www.aerometrik.com\\\/#\\\/schema\\\/logo\\\/image\\\/\",\"url\":\"https:\\\/\\\/www.aerometrik.com\\\/wp-content\\\/uploads\\\/2021\\\/08\\\/logo-aerometrik.svg\",\"contentUrl\":\"https:\\\/\\\/www.aerometrik.com\\\/wp-content\\\/uploads\\\/2021\\\/08\\\/logo-aerometrik.svg\",\"width\":212,\"height\":90,\"caption\":\"Aerometrik\"},\"image\":{\"@id\":\"https:\\\/\\\/www.aerometrik.com\\\/#\\\/schema\\\/logo\\\/image\\\/\"}}]}<\/script>\n<!-- \/ Yoast SEO plugin. -->","yoast_head_json":{"title":"MiniColt 4S Rauchgenerator - Aerometrik","description":"Lufttechnische Zeichnungen: Rauchgenerator Mini Colt 4S zur Visualisierung und Verfolgung von Luftstr\u00f6men in klassifizierten Umgebungen (ISO 14644-3 Anhang B7).","robots":{"index":"index","follow":"follow","max-snippet":"max-snippet:-1","max-image-preview":"max-image-preview:large","max-video-preview":"max-video-preview:-1"},"canonical":"https:\/\/www.aerometrik.com\/de\/produit\/minicolt-4s-rauchgenerator\/","og_locale":"de_DE","og_type":"article","og_title":"MiniColt 4S Rauchgenerator - Aerometrik","og_description":"Lufttechnische Zeichnungen: Rauchgenerator Mini Colt 4S zur Visualisierung und Verfolgung von Luftstr\u00f6men in klassifizierten Umgebungen (ISO 14644-3 Anhang B7).","og_url":"https:\/\/www.aerometrik.com\/de\/produit\/minicolt-4s-rauchgenerator\/","og_site_name":"Aerometrik","og_image":[{"width":1748,"height":1748,"url":"https:\/\/www.aerometrik.com\/wp-content\/uploads\/2024\/10\/Mini-Colt-4S.png","type":"image\/png"}],"twitter_card":"summary_large_image","schema":{"@context":"https:\/\/schema.org","@graph":[{"@type":"WebPage","@id":"https:\/\/www.aerometrik.com\/de\/produit\/minicolt-4s-rauchgenerator\/","url":"https:\/\/www.aerometrik.com\/de\/produit\/minicolt-4s-rauchgenerator\/","name":"MiniColt 4S Rauchgenerator - Aerometrik","isPartOf":{"@id":"https:\/\/www.aerometrik.com\/#website"},"primaryImageOfPage":{"@id":"https:\/\/www.aerometrik.com\/de\/produit\/minicolt-4s-rauchgenerator\/#primaryimage"},"image":{"@id":"https:\/\/www.aerometrik.com\/de\/produit\/minicolt-4s-rauchgenerator\/#primaryimage"},"thumbnailUrl":"https:\/\/www.aerometrik.com\/wp-content\/uploads\/2024\/10\/Mini-Colt-4S.png","datePublished":"2024-10-03T07:50:54+00:00","description":"Lufttechnische Zeichnungen: Rauchgenerator Mini Colt 4S zur Visualisierung und Verfolgung von Luftstr\u00f6men in klassifizierten Umgebungen (ISO 14644-3 Anhang B7).","breadcrumb":{"@id":"https:\/\/www.aerometrik.com\/de\/produit\/minicolt-4s-rauchgenerator\/#breadcrumb"},"inLanguage":"de","potentialAction":[{"@type":"ReadAction","target":["https:\/\/www.aerometrik.com\/de\/produit\/minicolt-4s-rauchgenerator\/"]}]},{"@type":"ImageObject","inLanguage":"de","@id":"https:\/\/www.aerometrik.com\/de\/produit\/minicolt-4s-rauchgenerator\/#primaryimage","url":"https:\/\/www.aerometrik.com\/wp-content\/uploads\/2024\/10\/Mini-Colt-4S.png","contentUrl":"https:\/\/www.aerometrik.com\/wp-content\/uploads\/2024\/10\/Mini-Colt-4S.png","width":1748,"height":1748,"caption":"Concept Smoke System MiniColt 4S"},{"@type":"BreadcrumbList","@id":"https:\/\/www.aerometrik.com\/de\/produit\/minicolt-4s-rauchgenerator\/#breadcrumb","itemListElement":[{"@type":"ListItem","position":1,"name":"Accueil","item":"https:\/\/www.aerometrik.com\/de\/"},{"@type":"ListItem","position":2,"name":"Produkte","item":"https:\/\/www.aerometrik.com\/de\/produkte\/"},{"@type":"ListItem","position":3,"name":"MiniColt 4S Rauchgenerator"}]},{"@type":"WebSite","@id":"https:\/\/www.aerometrik.com\/#website","url":"https:\/\/www.aerometrik.com\/","name":"Aerometrik","description":"Solutions de ma\u00eetrise de la qualit\u00e9 de l&#039;air pour le secteur m\u00e9dical, et l&#039;industrie alimentaire et pharmaceutique","publisher":{"@id":"https:\/\/www.aerometrik.com\/#organization"},"potentialAction":[{"@type":"SearchAction","target":{"@type":"EntryPoint","urlTemplate":"https:\/\/www.aerometrik.com\/?s={search_term_string}"},"query-input":{"@type":"PropertyValueSpecification","valueRequired":true,"valueName":"search_term_string"}}],"inLanguage":"de"},{"@type":"Organization","@id":"https:\/\/www.aerometrik.com\/#organization","name":"Aerometrik","url":"https:\/\/www.aerometrik.com\/","logo":{"@type":"ImageObject","inLanguage":"de","@id":"https:\/\/www.aerometrik.com\/#\/schema\/logo\/image\/","url":"https:\/\/www.aerometrik.com\/wp-content\/uploads\/2021\/08\/logo-aerometrik.svg","contentUrl":"https:\/\/www.aerometrik.com\/wp-content\/uploads\/2021\/08\/logo-aerometrik.svg","width":212,"height":90,"caption":"Aerometrik"},"image":{"@id":"https:\/\/www.aerometrik.com\/#\/schema\/logo\/image\/"}}]}},"_links":{"self":[{"href":"https:\/\/www.aerometrik.com\/de\/wp-json\/wp\/v2\/product\/3669","targetHints":{"allow":["GET"]}}],"collection":[{"href":"https:\/\/www.aerometrik.com\/de\/wp-json\/wp\/v2\/product"}],"about":[{"href":"https:\/\/www.aerometrik.com\/de\/wp-json\/wp\/v2\/types\/product"}],"wp:featuredmedia":[{"embeddable":true,"href":"https:\/\/www.aerometrik.com\/de\/wp-json\/wp\/v2\/media\/3671"}],"wp:attachment":[{"href":"https:\/\/www.aerometrik.com\/de\/wp-json\/wp\/v2\/media?parent=3669"}],"wp:term":[{"taxonomy":"product_brand","embeddable":true,"href":"https:\/\/www.aerometrik.com\/de\/wp-json\/wp\/v2\/product_brand?post=3669"},{"taxonomy":"product_cat","embeddable":true,"href":"https:\/\/www.aerometrik.com\/de\/wp-json\/wp\/v2\/product_cat?post=3669"},{"taxonomy":"product_tag","embeddable":true,"href":"https:\/\/www.aerometrik.com\/de\/wp-json\/wp\/v2\/product_tag?post=3669"}],"curies":[{"name":"wp","href":"https:\/\/api.w.org\/{rel}","templated":true}]}}