{"id":3651,"date":"2024-04-16T15:27:29","date_gmt":"2024-04-16T13:27:29","guid":{"rendered":"https:\/\/www.aerometrik.com\/produit\/ati-iprobe-plus-sonde\/"},"modified":"2024-04-16T15:27:29","modified_gmt":"2024-04-16T13:27:29","slug":"ati-iprobe-plus-sonde","status":"publish","type":"product","link":"https:\/\/www.aerometrik.com\/de\/produit\/ati-iprobe-plus-sonde\/","title":{"rendered":"ATI iPROBE PLUS Sonde"},"content":{"rendered":"","protected":false},"excerpt":{"rendered":"<p>. Gro\u00dfer 5&#8243; Farbbildschirm<br \/>\n. Einmalige Registrierung f\u00fcr jeden gescannten Filter &#8211; Identifikation und Daten<br \/>\n. Passwortschutz<br \/>\n. Verschl\u00fcsselte Daten<br \/>\n. Datenwiederherstellung auf USB-Stick<br \/>\n. Kompatibel mit den Photometern 2i     <\/p>\n<p>&nbsp;<\/p>\n<p>&nbsp;<\/p>\n","protected":false},"featured_media":3658,"template":"","meta":{"inline_featured_image":false},"product_brand":[],"product_cat":[183,175,195,198,196,197],"product_tag":[],"class_list":{"0":"post-3651","1":"product","2":"type-product","3":"status-publish","4":"has-post-thumbnail","6":"product_cat-ati-de","7":"product_cat-qualifizierung-von-reinraumen","8":"product_cat-test-der-integritat-der-filter","9":"product_cat-tragbares-photometer","10":"product_cat-tragbares-photometer-und-aerosol-generatoren","11":"product_cat-zubehor-fur-generatoren","13":"first","14":"instock","15":"shipping-taxable","16":"product-type-simple"},"gallery_images":[3189,3195,3175,3178,3274],"yoast_head":"<!-- This site is optimized with the Yoast SEO plugin v27.4 - https:\/\/yoast.com\/product\/yoast-seo-wordpress\/ -->\n<title>ATI iPROBE PLUS Sonde - Aerometrik<\/title>\n<meta name=\"robots\" content=\"index, follow, max-snippet:-1, max-image-preview:large, max-video-preview:-1\" \/>\n<link rel=\"canonical\" href=\"https:\/\/www.aerometrik.com\/de\/produit\/ati-iprobe-plus-sonde\/\" \/>\n<meta property=\"og:locale\" content=\"de_DE\" \/>\n<meta property=\"og:type\" content=\"article\" \/>\n<meta property=\"og:title\" content=\"ATI iPROBE PLUS Sonde - Aerometrik\" \/>\n<meta property=\"og:description\" content=\". Gro\u00dfer 5&quot; Farbbildschirm . Einmalige Registrierung f\u00fcr jeden gescannten Filter - Identifikation und Daten . Passwortschutz . Verschl\u00fcsselte Daten . Datenwiederherstellung auf USB-Stick . Kompatibel mit den Photometern 2i    &nbsp; &nbsp;\" \/>\n<meta property=\"og:url\" content=\"https:\/\/www.aerometrik.com\/de\/produit\/ati-iprobe-plus-sonde\/\" \/>\n<meta property=\"og:site_name\" content=\"Aerometrik\" \/>\n<meta property=\"og:image\" content=\"https:\/\/www.aerometrik.com\/wp-content\/uploads\/2024\/04\/Iprobe-plus.png\" \/>\n\t<meta property=\"og:image:width\" content=\"1748\" \/>\n\t<meta property=\"og:image:height\" content=\"1748\" \/>\n\t<meta property=\"og:image:type\" content=\"image\/png\" \/>\n<meta name=\"twitter:card\" content=\"summary_large_image\" \/>\n<script type=\"application\/ld+json\" class=\"yoast-schema-graph\">{\"@context\":\"https:\\\/\\\/schema.org\",\"@graph\":[{\"@type\":\"WebPage\",\"@id\":\"https:\\\/\\\/www.aerometrik.com\\\/de\\\/produit\\\/ati-iprobe-plus-sonde\\\/\",\"url\":\"https:\\\/\\\/www.aerometrik.com\\\/de\\\/produit\\\/ati-iprobe-plus-sonde\\\/\",\"name\":\"ATI iPROBE PLUS Sonde - Aerometrik\",\"isPartOf\":{\"@id\":\"https:\\\/\\\/www.aerometrik.com\\\/#website\"},\"primaryImageOfPage\":{\"@id\":\"https:\\\/\\\/www.aerometrik.com\\\/de\\\/produit\\\/ati-iprobe-plus-sonde\\\/#primaryimage\"},\"image\":{\"@id\":\"https:\\\/\\\/www.aerometrik.com\\\/de\\\/produit\\\/ati-iprobe-plus-sonde\\\/#primaryimage\"},\"thumbnailUrl\":\"https:\\\/\\\/www.aerometrik.com\\\/wp-content\\\/uploads\\\/2024\\\/04\\\/Iprobe-plus.png\",\"datePublished\":\"2024-04-16T13:27:29+00:00\",\"breadcrumb\":{\"@id\":\"https:\\\/\\\/www.aerometrik.com\\\/de\\\/produit\\\/ati-iprobe-plus-sonde\\\/#breadcrumb\"},\"inLanguage\":\"de\",\"potentialAction\":[{\"@type\":\"ReadAction\",\"target\":[\"https:\\\/\\\/www.aerometrik.com\\\/de\\\/produit\\\/ati-iprobe-plus-sonde\\\/\"]}]},{\"@type\":\"ImageObject\",\"inLanguage\":\"de\",\"@id\":\"https:\\\/\\\/www.aerometrik.com\\\/de\\\/produit\\\/ati-iprobe-plus-sonde\\\/#primaryimage\",\"url\":\"https:\\\/\\\/www.aerometrik.com\\\/wp-content\\\/uploads\\\/2024\\\/04\\\/Iprobe-plus.png\",\"contentUrl\":\"https:\\\/\\\/www.aerometrik.com\\\/wp-content\\\/uploads\\\/2024\\\/04\\\/Iprobe-plus.png\",\"width\":1748,\"height\":1748},{\"@type\":\"BreadcrumbList\",\"@id\":\"https:\\\/\\\/www.aerometrik.com\\\/de\\\/produit\\\/ati-iprobe-plus-sonde\\\/#breadcrumb\",\"itemListElement\":[{\"@type\":\"ListItem\",\"position\":1,\"name\":\"Accueil\",\"item\":\"https:\\\/\\\/www.aerometrik.com\\\/de\\\/\"},{\"@type\":\"ListItem\",\"position\":2,\"name\":\"Produkte\",\"item\":\"https:\\\/\\\/www.aerometrik.com\\\/de\\\/produkte\\\/\"},{\"@type\":\"ListItem\",\"position\":3,\"name\":\"ATI iPROBE PLUS Sonde\"}]},{\"@type\":\"WebSite\",\"@id\":\"https:\\\/\\\/www.aerometrik.com\\\/#website\",\"url\":\"https:\\\/\\\/www.aerometrik.com\\\/\",\"name\":\"Aerometrik\",\"description\":\"Solutions de ma\u00eetrise de la qualit\u00e9 de l&#039;air pour le secteur m\u00e9dical, et l&#039;industrie alimentaire et pharmaceutique\",\"publisher\":{\"@id\":\"https:\\\/\\\/www.aerometrik.com\\\/#organization\"},\"potentialAction\":[{\"@type\":\"SearchAction\",\"target\":{\"@type\":\"EntryPoint\",\"urlTemplate\":\"https:\\\/\\\/www.aerometrik.com\\\/?s={search_term_string}\"},\"query-input\":{\"@type\":\"PropertyValueSpecification\",\"valueRequired\":true,\"valueName\":\"search_term_string\"}}],\"inLanguage\":\"de\"},{\"@type\":\"Organization\",\"@id\":\"https:\\\/\\\/www.aerometrik.com\\\/#organization\",\"name\":\"Aerometrik\",\"url\":\"https:\\\/\\\/www.aerometrik.com\\\/\",\"logo\":{\"@type\":\"ImageObject\",\"inLanguage\":\"de\",\"@id\":\"https:\\\/\\\/www.aerometrik.com\\\/#\\\/schema\\\/logo\\\/image\\\/\",\"url\":\"https:\\\/\\\/www.aerometrik.com\\\/wp-content\\\/uploads\\\/2021\\\/08\\\/logo-aerometrik.svg\",\"contentUrl\":\"https:\\\/\\\/www.aerometrik.com\\\/wp-content\\\/uploads\\\/2021\\\/08\\\/logo-aerometrik.svg\",\"width\":212,\"height\":90,\"caption\":\"Aerometrik\"},\"image\":{\"@id\":\"https:\\\/\\\/www.aerometrik.com\\\/#\\\/schema\\\/logo\\\/image\\\/\"}}]}<\/script>\n<!-- \/ Yoast SEO plugin. -->","yoast_head_json":{"title":"ATI iPROBE PLUS Sonde - Aerometrik","robots":{"index":"index","follow":"follow","max-snippet":"max-snippet:-1","max-image-preview":"max-image-preview:large","max-video-preview":"max-video-preview:-1"},"canonical":"https:\/\/www.aerometrik.com\/de\/produit\/ati-iprobe-plus-sonde\/","og_locale":"de_DE","og_type":"article","og_title":"ATI iPROBE PLUS Sonde - Aerometrik","og_description":". Gro\u00dfer 5\" Farbbildschirm . Einmalige Registrierung f\u00fcr jeden gescannten Filter - Identifikation und Daten . Passwortschutz . Verschl\u00fcsselte Daten . Datenwiederherstellung auf USB-Stick . Kompatibel mit den Photometern 2i    &nbsp; &nbsp;","og_url":"https:\/\/www.aerometrik.com\/de\/produit\/ati-iprobe-plus-sonde\/","og_site_name":"Aerometrik","og_image":[{"width":1748,"height":1748,"url":"https:\/\/www.aerometrik.com\/wp-content\/uploads\/2024\/04\/Iprobe-plus.png","type":"image\/png"}],"twitter_card":"summary_large_image","schema":{"@context":"https:\/\/schema.org","@graph":[{"@type":"WebPage","@id":"https:\/\/www.aerometrik.com\/de\/produit\/ati-iprobe-plus-sonde\/","url":"https:\/\/www.aerometrik.com\/de\/produit\/ati-iprobe-plus-sonde\/","name":"ATI iPROBE PLUS Sonde - Aerometrik","isPartOf":{"@id":"https:\/\/www.aerometrik.com\/#website"},"primaryImageOfPage":{"@id":"https:\/\/www.aerometrik.com\/de\/produit\/ati-iprobe-plus-sonde\/#primaryimage"},"image":{"@id":"https:\/\/www.aerometrik.com\/de\/produit\/ati-iprobe-plus-sonde\/#primaryimage"},"thumbnailUrl":"https:\/\/www.aerometrik.com\/wp-content\/uploads\/2024\/04\/Iprobe-plus.png","datePublished":"2024-04-16T13:27:29+00:00","breadcrumb":{"@id":"https:\/\/www.aerometrik.com\/de\/produit\/ati-iprobe-plus-sonde\/#breadcrumb"},"inLanguage":"de","potentialAction":[{"@type":"ReadAction","target":["https:\/\/www.aerometrik.com\/de\/produit\/ati-iprobe-plus-sonde\/"]}]},{"@type":"ImageObject","inLanguage":"de","@id":"https:\/\/www.aerometrik.com\/de\/produit\/ati-iprobe-plus-sonde\/#primaryimage","url":"https:\/\/www.aerometrik.com\/wp-content\/uploads\/2024\/04\/Iprobe-plus.png","contentUrl":"https:\/\/www.aerometrik.com\/wp-content\/uploads\/2024\/04\/Iprobe-plus.png","width":1748,"height":1748},{"@type":"BreadcrumbList","@id":"https:\/\/www.aerometrik.com\/de\/produit\/ati-iprobe-plus-sonde\/#breadcrumb","itemListElement":[{"@type":"ListItem","position":1,"name":"Accueil","item":"https:\/\/www.aerometrik.com\/de\/"},{"@type":"ListItem","position":2,"name":"Produkte","item":"https:\/\/www.aerometrik.com\/de\/produkte\/"},{"@type":"ListItem","position":3,"name":"ATI iPROBE PLUS Sonde"}]},{"@type":"WebSite","@id":"https:\/\/www.aerometrik.com\/#website","url":"https:\/\/www.aerometrik.com\/","name":"Aerometrik","description":"Solutions de ma\u00eetrise de la qualit\u00e9 de l&#039;air pour le secteur m\u00e9dical, et l&#039;industrie alimentaire et pharmaceutique","publisher":{"@id":"https:\/\/www.aerometrik.com\/#organization"},"potentialAction":[{"@type":"SearchAction","target":{"@type":"EntryPoint","urlTemplate":"https:\/\/www.aerometrik.com\/?s={search_term_string}"},"query-input":{"@type":"PropertyValueSpecification","valueRequired":true,"valueName":"search_term_string"}}],"inLanguage":"de"},{"@type":"Organization","@id":"https:\/\/www.aerometrik.com\/#organization","name":"Aerometrik","url":"https:\/\/www.aerometrik.com\/","logo":{"@type":"ImageObject","inLanguage":"de","@id":"https:\/\/www.aerometrik.com\/#\/schema\/logo\/image\/","url":"https:\/\/www.aerometrik.com\/wp-content\/uploads\/2021\/08\/logo-aerometrik.svg","contentUrl":"https:\/\/www.aerometrik.com\/wp-content\/uploads\/2021\/08\/logo-aerometrik.svg","width":212,"height":90,"caption":"Aerometrik"},"image":{"@id":"https:\/\/www.aerometrik.com\/#\/schema\/logo\/image\/"}}]}},"_links":{"self":[{"href":"https:\/\/www.aerometrik.com\/de\/wp-json\/wp\/v2\/product\/3651","targetHints":{"allow":["GET"]}}],"collection":[{"href":"https:\/\/www.aerometrik.com\/de\/wp-json\/wp\/v2\/product"}],"about":[{"href":"https:\/\/www.aerometrik.com\/de\/wp-json\/wp\/v2\/types\/product"}],"wp:featuredmedia":[{"embeddable":true,"href":"https:\/\/www.aerometrik.com\/de\/wp-json\/wp\/v2\/media\/3658"}],"wp:attachment":[{"href":"https:\/\/www.aerometrik.com\/de\/wp-json\/wp\/v2\/media?parent=3651"}],"wp:term":[{"taxonomy":"product_brand","embeddable":true,"href":"https:\/\/www.aerometrik.com\/de\/wp-json\/wp\/v2\/product_brand?post=3651"},{"taxonomy":"product_cat","embeddable":true,"href":"https:\/\/www.aerometrik.com\/de\/wp-json\/wp\/v2\/product_cat?post=3651"},{"taxonomy":"product_tag","embeddable":true,"href":"https:\/\/www.aerometrik.com\/de\/wp-json\/wp\/v2\/product_tag?post=3651"}],"curies":[{"name":"wp","href":"https:\/\/api.w.org\/{rel}","templated":true}]}}