{"id":3642,"date":"2024-10-02T14:52:41","date_gmt":"2024-10-02T12:52:41","guid":{"rendered":"https:\/\/www.aerometrik.com\/produit\/rauchgenerator-air-trace\/"},"modified":"2024-10-02T14:52:41","modified_gmt":"2024-10-02T12:52:41","slug":"rauchgenerator-air-trace","status":"publish","type":"product","link":"https:\/\/www.aerometrik.com\/de\/produit\/rauchgenerator-air-trace\/","title":{"rendered":"Rauchgenerator Air Trace"},"content":{"rendered":"","protected":false},"excerpt":{"rendered":"<ul>\n<li>. Ultrakompakter, handgef\u00fchrter, unabh\u00e4ngiger Generator.<\/li>\n<li>. Druckausgleich zwischen den R\u00e4umen (visuelle Anzeige).<\/li>\n<li>. Optimierung des Standorts der Einrichtungen.<\/li>\n<li>. Entdeckung ungeahnter Quellen von Verunreinigungen durch Partikel und Gase.<\/li>\n<li>. Verfolgung der Luftinfiltrationswege, um das Eindringen von Partikeln in kritische Bereiche zu minimieren.\n<a class=\"button btn-dl-produit button_size_2 button_none\" href=\"https:\/\/www.aerometrik.com\/wp-content\/uploads\/2024\/10\/AIRTRACEMK2-Datasheet.pdf\"     style=\"color:#2294D1;\" target=\"_blank\"    title=\"\"><span class=\"button_label\">Laden Sie das Produktblatt herunter<\/span><\/a>\n\n<p><a class=\"button btn-dl-produit button_size_2 button_none\" href=\"https:\/\/www.aerometrik.com\/nous-contacter\/\"     style=\"color:#d12222;\" target=\"_blank\"    title=\"\"><span class=\"button_label\">Verf\u00fcgbar zur Miete<\/span><\/a>\n<\/li>\n<\/ul>\n","protected":false},"featured_media":3650,"template":"","meta":{"inline_featured_image":false},"product_brand":[],"product_cat":[175,188],"product_tag":[],"class_list":{"0":"post-3642","1":"product","2":"type-product","3":"status-publish","4":"has-post-thumbnail","6":"product_cat-qualifizierung-von-reinraumen","7":"product_cat-rauchgenerator","9":"first","10":"instock","11":"product-type-simple"},"gallery_images":[],"yoast_head":"<!-- This site is optimized with the Yoast SEO plugin v27.4 - https:\/\/yoast.com\/product\/yoast-seo-wordpress\/ -->\n<title>Rauchgenerator Air Trace - Aerometrik<\/title>\n<meta name=\"description\" content=\"Lufttechnische Zeichnungen: AIR TRACE Handrauchgenerator zur Visualisierung und Verfolgung von Luftstr\u00f6men in klassifizierten Umgebungen (ISO 14644-3).\" \/>\n<meta name=\"robots\" content=\"index, follow, max-snippet:-1, max-image-preview:large, max-video-preview:-1\" \/>\n<link rel=\"canonical\" href=\"https:\/\/www.aerometrik.com\/de\/produit\/rauchgenerator-air-trace\/\" \/>\n<meta property=\"og:locale\" content=\"de_DE\" \/>\n<meta property=\"og:type\" content=\"article\" \/>\n<meta property=\"og:title\" content=\"Rauchgenerator Air Trace - Aerometrik\" \/>\n<meta property=\"og:description\" content=\"Lufttechnische Zeichnungen: AIR TRACE Handrauchgenerator zur Visualisierung und Verfolgung von Luftstr\u00f6men in klassifizierten Umgebungen (ISO 14644-3).\" \/>\n<meta property=\"og:url\" content=\"https:\/\/www.aerometrik.com\/de\/produit\/rauchgenerator-air-trace\/\" \/>\n<meta property=\"og:site_name\" content=\"Aerometrik\" \/>\n<meta property=\"og:image\" content=\"https:\/\/www.aerometrik.com\/wp-content\/uploads\/2024\/10\/AIR-TRACE.png\" \/>\n\t<meta property=\"og:image:width\" content=\"1748\" \/>\n\t<meta property=\"og:image:height\" content=\"1748\" \/>\n\t<meta property=\"og:image:type\" content=\"image\/png\" \/>\n<meta name=\"twitter:card\" content=\"summary_large_image\" \/>\n<script type=\"application\/ld+json\" class=\"yoast-schema-graph\">{\"@context\":\"https:\\\/\\\/schema.org\",\"@graph\":[{\"@type\":\"WebPage\",\"@id\":\"https:\\\/\\\/www.aerometrik.com\\\/de\\\/produit\\\/rauchgenerator-air-trace\\\/\",\"url\":\"https:\\\/\\\/www.aerometrik.com\\\/de\\\/produit\\\/rauchgenerator-air-trace\\\/\",\"name\":\"Rauchgenerator Air Trace - Aerometrik\",\"isPartOf\":{\"@id\":\"https:\\\/\\\/www.aerometrik.com\\\/#website\"},\"primaryImageOfPage\":{\"@id\":\"https:\\\/\\\/www.aerometrik.com\\\/de\\\/produit\\\/rauchgenerator-air-trace\\\/#primaryimage\"},\"image\":{\"@id\":\"https:\\\/\\\/www.aerometrik.com\\\/de\\\/produit\\\/rauchgenerator-air-trace\\\/#primaryimage\"},\"thumbnailUrl\":\"https:\\\/\\\/www.aerometrik.com\\\/wp-content\\\/uploads\\\/2024\\\/10\\\/AIR-TRACE.png\",\"datePublished\":\"2024-10-02T12:52:41+00:00\",\"description\":\"Lufttechnische Zeichnungen: AIR TRACE Handrauchgenerator zur Visualisierung und Verfolgung von Luftstr\u00f6men in klassifizierten Umgebungen (ISO 14644-3).\",\"breadcrumb\":{\"@id\":\"https:\\\/\\\/www.aerometrik.com\\\/de\\\/produit\\\/rauchgenerator-air-trace\\\/#breadcrumb\"},\"inLanguage\":\"de\",\"potentialAction\":[{\"@type\":\"ReadAction\",\"target\":[\"https:\\\/\\\/www.aerometrik.com\\\/de\\\/produit\\\/rauchgenerator-air-trace\\\/\"]}]},{\"@type\":\"ImageObject\",\"inLanguage\":\"de\",\"@id\":\"https:\\\/\\\/www.aerometrik.com\\\/de\\\/produit\\\/rauchgenerator-air-trace\\\/#primaryimage\",\"url\":\"https:\\\/\\\/www.aerometrik.com\\\/wp-content\\\/uploads\\\/2024\\\/10\\\/AIR-TRACE.png\",\"contentUrl\":\"https:\\\/\\\/www.aerometrik.com\\\/wp-content\\\/uploads\\\/2024\\\/10\\\/AIR-TRACE.png\",\"width\":1748,\"height\":1748,\"caption\":\"g\u00e9n\u00e9rateur de fum\u00e9e\"},{\"@type\":\"BreadcrumbList\",\"@id\":\"https:\\\/\\\/www.aerometrik.com\\\/de\\\/produit\\\/rauchgenerator-air-trace\\\/#breadcrumb\",\"itemListElement\":[{\"@type\":\"ListItem\",\"position\":1,\"name\":\"Accueil\",\"item\":\"https:\\\/\\\/www.aerometrik.com\\\/de\\\/\"},{\"@type\":\"ListItem\",\"position\":2,\"name\":\"Produkte\",\"item\":\"https:\\\/\\\/www.aerometrik.com\\\/de\\\/produkte\\\/\"},{\"@type\":\"ListItem\",\"position\":3,\"name\":\"Rauchgenerator Air Trace\"}]},{\"@type\":\"WebSite\",\"@id\":\"https:\\\/\\\/www.aerometrik.com\\\/#website\",\"url\":\"https:\\\/\\\/www.aerometrik.com\\\/\",\"name\":\"Aerometrik\",\"description\":\"Solutions de ma\u00eetrise de la qualit\u00e9 de l&#039;air pour le secteur m\u00e9dical, et l&#039;industrie alimentaire et pharmaceutique\",\"publisher\":{\"@id\":\"https:\\\/\\\/www.aerometrik.com\\\/#organization\"},\"potentialAction\":[{\"@type\":\"SearchAction\",\"target\":{\"@type\":\"EntryPoint\",\"urlTemplate\":\"https:\\\/\\\/www.aerometrik.com\\\/?s={search_term_string}\"},\"query-input\":{\"@type\":\"PropertyValueSpecification\",\"valueRequired\":true,\"valueName\":\"search_term_string\"}}],\"inLanguage\":\"de\"},{\"@type\":\"Organization\",\"@id\":\"https:\\\/\\\/www.aerometrik.com\\\/#organization\",\"name\":\"Aerometrik\",\"url\":\"https:\\\/\\\/www.aerometrik.com\\\/\",\"logo\":{\"@type\":\"ImageObject\",\"inLanguage\":\"de\",\"@id\":\"https:\\\/\\\/www.aerometrik.com\\\/#\\\/schema\\\/logo\\\/image\\\/\",\"url\":\"https:\\\/\\\/www.aerometrik.com\\\/wp-content\\\/uploads\\\/2021\\\/08\\\/logo-aerometrik.svg\",\"contentUrl\":\"https:\\\/\\\/www.aerometrik.com\\\/wp-content\\\/uploads\\\/2021\\\/08\\\/logo-aerometrik.svg\",\"width\":212,\"height\":90,\"caption\":\"Aerometrik\"},\"image\":{\"@id\":\"https:\\\/\\\/www.aerometrik.com\\\/#\\\/schema\\\/logo\\\/image\\\/\"}}]}<\/script>\n<!-- \/ Yoast SEO plugin. -->","yoast_head_json":{"title":"Rauchgenerator Air Trace - Aerometrik","description":"Lufttechnische Zeichnungen: AIR TRACE Handrauchgenerator zur Visualisierung und Verfolgung von Luftstr\u00f6men in klassifizierten Umgebungen (ISO 14644-3).","robots":{"index":"index","follow":"follow","max-snippet":"max-snippet:-1","max-image-preview":"max-image-preview:large","max-video-preview":"max-video-preview:-1"},"canonical":"https:\/\/www.aerometrik.com\/de\/produit\/rauchgenerator-air-trace\/","og_locale":"de_DE","og_type":"article","og_title":"Rauchgenerator Air Trace - Aerometrik","og_description":"Lufttechnische Zeichnungen: AIR TRACE Handrauchgenerator zur Visualisierung und Verfolgung von Luftstr\u00f6men in klassifizierten Umgebungen (ISO 14644-3).","og_url":"https:\/\/www.aerometrik.com\/de\/produit\/rauchgenerator-air-trace\/","og_site_name":"Aerometrik","og_image":[{"width":1748,"height":1748,"url":"https:\/\/www.aerometrik.com\/wp-content\/uploads\/2024\/10\/AIR-TRACE.png","type":"image\/png"}],"twitter_card":"summary_large_image","schema":{"@context":"https:\/\/schema.org","@graph":[{"@type":"WebPage","@id":"https:\/\/www.aerometrik.com\/de\/produit\/rauchgenerator-air-trace\/","url":"https:\/\/www.aerometrik.com\/de\/produit\/rauchgenerator-air-trace\/","name":"Rauchgenerator Air Trace - Aerometrik","isPartOf":{"@id":"https:\/\/www.aerometrik.com\/#website"},"primaryImageOfPage":{"@id":"https:\/\/www.aerometrik.com\/de\/produit\/rauchgenerator-air-trace\/#primaryimage"},"image":{"@id":"https:\/\/www.aerometrik.com\/de\/produit\/rauchgenerator-air-trace\/#primaryimage"},"thumbnailUrl":"https:\/\/www.aerometrik.com\/wp-content\/uploads\/2024\/10\/AIR-TRACE.png","datePublished":"2024-10-02T12:52:41+00:00","description":"Lufttechnische Zeichnungen: AIR TRACE Handrauchgenerator zur Visualisierung und Verfolgung von Luftstr\u00f6men in klassifizierten Umgebungen (ISO 14644-3).","breadcrumb":{"@id":"https:\/\/www.aerometrik.com\/de\/produit\/rauchgenerator-air-trace\/#breadcrumb"},"inLanguage":"de","potentialAction":[{"@type":"ReadAction","target":["https:\/\/www.aerometrik.com\/de\/produit\/rauchgenerator-air-trace\/"]}]},{"@type":"ImageObject","inLanguage":"de","@id":"https:\/\/www.aerometrik.com\/de\/produit\/rauchgenerator-air-trace\/#primaryimage","url":"https:\/\/www.aerometrik.com\/wp-content\/uploads\/2024\/10\/AIR-TRACE.png","contentUrl":"https:\/\/www.aerometrik.com\/wp-content\/uploads\/2024\/10\/AIR-TRACE.png","width":1748,"height":1748,"caption":"g\u00e9n\u00e9rateur de fum\u00e9e"},{"@type":"BreadcrumbList","@id":"https:\/\/www.aerometrik.com\/de\/produit\/rauchgenerator-air-trace\/#breadcrumb","itemListElement":[{"@type":"ListItem","position":1,"name":"Accueil","item":"https:\/\/www.aerometrik.com\/de\/"},{"@type":"ListItem","position":2,"name":"Produkte","item":"https:\/\/www.aerometrik.com\/de\/produkte\/"},{"@type":"ListItem","position":3,"name":"Rauchgenerator Air Trace"}]},{"@type":"WebSite","@id":"https:\/\/www.aerometrik.com\/#website","url":"https:\/\/www.aerometrik.com\/","name":"Aerometrik","description":"Solutions de ma\u00eetrise de la qualit\u00e9 de l&#039;air pour le secteur m\u00e9dical, et l&#039;industrie alimentaire et pharmaceutique","publisher":{"@id":"https:\/\/www.aerometrik.com\/#organization"},"potentialAction":[{"@type":"SearchAction","target":{"@type":"EntryPoint","urlTemplate":"https:\/\/www.aerometrik.com\/?s={search_term_string}"},"query-input":{"@type":"PropertyValueSpecification","valueRequired":true,"valueName":"search_term_string"}}],"inLanguage":"de"},{"@type":"Organization","@id":"https:\/\/www.aerometrik.com\/#organization","name":"Aerometrik","url":"https:\/\/www.aerometrik.com\/","logo":{"@type":"ImageObject","inLanguage":"de","@id":"https:\/\/www.aerometrik.com\/#\/schema\/logo\/image\/","url":"https:\/\/www.aerometrik.com\/wp-content\/uploads\/2021\/08\/logo-aerometrik.svg","contentUrl":"https:\/\/www.aerometrik.com\/wp-content\/uploads\/2021\/08\/logo-aerometrik.svg","width":212,"height":90,"caption":"Aerometrik"},"image":{"@id":"https:\/\/www.aerometrik.com\/#\/schema\/logo\/image\/"}}]}},"_links":{"self":[{"href":"https:\/\/www.aerometrik.com\/de\/wp-json\/wp\/v2\/product\/3642","targetHints":{"allow":["GET"]}}],"collection":[{"href":"https:\/\/www.aerometrik.com\/de\/wp-json\/wp\/v2\/product"}],"about":[{"href":"https:\/\/www.aerometrik.com\/de\/wp-json\/wp\/v2\/types\/product"}],"wp:featuredmedia":[{"embeddable":true,"href":"https:\/\/www.aerometrik.com\/de\/wp-json\/wp\/v2\/media\/3650"}],"wp:attachment":[{"href":"https:\/\/www.aerometrik.com\/de\/wp-json\/wp\/v2\/media?parent=3642"}],"wp:term":[{"taxonomy":"product_brand","embeddable":true,"href":"https:\/\/www.aerometrik.com\/de\/wp-json\/wp\/v2\/product_brand?post=3642"},{"taxonomy":"product_cat","embeddable":true,"href":"https:\/\/www.aerometrik.com\/de\/wp-json\/wp\/v2\/product_cat?post=3642"},{"taxonomy":"product_tag","embeddable":true,"href":"https:\/\/www.aerometrik.com\/de\/wp-json\/wp\/v2\/product_tag?post=3642"}],"curies":[{"name":"wp","href":"https:\/\/api.w.org\/{rel}","templated":true}]}}