{"id":3569,"date":"2022-05-19T10:07:24","date_gmt":"2022-05-19T08:07:24","guid":{"rendered":"https:\/\/www.aerometrik.com\/anwendungsbereiche\/integritaetstests-von-hepa-oder-ulpa-filtern\/"},"modified":"2025-09-04T18:35:08","modified_gmt":"2025-09-04T16:35:08","slug":"integritaetstests-von-hepa-oder-ulpa-filtern","status":"publish","type":"page","link":"https:\/\/www.aerometrik.com\/de\/anwendungsbereiche\/integritaetstests-von-hepa-oder-ulpa-filtern\/","title":{"rendered":"Integrit\u00e4tstests von HEPA- oder ULPA-Filtern"},"content":{"rendered":"","protected":false},"excerpt":{"rendered":"","protected":false},"author":5,"featured_media":0,"parent":3549,"menu_order":0,"comment_status":"closed","ping_status":"closed","template":"","meta":{"inline_featured_image":false,"footnotes":""},"class_list":["post-3569","page","type-page","status-publish","hentry"],"yoast_head":"<!-- This site is optimized with the Yoast SEO plugin v27.3 - https:\/\/yoast.com\/product\/yoast-seo-wordpress\/ -->\n<title>Test der Integrit\u00e4t von HEPA- oder ULPA-Filtern | A\u00e9reometrik<\/title>\n<meta name=\"description\" content=\"Die \u00dcberpr\u00fcfung der Integrit\u00e4t und Wirksamkeit von HEPA-Filtern best\u00e4tigt die korrekte Installation, Wirksamkeit und Leckfreiheit Ihres Filtersystems\" \/>\n<meta name=\"robots\" content=\"index, follow, max-snippet:-1, max-image-preview:large, max-video-preview:-1\" \/>\n<link rel=\"canonical\" href=\"https:\/\/www.aerometrik.com\/de\/anwendungsbereiche\/integritaetstests-von-hepa-oder-ulpa-filtern\/\" \/>\n<meta property=\"og:locale\" content=\"de_DE\" \/>\n<meta property=\"og:type\" content=\"article\" \/>\n<meta property=\"og:title\" content=\"Test der Integrit\u00e4t von HEPA- oder ULPA-Filtern | A\u00e9reometrik\" \/>\n<meta property=\"og:description\" content=\"Die \u00dcberpr\u00fcfung der Integrit\u00e4t und Wirksamkeit von HEPA-Filtern best\u00e4tigt die korrekte Installation, Wirksamkeit und Leckfreiheit Ihres Filtersystems\" \/>\n<meta property=\"og:url\" content=\"https:\/\/www.aerometrik.com\/de\/anwendungsbereiche\/integritaetstests-von-hepa-oder-ulpa-filtern\/\" \/>\n<meta property=\"og:site_name\" content=\"Aerometrik\" \/>\n<meta property=\"article:modified_time\" content=\"2025-09-04T16:35:08+00:00\" \/>\n<meta name=\"twitter:card\" content=\"summary_large_image\" \/>\n<script type=\"application\/ld+json\" class=\"yoast-schema-graph\">{\"@context\":\"https:\\\/\\\/schema.org\",\"@graph\":[{\"@type\":\"WebPage\",\"@id\":\"https:\\\/\\\/www.aerometrik.com\\\/de\\\/anwendungsbereiche\\\/integritaetstests-von-hepa-oder-ulpa-filtern\\\/\",\"url\":\"https:\\\/\\\/www.aerometrik.com\\\/de\\\/anwendungsbereiche\\\/integritaetstests-von-hepa-oder-ulpa-filtern\\\/\",\"name\":\"Test der Integrit\u00e4t von HEPA- oder ULPA-Filtern | A\u00e9reometrik\",\"isPartOf\":{\"@id\":\"https:\\\/\\\/www.aerometrik.com\\\/#website\"},\"datePublished\":\"2022-05-19T08:07:24+00:00\",\"dateModified\":\"2025-09-04T16:35:08+00:00\",\"description\":\"Die \u00dcberpr\u00fcfung der Integrit\u00e4t und Wirksamkeit von HEPA-Filtern best\u00e4tigt die korrekte Installation, Wirksamkeit und Leckfreiheit Ihres Filtersystems\",\"breadcrumb\":{\"@id\":\"https:\\\/\\\/www.aerometrik.com\\\/de\\\/anwendungsbereiche\\\/integritaetstests-von-hepa-oder-ulpa-filtern\\\/#breadcrumb\"},\"inLanguage\":\"de\",\"potentialAction\":[{\"@type\":\"ReadAction\",\"target\":[\"https:\\\/\\\/www.aerometrik.com\\\/de\\\/anwendungsbereiche\\\/integritaetstests-von-hepa-oder-ulpa-filtern\\\/\"]}]},{\"@type\":\"BreadcrumbList\",\"@id\":\"https:\\\/\\\/www.aerometrik.com\\\/de\\\/anwendungsbereiche\\\/integritaetstests-von-hepa-oder-ulpa-filtern\\\/#breadcrumb\",\"itemListElement\":[{\"@type\":\"ListItem\",\"position\":1,\"name\":\"Accueil\",\"item\":\"https:\\\/\\\/www.aerometrik.com\\\/de\\\/\"},{\"@type\":\"ListItem\",\"position\":2,\"name\":\"Anwendungsbereiche\",\"item\":\"https:\\\/\\\/www.aerometrik.com\\\/de\\\/anwendungsbereiche\\\/\"},{\"@type\":\"ListItem\",\"position\":3,\"name\":\"Integrit\u00e4tstests von HEPA- oder ULPA-Filtern\"}]},{\"@type\":\"WebSite\",\"@id\":\"https:\\\/\\\/www.aerometrik.com\\\/#website\",\"url\":\"https:\\\/\\\/www.aerometrik.com\\\/\",\"name\":\"Aerometrik\",\"description\":\"Solutions de ma\u00eetrise de la qualit\u00e9 de l&#039;air pour le secteur m\u00e9dical, et l&#039;industrie alimentaire et pharmaceutique\",\"publisher\":{\"@id\":\"https:\\\/\\\/www.aerometrik.com\\\/#organization\"},\"potentialAction\":[{\"@type\":\"SearchAction\",\"target\":{\"@type\":\"EntryPoint\",\"urlTemplate\":\"https:\\\/\\\/www.aerometrik.com\\\/?s={search_term_string}\"},\"query-input\":{\"@type\":\"PropertyValueSpecification\",\"valueRequired\":true,\"valueName\":\"search_term_string\"}}],\"inLanguage\":\"de\"},{\"@type\":\"Organization\",\"@id\":\"https:\\\/\\\/www.aerometrik.com\\\/#organization\",\"name\":\"Aerometrik\",\"url\":\"https:\\\/\\\/www.aerometrik.com\\\/\",\"logo\":{\"@type\":\"ImageObject\",\"inLanguage\":\"de\",\"@id\":\"https:\\\/\\\/www.aerometrik.com\\\/#\\\/schema\\\/logo\\\/image\\\/\",\"url\":\"https:\\\/\\\/www.aerometrik.com\\\/wp-content\\\/uploads\\\/2021\\\/08\\\/logo-aerometrik.svg\",\"contentUrl\":\"https:\\\/\\\/www.aerometrik.com\\\/wp-content\\\/uploads\\\/2021\\\/08\\\/logo-aerometrik.svg\",\"width\":212,\"height\":90,\"caption\":\"Aerometrik\"},\"image\":{\"@id\":\"https:\\\/\\\/www.aerometrik.com\\\/#\\\/schema\\\/logo\\\/image\\\/\"}}]}<\/script>\n<!-- \/ Yoast SEO plugin. -->","yoast_head_json":{"title":"Test der Integrit\u00e4t von HEPA- oder ULPA-Filtern | A\u00e9reometrik","description":"Die \u00dcberpr\u00fcfung der Integrit\u00e4t und Wirksamkeit von HEPA-Filtern best\u00e4tigt die korrekte Installation, Wirksamkeit und Leckfreiheit Ihres Filtersystems","robots":{"index":"index","follow":"follow","max-snippet":"max-snippet:-1","max-image-preview":"max-image-preview:large","max-video-preview":"max-video-preview:-1"},"canonical":"https:\/\/www.aerometrik.com\/de\/anwendungsbereiche\/integritaetstests-von-hepa-oder-ulpa-filtern\/","og_locale":"de_DE","og_type":"article","og_title":"Test der Integrit\u00e4t von HEPA- oder ULPA-Filtern | A\u00e9reometrik","og_description":"Die \u00dcberpr\u00fcfung der Integrit\u00e4t und Wirksamkeit von HEPA-Filtern best\u00e4tigt die korrekte Installation, Wirksamkeit und Leckfreiheit Ihres Filtersystems","og_url":"https:\/\/www.aerometrik.com\/de\/anwendungsbereiche\/integritaetstests-von-hepa-oder-ulpa-filtern\/","og_site_name":"Aerometrik","article_modified_time":"2025-09-04T16:35:08+00:00","twitter_card":"summary_large_image","schema":{"@context":"https:\/\/schema.org","@graph":[{"@type":"WebPage","@id":"https:\/\/www.aerometrik.com\/de\/anwendungsbereiche\/integritaetstests-von-hepa-oder-ulpa-filtern\/","url":"https:\/\/www.aerometrik.com\/de\/anwendungsbereiche\/integritaetstests-von-hepa-oder-ulpa-filtern\/","name":"Test der Integrit\u00e4t von HEPA- oder ULPA-Filtern | A\u00e9reometrik","isPartOf":{"@id":"https:\/\/www.aerometrik.com\/#website"},"datePublished":"2022-05-19T08:07:24+00:00","dateModified":"2025-09-04T16:35:08+00:00","description":"Die \u00dcberpr\u00fcfung der Integrit\u00e4t und Wirksamkeit von HEPA-Filtern best\u00e4tigt die korrekte Installation, Wirksamkeit und Leckfreiheit Ihres Filtersystems","breadcrumb":{"@id":"https:\/\/www.aerometrik.com\/de\/anwendungsbereiche\/integritaetstests-von-hepa-oder-ulpa-filtern\/#breadcrumb"},"inLanguage":"de","potentialAction":[{"@type":"ReadAction","target":["https:\/\/www.aerometrik.com\/de\/anwendungsbereiche\/integritaetstests-von-hepa-oder-ulpa-filtern\/"]}]},{"@type":"BreadcrumbList","@id":"https:\/\/www.aerometrik.com\/de\/anwendungsbereiche\/integritaetstests-von-hepa-oder-ulpa-filtern\/#breadcrumb","itemListElement":[{"@type":"ListItem","position":1,"name":"Accueil","item":"https:\/\/www.aerometrik.com\/de\/"},{"@type":"ListItem","position":2,"name":"Anwendungsbereiche","item":"https:\/\/www.aerometrik.com\/de\/anwendungsbereiche\/"},{"@type":"ListItem","position":3,"name":"Integrit\u00e4tstests von HEPA- oder ULPA-Filtern"}]},{"@type":"WebSite","@id":"https:\/\/www.aerometrik.com\/#website","url":"https:\/\/www.aerometrik.com\/","name":"Aerometrik","description":"Solutions de ma\u00eetrise de la qualit\u00e9 de l&#039;air pour le secteur m\u00e9dical, et l&#039;industrie alimentaire et pharmaceutique","publisher":{"@id":"https:\/\/www.aerometrik.com\/#organization"},"potentialAction":[{"@type":"SearchAction","target":{"@type":"EntryPoint","urlTemplate":"https:\/\/www.aerometrik.com\/?s={search_term_string}"},"query-input":{"@type":"PropertyValueSpecification","valueRequired":true,"valueName":"search_term_string"}}],"inLanguage":"de"},{"@type":"Organization","@id":"https:\/\/www.aerometrik.com\/#organization","name":"Aerometrik","url":"https:\/\/www.aerometrik.com\/","logo":{"@type":"ImageObject","inLanguage":"de","@id":"https:\/\/www.aerometrik.com\/#\/schema\/logo\/image\/","url":"https:\/\/www.aerometrik.com\/wp-content\/uploads\/2021\/08\/logo-aerometrik.svg","contentUrl":"https:\/\/www.aerometrik.com\/wp-content\/uploads\/2021\/08\/logo-aerometrik.svg","width":212,"height":90,"caption":"Aerometrik"},"image":{"@id":"https:\/\/www.aerometrik.com\/#\/schema\/logo\/image\/"}}]}},"_links":{"self":[{"href":"https:\/\/www.aerometrik.com\/de\/wp-json\/wp\/v2\/pages\/3569","targetHints":{"allow":["GET"]}}],"collection":[{"href":"https:\/\/www.aerometrik.com\/de\/wp-json\/wp\/v2\/pages"}],"about":[{"href":"https:\/\/www.aerometrik.com\/de\/wp-json\/wp\/v2\/types\/page"}],"author":[{"embeddable":true,"href":"https:\/\/www.aerometrik.com\/de\/wp-json\/wp\/v2\/users\/5"}],"replies":[{"embeddable":true,"href":"https:\/\/www.aerometrik.com\/de\/wp-json\/wp\/v2\/comments?post=3569"}],"version-history":[{"count":1,"href":"https:\/\/www.aerometrik.com\/de\/wp-json\/wp\/v2\/pages\/3569\/revisions"}],"predecessor-version":[{"id":4422,"href":"https:\/\/www.aerometrik.com\/de\/wp-json\/wp\/v2\/pages\/3569\/revisions\/4422"}],"up":[{"embeddable":true,"href":"https:\/\/www.aerometrik.com\/de\/wp-json\/wp\/v2\/pages\/3549"}],"wp:attachment":[{"href":"https:\/\/www.aerometrik.com\/de\/wp-json\/wp\/v2\/media?parent=3569"}],"curies":[{"name":"wp","href":"https:\/\/api.w.org\/{rel}","templated":true}]}}