{"id":3549,"date":"2021-09-01T09:47:00","date_gmt":"2021-09-01T07:47:00","guid":{"rendered":"https:\/\/www.aerometrik.com\/anwendungsbereiche\/"},"modified":"2025-09-04T19:26:59","modified_gmt":"2025-09-04T17:26:59","slug":"anwendungsbereiche","status":"publish","type":"page","link":"https:\/\/www.aerometrik.com\/de\/anwendungsbereiche\/","title":{"rendered":"Anwendungsbereiche"},"content":{"rendered":"","protected":false},"excerpt":{"rendered":"","protected":false},"author":1,"featured_media":0,"parent":0,"menu_order":0,"comment_status":"closed","ping_status":"closed","template":"","meta":{"inline_featured_image":false,"footnotes":""},"class_list":["post-3549","page","type-page","status-publish","hentry"],"yoast_head":"<!-- This site is optimized with the Yoast SEO plugin v27.4 - https:\/\/yoast.com\/product\/yoast-seo-wordpress\/ -->\n<title>Unsere L\u00f6sungen zur Kontrolle der Luftreinheit| A\u00e9rometrik<\/title>\n<meta name=\"description\" content=\"Unsere Produkte helfen bei der Kontrolle der Luftkontamination in Bereichen mit kontrollierter Umgebung. Erfahren Sie mehr \u00fcber unsere Anwendungsbereiche.\" \/>\n<meta name=\"robots\" content=\"index, follow, max-snippet:-1, max-image-preview:large, max-video-preview:-1\" \/>\n<link rel=\"canonical\" href=\"https:\/\/www.aerometrik.com\/de\/anwendungsbereiche\/\" \/>\n<meta property=\"og:locale\" content=\"de_DE\" \/>\n<meta property=\"og:type\" content=\"article\" \/>\n<meta property=\"og:title\" content=\"Unsere L\u00f6sungen zur Kontrolle der Luftreinheit| A\u00e9rometrik\" \/>\n<meta property=\"og:description\" content=\"Unsere Produkte helfen bei der Kontrolle der Luftkontamination in Bereichen mit kontrollierter Umgebung. Erfahren Sie mehr \u00fcber unsere Anwendungsbereiche.\" \/>\n<meta property=\"og:url\" content=\"https:\/\/www.aerometrik.com\/de\/anwendungsbereiche\/\" \/>\n<meta property=\"og:site_name\" content=\"Aerometrik\" \/>\n<meta property=\"article:modified_time\" content=\"2025-09-04T17:26:59+00:00\" \/>\n<meta name=\"twitter:card\" content=\"summary_large_image\" \/>\n<script type=\"application\/ld+json\" class=\"yoast-schema-graph\">{\"@context\":\"https:\\\/\\\/schema.org\",\"@graph\":[{\"@type\":\"WebPage\",\"@id\":\"https:\\\/\\\/www.aerometrik.com\\\/de\\\/anwendungsbereiche\\\/\",\"url\":\"https:\\\/\\\/www.aerometrik.com\\\/de\\\/anwendungsbereiche\\\/\",\"name\":\"Unsere L\u00f6sungen zur Kontrolle der Luftreinheit| A\u00e9rometrik\",\"isPartOf\":{\"@id\":\"https:\\\/\\\/www.aerometrik.com\\\/#website\"},\"datePublished\":\"2021-09-01T07:47:00+00:00\",\"dateModified\":\"2025-09-04T17:26:59+00:00\",\"description\":\"Unsere Produkte helfen bei der Kontrolle der Luftkontamination in Bereichen mit kontrollierter Umgebung. Erfahren Sie mehr \u00fcber unsere Anwendungsbereiche.\",\"breadcrumb\":{\"@id\":\"https:\\\/\\\/www.aerometrik.com\\\/de\\\/anwendungsbereiche\\\/#breadcrumb\"},\"inLanguage\":\"de\",\"potentialAction\":[{\"@type\":\"ReadAction\",\"target\":[\"https:\\\/\\\/www.aerometrik.com\\\/de\\\/anwendungsbereiche\\\/\"]}]},{\"@type\":\"BreadcrumbList\",\"@id\":\"https:\\\/\\\/www.aerometrik.com\\\/de\\\/anwendungsbereiche\\\/#breadcrumb\",\"itemListElement\":[{\"@type\":\"ListItem\",\"position\":1,\"name\":\"Accueil\",\"item\":\"https:\\\/\\\/www.aerometrik.com\\\/de\\\/\"},{\"@type\":\"ListItem\",\"position\":2,\"name\":\"Anwendungsbereiche\"}]},{\"@type\":\"WebSite\",\"@id\":\"https:\\\/\\\/www.aerometrik.com\\\/#website\",\"url\":\"https:\\\/\\\/www.aerometrik.com\\\/\",\"name\":\"Aerometrik\",\"description\":\"Solutions de ma\u00eetrise de la qualit\u00e9 de l&#039;air pour le secteur m\u00e9dical, et l&#039;industrie alimentaire et pharmaceutique\",\"publisher\":{\"@id\":\"https:\\\/\\\/www.aerometrik.com\\\/#organization\"},\"potentialAction\":[{\"@type\":\"SearchAction\",\"target\":{\"@type\":\"EntryPoint\",\"urlTemplate\":\"https:\\\/\\\/www.aerometrik.com\\\/?s={search_term_string}\"},\"query-input\":{\"@type\":\"PropertyValueSpecification\",\"valueRequired\":true,\"valueName\":\"search_term_string\"}}],\"inLanguage\":\"de\"},{\"@type\":\"Organization\",\"@id\":\"https:\\\/\\\/www.aerometrik.com\\\/#organization\",\"name\":\"Aerometrik\",\"url\":\"https:\\\/\\\/www.aerometrik.com\\\/\",\"logo\":{\"@type\":\"ImageObject\",\"inLanguage\":\"de\",\"@id\":\"https:\\\/\\\/www.aerometrik.com\\\/#\\\/schema\\\/logo\\\/image\\\/\",\"url\":\"https:\\\/\\\/www.aerometrik.com\\\/wp-content\\\/uploads\\\/2021\\\/08\\\/logo-aerometrik.svg\",\"contentUrl\":\"https:\\\/\\\/www.aerometrik.com\\\/wp-content\\\/uploads\\\/2021\\\/08\\\/logo-aerometrik.svg\",\"width\":212,\"height\":90,\"caption\":\"Aerometrik\"},\"image\":{\"@id\":\"https:\\\/\\\/www.aerometrik.com\\\/#\\\/schema\\\/logo\\\/image\\\/\"}}]}<\/script>\n<!-- \/ Yoast SEO plugin. -->","yoast_head_json":{"title":"Unsere L\u00f6sungen zur Kontrolle der Luftreinheit| A\u00e9rometrik","description":"Unsere Produkte helfen bei der Kontrolle der Luftkontamination in Bereichen mit kontrollierter Umgebung. Erfahren Sie mehr \u00fcber unsere Anwendungsbereiche.","robots":{"index":"index","follow":"follow","max-snippet":"max-snippet:-1","max-image-preview":"max-image-preview:large","max-video-preview":"max-video-preview:-1"},"canonical":"https:\/\/www.aerometrik.com\/de\/anwendungsbereiche\/","og_locale":"de_DE","og_type":"article","og_title":"Unsere L\u00f6sungen zur Kontrolle der Luftreinheit| A\u00e9rometrik","og_description":"Unsere Produkte helfen bei der Kontrolle der Luftkontamination in Bereichen mit kontrollierter Umgebung. Erfahren Sie mehr \u00fcber unsere Anwendungsbereiche.","og_url":"https:\/\/www.aerometrik.com\/de\/anwendungsbereiche\/","og_site_name":"Aerometrik","article_modified_time":"2025-09-04T17:26:59+00:00","twitter_card":"summary_large_image","schema":{"@context":"https:\/\/schema.org","@graph":[{"@type":"WebPage","@id":"https:\/\/www.aerometrik.com\/de\/anwendungsbereiche\/","url":"https:\/\/www.aerometrik.com\/de\/anwendungsbereiche\/","name":"Unsere L\u00f6sungen zur Kontrolle der Luftreinheit| A\u00e9rometrik","isPartOf":{"@id":"https:\/\/www.aerometrik.com\/#website"},"datePublished":"2021-09-01T07:47:00+00:00","dateModified":"2025-09-04T17:26:59+00:00","description":"Unsere Produkte helfen bei der Kontrolle der Luftkontamination in Bereichen mit kontrollierter Umgebung. Erfahren Sie mehr \u00fcber unsere Anwendungsbereiche.","breadcrumb":{"@id":"https:\/\/www.aerometrik.com\/de\/anwendungsbereiche\/#breadcrumb"},"inLanguage":"de","potentialAction":[{"@type":"ReadAction","target":["https:\/\/www.aerometrik.com\/de\/anwendungsbereiche\/"]}]},{"@type":"BreadcrumbList","@id":"https:\/\/www.aerometrik.com\/de\/anwendungsbereiche\/#breadcrumb","itemListElement":[{"@type":"ListItem","position":1,"name":"Accueil","item":"https:\/\/www.aerometrik.com\/de\/"},{"@type":"ListItem","position":2,"name":"Anwendungsbereiche"}]},{"@type":"WebSite","@id":"https:\/\/www.aerometrik.com\/#website","url":"https:\/\/www.aerometrik.com\/","name":"Aerometrik","description":"Solutions de ma\u00eetrise de la qualit\u00e9 de l&#039;air pour le secteur m\u00e9dical, et l&#039;industrie alimentaire et pharmaceutique","publisher":{"@id":"https:\/\/www.aerometrik.com\/#organization"},"potentialAction":[{"@type":"SearchAction","target":{"@type":"EntryPoint","urlTemplate":"https:\/\/www.aerometrik.com\/?s={search_term_string}"},"query-input":{"@type":"PropertyValueSpecification","valueRequired":true,"valueName":"search_term_string"}}],"inLanguage":"de"},{"@type":"Organization","@id":"https:\/\/www.aerometrik.com\/#organization","name":"Aerometrik","url":"https:\/\/www.aerometrik.com\/","logo":{"@type":"ImageObject","inLanguage":"de","@id":"https:\/\/www.aerometrik.com\/#\/schema\/logo\/image\/","url":"https:\/\/www.aerometrik.com\/wp-content\/uploads\/2021\/08\/logo-aerometrik.svg","contentUrl":"https:\/\/www.aerometrik.com\/wp-content\/uploads\/2021\/08\/logo-aerometrik.svg","width":212,"height":90,"caption":"Aerometrik"},"image":{"@id":"https:\/\/www.aerometrik.com\/#\/schema\/logo\/image\/"}}]}},"_links":{"self":[{"href":"https:\/\/www.aerometrik.com\/de\/wp-json\/wp\/v2\/pages\/3549","targetHints":{"allow":["GET"]}}],"collection":[{"href":"https:\/\/www.aerometrik.com\/de\/wp-json\/wp\/v2\/pages"}],"about":[{"href":"https:\/\/www.aerometrik.com\/de\/wp-json\/wp\/v2\/types\/page"}],"author":[{"embeddable":true,"href":"https:\/\/www.aerometrik.com\/de\/wp-json\/wp\/v2\/users\/1"}],"replies":[{"embeddable":true,"href":"https:\/\/www.aerometrik.com\/de\/wp-json\/wp\/v2\/comments?post=3549"}],"version-history":[{"count":1,"href":"https:\/\/www.aerometrik.com\/de\/wp-json\/wp\/v2\/pages\/3549\/revisions"}],"predecessor-version":[{"id":4285,"href":"https:\/\/www.aerometrik.com\/de\/wp-json\/wp\/v2\/pages\/3549\/revisions\/4285"}],"wp:attachment":[{"href":"https:\/\/www.aerometrik.com\/de\/wp-json\/wp\/v2\/media?parent=3549"}],"curies":[{"name":"wp","href":"https:\/\/api.w.org\/{rel}","templated":true}]}}