{"id":3533,"date":"2021-11-24T09:35:53","date_gmt":"2021-11-24T08:35:53","guid":{"rendered":"https:\/\/www.aerometrik.com\/unsere-dienstleistungen\/"},"modified":"2025-09-04T19:08:25","modified_gmt":"2025-09-04T17:08:25","slug":"unsere-dienstleistungen","status":"publish","type":"page","link":"https:\/\/www.aerometrik.com\/de\/unsere-dienstleistungen\/","title":{"rendered":"Unsere Dienstleistungen"},"content":{"rendered":"","protected":false},"excerpt":{"rendered":"","protected":false},"author":1,"featured_media":0,"parent":0,"menu_order":0,"comment_status":"closed","ping_status":"closed","template":"","meta":{"inline_featured_image":false,"footnotes":""},"class_list":["post-3533","page","type-page","status-publish","hentry"],"yoast_head":"<!-- This site is optimized with the Yoast SEO plugin v27.4 - https:\/\/yoast.com\/product\/yoast-seo-wordpress\/ -->\n<title>Unsere Dienstleistungen - Aerometrik<\/title>\n<meta name=\"description\" content=\"A\u00e9rom\u00e9trik bietet Ihnen Dienstleistungen im Zusammenhang mit der Messung der Luftqualit\u00e4t in Ihren Produktionsbereichen, Reinr\u00e4umen und Laminarstr\u00f6mungen. Unser Credo: Exzellenz!\" \/>\n<meta name=\"robots\" content=\"index, follow, max-snippet:-1, max-image-preview:large, max-video-preview:-1\" \/>\n<link rel=\"canonical\" href=\"https:\/\/www.aerometrik.com\/de\/unsere-dienstleistungen\/\" \/>\n<meta property=\"og:locale\" content=\"de_DE\" \/>\n<meta property=\"og:type\" content=\"article\" \/>\n<meta property=\"og:title\" content=\"Unsere Dienstleistungen - Aerometrik\" \/>\n<meta property=\"og:description\" content=\"A\u00e9rom\u00e9trik bietet Ihnen Dienstleistungen im Zusammenhang mit der Messung der Luftqualit\u00e4t in Ihren Produktionsbereichen, Reinr\u00e4umen und Laminarstr\u00f6mungen. Unser Credo: Exzellenz!\" \/>\n<meta property=\"og:url\" content=\"https:\/\/www.aerometrik.com\/de\/unsere-dienstleistungen\/\" \/>\n<meta property=\"og:site_name\" content=\"Aerometrik\" \/>\n<meta property=\"article:modified_time\" content=\"2025-09-04T17:08:25+00:00\" \/>\n<meta name=\"twitter:card\" content=\"summary_large_image\" \/>\n<script type=\"application\/ld+json\" class=\"yoast-schema-graph\">{\"@context\":\"https:\\\/\\\/schema.org\",\"@graph\":[{\"@type\":\"WebPage\",\"@id\":\"https:\\\/\\\/www.aerometrik.com\\\/de\\\/unsere-dienstleistungen\\\/\",\"url\":\"https:\\\/\\\/www.aerometrik.com\\\/de\\\/unsere-dienstleistungen\\\/\",\"name\":\"Unsere Dienstleistungen - Aerometrik\",\"isPartOf\":{\"@id\":\"https:\\\/\\\/www.aerometrik.com\\\/#website\"},\"datePublished\":\"2021-11-24T08:35:53+00:00\",\"dateModified\":\"2025-09-04T17:08:25+00:00\",\"description\":\"A\u00e9rom\u00e9trik bietet Ihnen Dienstleistungen im Zusammenhang mit der Messung der Luftqualit\u00e4t in Ihren Produktionsbereichen, Reinr\u00e4umen und Laminarstr\u00f6mungen. Unser Credo: Exzellenz!\",\"breadcrumb\":{\"@id\":\"https:\\\/\\\/www.aerometrik.com\\\/de\\\/unsere-dienstleistungen\\\/#breadcrumb\"},\"inLanguage\":\"de\",\"potentialAction\":[{\"@type\":\"ReadAction\",\"target\":[\"https:\\\/\\\/www.aerometrik.com\\\/de\\\/unsere-dienstleistungen\\\/\"]}]},{\"@type\":\"BreadcrumbList\",\"@id\":\"https:\\\/\\\/www.aerometrik.com\\\/de\\\/unsere-dienstleistungen\\\/#breadcrumb\",\"itemListElement\":[{\"@type\":\"ListItem\",\"position\":1,\"name\":\"Accueil\",\"item\":\"https:\\\/\\\/www.aerometrik.com\\\/de\\\/\"},{\"@type\":\"ListItem\",\"position\":2,\"name\":\"Unsere Dienstleistungen\"}]},{\"@type\":\"WebSite\",\"@id\":\"https:\\\/\\\/www.aerometrik.com\\\/#website\",\"url\":\"https:\\\/\\\/www.aerometrik.com\\\/\",\"name\":\"Aerometrik\",\"description\":\"Solutions de ma\u00eetrise de la qualit\u00e9 de l&#039;air pour le secteur m\u00e9dical, et l&#039;industrie alimentaire et pharmaceutique\",\"publisher\":{\"@id\":\"https:\\\/\\\/www.aerometrik.com\\\/#organization\"},\"potentialAction\":[{\"@type\":\"SearchAction\",\"target\":{\"@type\":\"EntryPoint\",\"urlTemplate\":\"https:\\\/\\\/www.aerometrik.com\\\/?s={search_term_string}\"},\"query-input\":{\"@type\":\"PropertyValueSpecification\",\"valueRequired\":true,\"valueName\":\"search_term_string\"}}],\"inLanguage\":\"de\"},{\"@type\":\"Organization\",\"@id\":\"https:\\\/\\\/www.aerometrik.com\\\/#organization\",\"name\":\"Aerometrik\",\"url\":\"https:\\\/\\\/www.aerometrik.com\\\/\",\"logo\":{\"@type\":\"ImageObject\",\"inLanguage\":\"de\",\"@id\":\"https:\\\/\\\/www.aerometrik.com\\\/#\\\/schema\\\/logo\\\/image\\\/\",\"url\":\"https:\\\/\\\/www.aerometrik.com\\\/wp-content\\\/uploads\\\/2021\\\/08\\\/logo-aerometrik.svg\",\"contentUrl\":\"https:\\\/\\\/www.aerometrik.com\\\/wp-content\\\/uploads\\\/2021\\\/08\\\/logo-aerometrik.svg\",\"width\":212,\"height\":90,\"caption\":\"Aerometrik\"},\"image\":{\"@id\":\"https:\\\/\\\/www.aerometrik.com\\\/#\\\/schema\\\/logo\\\/image\\\/\"}}]}<\/script>\n<!-- \/ Yoast SEO plugin. -->","yoast_head_json":{"title":"Unsere Dienstleistungen - Aerometrik","description":"A\u00e9rom\u00e9trik bietet Ihnen Dienstleistungen im Zusammenhang mit der Messung der Luftqualit\u00e4t in Ihren Produktionsbereichen, Reinr\u00e4umen und Laminarstr\u00f6mungen. Unser Credo: Exzellenz!","robots":{"index":"index","follow":"follow","max-snippet":"max-snippet:-1","max-image-preview":"max-image-preview:large","max-video-preview":"max-video-preview:-1"},"canonical":"https:\/\/www.aerometrik.com\/de\/unsere-dienstleistungen\/","og_locale":"de_DE","og_type":"article","og_title":"Unsere Dienstleistungen - Aerometrik","og_description":"A\u00e9rom\u00e9trik bietet Ihnen Dienstleistungen im Zusammenhang mit der Messung der Luftqualit\u00e4t in Ihren Produktionsbereichen, Reinr\u00e4umen und Laminarstr\u00f6mungen. Unser Credo: Exzellenz!","og_url":"https:\/\/www.aerometrik.com\/de\/unsere-dienstleistungen\/","og_site_name":"Aerometrik","article_modified_time":"2025-09-04T17:08:25+00:00","twitter_card":"summary_large_image","schema":{"@context":"https:\/\/schema.org","@graph":[{"@type":"WebPage","@id":"https:\/\/www.aerometrik.com\/de\/unsere-dienstleistungen\/","url":"https:\/\/www.aerometrik.com\/de\/unsere-dienstleistungen\/","name":"Unsere Dienstleistungen - Aerometrik","isPartOf":{"@id":"https:\/\/www.aerometrik.com\/#website"},"datePublished":"2021-11-24T08:35:53+00:00","dateModified":"2025-09-04T17:08:25+00:00","description":"A\u00e9rom\u00e9trik bietet Ihnen Dienstleistungen im Zusammenhang mit der Messung der Luftqualit\u00e4t in Ihren Produktionsbereichen, Reinr\u00e4umen und Laminarstr\u00f6mungen. Unser Credo: Exzellenz!","breadcrumb":{"@id":"https:\/\/www.aerometrik.com\/de\/unsere-dienstleistungen\/#breadcrumb"},"inLanguage":"de","potentialAction":[{"@type":"ReadAction","target":["https:\/\/www.aerometrik.com\/de\/unsere-dienstleistungen\/"]}]},{"@type":"BreadcrumbList","@id":"https:\/\/www.aerometrik.com\/de\/unsere-dienstleistungen\/#breadcrumb","itemListElement":[{"@type":"ListItem","position":1,"name":"Accueil","item":"https:\/\/www.aerometrik.com\/de\/"},{"@type":"ListItem","position":2,"name":"Unsere Dienstleistungen"}]},{"@type":"WebSite","@id":"https:\/\/www.aerometrik.com\/#website","url":"https:\/\/www.aerometrik.com\/","name":"Aerometrik","description":"Solutions de ma\u00eetrise de la qualit\u00e9 de l&#039;air pour le secteur m\u00e9dical, et l&#039;industrie alimentaire et pharmaceutique","publisher":{"@id":"https:\/\/www.aerometrik.com\/#organization"},"potentialAction":[{"@type":"SearchAction","target":{"@type":"EntryPoint","urlTemplate":"https:\/\/www.aerometrik.com\/?s={search_term_string}"},"query-input":{"@type":"PropertyValueSpecification","valueRequired":true,"valueName":"search_term_string"}}],"inLanguage":"de"},{"@type":"Organization","@id":"https:\/\/www.aerometrik.com\/#organization","name":"Aerometrik","url":"https:\/\/www.aerometrik.com\/","logo":{"@type":"ImageObject","inLanguage":"de","@id":"https:\/\/www.aerometrik.com\/#\/schema\/logo\/image\/","url":"https:\/\/www.aerometrik.com\/wp-content\/uploads\/2021\/08\/logo-aerometrik.svg","contentUrl":"https:\/\/www.aerometrik.com\/wp-content\/uploads\/2021\/08\/logo-aerometrik.svg","width":212,"height":90,"caption":"Aerometrik"},"image":{"@id":"https:\/\/www.aerometrik.com\/#\/schema\/logo\/image\/"}}]}},"_links":{"self":[{"href":"https:\/\/www.aerometrik.com\/de\/wp-json\/wp\/v2\/pages\/3533","targetHints":{"allow":["GET"]}}],"collection":[{"href":"https:\/\/www.aerometrik.com\/de\/wp-json\/wp\/v2\/pages"}],"about":[{"href":"https:\/\/www.aerometrik.com\/de\/wp-json\/wp\/v2\/types\/page"}],"author":[{"embeddable":true,"href":"https:\/\/www.aerometrik.com\/de\/wp-json\/wp\/v2\/users\/1"}],"replies":[{"embeddable":true,"href":"https:\/\/www.aerometrik.com\/de\/wp-json\/wp\/v2\/comments?post=3533"}],"version-history":[{"count":1,"href":"https:\/\/www.aerometrik.com\/de\/wp-json\/wp\/v2\/pages\/3533\/revisions"}],"predecessor-version":[{"id":4251,"href":"https:\/\/www.aerometrik.com\/de\/wp-json\/wp\/v2\/pages\/3533\/revisions\/4251"}],"wp:attachment":[{"href":"https:\/\/www.aerometrik.com\/de\/wp-json\/wp\/v2\/media?parent=3533"}],"curies":[{"name":"wp","href":"https:\/\/api.w.org\/{rel}","templated":true}]}}